{"id":7911,"date":"2025-05-09T19:21:08","date_gmt":"2025-05-09T19:21:08","guid":{"rendered":"https:\/\/env.media\/?page_id=7911"},"modified":"2025-05-14T18:17:33","modified_gmt":"2025-05-14T18:17:33","slug":"estrategias-de-retencao-fidelidade-vip-igaming-brasil","status":"publish","type":"page","link":"https:\/\/env.media\/br\/estrategias-de-retencao-fidelidade-vip-igaming-brasil\/","title":{"rendered":"Jogadores de Alto Valor &#8211; Estrat\u00e9gias de Reten\u00e7\u00e3o e Gest\u00e3o do Ciclo de Vida de VIPs no Brasil"},"content":{"rendered":"\n<p>Existem atualmente 160 operadoras de apostas autorizadas no Brasil e milhares de <a href=\"https:\/\/env.media\/br\/bloqueio-operadoras-offshore-suspensao-pix-insights\/\">plataformas offshore <\/a>(ainda) acess\u00edveis no seu territ\u00f3rio. Um mercado t\u00e3o competitivo cria a necessidade de diferencia\u00e7\u00e3o. Seja atrav\u00e9s da experi\u00eancia do usu\u00e1rio, m\u00e9todos de pagamento, inova\u00e7\u00f5es de produtos ou promo\u00e7\u00f5es personalizadas, as operadoras podem tentar destacar-se de v\u00e1rias formas.&nbsp;<\/p>\n\n\n\n<p>No entanto, \u00e9 importante distinguir entre estrat\u00e9gias de aquisi\u00e7\u00e3o e de reten\u00e7\u00e3o. Embora as promo\u00e7\u00f5es para novos usu\u00e1rios sejam agora proibidas por regulamento, o presente artigo centra-se na <strong>reten\u00e7\u00e3o <\/strong>de clientes. Em particular, nos <strong>sistemas de fideliza\u00e7\u00e3o <\/strong>utilizados para recompensar e <strong>reter os VIP e os jogadores de alto valor<\/strong>.<\/p>\n\n\n\n<p>A maioria dos <strong>programas de fideliza\u00e7\u00e3o <\/strong>baseia-se na premissa de acumular pontos e troc\u00e1-los por uma recompensa, progressivamente. Pode tratar-se de <strong>pr\u00eamios<\/strong>, <strong>descontos <\/strong>ou <strong>promo\u00e7\u00f5es especiais <\/strong>para os membros do programa.<\/p>\n\n\n\n<p>Nesta an\u00e1lise, exploramos as <strong>estrat\u00e9gias de reten\u00e7\u00e3o <\/strong>de 7 das principais operadoras de iGaming no mercado brasileiro. Por estrat\u00e9gias de reten\u00e7\u00e3o, nos referimos a qualquer esfor\u00e7o estruturado com o objetivo de reter jogadores de alto valor. Examinamos a forma como estas iniciativas s\u00e3o estruturadas e como elas mant\u00eam o <strong>envolvimento dos jogadores<\/strong>.<\/p>\n\n\n\n<h2 class=\"wp-block-heading\"><strong>Metodologia<\/strong><\/h2>\n\n\n\n<p>Neste estudo, buscamos fornecer uma compreens\u00e3o mais profunda das estrat\u00e9gias de reten\u00e7\u00e3o nos segmentos de cassinos e apostas esportivas no Brasil.<\/p>\n\n\n\n<p>Para isso, nosso time de pesquisa mapeou as iniciativas de fideliza\u00e7\u00e3o em 7 das maiores plataformas de jogo online licenciadas para operar no pa\u00eds. Focamos na estrutura das iniciativas, no que oferecem e na manuten\u00e7\u00e3o do ciclo de vida do jogador VIP.<\/p>\n\n\n\n<h2 class=\"wp-block-heading\"><strong>Contextualizando os Esquemas de Fidelidade e VIP no Brasil<\/strong><\/h2>\n\n\n\n<p><strong>Os programas de fidelidade <\/strong>s\u00e3o um conjunto de a\u00e7\u00f5es que uma empresa cria para <strong>reter os seus melhores clientes<\/strong>. Normalmente, baseiam-se num mecanismo de pontos e recompensas, que podem ser cashback, descontos exclusivos, pr\u00eamios especiais, etc.<\/p>\n\n\n\n<p>De acordo com a ABEMF (Associa\u00e7\u00e3o Brasileira das Empresas do Mercado de Fideliza\u00e7\u00e3o), houve um <a href=\"https:\/\/www.abemf.com.br\/press-release-empresas-de-fidelidade-faturam--5-6-bilhoes-no-terceiro-trimestre-de-2024\" target=\"_blank\" rel=\"noopener\">aumento de 3,2% nos registros de programas de fidelidade <\/a>do 3\u00ba trimestre de 2023 para o 3\u00ba trimestre de 2024.<\/p>\n\n\n<div class=\"wp-block-image\">\n<figure class=\"aligncenter size-full\"><img loading=\"lazy\" decoding=\"async\" width=\"450\" height=\"464\" src=\"https:\/\/env.media\/wp-content\/uploads\/01numero-de-registros-programas-de-fidelidade-brasil.png\" alt=\"n\u00famero de cadastros em programas de fidelidade no Brasil 2024 abmef\" class=\"wp-image-7912\" srcset=\"https:\/\/env.media\/wp-content\/uploads\/01numero-de-registros-programas-de-fidelidade-brasil.png 450w, https:\/\/env.media\/wp-content\/uploads\/01numero-de-registros-programas-de-fidelidade-brasil-291x300.png 291w\" sizes=\"(max-width: 450px) 100vw, 450px\" \/><figcaption class=\"wp-element-caption\"><em>Fonte: Associa\u00e7\u00e3o Brasileira das Empresas do Mercado de Fideliza\u00e7\u00e3o<\/em><\/figcaption><\/figure><\/div>\n\n\n<p>Os programas de fidelidade provaram ser ativos valiosos no mercado. O relat\u00f3rio <a href=\"https:\/\/blog.opinionbox.com\/tendencias-do-e-commerce\/\" target=\"_blank\" rel=\"noopener\">CX Trends 2025 <\/a>fornece informa\u00e7\u00f5es sobre a experi\u00eancia ao longo da jornada do consumidor.&nbsp;<\/p>\n\n\n\n<p>De acordo com o estudo, <strong>75% <\/strong>dos respondentes sentem-se <strong>mais inclinados a comprar de marcas que oferecem um programa de fidelidade<\/strong>. Al\u00e9m disso, as principais raz\u00f5es para aderir a um programa de fidelidade incluem <strong>descontos exclusivos (43%)<\/strong>, facilidade de <strong>acumula\u00e7\u00e3o de pr\u00eamios (33%) <\/strong>e <strong>ofertas especiais <\/strong>para membros <strong>(29%)<\/strong>.<\/p>\n\n\n\n<p>Os pontos que podem ser trocados por pr\u00eamios s\u00e3o o tipo de benef\u00edcio mais valorizado por <strong>44% <\/strong>das pessoas. Seguindo esta tend\u00eancia, <strong>as operadoras de iGaming <\/strong>t\u00eam investido em <strong>sistemas de fideliza\u00e7\u00e3o <\/strong>como forma de <strong>engajar os jogadores<\/strong>.<\/p>\n\n\n\n<h3 class=\"wp-block-heading\"><strong>Os Sistemas de Fideliza\u00e7\u00e3o como Parte da Gest\u00e3o do Ciclo de Vida do Cliente<\/strong><\/h3>\n\n\n\n<p>Um conceito importante para as marcas melhorarem a sua estrat\u00e9gia de reten\u00e7\u00e3o \u00e9 a <strong>gest\u00e3o do ciclo de vida do cliente<\/strong>. De acordo com a <a href=\"https:\/\/www.zendesk.com.br\/blog\/customer-lifecycle-management\/\" target=\"_blank\" rel=\"noopener\">Zendesk<\/a>, ele consiste em cinco etapas que percorrem toda a <a href=\"https:\/\/env.media\/br\/jornada-do-usuario-cassino-online-marco-2025\/\">jornada do cliente<\/a>.<\/p>\n\n\n\n<figure class=\"wp-block-image size-large\"><img loading=\"lazy\" decoding=\"async\" width=\"1024\" height=\"576\" src=\"https:\/\/env.media\/wp-content\/uploads\/\/02-gerenciamento-ciclo-de-vida-do-cliente-1024x576.png\" alt=\"gest\u00e3o do ciclo de vida do cliente estrat\u00e9gias de reten\u00e7\u00e3o\" class=\"wp-image-7914\" srcset=\"https:\/\/env.media\/wp-content\/uploads\/02-gerenciamento-ciclo-de-vida-do-cliente-1024x576.png 1024w, https:\/\/env.media\/wp-content\/uploads\/02-gerenciamento-ciclo-de-vida-do-cliente-300x169.png 300w, https:\/\/env.media\/wp-content\/uploads\/02-gerenciamento-ciclo-de-vida-do-cliente-768x432.png 768w, https:\/\/env.media\/wp-content\/uploads\/02-gerenciamento-ciclo-de-vida-do-cliente-1536x864.png 1536w, https:\/\/env.media\/wp-content\/uploads\/02-gerenciamento-ciclo-de-vida-do-cliente.png 1920w\" sizes=\"(max-width: 1024px) 100vw, 1024px\" \/><\/figure>\n\n\n\n<p>A fase de <strong>Reten\u00e7\u00e3o <\/strong>\u00e9 quando come\u00e7a o trabalho de <strong>constru\u00e7\u00e3o da rela\u00e7\u00e3o com o cliente<\/strong>. Ap\u00f3s a compra, \u00e9 importante continuar oferecendo um bom servi\u00e7o, atrav\u00e9s de uma experi\u00eancia personalizada e de um suporte eficiente &#8211; crucial ao longo de toda a jornada.<\/p>\n\n\n\n<p>Um cliente fiel pode facilmente tornar-se um cliente para toda a vida e uma das formas de o manter fiel \u00e0 sua empresa \u00e9 oferecer <strong>incentivos <\/strong>e <strong>iniciativas de fideliza\u00e7\u00e3o<\/strong>, como as abordadas neste estudo.<\/p>\n\n\n\n<p>Na pr\u00f3xima se\u00e7\u00e3o, iremos explorar as estrat\u00e9gias de reten\u00e7\u00e3o de <strong>7 marcas de iGaming <\/strong>no Brasil.&nbsp;<\/p>\n\n\n\n<h2 class=\"wp-block-heading\"><strong>Panorama do Mercado do iGaming: Estrat\u00e9gias de Reten\u00e7\u00e3o<\/strong><\/h2>\n\n\n\n<p>Para a maioria das marcas de iGaming no Brasil, as iniciativas de fideliza\u00e7\u00e3o baseiam-se na troca de pontos por pr\u00eamios, que podem ser:<\/p>\n\n\n\n<ul>\n<li><strong>Cashback<\/strong><\/li>\n\n\n\n<li><strong>B\u00f4nus<\/strong><\/li>\n\n\n\n<li><strong>Apostas<\/strong><\/li>\n\n\n\n<li><strong>Benef\u00edcios exclusivos<\/strong><\/li>\n\n\n\n<li><strong>Rodadas gr\u00e1tis<\/strong><\/li>\n<\/ul>\n\n\n\n<figure class=\"wp-block-table\"><table><tbody><tr><td><strong>Marcas<\/strong><\/td><td><strong>Iniciativa<\/strong><\/td><td><strong>Tipo<\/strong><\/td><td><strong>Faixas e N\u00edveis<\/strong><\/td><td><strong>Recompensa<\/strong><\/td><\/tr><tr><td>Betano<\/td><td>Clube Betano<\/td><td>Cassino<\/td><td>2 faixas: Ouro (10 n\u00edveis) e Prata (10 n\u00edveis)<\/td><td>Rodadas gr\u00e1tis e pr\u00eamios em dinheiro<\/td><\/tr><tr><td>Betfair<\/td><td>Clube de Vantagens Betfair<\/td><td>Esporte<\/td><td>Sem n\u00edveis expl\u00edcitos<\/td><td>Apostas b\u00f4nus, promo\u00e7\u00f5es exclusivas, sorteios e odds melhoradas<\/td><\/tr><tr><td>Blaze<\/td><td>Blaze VIP Club<\/td><td>Cassino<\/td><td>7 faixas: Bronze, (22 n\u00edveis), Prata, Ouro, Platina (cada um com 24 n\u00edveis), Diamante (49 n\u00edveis), Diamante II (50 n\u00edveis) e Diamante III (n\u00edvel \u00fanico)<\/td><td>Recompensas personalizadas, limites de saque mais elevados, pr\u00eamios em dinheiro e benef\u00edcios exclusivos<\/td><\/tr><tr><td rowspan=\"2\">KTO<\/td><td>Liga do Milh\u00e3o<\/td><td>Esporte<\/td><td>Sem n\u00edveis expl\u00edcitos<\/td><td>Apostas gr\u00e1tis, pr\u00eamio em dinheiro e um evento exclusivo<\/td><\/tr><tr><td>Clube KTO<\/td><td>Cassino<\/td><td>Sem n\u00edveis expl\u00edcitos<\/td><td>Pr\u00eamios em dinheiro<\/td><\/tr><tr><td>Novibet<\/td><td>Novibet Cassino Club<\/td><td>Cassino<\/td><td>2 faixas: Premium (5 n\u00edveis) e VIP (7 n\u00edveis)<\/td><td>Pr\u00eamios em dinheiro<\/td><\/tr><tr><td rowspan=\"2\">Pixbet<\/td><td>Sistema de N\u00edveis<\/td><td>Cassino e Esportes<\/td><td>4 faixas: Bronze, Prata, Ouro (cada um com 5 n\u00edveis) e Diamante (n\u00edvel \u00fanico)<\/td><td>Rodadas gr\u00e1tis e uma roleta de pr\u00eamios<\/td><\/tr><tr><td>Caixa Misteriosa<\/td><td>Esporte<\/td><td>5 faixas: Classe Econ\u00f4mica; Classe Executiva; Primeira Classe; Jato Privado; Explorador Espacial.&nbsp;<\/td><td>Pr\u00eamios em dinheiro e b\u00f4nus exclusivos<\/td><\/tr><tr><td>Superbet<\/td><td>Mete Brasa<\/td><td>Esporte<\/td><td>3 n\u00edveis: Ouro, Prata e Bronze<\/td><td>Apostas gr\u00e1tis e pr\u00eamios em dinheiro<\/td><\/tr><\/tbody><\/table><\/figure>\n\n\n\n<h3 class=\"wp-block-heading\"><strong>Betano<\/strong><\/h3>\n\n\n\n<p><strong>O Clube Betano <\/strong>\u00e9 um programa de fidelidade escalonado, exclusivo para apostas em jogos de cassino. Para cada R$5 apostados em qualquer uma das slots do site, ganha-se uma moeda. \u00c0 medida que for ganhando moedas e atingindo metas, o usu\u00e1rio \u00e9 recompensado com pr\u00eamios.<\/p>\n\n\n\n<p>Existem duas faixas, cada uma composta por 10 n\u00edveis, sendo que a faixa Prata oferece de 10 a 250 <strong>rodadas gr\u00e1tis<\/strong>, enquanto a faixa Ouro oferece <strong>pr\u00eamios em dinheiro <\/strong>que variam de R$50 a R$5.000. Depois de desbloquear a faixa Ouro, o usu\u00e1rio ter\u00e1 um per\u00edodo de tempo limitado para ganhar moedas e progredir nos n\u00edveis.<\/p>\n\n\n\n<h3 class=\"wp-block-heading\"><strong>Betfair<\/strong><\/h3>\n\n\n\n<p>\u00c9 necess\u00e1rio apostar pelo menos 100 reais e as odds m\u00ednimas devem ser de 1.5 para se qualificar e fazer parte do <strong>Clube de Vantagens Betfair<\/strong>. As recompensas s\u00e3o atribu\u00eddas semanalmente e incluem pr\u00eamios como <strong>apostas b\u00f4nus <\/strong>de at\u00e9 20 reais, <strong>sorteios<\/strong>, <strong>promo\u00e7\u00f5es exclusivas <\/strong>e <strong>odds melhoradas<\/strong>.<\/p>\n\n\n\n<p>Embora <strong>n\u00e3o existam n\u00edveis expl\u00edcitos<\/strong>, os pr\u00eamios mudam de acordo com o montante apostado. Isto indica n\u00edveis dentro da iniciativa.<\/p>\n\n\n\n<h3 class=\"wp-block-heading\"><strong>Blaze<\/strong><\/h3>\n\n\n\n<p>Os jogadores podem aderir ao <strong>Blaze VIP Club <\/strong>a partir da faixa Bronze. Existem sete faixas, que diferem no n\u00famero de n\u00edveis internos.&nbsp;<\/p>\n\n\n\n<p>O primeiro \u00e9 o faixa Bronze com 22 n\u00edveis. Os faixas Prata, Ouro e Platina t\u00eam 24 n\u00edveis cada um, o faixa Diamante tem 49 n\u00edveis e o faixa Diamante II tem 50 n\u00edveis. A \u00faltima faixa, Diamante III, \u00e9 composta apenas pelo n\u00edvel 200.<\/p>\n\n\n\n<p>A partir da faixa Prata, o membro tem acesso a uma <strong>rodada di\u00e1ria<\/strong>, um <strong>pr\u00eamio em dinheiro <\/strong>e <strong>cashback<\/strong>. Estas tr\u00eas recompensas aumentam \u00e0 medida que se avan\u00e7a nos n\u00edveis. Ao longo do percurso, algumas faixas adicionam benef\u00edcios exclusivos e a final oferece um <strong>pr\u00eamio em dinheiro de 1 milh\u00e3o de d\u00f3lares<\/strong>.<\/p>\n\n\n\n<p>Na p\u00e1gina do Blaze VIP Club, antes de fazer o<em> log-in<\/em>, o usu\u00e1rio n\u00e3o tem acesso \u00e0s regras ou mesmo \u00e0s condi\u00e7\u00f5es de ades\u00e3o. Esta situa\u00e7\u00e3o dificulta a obten\u00e7\u00e3o de informa\u00e7\u00f5es claras sobre o Clube e limita o interesse dos usu\u00e1rios que ainda n\u00e3o s\u00e3o clientes.<\/p>\n\n\n\n<h3 class=\"wp-block-heading\"><strong>KTO<\/strong><\/h3>\n\n\n\n<p>Na <strong>Liga do Milh\u00e3o<\/strong>, a KTO tem uma <strong>iniciativa de fideliza\u00e7\u00e3o <\/strong>mais <strong>competitiva<\/strong>. Os jogadores podem acumular pontos se fizerem uma aposta vencedora com um valor m\u00ednimo de R$5 e uma probabilidade m\u00ednima de 1,30. O n\u00famero de pontos \u00e9 calculado com base nas odds de apostas vencedoras.<\/p>\n\n\n\n<p>Todos os dias, o jogador com mais pontos receber\u00e1 R$1000 em <strong>apostas gr\u00e1tis<\/strong>, com um m\u00e1ximo de 5 vit\u00f3rias por m\u00eas. Os 500 melhores jogadores do m\u00eas partilham R$100.000 em apostas gr\u00e1tis, o montante depende da sua posi\u00e7\u00e3o.<\/p>\n\n\n\n<p>Os 10 melhores jogadores de cada m\u00eas tamb\u00e9m ganhar\u00e3o um lugar em um <strong>evento exclusivo <\/strong>que ser\u00e1 realizado em dezembro, no qual ter\u00e3o a chance de ganhar <strong>R$ 1.000.000 em dinheiro<\/strong>.<\/p>\n\n\n\n<p>Outra iniciativa \u00e9 o <strong>Clube KTO<\/strong>, no qual os jogadores ganham pr\u00eamios em dinheiro em torneios di\u00e1rios. Para participar, os jogadores devem apostar R$ 1 ou mais em jogos de cassino e cassino ao vivo (com exce\u00e7\u00e3o de jogos tipo crash).<\/p>\n\n\n\n<p>Os pr\u00eamios variam de R$ 25 a R$ 1.000 e s\u00e3o distribu\u00eddos entre os 50 melhores jogadores de cada dia. Como parte desta estrat\u00e9gia gamificada, tamb\u00e9m \u00e9 poss\u00edvel ver uma tabela de classifica\u00e7\u00e3o com as iniciais dos jogadores que chegaram ao p\u00f3dio.<\/p>\n\n\n\n<h3 class=\"wp-block-heading\"><strong>Novibet<\/strong><\/h3>\n\n\n\n<p><strong>O Novibet Cassino Club <\/strong>tem 2 faixas, Premium (5 n\u00edveis) e VIP (7 n\u00edveis). O usu\u00e1rio ganha cr\u00e9ditos ao apostar em determinados jogos e, com 11.000 cr\u00e9ditos, pode reivindicar a sua primeira recompensa Premium.<\/p>\n\n\n\n<p>Em termos de recompensas, a Novibet concentra-se em <strong>pr\u00eamios em dinheiro<\/strong>. O b\u00f4nus m\u00e1ximo por jogador \u00e9 de R$3.000 na faixa Premium e os pr\u00eamios variam entre R$140 e R$1.100, dependendo do n\u00edvel. O Club VIP s\u00f3 leva em conta os cr\u00e9ditos acumulados durante o m\u00eas, com pr\u00eamios que v\u00e3o de R$250 a R$22.200.<\/p>\n\n\n\n<h3 class=\"wp-block-heading\"><strong>Pixbet<\/strong><\/h3>\n\n\n\n<p>A Pixbet disp\u00f5e de duas iniciativas de fideliza\u00e7\u00e3o distintas: <strong>Sistemas de N\u00edveis <\/strong>e <strong>Caixa Misteriosa<\/strong>.<\/p>\n\n\n\n<p>Com os Sistemas de N\u00edveis, o usu\u00e1rio ganha pontos por cada aposta que faz em cassino e apostas esportivas. O n\u00famero de pontos varia de acordo com o valor apostado, sendo que as apostas acima de R$100 equivalem a um n\u00famero fixo de 10 pontos. Outro aspecto deste programa \u00e9 que se perde pontos por passar um determinado n\u00famero de dias sem apostar.<\/p>\n\n\n\n<p>Os pontos acumulados determinam o seu n\u00edvel de fidelidade, que tem quatro faixas: Bronze, Prata, Ouro (cada uma com 5 n\u00edveis) e Diamante (faixa \u00fanica). Estes n\u00edveis desbloqueiam recompensas como <strong>rodadas gr\u00e1tis <\/strong>e uma <strong>roleta com pr\u00eamios<\/strong>.<\/p>\n\n\n\n<p>A outra estrat\u00e9gia de fideliza\u00e7\u00e3o da Pixbet \u00e9 espec\u00edfica para as apostas esportivas e \u00e9 composta por 5 faixas: Classe Econ\u00f4mica; Classe Executiva; Primeira Classe; Jato Privado e Explorador Espacial.&nbsp;<\/p>\n\n\n\n<p>A Caixa Misteriosa permite acumular moedas \u00e0 medida que se faz apostas. Estas moedas s\u00e3o utilizadas para comprar Chaves Misteriosas, que permitem ao jogador abrir caixas e receber <strong>pr\u00eamios em dinheiro<\/strong>.<\/p>\n\n\n\n<p>\u00c0 medida que o jogador sobe de n\u00edvel, tamb\u00e9m lhe s\u00e3o oferecidos b\u00f4nus exclusivos. No entanto, os jogadores s\u00e3o automaticamente rebaixados ap\u00f3s 90 dias de inatividade.<\/p>\n\n\n\n<h3 class=\"wp-block-heading\"><strong>Superbet<\/strong><\/h3>\n\n\n\n<p><strong>Mete Brasa<\/strong>, a iniciativa da Superbet, permite aos jogadores ganhar pontos respondendo a <strong>perguntas sobre eventos esportivos<\/strong>. Quanto mais perguntas o jogador acertar, mais pontos ganhar\u00e1 e mais avan\u00e7ar\u00e1 nos 3 n\u00edveis da competi\u00e7\u00e3o.<\/p>\n\n\n\n<p>Os pr\u00eamios regulares s\u00e3o atribu\u00eddos de duas em duas semanas e o progresso do jogador \u00e9 reiniciado todos os meses. Al\u00e9m disso, se um jogador errar uma resposta ou n\u00e3o participar durante dois dias, a sua s\u00e9rie ser\u00e1 zerada.<\/p>\n\n\n\n<p>No N\u00edvel Ouro, o pr\u00eamio de R$50.000 em <strong>apostas gr\u00e1tis <\/strong>ser\u00e1 compartilhado por todos os jogadores que tenham acumulado pelo menos 76 pontos. No N\u00edvel Prata, R$ 70.000 ser\u00e3o divididos entre os jogadores que acumularam entre 56 e 75 pontos. Finalmente, os jogadores que acumularam entre 40 e 55 pontos no N\u00edvel Bronze dividir\u00e3o um pr\u00eamio no valor de R$80.000.<\/p>\n\n\n\n<p>Os jogadores que obtiverem pelo menos <strong>12 respostas corretas consecutivas <\/strong>numa rodada, independentemente da sua posi\u00e7\u00e3o na tabela de classifica\u00e7\u00e3o ou do n\u00famero de pontos que tenham acumulado, podem ganhar o <strong>pr\u00eamio jackpot<\/strong>. O pr\u00eamio jackpot tem um valor em dinheiro de <strong>R$250.000 <\/strong>e ser\u00e1 dividido entre os usu\u00e1rios que se qualificarem para ele.<\/p>\n\n\n\n<h4 class=\"wp-block-heading\"><strong>Sele\u00e7\u00e3o Interna e Transpar\u00eancia nos Clubes VIP<\/strong><\/h4>\n\n\n\n<p>Algumas operadoras t\u00eam um <strong>processo interno <\/strong>de sele\u00e7\u00e3o dos jogadores VIPs. Este \u00e9 o caso da <strong>Aposta Ganha<\/strong>, onde a sele\u00e7\u00e3o interna \u00e9 a \u00fanica forma de alcan\u00e7ar o status VIP. Para obter esta informa\u00e7\u00e3o, n\u00f3s tivemos que entrar em contato com o atendimento, uma vez que <strong>n\u00e3o encontramos qualquer informa\u00e7\u00e3o<\/strong> no site.<\/p>\n\n\n\n<p>A<strong> Stake<\/strong>, por exemplo, tamb\u00e9m seleciona os seus jogadores VIP, mas com mais <strong>transpar\u00eancia<\/strong>. A partir do momento em que o usu\u00e1rio se registra, ele j\u00e1 pode obter informa\u00e7\u00f5es e acompanhar o seu progresso. Em seguida, ser\u00e1 notificado por e-mail quando atingir o n\u00edvel necess\u00e1rio para se tornar VIP.<\/p>\n\n\n\n<p>Esta abordagem \u00e9 estrat\u00e9gica: ao tornar vis\u00edvel a possibilidade de aderir ao Clube VIP, cria <strong>antecipa\u00e7\u00e3o <\/strong>e <strong>motiva\u00e7\u00e3o<\/strong>. Ela tende a encorajar o engajamento porque o usu\u00e1rio sabe que pode ser recompensado ao longo do percurso, ao contr\u00e1rio dos sistemas puramente internos e n\u00e3o comunicados.<\/p>\n\n\n\n<h2 class=\"wp-block-heading\"><strong>Principais conclus\u00f5es<\/strong><\/h2>\n\n\n\n<p>A an\u00e1lise das <strong>estrat\u00e9gias de reten\u00e7\u00e3o <\/strong>das principais operadoras brasileiras de iGaming revela uma variedade de abordagens em termos de estrutura, transpar\u00eancia e apelo promocional.<\/p>\n\n\n\n<p>Algumas marcas, como a <strong>Blaze<\/strong>, a <strong>Betano <\/strong>e a <strong>Pixbet<\/strong>, apostam em estruturas robustas com muitos n\u00edveis, visando o p\u00fablico mais empenhado e disposto a apostar quantias mais elevadas. No entanto, a complexidade ou a falta de informa\u00e7\u00e3o clara (como no caso da Blaze) podem comprometer o potencial de atra\u00e7\u00e3o de novos usu\u00e1rios.<\/p>\n\n\n\n<p>Outras operadoras t\u00eam modelos mais competitivos e gamificados, como a KTO e a Superbet. A <strong>KTO <\/strong>utiliza um formato de tabela de classifica\u00e7\u00e3o com pr\u00eamios di\u00e1rios e mensais, enquanto a <strong>Superbet <\/strong>utiliza um <em>quiz <\/em>como principal desafio.<\/p>\n\n\n\n<p>Ao utilizar o processo interno para selecionar os VIP, as marcas devem certificar-se de que n\u00e3o limitam o <strong>efeito motivador <\/strong>da fideliza\u00e7\u00e3o. \u00c9 uma boa ideia dar <strong>visibilidade <\/strong>\u00e0 iniciativa, para que os jogadores conhe\u00e7am as regras e os crit\u00e9rios em vigor.<\/p>\n\n\n\n<p>Em geral, as operadoras est\u00e3o adotando iniciativas que envolvem a <strong>acumula\u00e7\u00e3o de pontos<\/strong>, <strong>n\u00edveis <\/strong>e <strong>progress\u00e3o de recompensas<\/strong>. Alguns est\u00e3o avan\u00e7ando para modelos cl\u00e1ssicos de fideliza\u00e7\u00e3o, outros est\u00e3o adotando formatos mais competitivos ou gamificados, mas o objetivo \u00e9 o mesmo: envolver e <strong>reter clientes <\/strong>num mercado altamente competitivo.<\/p>\n","protected":false},"excerpt":{"rendered":"<p>Este estudo analisa as estrat\u00e9gias de reten\u00e7\u00e3o de clientes das principais operadoras brasileiras de iGaming, com foco nas iniciativas de fideliza\u00e7\u00e3o e na gest\u00e3o do engajamento de jogadores de alto valor em um mercado competitivo.<\/p>\n","protected":false},"author":10,"featured_media":7901,"parent":0,"menu_order":0,"comment_status":"closed","ping_status":"closed","template":"","meta":{"inline_featured_image":false,"footnotes":""},"categories":[85],"tags":[428,93,472,377,474,473],"_links":{"self":[{"href":"https:\/\/env.media\/br\/wp-json\/wp\/v2\/pages\/7911"}],"collection":[{"href":"https:\/\/env.media\/br\/wp-json\/wp\/v2\/pages"}],"about":[{"href":"https:\/\/env.media\/br\/wp-json\/wp\/v2\/types\/page"}],"author":[{"embeddable":true,"href":"https:\/\/env.media\/br\/wp-json\/wp\/v2\/users\/10"}],"replies":[{"embeddable":true,"href":"https:\/\/env.media\/br\/wp-json\/wp\/v2\/comments?post=7911"}],"version-history":[{"count":4,"href":"https:\/\/env.media\/br\/wp-json\/wp\/v2\/pages\/7911\/revisions"}],"predecessor-version":[{"id":7929,"href":"https:\/\/env.media\/br\/wp-json\/wp\/v2\/pages\/7911\/revisions\/7929"}],"wp:featuredmedia":[{"embeddable":true,"href":"https:\/\/env.media\/br\/wp-json\/wp\/v2\/media\/7901"}],"wp:attachment":[{"href":"https:\/\/env.media\/br\/wp-json\/wp\/v2\/media?parent=7911"}],"wp:term":[{"taxonomy":"category","embeddable":true,"href":"https:\/\/env.media\/br\/wp-json\/wp\/v2\/categories?post=7911"},{"taxonomy":"post_tag","embeddable":true,"href":"https:\/\/env.media\/br\/wp-json\/wp\/v2\/tags?post=7911"}],"curies":[{"name":"wp","href":"https:\/\/api.w.org\/{rel}","templated":true}]}}