{"id":7883,"date":"2025-04-14T14:28:36","date_gmt":"2025-04-14T14:28:36","guid":{"rendered":"https:\/\/env.media\/?page_id=7883"},"modified":"2025-04-14T14:29:30","modified_gmt":"2025-04-14T14:29:30","slug":"estudo-mais-populares-jogos-de-cassino-online-no-brasil-marco-2025","status":"publish","type":"page","link":"https:\/\/env.media\/br\/estudo-mais-populares-jogos-de-cassino-online-no-brasil-marco-2025\/","title":{"rendered":"Nova Pesquisa Destaca os Jogos de Cassino Online Mais Populares no Brasil em Mar\u00e7o de 2025"},"content":{"rendered":"\n<p>KTO.com, o terceiro maior cassino online do Brasil, de acordo com nossa \u00faltima <a href=\"https:\/\/env.media\/br\/analise-do-share-of-voice-das-operadoras-de-jogos-online-no-brasil\/outubro-2024\/\" target=\"_blank\" rel=\"noreferrer noopener\">an\u00e1lise de Share of Voice<\/a>, publicou seu relat\u00f3rio mensal sobre os jogos de cassino com melhor desempenho.<\/p>\n\n\n\n<p>A equipe de pesquisa da KTO revela insights importantes sobre os principais jogos, provedores e setores para o <a href=\"https:\/\/www.kto.bet.br\/pesquisa\/estudo-jogos-populares-marco-2025\/\" target=\"_blank\" rel=\"noopener\">m\u00eas de mar\u00e7o de 2025<\/a>.<\/p>\n\n\n\n<h2 class=\"wp-block-heading\"><strong>Jogos de Cassino de Destaque Revelados<\/strong><\/h2>\n\n\n\n<p>O estudo destaca tr\u00eas tend\u00eancias principais:<\/p>\n\n\n\n<h3 class=\"wp-block-heading\"><strong>Consist\u00eancia nos T\u00edtulos Populares<\/strong><\/h3>\n\n\n\n<p>Mar\u00e7o marcou o retorno de <strong><em>Fortune Tiger<\/em><\/strong> ao topo da lista, com <strong>39,23% de popularidade<\/strong>. Ap\u00f3s ter sido superado em fevereiro, o cl\u00e1ssico da PG Soft voltou a liderar, desbancando <strong>F<\/strong><strong><em>ortune Rabbit<\/em><\/strong>, que caiu para a segunda posi\u00e7\u00e3o, com <strong>32,49%<\/strong>, embora ainda tenha sido o jogo com mais rodadas jogadas.<\/p>\n\n\n\n<p>A s\u00e9rie dos animais da sorte segue em alta: <strong><em>Tigre Sortudo<\/em><\/strong> manteve-se est\u00e1vel no Top 3, enquanto <strong><em>Fortune Dragon<\/em><\/strong> e <strong><em>Fortune Ox<\/em><\/strong> completaram o dom\u00ednio da PG Soft no Top 5.<\/p>\n\n\n\n<p>Entre as novidades, <strong><em>Jeitinho Brasileiro<\/em><\/strong><em> <\/em>estreou com destaque, com <strong>15,99%<\/strong> de popularidade, refletindo o interesse do p\u00fablico por tem\u00e1ticas nacionais. J\u00e1 o t\u00edtulo <strong><em>Hot Slot: 777 Crown<\/em><\/strong>, da Wazdan, surpreendeu ao aparecer pela primeira vez entre os dez mais jogados.<\/p>\n\n\n\n<h3 class=\"wp-block-heading\"><strong>Multiplicadores e Desempenho de RTP<\/strong><\/h3>\n\n\n\n<p>O grande destaque entre os multiplicadores foi <strong><em>Aviator<\/em><\/strong>, da SPRIBE, que registrou um impressionante retorno de <strong>31.001,78x<\/strong>, superando com folga os resultados de janeiro.<\/p>\n\n\n\n<p>No quesito RTP, <strong><em>Treasure Wild<\/em><\/strong> liderou com <strong>116,51%<\/strong>, seguido de perto por t\u00edtulos como <strong><em>Jungle Deligh<\/em><\/strong><strong>t<\/strong> e <strong><em>O Vira-lata Caramelo<\/em><\/strong>, que mesmo fora do top 10 em popularidade, ainda ofereceram excelentes retornos aos jogadores.<\/p>\n\n\n\n<h3 class=\"wp-block-heading\"><strong>Mudan\u00e7as no Top 10<\/strong><\/h3>\n\n\n\n<p>O maior multiplicador do m\u00eas foi registrado por <strong><em>Zeus vs Hades Gods of War<\/em><\/strong>, com <strong>14.088x<\/strong>, mantendo-se entre os jogos com maior potencial de retorno. Destaque tamb\u00e9m para <strong><em>Sugar Rush 1000<\/em><\/strong><em> <\/em>e <strong><em>Gates of Olympus 1000<\/em><\/strong>, com 12.406x e 11.735x, respectivamente.<\/p>\n\n\n\n<p>No quesito RTP, <strong><em>John Hunter and Galileo\u2019s Secrets<\/em><\/strong> liderou com <strong>112,94%<\/strong>, seguido de <strong><em>Savannah Legend<\/em><\/strong><em> <\/em>com <strong>110,44%<\/strong>. Ambos superaram com folga seus RTPs padr\u00e3o, indicando um m\u00eas favor\u00e1vel para os jogadores em busca de retorno elevado.<\/p>\n\n\n\n<h3 class=\"wp-block-heading\"><strong>Crescimento e Estabilidade na Categoria de Jogos de Cassino ao Vivo<\/strong><\/h3>\n\n\n\n<p>Os slots continuam a dominar, representando <strong>92,76% do total de rodadas jogadas<\/strong>. Os crash games seguem relevantes, com leve queda, enquanto os jogos ao vivo ganharam novas tend\u00eancias.<\/p>\n\n\n\n<p>O grande destaque foi o lan\u00e7amento da <strong><em>Roleta KTO Ao Vivo<\/em><\/strong>, que estreou na lideran\u00e7a entre os jogos de cassino ao vivo, com <strong>6,65% de popularidade<\/strong>. O t\u00edtulo superou nomes tradicionais e refor\u00e7ou o apelo de mesas com dealers locais.<\/p>\n\n\n\n<p>J\u00e1 o <strong><em>Bac Bo Ao Vivo<\/em><\/strong> manteve-se entre os l\u00edderes, enquanto <strong><em>Crazy Time<\/em><\/strong><em> e <\/em><strong><em>Spin a Win Wild Brasileiro<\/em><\/strong> sofreram quedas, mas permaneceram no Top 5.Para saber mais sobre as \u00faltimas classifica\u00e7\u00f5es de jogos, artigos de pesquisa e insights sobre cassinos online no Brasil, visite a <a href=\"https:\/\/www.kto.bet.br\/pesquisa\/\" target=\"_blank\" rel=\"noopener\">p\u00e1gina de pesquisa da KTO<\/a>.<\/p>\n","protected":false},"excerpt":{"rendered":"<p>Descubra o \u00faltimo estudo mensal sobre os principais jogos de cassino online do Brasil em mar\u00e7o de 2025. Explore tend\u00eancias em t\u00edtulos populares, multiplicadores recordes e as maiores porcentagens de RTP na KTO Brasil.<\/p>\n","protected":false},"author":3,"featured_media":6608,"parent":0,"menu_order":0,"comment_status":"closed","ping_status":"closed","template":"","meta":{"inline_featured_image":false,"footnotes":""},"categories":[160],"tags":[332,339,467,331,337,338,333,334,336],"_links":{"self":[{"href":"https:\/\/env.media\/br\/wp-json\/wp\/v2\/pages\/7883"}],"collection":[{"href":"https:\/\/env.media\/br\/wp-json\/wp\/v2\/pages"}],"about":[{"href":"https:\/\/env.media\/br\/wp-json\/wp\/v2\/types\/page"}],"author":[{"embeddable":true,"href":"https:\/\/env.media\/br\/wp-json\/wp\/v2\/users\/3"}],"replies":[{"embeddable":true,"href":"https:\/\/env.media\/br\/wp-json\/wp\/v2\/comments?post=7883"}],"version-history":[{"count":2,"href":"https:\/\/env.media\/br\/wp-json\/wp\/v2\/pages\/7883\/revisions"}],"predecessor-version":[{"id":7885,"href":"https:\/\/env.media\/br\/wp-json\/wp\/v2\/pages\/7883\/revisions\/7885"}],"wp:featuredmedia":[{"embeddable":true,"href":"https:\/\/env.media\/br\/wp-json\/wp\/v2\/media\/6608"}],"wp:attachment":[{"href":"https:\/\/env.media\/br\/wp-json\/wp\/v2\/media?parent=7883"}],"wp:term":[{"taxonomy":"category","embeddable":true,"href":"https:\/\/env.media\/br\/wp-json\/wp\/v2\/categories?post=7883"},{"taxonomy":"post_tag","embeddable":true,"href":"https:\/\/env.media\/br\/wp-json\/wp\/v2\/tags?post=7883"}],"curies":[{"name":"wp","href":"https:\/\/api.w.org\/{rel}","templated":true}]}}