{"id":7799,"date":"2025-03-10T14:08:25","date_gmt":"2025-03-10T14:08:25","guid":{"rendered":"https:\/\/env.media\/?page_id=7799"},"modified":"2025-03-21T14:19:36","modified_gmt":"2025-03-21T14:19:36","slug":"estudo-mais-populares-jogos-de-cassino-online-no-brasil-fevereiro-2025","status":"publish","type":"page","link":"https:\/\/env.media\/br\/estudo-mais-populares-jogos-de-cassino-online-no-brasil-fevereiro-2025\/","title":{"rendered":"Nova Pesquisa Destaca os Jogos de Cassino Online Mais Populares no Brasil em Fevereiro de 2025"},"content":{"rendered":"\n<p>KTO.com, o terceiro maior cassino online do Brasil, de acordo com nossa \u00faltima <a href=\"https:\/\/env.media\/br\/analise-do-share-of-voice-das-operadoras-de-jogos-online-no-brasil\/outubro-2024\/\">an\u00e1lise de Share of Voice<\/a>, publicou seu relat\u00f3rio mensal sobre os jogos de cassino com melhor desempenho.<\/p>\n\n\n\n<p>A equipe de pesquisa da KTO revela insights importantes sobre os principais jogos, provedores e setores para o <a href=\"https:\/\/www.kto.bet.br\/pesquisa\/estudo-jogos-populares-fevereiro-2025\/\" target=\"_blank\" rel=\"noopener\">m\u00eas de fevereiro de 2025<\/a>.<\/p>\n\n\n\n<h2 class=\"wp-block-heading\"><strong>Jogos de Cassino de Destaque Revelados<\/strong><\/h2>\n\n\n\n<p>O estudo destaca tr\u00eas tend\u00eancias principais:<\/p>\n\n\n\n<h3 class=\"wp-block-heading\"><strong>Consist\u00eancia nos T\u00edtulos Populares<\/strong><\/h3>\n\n\n\n<p>Fevereiro trouxe uma reviravolta no ranking: <strong><em>Fortune Rabbit<\/em><\/strong>, da PG Soft, recuperou a lideran\u00e7a com <strong>46,01% de popularidade<\/strong>, superando o antigo campe\u00e3o de janeiro, <strong><em>O Vira-lata Caramelo<\/em><\/strong>, que caiu drasticamente no ranking.<\/p>\n\n\n\n<p>O cl\u00e1ssico <strong><em>Fortune Tiger<\/em><\/strong> retomou for\u00e7a e garantiu a segunda posi\u00e7\u00e3o com <strong>42,90%<\/strong>, refor\u00e7ando o dom\u00ednio da s\u00e9rie Fortune. O top 3 foi completado por <strong><em>Tigre Sortudo<\/em><\/strong>, da Pragmatic Play, que apesar de uma leve queda em rela\u00e7\u00e3o a janeiro, manteve-se entre os favoritos dos jogadores.<\/p>\n\n\n\n<p>Outro destaque foi a estreia de <strong><em>Buffalo King Megaways<\/em><\/strong>, que entrou diretamente no Top 10 com <strong>16,86%<\/strong>, assim como o novo <strong><em>Touro Sortudo<\/em><\/strong>, que conquistou os jogadores logo em sua chegada, atingindo <strong>14,06%<\/strong> de popularidade.<\/p>\n\n\n\n<h3 class=\"wp-block-heading\"><strong>Multiplicadores e Desempenho de RTP<\/strong><\/h3>\n\n\n\n<p>O grande destaque entre os multiplicadores foi <strong><em>Aviator<\/em><\/strong>, da SPRIBE, que registrou um impressionante retorno de <strong>31.001,78x<\/strong>, superando com folga os resultados de janeiro.<\/p>\n\n\n\n<p>No quesito RTP, <strong><em>Treasure Wild<\/em><\/strong> liderou com <strong>116,51%<\/strong>, seguido de perto por t\u00edtulos como <strong><em>Jungle Deligh<\/em><\/strong><strong>t<\/strong> e <strong><em>O Vira-lata Caramelo<\/em><\/strong>, que mesmo fora do top 10 em popularidade, ainda ofereceram excelentes retornos aos jogadores.<\/p>\n\n\n\n<h3 class=\"wp-block-heading\"><strong>Mudan\u00e7as no Top 10<\/strong><\/h3>\n\n\n\n<p>O m\u00eas foi marcado pela sa\u00edda de <strong><em>O Vira-lata Caramelo<\/em><\/strong> e <strong><em>Go High Panda<\/em><\/strong> do Top 10, enquanto t\u00edtulos como <strong><em>Touro Sortudo<\/em><\/strong> e <strong><em>Buffalo King Megaways<\/em><\/strong> entraram com for\u00e7a total.<\/p>\n\n\n\n<p><strong><em>Fortune Dragon<\/em><\/strong> e <strong><em>Fortune Ox<\/em><\/strong>, ambos da PG Soft, mantiveram suas posi\u00e7\u00f5es com desempenho consistente. J\u00e1 <strong>Gates of Olympus<\/strong>, que havia tido destaque em meses anteriores, caiu para a 6\u00aa posi\u00e7\u00e3o, com <strong>12,93% de popularidade<\/strong>.<\/p>\n\n\n\n<h3 class=\"wp-block-heading\"><strong>Crescimento e Estabilidade na Categoria de Jogos de Cassino ao Vivo<\/strong><\/h3>\n\n\n\n<p>Os slots continuam a dominar, representando <strong>92,69% do total de rodadas jogadas<\/strong>, um aumento em rela\u00e7\u00e3o a janeiro. Em contrapartida, os <strong>crash games<\/strong> perderam espa\u00e7o, caindo para <strong>5,25%<\/strong>. J\u00e1 a <strong>roleta<\/strong> e os <strong>game shows<\/strong> apresentaram leve queda, enquanto os jogos de <strong>dados<\/strong> registraram crescimento, alcan\u00e7ando <strong>13,88% de popularidade<\/strong> dentro do cassino ao vivo.<\/p>\n\n\n\n<p>Entre os t\u00edtulos ao vivo, o destaque do m\u00eas foi <strong><em>Bac Bo Ao Vivo<\/em><\/strong>, que superou a Roleta Ao Vivo e assumiu a lideran\u00e7a. Nos game shows, <strong><em>Crazy Time<\/em><\/strong> manteve sua posi\u00e7\u00e3o com um multiplicador surpreendente de <strong>2.001x<\/strong>. Tamb\u00e9m chamou aten\u00e7\u00e3o a estreia de <strong><em>Spin a Win Wild Brasileiro<\/em><\/strong>, que entrou no Top 10 com <strong>0,79% de popularidade<\/strong>.<\/p>\n\n\n\n<p>Para saber mais sobre as \u00faltimas classifica\u00e7\u00f5es de jogos, artigos de pesquisa e insights sobre cassinos online no Brasil, visite a <a href=\"https:\/\/www.kto.bet.br\/pesquisa\/\" target=\"_blank\" rel=\"noopener\">p\u00e1gina de pesquisa da KTO<\/a>.<\/p>\n","protected":false},"excerpt":{"rendered":"<p>Descubra o \u00faltimo estudo mensal sobre os principais jogos de cassino online do Brasil em fevereiro de 2025. Explore tend\u00eancias em t\u00edtulos populares, multiplicadores recordes e as maiores porcentagens de RTP na KTO Brasil.<\/p>\n","protected":false},"author":3,"featured_media":6608,"parent":0,"menu_order":0,"comment_status":"closed","ping_status":"closed","template":"","meta":{"inline_featured_image":false,"footnotes":""},"categories":[160],"tags":[332,339,462,331,337,338,333,334,398],"_links":{"self":[{"href":"https:\/\/env.media\/br\/wp-json\/wp\/v2\/pages\/7799"}],"collection":[{"href":"https:\/\/env.media\/br\/wp-json\/wp\/v2\/pages"}],"about":[{"href":"https:\/\/env.media\/br\/wp-json\/wp\/v2\/types\/page"}],"author":[{"embeddable":true,"href":"https:\/\/env.media\/br\/wp-json\/wp\/v2\/users\/3"}],"replies":[{"embeddable":true,"href":"https:\/\/env.media\/br\/wp-json\/wp\/v2\/comments?post=7799"}],"version-history":[{"count":1,"href":"https:\/\/env.media\/br\/wp-json\/wp\/v2\/pages\/7799\/revisions"}],"predecessor-version":[{"id":7800,"href":"https:\/\/env.media\/br\/wp-json\/wp\/v2\/pages\/7799\/revisions\/7800"}],"wp:featuredmedia":[{"embeddable":true,"href":"https:\/\/env.media\/br\/wp-json\/wp\/v2\/media\/6608"}],"wp:attachment":[{"href":"https:\/\/env.media\/br\/wp-json\/wp\/v2\/media?parent=7799"}],"wp:term":[{"taxonomy":"category","embeddable":true,"href":"https:\/\/env.media\/br\/wp-json\/wp\/v2\/categories?post=7799"},{"taxonomy":"post_tag","embeddable":true,"href":"https:\/\/env.media\/br\/wp-json\/wp\/v2\/tags?post=7799"}],"curies":[{"name":"wp","href":"https:\/\/api.w.org\/{rel}","templated":true}]}}