{"id":7777,"date":"2025-03-19T17:37:38","date_gmt":"2025-03-19T17:37:38","guid":{"rendered":"https:\/\/env.media\/?page_id=7777"},"modified":"2025-03-19T18:57:28","modified_gmt":"2025-03-19T18:57:28","slug":"bloqueio-operadoras-offshore-suspensao-pix-insights","status":"publish","type":"page","link":"https:\/\/env.media\/br\/bloqueio-operadoras-offshore-suspensao-pix-insights\/","title":{"rendered":"Bloqueio de operadoras offshore no Brasil: Insights sobre a suspens\u00e3o de pagamentos via Pix\u00a0"},"content":{"rendered":"\n<p>Invariavelmente, apesar da forte determina\u00e7\u00e3o do governo para bloquear os sites das operadoras offshore, novos sites continuar\u00e3o surgindo. Al\u00e9m disso, esses tamb\u00e9m ser\u00e3o indexados pelo Google, servindo como resultado de buscas para palavras-chave referentes a jogos de cassino e apostas esportivas.<\/p>\n\n\n\n<p>O Google tamb\u00e9m n\u00e3o restringe os links hackeados. Sem de fato hackear um site inteiro, essa \u00e9 uma t\u00e9cnica usada por operadoras offshore para disfar\u00e7ar o seu conte\u00fado ilegal sob links leg\u00edtimos, como os das universidades federais brasileiras.<\/p>\n\n\n\n<p>De acordo com uma <strong>pesquisa da ENV Media, <\/strong>os impactos causados pelo Google s\u00e3o ainda mais dr\u00e1sticos. Ap\u00f3s a migra\u00e7\u00e3o obrigat\u00f3ria para o dom\u00ednio <strong>bet.br<\/strong>, as operadoras licenciadas perderam <strong>79% <\/strong>do tr\u00e1fego de buscas, j\u00e1 que o algoritmo do Google limitou cada uma delas a apenas duas posi\u00e7\u00f5es por consulta na p\u00e1gina dos resultados de pesquisa (SERP). Em contrapartida, o Google aumentou a visibilidade dos sites ilegais em dom\u00ednios .com.\u00a0<\/p>\n\n\n\n<p>Consequentemente, a falha direcionou os usu\u00e1rios a plataformas n\u00e3o autorizadas, causando preju\u00edzos mensais superiores a <strong>R$575.000 <\/strong>para as principais operadoras licenciadas no Brasil. O impacto geral, portanto, prejudicou o recolhimento de impostos e o pr\u00f3prio mercado regulamentado.<\/p>\n\n\n\n<p>Devido a esses intrincados desafios tecnol\u00f3gicos, no primeiro bimestre de 2025, o <strong>mercado ilegal <\/strong>foi respons\u00e1vel por aproximadamente <strong>RS$ 350.000,00 <\/strong>em <a href=\"https:\/\/igamingbrazil.com\/online\/2025\/03\/13\/apostas-ilegais-movimentam-r-350-milhoes-em-2025-apesar-de-bloqueios\/\" target=\"_blank\" rel=\"noopener\"><strong>preju\u00edzos<\/strong><\/a> para as <strong>operadoras licenciadas <\/strong>e, tamb\u00e9m, em <strong>impostos <\/strong>para o Brasil.<\/p>\n\n\n\n<h2 class=\"wp-block-heading\"><strong>As autoridades brasileiras podem impedir a evas\u00e3o financeira para os para\u00edsos fiscais? E em caso positivo, como?<\/strong><\/h2>\n\n\n\n<p>Conforme demonstrado pela <strong>pesquisa da ENV Media <\/strong>sobre a <a href=\"https:\/\/env.media\/br\/guia-tributacao-jogo-online-brasil-jogadores-cassino-operadores-apostas\/\"><strong>estrutura de tributa\u00e7\u00e3o do mercado brasileiro de iGaming<\/strong><\/a>, as operadoras licenciadas est\u00e3o sujeitas a um imposto de<strong> 12% <\/strong>sobre a Receita Bruta de Jogos (GGR), al\u00e9m de uma taxa de <strong>15% <\/strong>sobre os ganhos dos jogadores. E n\u00e3o \u00e9 s\u00f3 isso. As operadoras licenciadas tamb\u00e9m est\u00e3o sujeitas a um imposto de renda corporativo padr\u00e3o de <strong>34%<\/strong>, com taxas mais altas para institui\u00e7\u00f5es financeiras. Tamb\u00e9m s\u00e3o cobrados impostos adicionais como PIS\/COFINS e ISS.&nbsp;<\/p>\n\n\n\n<p>Assim, a carga tribut\u00e1ria total do Brasil sobre o iGaming excede <strong>50%<\/strong>, enquanto o imposto de 12% sobre o GGR praticamente dobra a carga. Dos <strong>88% <\/strong>restantes, sobram apenas <strong>40% <\/strong>do GGR ap\u00f3s a cobertura dos custos operacionais e de marketing. Al\u00e9m disso, outros <strong>45% a 48% <\/strong>s\u00e3o tributados, dependendo do registro. No entanto, no Brasil, Educa\u00e7\u00e3o, Esportes, Turismo, Seguran\u00e7a e Sa\u00fade s\u00e3o todos apoiados pela realoca\u00e7\u00e3o do imposto de 12%.<\/p>\n\n\n\n<p>Por outro lado, as operadoras offshore n\u00e3o s\u00e3o sobrecarregadas, pois est\u00e3o sediadas em <a href=\"https:\/\/www.ipea.gov.br\/desafios\/index.php?option=com_content&amp;id=3236#:~:text=COMBATE%20%C3%80%20EVAS%C3%83O&amp;text=Al%C3%A9m%20disso%2C%20a%20Organiza%C3%A7%C3%A3o%20para,US$%20200%20bilh%C3%B5es%20em%20arrecada%C3%A7%C3%A3o.\" target=\"_blank\" rel=\"noopener\">para\u00edsos fiscais<\/a>. Os para\u00edsos fiscais s\u00e3o pa\u00edses que oferecem baixas taxas de impostos e controles financeiros deficientes para atrair capital. Como resultado, as operadoras offshore transferem suas receitas para para\u00edsos fiscais, como Cura\u00e7ao, e se afastam do Brasil.<\/p>\n\n\n\n<p>Naturalmente, o Brasil n\u00e3o \u00e9 a \u00fanica jurisdi\u00e7\u00e3o visada pelos operadores offshore. No entanto, a diferen\u00e7a em rela\u00e7\u00e3o aos mercados regulamentados mais maduros, como os EUA, \u00e9 que, em vez de depender apenas do bloqueio on-line, eles empregam uma s\u00e9rie de estrat\u00e9gias para enfrentar o problema de diferentes \u00e2ngulos. <strong>O bloqueio de m\u00e9todos de pagamento<\/strong>, incluindo criptomoedas, \u00e9 <strong>fundamental <\/strong>para interromper as opera\u00e7\u00f5es offshore nessas jurisdi\u00e7\u00f5es.<\/p>\n\n\n\n<p>As operadoras offshore prejudicam os jogadores e canibalizam os mercados regulamentados, al\u00e9m de privar os cidad\u00e3os dos benef\u00edcios financiados pelos impostos do setor. Portanto, este estudo analisa as iniciativas brasileiras em compara\u00e7\u00e3o com medidas bem-sucedidas em todo o mundo para evitar que isso aconte\u00e7a.<\/p>\n\n\n\n<h3 class=\"wp-block-heading\"><strong>Principais a\u00e7\u00f5es contra as operadoras offshore no Brasil<\/strong><\/h3>\n\n\n\n<ul>\n<li>A ANATEL bloqueou <strong>3.440 sites ilegais <\/strong>em outubro de 2024, subindo para <strong>12.500 <\/strong>em mar\u00e7o de 2025 &#8211; um aumento de<strong> 263,37% <\/strong>nos bloqueios de cassinos offshore pela Secretaria de Pr\u00eamios e Apostas &#8211; SPA.<\/li>\n\n\n\n<li>Em janeiro de 2025, a SPA realizou <strong>75 <\/strong>inspe\u00e7\u00f5es, <strong>51 <\/strong>delas direcionadas a <strong>influenciadores<\/strong>. No mesmo m\u00eas, o YouTube (Google) anunciou penalidades para conte\u00fados que promovam sites ilegais de cassino e apostas esportivas.<\/li>\n\n\n\n<li>Em mar\u00e7o de 2025, a Secretaria Nacional de Apostas Esportivas e Desenvolvimento Econ\u00f4mico &#8211; SNAED &#8211; ordenou a suspens\u00e3o de <strong>53 <\/strong>contas e <strong>25 <\/strong>canais do YouTube que promoviam ganhos falsos para uma audi\u00eancia superior a <strong>100.000 <\/strong>espectadores.<\/li>\n\n\n\n<li>De acordo com o Banco Central do Brasil, <strong>R$20 bilh\u00f5es <\/strong>foram gastos mensalmente em apostas por meio do Pix entre janeiro e agosto de 2024. Em 2024, o Pix foi o m\u00e9todo de pagamento favorito no Brasil, com mais de <strong>7 milh\u00f5es de <\/strong>transa\u00e7\u00f5es mensais em janeiro.<\/li>\n<\/ul>\n\n\n\n<h2 class=\"wp-block-heading\"><strong>Estrat\u00e9gias de bloqueio no Brasil<\/strong><\/h2>\n\n\n\n<p>Em geral, os sites de cassino offshore est\u00e3o localizados em pa\u00edses onde a regulamenta\u00e7\u00e3o \u00e9 frouxa e a tributa\u00e7\u00e3o \u00e9 baixa. Al\u00e9m disso, a natureza descentralizada do ambiente on-line permite que eles se espalhem livremente pelas jurisdi\u00e7\u00f5es regulamentadas.<\/p>\n\n\n\n<p>O bloqueio do endere\u00e7o de protocolo da Internet (IP), do sistema de nomes de dom\u00ednio (DNS) ou dos localizadores uniformes de recursos (URLs) \u00e9 a t\u00e1tica mais comum usada para derrubar plataformas offshore ao redor do mundo.<\/p>\n\n\n\n<p>No Brasil, a Ag\u00eancia Nacional de Telecomunica\u00e7\u00f5es &#8211; ANATEL &#8211; utiliza o bloqueio de DNS por ser a abordagem mais econ\u00f4mica e simples. As solicita\u00e7\u00f5es de lista de bloqueio, por sua vez, s\u00e3o fornecidas pela Secretaria de Pr\u00eamios e Apostas &#8211; SPA.<\/p>\n\n\n\n<p>No entanto, como vem sendo o padr\u00e3o das operadoras ilegais que enfrentam bloqueios em todos os mercados regulamentados, quando um site sai do ar, outro toma o seu lugar.&nbsp;<\/p>\n\n\n\n<p>Em outubro de 2024, a ANATEL <a href=\"https:\/\/www.gov.br\/fazenda\/pt-br\/assuntos\/noticias\/2024\/novembro\/ministerio-da-fazenda-solicita-a-anatel-o-bloqueio-de-mais-de-1-800-sites-de-apostas-ilegais\" target=\"_blank\" rel=\"noopener\">bloqueou <\/a>inicialmente <strong>3.440 <\/strong>sites ilegais. Em mar\u00e7o de 2025, o <a href=\"https:\/\/valor.globo.com\/brasil\/noticia\/2025\/03\/13\/ministerio-da-fazenda-determina-bloqueio-de-125-mil-sites-ilegais-de-bets-entre-outubro-e-marco.ghtml#\" target=\"_blank\" rel=\"noopener\">n\u00famero total<\/a> de plataformas offshore bloqueadas chegou a <strong>12.500<\/strong>. Aproximadamente, isso representa um aumento impressionante de <strong>263,37% <\/strong>na quantidade de sites ilegais identificados pela SPA.<\/p>\n\n\n\n<p>De acordo com uma abrangente <a href=\"https:\/\/www.tandfonline.com\/doi\/epdf\/10.1080\/14459795.2023.2190372?needAccess=true\" target=\"_blank\" rel=\"noopener\"><strong>revis\u00e3o de literatura<\/strong><\/a> sobre as estrat\u00e9gias de bloqueio contra as operadoras offshore, diferentes abordagens para bloquear sites de cassinos ilegais tamb\u00e9m podem produzir resultados diferentes.<\/p>\n\n\n\n<p>Por exemplo, a Dinamarca desenvolveu um mecanismo de busca automatizado para identificar cassinos on-line ilegais. Essa medida acelerou o ritmo em que as operadoras offshore podem ser rastreadas e bloqueadas no pa\u00eds.<\/p>\n\n\n\n<p>Em contrapartida, pa\u00edses como Gr\u00e9cia, Chipre e Brasil atualizam as suas listas de bloqueio manualmente. O Chipre, por outro lado, publica a sua lista de bloqueio on-line para promover a conscientiza\u00e7\u00e3o.<\/p>\n\n\n\n<p>Assim, em termos de publicidade, o bloqueio de DNS pode ser mais eficaz quando combinado com objetivos educacionais, por exemplo. Como sugere o estudo, a t\u00e1tica pode ser aprimorada para permitir que os usu\u00e1rios leiam o motivo pelo qual o site foi bloqueado, em vez de simplesmente encontrar uma p\u00e1gina em branco de Erro 404.<\/p>\n\n\n\n<p>Contudo, embora o bloqueio de DNS seja fundamental, por si ele \u00e9 incapaz de impedir que os cassinos offshore operem ilegalmente. Assim, os influenciadores que promovem operadoras n\u00e3o licenciadas nas redes sociais tamb\u00e9m se tornaram <a href=\"https:\/\/www.gov.br\/fazenda\/pt-br\/assuntos\/noticias\/2025\/fevereiro\/secretaria-de-premios-e-apostas-lanca-consulta-publica-sobre-segunda-fase-da-agenda-regulatoria\" target=\"_blank\" rel=\"noopener\">alvo<\/a> do governo brasileiro.<\/p>\n\n\n\n<p>Em janeiro de 2025, a SPA realizou <strong>75 <\/strong>inspe\u00e7\u00f5es, <strong>51 <\/strong>das quais relacionadas a <strong>influenciadores<\/strong>. Tamb\u00e9m em janeiro, o YouTube &#8211; a plataforma de v\u00eddeos do Google &#8211; anunciou que <a href=\"https:\/\/support.google.com\/youtube\/thread\/303163267\/promo%C3%A7%C3%A3o-de-conte%C3%BAdo-de-jogos-de-azar-no-youtube-no-brasil?hl=pt-BR\" target=\"_blank\" rel=\"noopener\">penalizaria <\/a>o conte\u00fado que anuncie sites ilegais de cassino e apostas esportivas.<\/p>\n\n\n\n<p>Em dois meses, por\u00e9m, a Secretaria Nacional de Apostas Esportivas e Desenvolvimento Econ\u00f4mico &#8211; SNAED &#8211; do Minist\u00e9rio do Esporte ordenou a <a href=\"https:\/\/www.gamesbras.com\/apostas-online\/igaming\/2025\/3\/13\/brasil-pede-ao-youtube-bloqueio-de-53-contas-25-canais-que-promovem-apostas-em-sites-ilegais-52948.html\" target=\"_blank\" rel=\"noopener\">suspens\u00e3o<\/a> de <strong>53 contas <\/strong>e <strong>25 canais do YouTube <\/strong>que prometiam ganhos falsos para mais de <strong>100.000 <\/strong>espectadores por transmiss\u00e3o ao vivo.&nbsp;<\/p>\n\n\n\n<p>Tamb\u00e9m em mar\u00e7o de 2025, identificamos manualmente mais de <strong>100 <\/strong>v\u00eddeos ainda dispon\u00edveis no YouTube que promoviam plataformas ilegais, prometiam ganhos f\u00e1ceis ou falsas estrat\u00e9gias de cassino. Um deles, um v\u00eddeo que apresentava falsos hacks para o <a href=\"https:\/\/www.kto.bet.br\/pesquisa\/estudo-fortune-tiger-popular\/\" target=\"_blank\" rel=\"noopener\"><strong>Fortune Tiger<\/strong><\/a>, acumulou <strong>115.000 visualiza\u00e7\u00f5es <\/strong>nos \u00faltimos 2 anos.<\/p>\n\n\n\n<p>O bloqueio on-line \u00e9 uma tarefa importante e permanente para os \u00f3rg\u00e3os reguladores, embora possa ser visto como uma forma de enxugar gelo. No entanto, quando combinado ao bloqueio de pagamentos, a t\u00e1tica eleva o n\u00edvel do jogo.<\/p>\n\n\n\n<h3 class=\"wp-block-heading\"><strong>Bloqueio de pagamentos<\/strong><\/h3>\n\n\n\n<p>O bloqueio de pagamentos impede dep\u00f3sitos e saques nas operadoras ilegais. Ele tamb\u00e9m interrompe as transa\u00e7\u00f5es com os servi\u00e7os de pagamento, como o PayPal, sufocando os neg\u00f3cios.<\/p>\n\n\n\n<p>Apesar da aus\u00eancia de estudos sobre a efic\u00e1cia do bloqueio de pagamentos, essa \u00e9 uma medida vigente em mercados importantes, como os EUA e a Fran\u00e7a. Embora ela n\u00e3o ofere\u00e7a uma solu\u00e7\u00e3o completa, quando combinado com outras t\u00e1ticas, o bloqueio de pagamentos contribui para um ambiente muito mais seguro e justo.<\/p>\n\n\n\n<p>Nos EUA, sob a autoridade do Sistema Federal de Reserva, o bloqueio de pagamentos foi introduzido em 2006 e pode ser menos complexo do que o banimento de sites. As institui\u00e7\u00f5es financeiras, como os bancos, devem suspender as transa\u00e7\u00f5es restritas mediante solicita\u00e7\u00e3o do Sistema Federal de Reserva.<\/p>\n\n\n\n<p>Por sua vez, em 2022, a Autoridade Nacional de Jogos de Azar da Fran\u00e7a &#8211; ANJ &#8211; adquiriu o poder de impor bloqueios de pagamento contra operadores ilegais. Embora o processo para o bloqueio de sites na Fran\u00e7a tamb\u00e9m seja burocr\u00e1tico, exigindo um mandado legal, ainda assim a ANJ \u00e9 capaz de cortar o mal pela raiz.<\/p>\n\n\n\n<p>Nesse sentido, a maioria das transa\u00e7\u00f5es no <a href=\"https:\/\/www.mordorintelligence.com\/industry-reports\/online-gambling-market\" target=\"_blank\" rel=\"noopener\">mercado global de iGaming <\/a>\u00e9 realizada via PayPal. Outros m\u00e9todos menos populares incluem cart\u00f5es de cr\u00e9dito, transfer\u00eancias banc\u00e1rias e servi\u00e7os como Google ou Apple Pay.<\/p>\n\n\n\n<h3 class=\"wp-block-heading\"><strong>O Pix lidera no Brasil<\/strong><\/h3>\n\n\n\n<p>At\u00e9 o momento, o Brasil <a href=\"https:\/\/agenciabrasil.ebc.com.br\/economia\/noticia\/2024-10\/bloqueio-do-cartao-do-bolsa-familia-em-bets-esta-sendo-implementado\" target=\"_blank\" rel=\"noopener\">proibiu<\/a> o uso de cart\u00f5es de cr\u00e9dito, incluindo o benef\u00edcio social Bolsa Fam\u00edlia, em plataformas de cassino e apostas esportivas. A decis\u00e3o teve como objetivo evitar o endividamento e as operadoras licenciadas proibiram o uso de cart\u00f5es de cr\u00e9dito antes mesmo de uma solicita\u00e7\u00e3o formal do Minist\u00e9rio da Fazenda.<\/p>\n\n\n\n<p>Contudo, embora a medida fosse eficaz na preven\u00e7\u00e3o de d\u00edvidas, ela n\u00e3o foi suficiente para barrar as operadoras offshore, que ignoram as pol\u00edticas de Jogo Respons\u00e1vel. Desse modo, como os bancos e as fintechs seguem <a href=\"https:\/\/economia.uol.com.br\/noticias\/redacao\/2025\/02\/22\/bets---meios-de-pagamento.htm\" target=\"_blank\" rel=\"noopener\">intermediando<\/a> transa\u00e7\u00f5es com essas plataformas ilegais, os consumidores permanecem expostos a riscos.<\/p>\n\n\n\n<p>O Banco Central monitora e controla as atividades das institui\u00e7\u00f5es financeiras no Brasil. De acordo com as <a href=\"https:\/\/www.bcb.gov.br\/estatisticas\/spbadendos?ano=2024\" target=\"_blank\" rel=\"noopener\">Estat\u00edsticas de Meios de Pagamento de 2024<\/a>, o Pix domina amplamente as transa\u00e7\u00f5es mensais no pa\u00eds. Em janeiro de 2024, o Pix ultrapassou <strong>7 milh\u00f5es de <\/strong>transa\u00e7\u00f5es mensais, deixando todos os outros m\u00e9todos de pagamento para tr\u00e1s.<\/p>\n\n\n\n<figure class=\"wp-block-image size-large\"><img loading=\"lazy\" decoding=\"async\" width=\"1024\" height=\"584\" src=\"https:\/\/env.media\/wp-content\/uploads\/\/relatorio-metodos-de-pagamento-banco-central-brasil-1024x584.jpg\" alt=\"banco central do brasil relat\u00f3rio de m\u00e9todos de pagamento suspens\u00e3o pix operadoras offshore \" class=\"wp-image-7779\" srcset=\"https:\/\/env.media\/wp-content\/uploads\/relatorio-metodos-de-pagamento-banco-central-brasil-1024x584.jpg 1024w, https:\/\/env.media\/wp-content\/uploads\/relatorio-metodos-de-pagamento-banco-central-brasil-300x171.jpg 300w, https:\/\/env.media\/wp-content\/uploads\/relatorio-metodos-de-pagamento-banco-central-brasil-768x438.jpg 768w, https:\/\/env.media\/wp-content\/uploads\/relatorio-metodos-de-pagamento-banco-central-brasil.jpg 1199w\" sizes=\"(max-width: 1024px) 100vw, 1024px\" \/><\/figure>\n\n\n\n<p>Fonte: Estat\u00edsticas de Meios de Pagamento do Banco Central do Brasil 2024<\/p>\n\n\n\n<p>Conforme mencionado no <a href=\"https:\/\/env.media\/br\/regulamentacao-apostas-online-brasil-2025\/\"><strong>estudo da ENV Media<\/strong><\/a> sobre o <strong>novo processo de registro em plataformas licenciadas<\/strong>, embora contestado por especialistas do mercado, o Banco Central anunciou que o total de dep\u00f3sitos via Pix em apostas atingiu <strong>R$20 bilh\u00f5es <\/strong>entre janeiro e agosto de 2024.<\/p>\n\n\n\n<p>Como teve acesso a essas transa\u00e7\u00f5es, o Banco Central tamb\u00e9m poderia ter avaliado quanto desses volumes mensais foram direcionados para plataformas ilegais. Portanto, assim como aconteceu com o bloqueio de cart\u00f5es de cr\u00e9dito, os pagamentos instant\u00e2neos para operadoras ilegais por meio do Pix tamb\u00e9m deveriam ser proibidos.<\/p>\n\n\n\n<p>Como o bloqueio do Pix exigiria que os jogadores abrissem contas banc\u00e1rias no exterior, realizar dep\u00f3sitos em sites n\u00e3o autorizados de cassinos e apostas esportivas se tornaria mais dif\u00edcil.&nbsp;<\/p>\n\n\n\n<h3 class=\"wp-block-heading\"><strong>Principais estrat\u00e9gias para bloquear as operadoras offshore&nbsp;<\/strong><\/h3>\n\n\n\n<p>A <a href=\"https:\/\/www.planalto.gov.br\/ccivil_03\/_ato2023-2026\/2023\/lei\/l14790.htm\" target=\"_blank\" rel=\"noopener\">regulamenta\u00e7\u00e3o brasileira<\/a> garante in\u00fameros benef\u00edcios para as operadoras licenciadas, como o dom\u00ednio exclusivo <strong>&#8220;bet.br&#8221;<\/strong>. Por\u00e9m, na pr\u00e1tica, essas vantagens s\u00e3o desvalorizadas pelos problemas de governan\u00e7a das Big Techs.&nbsp;<\/p>\n\n\n\n<p>Isso envolve algoritmos ou processos de aprendizado de m\u00e1quina que n\u00e3o conseguem distinguir o conte\u00fado ilegal. Portanto, \u00e9 urgente abordar essas quest\u00f5es no contexto do <a href=\"https:\/\/www.planalto.gov.br\/ccivil_03\/_ato2011-2014\/2014\/lei\/l12965.htm\" target=\"_blank\" rel=\"noopener\">Marco Civil da Internet<\/a> com os representantes das grandes empresas de tecnologia no Brasil.<\/p>\n\n\n\n<p>Por outro lado, se o Brasil seguisse o exemplo de Chipre e publicasse a sua lista de bloqueio on-line, o pa\u00eds poderia se beneficiar muito dessa t\u00e1tica educacional e potencialmente engajadora.<\/p>\n\n\n\n<p>No entanto, em compara\u00e7\u00e3o com as estrat\u00e9gias de bloqueio em mercados mais maduros, como os EUA, o oposto \u00e9 verdadeiro no Brasil. Embora o bloqueio de plataformas ilegais de cassino e perfis nas redes sociais seja um procedimento padr\u00e3o, solicitar \u00e0s institui\u00e7\u00f5es financeiras que bloqueiem pagamentos \u00e9 aparentemente mais desafiador.<\/p>\n\n\n\n<p>O papel do Banco Central do Brasil &#8211; a principal autoridade monet\u00e1ria do pa\u00eds &#8211; deve, portanto, ser significativamente mais ativo no combate ao mercado ilegal. Considerando que o Banco Central tamb\u00e9m est\u00e1 aprimorando a <a href=\"https:\/\/agenciabrasil.ebc.com.br\/economia\/noticia\/2025-03\/banco-central-muda-regras-do-pix-para-garantir-mais-seguranca\" target=\"_blank\" rel=\"noopener\">seguran\u00e7a<\/a> das transa\u00e7\u00f5es via Pix ao excluir as chaves de contas irregulares, a sua coopera\u00e7\u00e3o com a SPA j\u00e1 deveria ter iniciado h\u00e1 muito tempo.<\/p>\n\n\n\n<p>Al\u00e9m disso, como a maioria das transa\u00e7\u00f5es com operadoras de iGaming em todo o mundo \u00e9 realizada por meio do PayPal, a participa\u00e7\u00e3o do Banco Central tamb\u00e9m \u00e9 necess\u00e1ria para que, por meio de acordos com as fintechs, a legalidade possa ser garantida no Brasil.&nbsp;<\/p>\n\n\n\n<p>Como \u00e9 corrente no tradicional setor de jogos de azar dos EUA, e agora no iGaming, o bloqueio de pagamentos &#8211; e do Pix em particular &#8211; elevaria muito a seguran\u00e7a dos jogadores e os padr\u00f5es de Jogo Respons\u00e1vel no Brasil. Por sua vez, isso garantiria um mercado brasileiro pr\u00f3spero, cujas opera\u00e7\u00f5es se traduziriam em benef\u00edcios ainda maiores em impostos.<\/p>\n","protected":false},"excerpt":{"rendered":"<p>Os sites de operadoras offshore continuam a aparecer nos resultados de pesquisa, prejudicando as receitas fiscais e o mercado regulamentado.  Descubra como o bloqueio de pagamentos PIX pode ajudar a melhorar esse cen\u00e1rio e a seguran\u00e7a dos jogadores no Brasil.<\/p>\n","protected":false},"author":11,"featured_media":7732,"parent":0,"menu_order":0,"comment_status":"closed","ping_status":"closed","template":"","meta":{"inline_featured_image":false,"footnotes":""},"categories":[102],"tags":[460,93,100,459,458],"_links":{"self":[{"href":"https:\/\/env.media\/br\/wp-json\/wp\/v2\/pages\/7777"}],"collection":[{"href":"https:\/\/env.media\/br\/wp-json\/wp\/v2\/pages"}],"about":[{"href":"https:\/\/env.media\/br\/wp-json\/wp\/v2\/types\/page"}],"author":[{"embeddable":true,"href":"https:\/\/env.media\/br\/wp-json\/wp\/v2\/users\/11"}],"replies":[{"embeddable":true,"href":"https:\/\/env.media\/br\/wp-json\/wp\/v2\/comments?post=7777"}],"version-history":[{"count":4,"href":"https:\/\/env.media\/br\/wp-json\/wp\/v2\/pages\/7777\/revisions"}],"predecessor-version":[{"id":7793,"href":"https:\/\/env.media\/br\/wp-json\/wp\/v2\/pages\/7777\/revisions\/7793"}],"wp:featuredmedia":[{"embeddable":true,"href":"https:\/\/env.media\/br\/wp-json\/wp\/v2\/media\/7732"}],"wp:attachment":[{"href":"https:\/\/env.media\/br\/wp-json\/wp\/v2\/media?parent=7777"}],"wp:term":[{"taxonomy":"category","embeddable":true,"href":"https:\/\/env.media\/br\/wp-json\/wp\/v2\/categories?post=7777"},{"taxonomy":"post_tag","embeddable":true,"href":"https:\/\/env.media\/br\/wp-json\/wp\/v2\/tags?post=7777"}],"curies":[{"name":"wp","href":"https:\/\/api.w.org\/{rel}","templated":true}]}}