{"id":7494,"date":"2025-02-10T20:01:53","date_gmt":"2025-02-10T20:01:53","guid":{"rendered":"https:\/\/env.media\/?page_id=7494"},"modified":"2025-02-10T20:01:54","modified_gmt":"2025-02-10T20:01:54","slug":"estudo-mais-populares-jogos-de-cassino-online-no-brasil-janeiro-2025","status":"publish","type":"page","link":"https:\/\/env.media\/br\/estudo-mais-populares-jogos-de-cassino-online-no-brasil-janeiro-2025\/","title":{"rendered":"Nova Pesquisa Destaca os Jogos de Cassino Online Mais Populares no Brasil em Janeiro de 2025"},"content":{"rendered":"\n<p>A KTO.bet.br publicou seu <a href=\"https:\/\/www.kto.bet.br\/pesquisa\/estudo-jogos-populares-janeiro-2025\/\" target=\"_blank\" rel=\"noopener\">relat\u00f3rio mensal<\/a> sobre os jogos de cassino com melhor desempenho, revelando insights importantes sobre os principais jogos, provedores e setores para o primeiro m\u00eas de 2025.&nbsp;<\/p>\n\n\n\n<h1 class=\"wp-block-heading\"><strong>Jogos de Cassino de Destaque Revelados<\/strong><\/h1>\n\n\n\n<p>O estudo destaca tr\u00eas tend\u00eancias principais:<\/p>\n\n\n\n<h2 class=\"wp-block-heading\"><strong>Pragmatic Play Assume a Lideran\u00e7a<\/strong><\/h2>\n\n\n\n<p>A <strong>PG Soft<\/strong>, at\u00e9 ent\u00e3o favorita durante todo o ano de 2024, perdeu sua lideran\u00e7a invicta e abriu espa\u00e7o para a <strong>Pragmatic Play<\/strong> que assumiu o <strong>primeiro lugar<\/strong>, registrando a maior porcentagem de jogadores ativos.<\/p>\n\n\n\n<p>Apesar de parecer uma grande surpresa para alguns, com base em nossa <a href=\"https:\/\/env.media\/br\/brasil-twitch-top-cassino-jogos-streams-2024\/\">recente pesquisa sobre jogos e provedores em streams no Twitch<\/a>, n\u00e3o \u00e9 absurdo ver esse provedor no topo da tabela, pois h\u00e1 uma preval\u00eancia de seu nome nas principais categorias de jogos de cassino online.&nbsp;<\/p>\n\n\n\n<p>J\u00e1 a <strong>SPRIBE<\/strong>, impulsionada pelo sucesso do famoso crash game <strong>Aviator<\/strong>, subiu no ranking mantendo a<strong> maior porcentagem de apostas feitas<\/strong> entre as 10 principais provedoras de jogos (<strong>23.32%<\/strong>).<\/p>\n\n\n\n<h2 class=\"wp-block-heading\"><strong>Multiplicadores e Desempenho de RTP<\/strong><\/h2>\n\n\n\n<p>O maior multiplicador registrado em janeiro foi <strong>13 022.35x<\/strong>, atingido pelo jogo <strong>Sugar Rush 1000<\/strong>, da Pragmatic Play.<\/p>\n\n\n\n<p>J\u00e1 no quesito RTP, <strong>Book of Gods<\/strong> liderou com um retorno excepcional de<strong> 108.96%<\/strong>, garantindo sua posi\u00e7\u00e3o como o jogo mais lucrativo do m\u00eas.<\/p>\n\n\n\n<h2 class=\"wp-block-heading\"><strong>Mudan\u00e7as e Destaques no Top 10<\/strong><\/h2>\n\n\n\n<p>O <strong>Vira-lata Caramelo<\/strong>, da Pragmatic Play, foi a grande surpresa de janeiro, desbancando os l\u00edderes de popularidade e subindo impressionantes <strong>174 posi\u00e7\u00f5es<\/strong> para alcan\u00e7ar o topo do ranking, com <strong>37.68% de jogadores ativos<\/strong>.&nbsp;<\/p>\n\n\n\n<p>Apesar do sucesso em n\u00famero de jogadores, o <strong>Vira-lata Caramelo<\/strong> registra uma participa\u00e7\u00e3o menor nas rodadas jogadas em compara\u00e7\u00e3o a outros t\u00edtulos. J\u00e1 o <strong>Tigre Sortudo<\/strong>, tamb\u00e9m da Pragmatic Play, se destacou como o jogo com o maior volume de rodadas, demonstrando que diferentes t\u00edtulos da desenvolvedora est\u00e3o dominando o cen\u00e1rio de cassinos online.<\/p>\n\n\n\n<h1 class=\"wp-block-heading\"><strong>Estabilidade nas Categorias de Jogos de Cassino ao Vivo<\/strong><\/h1>\n\n\n\n<p>Os <strong>slots <\/strong>continuam a dominar, representando <strong>quase 90%<\/strong> <strong>do total de rodadas jogadas<\/strong>, seguidos pelos crash games, que registraram 7.15%. A categoria de jogos ao vivo tamb\u00e9m teve um m\u00eas s\u00f3lido, com destaque para as mesas de roleta.<\/p>\n\n\n\n<p>Pode n\u00e3o ser surpresa, mas h\u00e1 uma prefer\u00eancia usual por <strong>mesas de roleta em portugu\u00eas nativo do Brasil<\/strong>. E, por mais um m\u00eas consecutivo, a<strong> Roleta Ao Vivo<\/strong>, da Pragmatic Play, mant\u00e9m-se como a mais popular.<\/p>\n\n\n\n<p>Al\u00e9m disso,<strong> Crazy Time<\/strong> foi um dos grandes destaques entre os Game Shows, sendo o mais popular mesmo apresentando uma queda significativa em seu multiplicador vencedor, de <strong>12 801x<\/strong> para <strong>875.87x<\/strong>.<\/p>\n\n\n\n<h1 class=\"wp-block-heading\"><strong>Regulamenta\u00e7\u00e3o Impulsiona Mudan\u00e7as e Reafirma Tend\u00eancias<\/strong><\/h1>\n\n\n\n<p>Vale ressaltar que em 1\u00ba de janeiro de 2025 a nova <a href=\"https:\/\/env.media\/br\/regulamentacao-apostas-online-brasil-2025\/\">regulamenta\u00e7\u00e3o dos cassinos online no Brasil<\/a> entrou em vigor e, em certa medida, transformou o mercado, redefinindo algumas tend\u00eancias e reafirmando outras.<\/p>\n\n\n\n<p>Por exemplo, enquanto a Pragmatic Play assumiu a lideran\u00e7a, superando a PG Soft, e <strong>O Vira-lata Caramelo se tornou mais popular que o Fortune Tiger<\/strong>, algumas tend\u00eancias permanecem inalteradas, como a forte prefer\u00eancia pelos ca\u00e7a-n\u00edqueis e pelos jogos ao vivo com crupi\u00eas em portugu\u00eas do Brasil.<\/p>\n\n\n\n<p>Para saber mais sobre as \u00faltimas classifica\u00e7\u00f5es de jogos, artigos de pesquisa e insights sobre cassinos online no Brasil, visite a <a href=\"https:\/\/www.kto.bet.br\/pesquisa\/\" target=\"_blank\" rel=\"noopener\">p\u00e1gina de pesquisa da KTO<\/a>.<\/p>\n","protected":false},"excerpt":{"rendered":"<p>Descubra o \u00faltimo estudo mensal sobre os principais jogos de cassino online do Brasil em janeiro de 2025. Explore tend\u00eancias em t\u00edtulos populares, multiplicadores recordes e as maiores porcentagens de RTP na KTO Brasil.<\/p>\n","protected":false},"author":3,"featured_media":6608,"parent":0,"menu_order":0,"comment_status":"closed","ping_status":"closed","template":"","meta":{"inline_featured_image":false,"footnotes":""},"categories":[160],"tags":[332,339,440,331,337,338,333,334,398],"_links":{"self":[{"href":"https:\/\/env.media\/br\/wp-json\/wp\/v2\/pages\/7494"}],"collection":[{"href":"https:\/\/env.media\/br\/wp-json\/wp\/v2\/pages"}],"about":[{"href":"https:\/\/env.media\/br\/wp-json\/wp\/v2\/types\/page"}],"author":[{"embeddable":true,"href":"https:\/\/env.media\/br\/wp-json\/wp\/v2\/users\/3"}],"replies":[{"embeddable":true,"href":"https:\/\/env.media\/br\/wp-json\/wp\/v2\/comments?post=7494"}],"version-history":[{"count":1,"href":"https:\/\/env.media\/br\/wp-json\/wp\/v2\/pages\/7494\/revisions"}],"predecessor-version":[{"id":7495,"href":"https:\/\/env.media\/br\/wp-json\/wp\/v2\/pages\/7494\/revisions\/7495"}],"wp:featuredmedia":[{"embeddable":true,"href":"https:\/\/env.media\/br\/wp-json\/wp\/v2\/media\/6608"}],"wp:attachment":[{"href":"https:\/\/env.media\/br\/wp-json\/wp\/v2\/media?parent=7494"}],"wp:term":[{"taxonomy":"category","embeddable":true,"href":"https:\/\/env.media\/br\/wp-json\/wp\/v2\/categories?post=7494"},{"taxonomy":"post_tag","embeddable":true,"href":"https:\/\/env.media\/br\/wp-json\/wp\/v2\/tags?post=7494"}],"curies":[{"name":"wp","href":"https:\/\/api.w.org\/{rel}","templated":true}]}}