{"id":7473,"date":"2025-01-29T15:22:27","date_gmt":"2025-01-29T15:22:27","guid":{"rendered":"https:\/\/env.media\/?page_id=7473"},"modified":"2025-01-29T20:15:56","modified_gmt":"2025-01-29T20:15:56","slug":"cashback-jogos-online-tendencias-praticas","status":"publish","type":"page","link":"https:\/\/env.media\/br\/cashback-jogos-online-tendencias-praticas\/","title":{"rendered":"Promo\u00e7\u00f5es de Cashback em Jogos On-line &#8211; Tend\u00eancias e Pr\u00e1ticas das 10 Maiores Marcas de Jogos de Azar no Brasil"},"content":{"rendered":"\n<p>De certa forma, as promo\u00e7\u00f5es de <strong>cashback <\/strong>das plataformas de <strong>apostas esportivas <\/strong>e <strong>cassino on-line<\/strong> integram uma tradi\u00e7\u00e3o no pa\u00eds. H\u00e1 tempos o cashback se tornou uma pr\u00e1tica carater\u00edstica do com\u00e9rcio brasileiro e ser\u00e1 at\u00e9 mesmo inclu\u00eddo na <a href=\"https:\/\/agenciabrasil.ebc.com.br\/economia\/noticia\/2025-01\/cashback-devolvera-imposto-familias-mais-pobres\" target=\"_blank\" rel=\"noopener\">reforma tribut\u00e1ria<\/a> do governo.<\/p>\n\n\n\n<p>Este estudo analisa em detalhe as promo\u00e7\u00f5es de cashback para <a href=\"https:\/\/www.youtube.com\/watch?v=7UncxUJoJCs\" target=\"_blank\" rel=\"noopener\">jogos de azar online<\/a>, oferecidas pelas <strong>principais marcas <\/strong>que obtiveram licen\u00e7as do<strong> governo brasileiro <\/strong>em 2025.&nbsp;<\/p>\n\n\n\n<p>Para fazer cumprir os princ\u00edpios do Jogo Respons\u00e1vel (RG), o Artigo 29 da <a href=\"https:\/\/www.planalto.gov.br\/ccivil_03\/_ato2023-2026\/2023\/lei\/l14790.htm\" target=\"_blank\" rel=\"noopener\">Lei 14.790\/2023<\/a> pro\u00edbe especificamente a concess\u00e3o de &#8220;adiantamento, antecipa\u00e7\u00e3o, bonifica\u00e7\u00e3o ou vantagem pr\u00e9via&#8221;, como os b\u00f4nus de boas-vindas.&nbsp;<\/p>\n\n\n\n<p>O cashback funciona de modo diferente. Trata-se do <strong>reembolso <\/strong>de uma <strong>porcentagem <\/strong>sobre uma transa\u00e7\u00e3o. Assim, ao contr\u00e1rio dos b\u00f4nus de boas-vindas agora ilegais, o cashback recompensa despesas anteriores, como j\u00e1 \u00e9 o caso na maioria das transa\u00e7\u00f5es desse tipo no com\u00e9rcio.<\/p>\n\n\n\n<p>Naturalmente, as pol\u00edticas de cashback em jogos online tamb\u00e9m precisam seguir os princ\u00edpios do Jogo Respons\u00e1vel. Embora n\u00e3o seja mencionada de forma espec\u00edfica na Lei 14.790\/2023, nem no <a href=\"https:\/\/www2.senado.leg.br\/bdsf\/bitstream\/handle\/id\/555106\/cdc_e_normas_correlatas_3ed.pdf\" target=\"_blank\" rel=\"noopener\">C\u00f3digo de Defesa do Consumidor<\/a>, a publicidade dessa pr\u00e1tica deve atender aos padr\u00f5es de transpar\u00eancia, imparcialidade e veracidade.<\/p>\n\n\n\n<p>Portanto, este estudo examina como as <strong>10 principais <\/strong>marcas brasileiras de jogos de azar conduzem as promo\u00e7\u00f5es de <strong>cashback <\/strong>e os programas de <strong>fidelidade<\/strong>.<\/p>\n\n\n\n<h3 class=\"wp-block-heading\"><strong>Principais Insights do Estudo<\/strong><\/h3>\n\n\n\n<ul>\n<li>Promo\u00e7\u00f5es de<strong> cashback <\/strong>est\u00e3o dispon\u00edveis em <strong>5 <\/strong>das <strong>10 principais <\/strong>operadoras de cassino e apostas esportivas.<\/li>\n\n\n\n<li>Os diferentes tipos de cashback s\u00e3o calculados com base em <strong>porcentagem<\/strong>, diferenciados por <strong>n\u00edvel de fidelidade <\/strong>e segmentados por<strong> categorias de jogos<\/strong>, podendo estar sujeitos a um <strong>valor m\u00e1ximo <\/strong>estabelecido.<\/li>\n\n\n\n<li>Um valor m\u00ednimo de perda \u00e9 exigido por <strong>3 <\/strong>das <strong>5 <\/strong>operadoras, variando de <strong>R$10 <\/strong>a <strong>R$100<\/strong>.<\/li>\n\n\n\n<li>Frequentemente oferecidos a jogadores recentes ou antigos, os<strong> b\u00f4nus de reembolso <\/strong>s\u00e3o os preferidos entre <strong>42%<\/strong>.<\/li>\n\n\n\n<li>Entre os demais tipos de b\u00f4nus de reembolso, as<strong> jogadoras <\/strong>s\u00e3o mais propensas a escolher as<strong> rodadas gr\u00e1tis<\/strong>, enquanto os<strong> jogadores <\/strong>se dividem igualmente entre <strong>todos os tipos <\/strong>de b\u00f4nus<strong>.<\/strong><\/li>\n<\/ul>\n\n\n\n<h3 class=\"wp-block-heading\"><strong>Metodologia do Estudo<\/strong><\/h3>\n\n\n\n<p>Este estudo baseia-se em dados prim\u00e1rios das pr\u00f3prias pesquisas da ENV Media sobre as <a href=\"https:\/\/env.media\/br\/apostas-esportivas-no-brasil-insights-conhecimento-preferencias\/\"><strong>prefer\u00eancias dos apostadores esportivos <\/strong><\/a>e os <a href=\"https:\/\/env.media\/br\/estudo-incentivos-igaming\/\"><strong>incentivos do iGaming<\/strong><\/a>. Tamb\u00e9m utilizamos dados reais de utiliza\u00e7\u00e3o de cassinos online para fornecer exemplos do comportamento dos consumidores. Para avaliar o funcionamento das promo\u00e7\u00f5es de cashback em jogos de azar on-line, testamos os sites das <strong>10 principais <\/strong>marcas brasileiras de jogos em 2025. Por fim, contextualizamos as nossas conclus\u00f5es com base em pesquisa secund\u00e1ria e nas \u00faltimas atualiza\u00e7\u00f5es regulat\u00f3rias.&nbsp;<\/p>\n\n\n\n<h2 class=\"wp-block-heading\"><strong>Promo\u00e7\u00f5es Ativas de Cashback para Cassino e Apostas Esportivas&nbsp;<\/strong><\/h2>\n\n\n\n<p>Atualmente, entre as <strong>10 principais <\/strong>operadoras de jogos de azar on-line no Brasil, <strong>5 <\/strong>oferecem promo\u00e7\u00f5es de cashback. No entanto, embora os b\u00f4nus de cashback venham sempre acompanhados por determinados benef\u00edcios, as carater\u00edsticas<strong> podem variar <\/strong>de uma marca para outra.&nbsp;<\/p>\n\n\n\n<p>Os principais aspectos destas promo\u00e7\u00f5es ativas s\u00e3o os seguintes:<\/p>\n\n\n\n<figure class=\"wp-block-image size-large is-resized\"><img loading=\"lazy\" decoding=\"async\" width=\"1024\" height=\"311\" src=\"https:\/\/env.media\/wp-content\/uploads\/\/01principais-aspectos-promocoes-cashback-ativas-1024x311.png\" alt=\"os principais aspectos das promo\u00e7\u00f5es ativas de cashback nas 10 principais marcas\" class=\"wp-image-7474\" style=\"width:1186px;height:auto\" srcset=\"https:\/\/env.media\/wp-content\/uploads\/01principais-aspectos-promocoes-cashback-ativas-1024x311.png 1024w, https:\/\/env.media\/wp-content\/uploads\/01principais-aspectos-promocoes-cashback-ativas-300x91.png 300w, https:\/\/env.media\/wp-content\/uploads\/01principais-aspectos-promocoes-cashback-ativas-768x233.png 768w, https:\/\/env.media\/wp-content\/uploads\/01principais-aspectos-promocoes-cashback-ativas-1536x466.png 1536w, https:\/\/env.media\/wp-content\/uploads\/01principais-aspectos-promocoes-cashback-ativas.png 1785w\" sizes=\"(max-width: 1024px) 100vw, 1024px\" \/><\/figure>\n\n\n\n<p>Por conseguinte, as grandes marcas tendem a seguir um <strong>padr\u00e3o semelhante <\/strong>no que diz respeito aos b\u00f4nus de cashback.<\/p>\n\n\n\n<h3 class=\"wp-block-heading\"><strong>Avalia\u00e7\u00e3o das Propostas \u00danicas de Venda (USP)<\/strong><\/h3>\n\n\n\n<p>As promo\u00e7\u00f5es de cashback s\u00e3o limitadas a <strong>eventos espec\u00edficos <\/strong>por apenas <strong>2 <\/strong>entre as operadoras analisadas. Por exemplo, um deles oferece uma promo\u00e7\u00e3o de cashback que s\u00f3 \u00e9 v\u00e1lida durante o ver\u00e3o.<\/p>\n\n\n\n<p>Contudo, a associa\u00e7\u00e3o entre promo\u00e7\u00f5es de cashback e <strong>jogos espec\u00edficos <\/strong>\u00e9 uma pr\u00e1tica comum entre os operadores de jogos de azar licenciados no Brasil.<\/p>\n\n\n\n<p>Dentre as 10 principais operadoras, <strong>6 <\/strong>marcas direcionaram os b\u00f4nus de cashback para determinados jogos, particularmente nas se\u00e7\u00f5es de<strong> cassino online <\/strong>e <strong>cassino ao vivo<\/strong>. Em contrapartida, <strong>2 <\/strong>marcas associam as suas promo\u00e7\u00f5es de cashback a jogos de <strong>provedores <\/strong>espec\u00edficos.&nbsp;<\/p>\n\n\n\n<p>Em ambos os casos, os jogadores s\u00f3 ser\u00e3o eleg\u00edveis para receber cashback nestes jogos pr\u00e9-selecionados.<\/p>\n\n\n\n<h3 class=\"wp-block-heading\"><strong>Regras de Cashback<\/strong><\/h3>\n\n\n\n<p>A maioria das regras de cashback est\u00e3o inclu\u00eddas na se\u00e7\u00e3o dos <strong>Termos e Condi\u00e7\u00f5es<\/strong>. No entanto, algumas promo\u00e7\u00f5es podem ter regras espec\u00edficas. Neste caso, as regras espec\u00edficas em geral s\u00e3o encontradas na pr\u00f3pria descri\u00e7\u00e3o da promo\u00e7\u00e3o.<\/p>\n\n\n\n<figure class=\"wp-block-image size-large\"><img loading=\"lazy\" decoding=\"async\" width=\"1024\" height=\"538\" src=\"https:\/\/env.media\/wp-content\/uploads\/\/02regras-cashback-promocoes-ativas-1024x538.png\" alt=\"regras de cashback em promo\u00e7\u00f5es ativas nas 10 principais marcas\" class=\"wp-image-7476\" srcset=\"https:\/\/env.media\/wp-content\/uploads\/02regras-cashback-promocoes-ativas-1024x538.png 1024w, https:\/\/env.media\/wp-content\/uploads\/02regras-cashback-promocoes-ativas-300x158.png 300w, https:\/\/env.media\/wp-content\/uploads\/02regras-cashback-promocoes-ativas-768x403.png 768w, https:\/\/env.media\/wp-content\/uploads\/02regras-cashback-promocoes-ativas.png 1401w\" sizes=\"(max-width: 1024px) 100vw, 1024px\" \/><\/figure>\n\n\n\n<h2 class=\"wp-block-heading\"><strong>Promo\u00e7\u00f5es e Prefer\u00eancias dos Jogadores<\/strong><\/h2>\n\n\n\n<p>De acordo com a ENV Media, ao considerar um <strong>novo <\/strong>site de apostas esportivas, os<strong> b\u00f4nus e promo\u00e7\u00f5es <\/strong>atraentes s\u00e3o os principais fatores de decis\u00e3o para a maioria dos apostadores esportivos brasileiros &#8211; <strong>62%<\/strong>.\u00a0<\/p>\n\n\n\n<figure class=\"wp-block-image size-large\"><img loading=\"lazy\" decoding=\"async\" width=\"1024\" height=\"582\" src=\"https:\/\/env.media\/wp-content\/uploads\/\/03preferencias-dos-apostadores-promocoes-1024x582.png\" alt=\" principais fatores na escolha de um novo site de apostas esportivas\" class=\"wp-image-7478\" srcset=\"https:\/\/env.media\/wp-content\/uploads\/03preferencias-dos-apostadores-promocoes-1024x582.png 1024w, https:\/\/env.media\/wp-content\/uploads\/03preferencias-dos-apostadores-promocoes-300x171.png 300w, https:\/\/env.media\/wp-content\/uploads\/03preferencias-dos-apostadores-promocoes-768x437.png 768w, https:\/\/env.media\/wp-content\/uploads\/03preferencias-dos-apostadores-promocoes.png 1064w\" sizes=\"(max-width: 1024px) 100vw, 1024px\" \/><\/figure>\n\n\n\n<p><em>Fonte: ENV Media<\/em><\/p>\n\n\n\n<p>Para aqueles que n\u00e3o pretendem <strong>substituir <\/strong>a sua plataforma de apostas favorita, os b\u00f4nus e as promo\u00e7\u00f5es s\u00e3o ainda mais importantes.&nbsp;<\/p>\n\n\n\n<p><strong>B\u00f4nus e promo\u00e7\u00f5es <\/strong>atraentes est\u00e3o no topo da lista para <strong>71% <\/strong>dos jogadores, principalmente em compara\u00e7\u00e3o com aqueles que pretendem mudar de plataforma.<\/p>\n\n\n\n<p>\u00c9 evidente que os<strong> incentivos <\/strong>e as promo\u00e7\u00f5es <strong>regulares <\/strong>s\u00e3o muito apreciados e constituem uma das ferramentas de<strong> reten\u00e7\u00e3o <\/strong>mais poderosas para os jogadores que s\u00e3o f\u00e3s fi\u00e9is.<\/p>\n\n\n\n<h3 class=\"wp-block-heading\"><strong>B\u00f4nus de Cashback<\/strong><\/h3>\n\n\n\n<p>Como mencionamos antes, este tipo de b\u00f4nus oferece o reembolso de um montante espec\u00edfico ou uma porcentagem do valor l\u00edquido que um jogador perdeu.&nbsp;<\/p>\n\n\n\n<p>Este \u00e9 um dos b\u00f4nus <strong>mais apreciados <\/strong>e uma forma das operadoras devolverem parte do dinheiro que os usu\u00e1rios perdem durante uma sess\u00e3o de jogo ou num determinado per\u00edodo.<\/p>\n\n\n\n<p>Em geral, os b\u00f4nus de cashback s\u00e3o restitui\u00e7\u00f5es em dinheiro ou cr\u00e9ditos para utiliza\u00e7\u00e3o no cassino, sendo <strong>particularmente atraentes <\/strong>para os jogadores que apostam grandes quantias.<\/p>\n\n\n\n<p><strong>Os B\u00f4nus Favoritos dos Jogadores<\/strong><\/p>\n\n\n\n<p>Como os b\u00f4nus de boas-vindas j\u00e1 n\u00e3o s\u00e3o mais permitidos, os esquemas de<strong> reembolso <\/strong>s\u00e3o os favoritos de <strong>42% <\/strong>dos jogadores. Este tipo de b\u00f4nus proporciona um mecanismo de &#8220;<strong>jogo seguro<\/strong>&#8220;, frequentemente oferecido a jogadores novos ou antigos.<\/p>\n\n\n\n<p>Em termos de popularidade, o b\u00f4nus de boas-vindas era o predileto, mesmo antes da vig\u00eancia da regulamenta\u00e7\u00e3o atual (40%), uma vez que ele \u00e9 mais <strong>direto<\/strong>, <strong>simples <\/strong>de compreender e exige <strong>menos requisitos <\/strong>do que a maioria dos b\u00f4nus de registro (por exemplo, condi\u00e7\u00f5es para apostas e limita\u00e7\u00f5es de jogo).<\/p>\n\n\n\n<figure class=\"wp-block-image size-full\"><img loading=\"lazy\" decoding=\"async\" width=\"773\" height=\"523\" src=\"https:\/\/env.media\/wp-content\/uploads\/04top-escolhas-de-bonus.png\" alt=\"b\u00f4nus favoritos dos jogadores\" class=\"wp-image-7480\" srcset=\"https:\/\/env.media\/wp-content\/uploads\/04top-escolhas-de-bonus.png 773w, https:\/\/env.media\/wp-content\/uploads\/04top-escolhas-de-bonus-300x203.png 300w, https:\/\/env.media\/wp-content\/uploads\/04top-escolhas-de-bonus-768x520.png 768w\" sizes=\"(max-width: 773px) 100vw, 773px\" \/><\/figure>\n\n\n\n<p><em>Fonte: ENV Media<\/em><\/p>\n\n\n\n<p>Em termos de <strong>idade <\/strong>e <strong>g\u00eanero<\/strong>, as prefer\u00eancias dos apostadores esportivos brasileiros s\u00e3o as seguintes:<\/p>\n\n\n\n<ul>\n<li><strong>Jovens entre 25 e 40 anos <\/strong>preferem &#8220;<strong>Pr\u00eamios Aleat\u00f3rios<\/strong>&#8221; acima de todas as promo\u00e7\u00f5es. Trata-se de um grupo que, em geral, j\u00e1 alcan\u00e7ou a estabilidade na carreira, vida pessoal e rotina. Eles demonstram uma<strong> predisposi\u00e7\u00e3o <\/strong>mais <strong>ativa <\/strong>para explorar a maioria das op\u00e7\u00f5es de b\u00f4nus. &#8220;<strong>Cashback<\/strong>&#8220;, &#8220;<strong>Probabilidades aumentadas<\/strong>&#8220;, &#8220;<strong>Apostas gr\u00e1tis<\/strong>&#8221; e &#8220;<strong>Rodadas gr\u00e1tis<\/strong>&#8221; s\u00e3o quase igualmente favorecidos.\u00a0<\/li>\n\n\n\n<li>Em sua maioria, as <strong>mulheres <\/strong>preferem as &#8220;Rodadas Gr\u00e1tis&#8221;. Os<strong> homens<\/strong>, por\u00e9m, mostram uma prefer\u00eancia <strong>distribu\u00edda <\/strong>de forma bastante <strong>equilibrada <\/strong>entre todos os tipos &#8211; desde as Rodadas Gr\u00e1tis, ofertas de<strong> Cashback<\/strong>, b\u00f4nus de Boas-vindas e de Dep\u00f3sito, at\u00e9 \u00e0s <strong>Probabilidades Aumentadas <\/strong>e Apostas Gr\u00e1tis.<\/li>\n<\/ul>\n\n\n\n<p>Assim, as prefer\u00eancias por promo\u00e7\u00f5es podem variar em fun\u00e7\u00e3o do g\u00eanero, embora a maioria dos jogadores perten\u00e7a \u00e0 mesma classe socioecon\u00f4mica e \u00e0 mesma faixa et\u00e1ria.<\/p>\n\n\n\n<p><strong>Dados Reais de Apostas Online Revelam o Comportamento dos Jogadores<\/strong><\/p>\n\n\n\n<p>O nosso estudo aprofundado sobre as <a href=\"https:\/\/env.media\/br\/apostas-esportivas-no-brasil-insights-conhecimento-preferencias\/\"><strong>apostas esportivas on-line<\/strong><\/a> mostrou que o maior segmento de jogadores aposta entre <strong>R$10 <\/strong>e <strong>R$50 <\/strong>por semana. Al\u00e9m disso, <strong>54% <\/strong>(mais da metade) dos jogadores apostam menos de <strong>R$50<\/strong>.<\/p>\n\n\n\n<figure class=\"wp-block-image size-large\"><img loading=\"lazy\" decoding=\"async\" width=\"1024\" height=\"160\" src=\"https:\/\/env.media\/wp-content\/uploads\/\/05dinheiro-gasto-em-aposta-por-semana-1024x160.png\" alt=\"dinheiro gasto semanalmente pelos jogadores em jogos de azar\" class=\"wp-image-7482\" srcset=\"https:\/\/env.media\/wp-content\/uploads\/05dinheiro-gasto-em-aposta-por-semana-1024x160.png 1024w, https:\/\/env.media\/wp-content\/uploads\/05dinheiro-gasto-em-aposta-por-semana-300x47.png 300w, https:\/\/env.media\/wp-content\/uploads\/05dinheiro-gasto-em-aposta-por-semana-768x120.png 768w, https:\/\/env.media\/wp-content\/uploads\/05dinheiro-gasto-em-aposta-por-semana.png 1233w\" sizes=\"(max-width: 1024px) 100vw, 1024px\" \/><\/figure>\n\n\n\n<p><em>Fonte: ENV Media<\/em><\/p>\n\n\n\n<p>Dada a exist\u00eancia de limites m\u00e1ximos de cashback na maioria das operadoras de apostas on-line no Brasil, \u00e9 poss\u00edvel concluir que as ofertas de cashback abrangem a <strong>maioria <\/strong>dos h\u00e1bitos dos<strong> apostadores esportivos<\/strong>.<\/p>\n\n\n\n<p>De acordo com <a href=\"https:\/\/www.kto.bet.br\/pesquisa\/\" target=\"_blank\" rel=\"noopener\"><strong>dados sobre o comportamento dos jogadores<\/strong><\/a>, <strong>36,7% <\/strong>dos clientes que receberam cashback em 2024 partilham as seguintes carater\u00edsticas<\/p>\n\n\n\n<ul>\n<li>A idade m\u00e9dia da conta \u00e9 de <strong>288,5 <\/strong>dias.<\/li>\n\n\n\n<li>A maior parcela de jogadores est\u00e1 localizada no <strong>Rio Grande do Sul <\/strong>&#8211; <strong>26,62%<\/strong>. Em segunda coloca\u00e7\u00e3o est\u00e1 <strong>S\u00e3o Paulo <\/strong>&#8211; <strong>20,14% <\/strong>&#8211; enquanto <strong>Minas Gerais <\/strong>ocupa o terceiro lugar &#8211; <strong>11,63%<\/strong>.<\/li>\n\n\n\n<li>Quanto \u00e0s categorias, os<strong> jogadores regulares <\/strong>s\u00e3o a maioria absoluta &#8211; <strong>98,24%<\/strong>, enquanto os<strong> jogadores VIP <\/strong>representam <strong>0,50%<\/strong>.<\/li>\n\n\n\n<li>Em rela\u00e7\u00e3o aos canais de marketing, o canal <strong>&#8220;Indicar um amigo&#8221; <\/strong>representou <strong>11,77% <\/strong>da aquisi\u00e7\u00e3o de novos clientes e o canal<strong> &#8220;Influenciadores&#8221; <\/strong><strong>8,<\/strong><strong>35%<\/strong>.\u00a0<\/li>\n<\/ul>\n\n\n\n<p>A maioria dos jogadores brasileiros se concentra no <strong>Rio Grande do Sul<\/strong>, <strong>S\u00e3o Paulo <\/strong>e <strong>Minas Gerais <\/strong>&#8211; <strong>58,39% <\/strong>&#8211; e \u00e9 formada por jogadores de participa\u00e7\u00e3o <strong>mediana <\/strong>&#8211; <strong>98,24% &#8211; <\/strong>que se enquadram no or\u00e7amento semanal entre menos de R$ 50 e R$ 100.<\/p>\n\n\n\n<p>\u00c9 importante notar que, do total, <strong>20,12% <\/strong>confiam nos <strong>amigos <\/strong>e <strong>influenciadores de redes sociais <\/strong>para obter recomenda\u00e7\u00f5es de cassinos on-line e sites de apostas esportivas. Isto indica que o boca-a-boca e o marketing de influ\u00eancia s\u00e3o fatores importantes para a comunica\u00e7\u00e3o com os consumidores.<\/p>\n\n\n\n<p><strong>Conclus\u00f5es<\/strong><\/p>\n\n\n\n<p>A nossa an\u00e1lise destaca que a <strong>grande maioria <\/strong>dos jogadores que se beneficiam das ofertas de cashback &#8211; <strong>98,24% <\/strong>&#8211; s\u00e3o jogadores de participa\u00e7\u00e3o mediana que mant\u00eam um n\u00edvel correspondente de engajamento e gastos.<\/p>\n\n\n\n<p>O fato demonstra a capacidade das operadoras brasileiras licenciadas de oferecer valor aos consumidores, cumprindo rigorosamente os princ\u00edpios do Jogo Respons\u00e1vel.&nbsp;<\/p>\n\n\n\n<p>Uma vez que as 10 principais marcas seguem um padr\u00e3o para os b\u00f4nus de cashback &#8211; reembolsando uma parte do valor perdido &#8211; estas ofertas n\u00e3o s\u00f3 estimulam a confian\u00e7a do consumidor e a fidelidade \u00e0 marca, mas tamb\u00e9m refletem o forte compromisso das operadoras licenciadas para com a justi\u00e7a e o crescimento sustent\u00e1vel.<\/p>\n","protected":false},"excerpt":{"rendered":"<p> O cashback h\u00e1 tempos se consolidou como uma pr\u00e1tica caracter\u00edstica do com\u00e9rcio brasileiro. Este estudo analisa em espec\u00edfico as promo\u00e7\u00f5es de cashback para jogos de azar online oferecidas pelas principais plataformas de apostas licenciadas pelo governo brasileiro em 2025.<\/p>\n","protected":false},"author":11,"featured_media":7463,"parent":0,"menu_order":0,"comment_status":"closed","ping_status":"closed","template":"","meta":{"inline_featured_image":false,"footnotes":""},"categories":[85],"tags":[428,173,380,434,93,435,378,377,436],"_links":{"self":[{"href":"https:\/\/env.media\/br\/wp-json\/wp\/v2\/pages\/7473"}],"collection":[{"href":"https:\/\/env.media\/br\/wp-json\/wp\/v2\/pages"}],"about":[{"href":"https:\/\/env.media\/br\/wp-json\/wp\/v2\/types\/page"}],"author":[{"embeddable":true,"href":"https:\/\/env.media\/br\/wp-json\/wp\/v2\/users\/11"}],"replies":[{"embeddable":true,"href":"https:\/\/env.media\/br\/wp-json\/wp\/v2\/comments?post=7473"}],"version-history":[{"count":1,"href":"https:\/\/env.media\/br\/wp-json\/wp\/v2\/pages\/7473\/revisions"}],"predecessor-version":[{"id":7484,"href":"https:\/\/env.media\/br\/wp-json\/wp\/v2\/pages\/7473\/revisions\/7484"}],"wp:featuredmedia":[{"embeddable":true,"href":"https:\/\/env.media\/br\/wp-json\/wp\/v2\/media\/7463"}],"wp:attachment":[{"href":"https:\/\/env.media\/br\/wp-json\/wp\/v2\/media?parent=7473"}],"wp:term":[{"taxonomy":"category","embeddable":true,"href":"https:\/\/env.media\/br\/wp-json\/wp\/v2\/categories?post=7473"},{"taxonomy":"post_tag","embeddable":true,"href":"https:\/\/env.media\/br\/wp-json\/wp\/v2\/tags?post=7473"}],"curies":[{"name":"wp","href":"https:\/\/api.w.org\/{rel}","templated":true}]}}