{"id":7408,"date":"2025-01-10T17:21:42","date_gmt":"2025-01-10T17:21:42","guid":{"rendered":"https:\/\/env.media\/?page_id=7408"},"modified":"2025-01-16T20:20:46","modified_gmt":"2025-01-16T20:20:46","slug":"estudo-mais-populares-jogos-de-cassino-online-no-brasil-dezembro-2024","status":"publish","type":"page","link":"https:\/\/env.media\/br\/estudo-mais-populares-jogos-de-cassino-online-no-brasil-dezembro-2024\/","title":{"rendered":"Nova Pesquisa Destaca os Jogos de Cassino Online Mais Populares no Brasil em Dezembro de 2024"},"content":{"rendered":"\n<p>KTO.com, o terceiro maior cassino online do Brasil, de acordo com nossa \u00faltima <a href=\"https:\/\/env.media\/br\/analise-do-share-of-voice-das-operadoras-de-jogos-online-no-brasil\/outubro-2024\/\" target=\"_blank\" rel=\"noreferrer noopener\">an\u00e1lise de Share of Voice<\/a>, publicou seu relat\u00f3rio mensal sobre os jogos de cassino com melhor desempenho.<\/p>\n\n\n\n<p>A equipe de pesquisa da KTO revela insights importantes sobre os principais jogos, provedores e setores para o <a href=\"https:\/\/www.kto.bet.br\/pesquisa\/estudo-jogos-populares-dezembro-2024\/\" target=\"_blank\" rel=\"noreferrer noopener\">m\u00eas de dezembro de 2024<\/a>.<\/p>\n\n\n\n<h2 class=\"wp-block-heading\"><strong>Jogos de Cassino de Destaque Revelados<\/strong><\/h2>\n\n\n\n<p>O estudo destaca tr\u00eas tend\u00eancias principais:<\/p>\n\n\n\n<h3 class=\"wp-block-heading\"><strong>Consist\u00eancia nos T\u00edtulos Populares<\/strong><\/h3>\n\n\n\n<p>A PG Soft continuou a dominar os rankings, e dezembro marcou o retorno de <strong><em>Fortune Tiger<\/em><\/strong> ao topo da lista, atingindo uma popularidade de <strong>57,37%<\/strong>. Esse desempenho ultrapassou <strong><em>Fortune Rabbit<\/em><\/strong>, que caiu para a segunda posi\u00e7\u00e3o, mas manteve um percentual expressivo de <strong>47,80%<\/strong>. O mais impressionante foi o aumento significativo na popularidade de <strong><em>Fortune Tiger<\/em><\/strong>, que cresceu de <strong>45,10%<\/strong> em novembro para <strong>57,37%<\/strong> em dezembro.<\/p>\n\n\n\n<p>Outro destaque foi o crescimento dos jogos tem\u00e1ticos de Natal. <strong><em>Big Bass Christmas Bash<\/em><\/strong> e <strong><em>Sugar Rush Xmas<\/em><\/strong>, ambos da Pragmatic Play, estrearam no Top 10 e trouxeram um toque festivo para a lista.<\/p>\n\n\n\n<p>Enquanto isso, <strong><em>Tigre Sortudo<\/em><\/strong>, da Pragmatic Play, manteve sua ascens\u00e3o e alcan\u00e7ou a <strong>5\u00aa posi\u00e7\u00e3o<\/strong>, consolidando-se como um dos novos favoritos dos jogadores.<\/p>\n\n\n\n<h3 class=\"wp-block-heading\"><strong>Multiplicadores e Desempenho de RTP<\/strong><\/h3>\n\n\n\n<p>O maior multiplicador registrado em dezembro foi de <strong>20.000x<\/strong>, atingido pelos jogos <strong><em>Big Bass Hold and Spinner Megaways<\/em><\/strong> e <strong><em>Zeus Lightning Megaways<\/em><\/strong><strong>.<\/strong><\/p>\n\n\n\n<p>J\u00e1 no quesito RTP, <strong><em>Wild Fireworks<\/em><\/strong> liderou com um retorno excepcional de <strong>108,97%<\/strong>, garantindo sua posi\u00e7\u00e3o como o jogo mais lucrativo do m\u00eas.<\/p>\n\n\n\n<h3 class=\"wp-block-heading\"><strong>Mudan\u00e7as no Top 10<\/strong><\/h3>\n\n\n\n<p>Mudan\u00e7as not\u00e1veis inclu\u00edram a sa\u00edda dos jogos <strong><em>Gates of Olympus<\/em><\/strong> e <strong><em>Big Bass Bonanza<\/em><\/strong>, que figuravam entre os 10 mais jogados em novembro, e sa\u00edram do ranking principal em dezembro.<\/p>\n\n\n\n<p>Al\u00e9m disso, o <strong><em>Aviator<\/em><\/strong>, da SPRIBE, apresentou uma leve recupera\u00e7\u00e3o, subindo da 8\u00aa para a 7\u00aa coloca\u00e7\u00e3o.<\/p>\n\n\n\n<h3 class=\"wp-block-heading\"><strong>Crescimento e Estabilidade na Categoria de Jogos de Cassino ao Vivo<\/strong><\/h3>\n\n\n\n<p>Os slots continuam a dominar, representando <strong>91,78% do total de rodadas jogadas<\/strong>, seguidos pelos crash games, que registraram <strong>6,42%<\/strong>. A categoria de jogos ao vivo tamb\u00e9m teve um m\u00eas s\u00f3lido, com destaque para as mesas de roleta.<\/p>\n\n\n\n<p><strong><em>Roleta Ao Vivo<\/em><\/strong> e <strong><em>Roleta Rel\u00e2mpago Brasileira<\/em><\/strong> mantiveram suas posi\u00e7\u00f5es de lideran\u00e7a, enquanto a <strong><em>XXXTreme Lightning Roulette<\/em><\/strong> cresceu em popularidade e registrou um dos maiores multiplicadores do m\u00eas (600x).<\/p>\n\n\n\n<p>Al\u00e9m disso, <strong><em>Crazy Time<\/em><\/strong> foi um dos grandes destaques entre os Game Shows, registrando um impressionante multiplicador de <strong>12.801x<\/strong>, consolidando-se como um dos t\u00edtulos mais emocionantes do segmento.<\/p>\n\n\n\n<p>Para saber mais sobre as \u00faltimas classifica\u00e7\u00f5es de jogos, artigos de pesquisa e insights sobre cassinos online no Brasil, visite a <a href=\"https:\/\/www.kto.bet.br\/pesquisa\/\" target=\"_blank\" rel=\"noreferrer noopener\">p\u00e1gina de pesquisa da KTO<\/a>.<\/p>\n","protected":false},"excerpt":{"rendered":"<p>Descubra o \u00faltimo estudo mensal sobre os principais jogos de cassino online do Brasil em dezembro de 2024. Explore tend\u00eancias em t\u00edtulos populares, multiplicadores recordes e as maiores porcentagens de RTP na KTO Brasil.<\/p>\n","protected":false},"author":3,"featured_media":6608,"parent":0,"menu_order":0,"comment_status":"closed","ping_status":"closed","template":"","meta":{"inline_featured_image":false,"footnotes":""},"categories":[160],"tags":[332,339,423,331,337,338,333,334,336],"_links":{"self":[{"href":"https:\/\/env.media\/br\/wp-json\/wp\/v2\/pages\/7408"}],"collection":[{"href":"https:\/\/env.media\/br\/wp-json\/wp\/v2\/pages"}],"about":[{"href":"https:\/\/env.media\/br\/wp-json\/wp\/v2\/types\/page"}],"author":[{"embeddable":true,"href":"https:\/\/env.media\/br\/wp-json\/wp\/v2\/users\/3"}],"replies":[{"embeddable":true,"href":"https:\/\/env.media\/br\/wp-json\/wp\/v2\/comments?post=7408"}],"version-history":[{"count":3,"href":"https:\/\/env.media\/br\/wp-json\/wp\/v2\/pages\/7408\/revisions"}],"predecessor-version":[{"id":7411,"href":"https:\/\/env.media\/br\/wp-json\/wp\/v2\/pages\/7408\/revisions\/7411"}],"wp:featuredmedia":[{"embeddable":true,"href":"https:\/\/env.media\/br\/wp-json\/wp\/v2\/media\/6608"}],"wp:attachment":[{"href":"https:\/\/env.media\/br\/wp-json\/wp\/v2\/media?parent=7408"}],"wp:term":[{"taxonomy":"category","embeddable":true,"href":"https:\/\/env.media\/br\/wp-json\/wp\/v2\/categories?post=7408"},{"taxonomy":"post_tag","embeddable":true,"href":"https:\/\/env.media\/br\/wp-json\/wp\/v2\/tags?post=7408"}],"curies":[{"name":"wp","href":"https:\/\/api.w.org\/{rel}","templated":true}]}}