{"id":7274,"date":"2024-11-10T11:59:05","date_gmt":"2024-11-10T11:59:05","guid":{"rendered":"https:\/\/env.media\/?page_id=7274"},"modified":"2024-12-19T12:29:18","modified_gmt":"2024-12-19T12:29:18","slug":"pesquisa-esportes-mais-populares-no-brasil-outubro-2024","status":"publish","type":"page","link":"https:\/\/env.media\/br\/pesquisa-esportes-mais-populares-no-brasil-outubro-2024\/","title":{"rendered":"Nova Pesquisa Destaca os Esportes Mais Populares no Brasil em Outubro de 2024"},"content":{"rendered":"\n<p>KTO.com divulgou seu relat\u00f3rio mensal sobre as principais categorias de esportes e eventos que movimentaram as apostas em <a href=\"https:\/\/www.kto.com\/pt\/pesquisa\/estudo-principais-esportes-outubro-2024\/\" target=\"_blank\" rel=\"noopener\">outubro de 2024<\/a>.<\/p>\n\n\n\n<p>A an\u00e1lise revelou tend\u00eancias interessantes e reafirmou a paix\u00e3o dos brasileiros por futebol e competi\u00e7\u00f5es esportivas, incluindo modalidades virtuais e tradicionais.<\/p>\n\n\n\n<p><strong>Principais Esportes Revelados<\/strong><\/p>\n\n\n\n<p>O estudo destaca tr\u00eas tend\u00eancias principais:<\/p>\n\n\n\n<h3 class=\"wp-block-heading\"><strong>Futebol Mant\u00e9m a Lideran\u00e7a<\/strong><\/h3>\n\n\n\n<p>O futebol reafirmou sua posi\u00e7\u00e3o dominante entre os apostadores, representando impressionantes<strong> 88,03%<\/strong> das apostas na plataforma.&nbsp;<\/p>\n\n\n\n<p>O <em>Brasileir\u00e3o S\u00e9rie A<\/em> se destacou como o campeonato mais popular, seguido de perto pela S\u00e9rie B e grandes ligas internacionais, como <em>Premier League<\/em> e <em>La Liga<\/em>.<\/p>\n\n\n\n<h3 class=\"wp-block-heading\"><strong>Crescimento do eFutebol e Novidades no Top 5<\/strong><\/h3>\n\n\n\n<p>O <em>eFutebol<\/em> manteve sua relev\u00e2ncia como a segunda categoria mais apostada, capturando a aten\u00e7\u00e3o de jogadores que preferem uma experi\u00eancia mais din\u00e2mica e cont\u00ednua.<\/p>\n\n\n\n<p>Uma grande surpresa foi a ascens\u00e3o do <em>Kiron Football<\/em>, que chegou ao top 5 pela primeira vez, com pouco mais de <strong>1%<\/strong> das apostas, mostrando que o futebol virtual est\u00e1 conquistando novos p\u00fablicos.<\/p>\n\n\n\n<h3 class=\"wp-block-heading\"><strong>Diversidade em Outras Modalidades<\/strong><\/h3>\n\n\n\n<p>O <em>basquete <\/em>subiu para o <strong>terceiro lugar<\/strong> entre os esportes mais apostados, com 2.5% das apostas, em um aumento interessante se comparado ao m\u00eas anterior (1%) &#8211; enquanto o t\u00eanis e o futebol americano completaram o top 6.&nbsp;<\/p>\n\n\n\n<p>A <em>NBA<\/em>, em particular, atraiu grande volume de apostas, reafirmando a paix\u00e3o dos brasileiros por essa modalidade.<\/p>\n\n\n\n<p><strong>Tradi\u00e7\u00e3o, Novidades e Crescimento nas Apostas Esportivas<\/strong><\/p>\n\n\n\n<p>Outubro foi marcado por apostas memor\u00e1veis, com odds impressionantes e grandes pr\u00eamios. Um dos destaques foi um jogador que apostou na <em>UEFA Champions League<\/em> e conquistou um pr\u00eamio de mais de <strong>R$36000<\/strong> com uma odd de <strong>3.700,4<\/strong>!<\/p>\n\n\n\n<p>A an\u00e1lise tamb\u00e9m revelou que <strong>46%<\/strong> das apostas foram realizadas <strong>ao vivo<\/strong>, enquanto cerca de <strong>40%<\/strong> ocorreram <strong>antes dos eventos<\/strong>. Essa prefer\u00eancia por acompanhar as partidas em tempo real refor\u00e7a a emo\u00e7\u00e3o que as apostas esportivas trazem aos jogadores!<\/p>\n\n\n\n<p>O futebol continua sendo a paix\u00e3o nacional e lidera com folga entre os apostadores da KTO, mas a ascens\u00e3o de categorias como eFutebol e Kiron Football aponta para um futuro de maior diversidade nas apostas. Al\u00e9m disso, o desempenho s\u00f3lido de modalidades como basquete e t\u00eanis demonstra que a variedade de op\u00e7\u00f5es na plataforma continua atraindo um p\u00fablico amplo e engajado.&nbsp;<\/p>\n\n\n\n<p>Para conferir mais detalhes sobre as estat\u00edsticas e insights do m\u00eas, visite a <a href=\"https:\/\/www.kto.com\/pt\/pesquisa\/\" target=\"_blank\" rel=\"noopener\">p\u00e1gina de pesquisa da KTO<\/a>.<\/p>\n","protected":false},"excerpt":{"rendered":"<p>Descubra o \u00faltimo estudo mensal sobre os esportes mais populares no Brasil em outubro de 2024. Explore tend\u00eancias em modalidades populares, campeonatos esportivos e odds impressionantes na KTO Brasil.<\/p>\n","protected":false},"author":3,"featured_media":6608,"parent":0,"menu_order":0,"comment_status":"closed","ping_status":"closed","template":"","meta":{"inline_featured_image":false,"footnotes":""},"categories":[160],"tags":[173,402,404,403,400,397,401],"_links":{"self":[{"href":"https:\/\/env.media\/br\/wp-json\/wp\/v2\/pages\/7274"}],"collection":[{"href":"https:\/\/env.media\/br\/wp-json\/wp\/v2\/pages"}],"about":[{"href":"https:\/\/env.media\/br\/wp-json\/wp\/v2\/types\/page"}],"author":[{"embeddable":true,"href":"https:\/\/env.media\/br\/wp-json\/wp\/v2\/users\/3"}],"replies":[{"embeddable":true,"href":"https:\/\/env.media\/br\/wp-json\/wp\/v2\/comments?post=7274"}],"version-history":[{"count":1,"href":"https:\/\/env.media\/br\/wp-json\/wp\/v2\/pages\/7274\/revisions"}],"predecessor-version":[{"id":7275,"href":"https:\/\/env.media\/br\/wp-json\/wp\/v2\/pages\/7274\/revisions\/7275"}],"wp:featuredmedia":[{"embeddable":true,"href":"https:\/\/env.media\/br\/wp-json\/wp\/v2\/media\/6608"}],"wp:attachment":[{"href":"https:\/\/env.media\/br\/wp-json\/wp\/v2\/media?parent=7274"}],"wp:term":[{"taxonomy":"category","embeddable":true,"href":"https:\/\/env.media\/br\/wp-json\/wp\/v2\/categories?post=7274"},{"taxonomy":"post_tag","embeddable":true,"href":"https:\/\/env.media\/br\/wp-json\/wp\/v2\/tags?post=7274"}],"curies":[{"name":"wp","href":"https:\/\/api.w.org\/{rel}","templated":true}]}}