{"id":7264,"date":"2024-12-10T20:21:35","date_gmt":"2024-12-10T20:21:35","guid":{"rendered":"https:\/\/env.media\/?page_id=7264"},"modified":"2024-12-10T20:21:37","modified_gmt":"2024-12-10T20:21:37","slug":"estudo-mais-populares-jogos-de-cassino-online-no-brasil-novembro-2024","status":"publish","type":"page","link":"https:\/\/env.media\/br\/estudo-mais-populares-jogos-de-cassino-online-no-brasil-novembro-2024\/","title":{"rendered":"Nova Pesquisa Destaca os Jogos de Cassino Online Mais Populares no Brasil em Novembro de 2024"},"content":{"rendered":"\n<p>KTO.com, o terceiro maior cassino online do Brasil, de acordo com nossa \u00faltima <a href=\"https:\/\/env.media\/br\/analise-do-share-of-voice-das-operadoras-de-jogos-online-no-brasil\/outubro-2024\/\">an\u00e1lise de Share of Voice<\/a>, publicou seu relat\u00f3rio mensal sobre os jogos de cassino com melhor desempenho.<\/p>\n\n\n\n<p>A equipe de pesquisa da KTO revela insights importantes sobre os principais jogos, provedores e setores para o <a href=\"https:\/\/www.kto.com\/pt\/pesquisa\/estudo-jogos-populares-novembro-2024\/\" target=\"_blank\" rel=\"noopener\">m\u00eas de novembro de 2024<\/a>.<\/p>\n\n\n\n<h2 class=\"wp-block-heading\"><strong>Jogos de Cassino de Destaque Revelados<\/strong><\/h2>\n\n\n\n<p>O estudo destaca tr\u00eas tend\u00eancias principais:<\/p>\n\n\n\n<h3 class=\"wp-block-heading\"><strong>Consist\u00eancia nos T\u00edtulos Populares<\/strong><\/h3>\n\n\n\n<p>A PG Soft manteve seu dom\u00ednio nos rankings, mas novembro trouxe mudan\u00e7as importantes no topo. Pela primeira vez desde 2023, <strong><em>Fortune Tiger<\/em><\/strong> deixou de ser o jogo mais popular, cedendo a lideran\u00e7a para <em>Fortune Rabbit<\/em>, que atingiu <strong>46,18% de popularidade<\/strong>.<\/p>\n\n\n\n<p><strong><em>Fortune Dragon<\/em><\/strong> consolidou sua posi\u00e7\u00e3o no terceiro lugar, enquanto <strong><em>Fortune Ox<\/em><\/strong>, embora tenha registrado uma queda, permaneceu no top 5.<\/p>\n\n\n\n<h3 class=\"wp-block-heading\"><strong>Multiplicadores e Desempenho de RTP<\/strong><\/h3>\n\n\n\n<p>O destaque de novembro foi <strong><em>Fu Frog Spirits<\/em><\/strong>, que liderou com um impressionante multiplicador de <strong>50.944,57x<\/strong>, superando todos os outros t\u00edtulos.<\/p>\n\n\n\n<p>J\u00e1 no quesito RTP, <strong><em>Might of Freya Megaways<\/em><\/strong> se destacou com um retorno excepcional de <strong>105,62%<\/strong>, garantindo sua posi\u00e7\u00e3o como o jogo mais lucrativo do m\u00eas.<\/p>\n\n\n\n<h3 class=\"wp-block-heading\"><strong>Mudan\u00e7as no Top 10<\/strong><\/h3>\n\n\n\n<p>O jogo <strong><em>Tigre Sortudo<\/em><\/strong>, da Pragmatic Play, foi um dos grandes destaques, subindo para a 5\u00aa posi\u00e7\u00e3o em novembro. Sua crescente popularidade reflete o apelo dessa tem\u00e1tica entre os jogadores, consolidando-se como um dos novos favoritos.<\/p>\n\n\n\n<p>Outras mudan\u00e7as not\u00e1veis inclu\u00edram o retorno de <strong><em>Big Bass Bonanza<\/em><\/strong>, agora na 9\u00aa coloca\u00e7\u00e3o, e de <strong><em>Gates of Olympus<\/em><\/strong>, que ocupou o 6\u00ba lugar no ranking.<\/p>\n\n\n\n<p>Em contrapartida, jogos como <strong><em>Firebird 81<\/em><\/strong> e <strong><em>Octobeer Fortunes<\/em><\/strong>, que se destacaram em outubro, perderam espa\u00e7o no top 10.<\/p>\n\n\n\n<h3 class=\"wp-block-heading\"><strong>Crescimento e Estabilidade na Categoria de Jogos de Cassino ao Vivo<\/strong><\/h3>\n\n\n\n<p>Os slots continuam a dominar, representando <strong>91,64% do total de rodadas jogadas<\/strong>, seguidos pelos crash games, que registraram <strong>6,69%<\/strong>. A categoria de jogos ao vivo tamb\u00e9m teve um m\u00eas s\u00f3lido, com destaque para as mesas de roleta.<\/p>\n\n\n\n<p><strong><em>Roleta Ao Vivo<\/em><\/strong> e <strong><em>Roleta Rel\u00e2mpago Brasileira<\/em><\/strong> mantiveram suas posi\u00e7\u00f5es de lideran\u00e7a, enquanto o jogo <strong><em>Bac Bo Ao Viv<\/em><\/strong><strong>o<\/strong> ganhou destaque ao subir em popularidade.<\/p>\n\n\n\n<p>Para saber mais sobre as \u00faltimas classifica\u00e7\u00f5es de jogos, artigos de pesquisa e insights sobre cassinos online no Brasil, visite a <a href=\"https:\/\/www.kto.com\/pt\/pesquisa\/\" target=\"_blank\" rel=\"noopener\">p\u00e1gina de pesquisa da KTO<\/a>.<\/p>\n","protected":false},"excerpt":{"rendered":"<p>Descubra o \u00faltimo estudo mensal sobre os principais jogos de cassino online do Brasil em novembro de 2024. Explore tend\u00eancias em t\u00edtulos populares, multiplicadores recordes e as maiores porcentagens de RTP na KTO Brasil.<\/p>\n","protected":false},"author":3,"featured_media":6608,"parent":0,"menu_order":0,"comment_status":"closed","ping_status":"closed","template":"","meta":{"inline_featured_image":false,"footnotes":""},"categories":[160],"tags":[332,339,331,337,338,399,333,334,336],"_links":{"self":[{"href":"https:\/\/env.media\/br\/wp-json\/wp\/v2\/pages\/7264"}],"collection":[{"href":"https:\/\/env.media\/br\/wp-json\/wp\/v2\/pages"}],"about":[{"href":"https:\/\/env.media\/br\/wp-json\/wp\/v2\/types\/page"}],"author":[{"embeddable":true,"href":"https:\/\/env.media\/br\/wp-json\/wp\/v2\/users\/3"}],"replies":[{"embeddable":true,"href":"https:\/\/env.media\/br\/wp-json\/wp\/v2\/comments?post=7264"}],"version-history":[{"count":1,"href":"https:\/\/env.media\/br\/wp-json\/wp\/v2\/pages\/7264\/revisions"}],"predecessor-version":[{"id":7273,"href":"https:\/\/env.media\/br\/wp-json\/wp\/v2\/pages\/7264\/revisions\/7273"}],"wp:featuredmedia":[{"embeddable":true,"href":"https:\/\/env.media\/br\/wp-json\/wp\/v2\/media\/6608"}],"wp:attachment":[{"href":"https:\/\/env.media\/br\/wp-json\/wp\/v2\/media?parent=7264"}],"wp:term":[{"taxonomy":"category","embeddable":true,"href":"https:\/\/env.media\/br\/wp-json\/wp\/v2\/categories?post=7264"},{"taxonomy":"post_tag","embeddable":true,"href":"https:\/\/env.media\/br\/wp-json\/wp\/v2\/tags?post=7264"}],"curies":[{"name":"wp","href":"https:\/\/api.w.org\/{rel}","templated":true}]}}