{"id":7251,"date":"2024-11-15T14:58:18","date_gmt":"2024-11-15T14:58:18","guid":{"rendered":"https:\/\/env.media\/?page_id=7251"},"modified":"2024-11-27T15:12:12","modified_gmt":"2024-11-27T15:12:12","slug":"estudo-mais-populares-jogos-de-cassino-online-no-brasil-outubro-2024","status":"publish","type":"page","link":"https:\/\/env.media\/br\/estudo-mais-populares-jogos-de-cassino-online-no-brasil-outubro-2024\/","title":{"rendered":"Nova Pesquisa Destaca os Jogos de Cassino Online Mais Populares no Brasil em Outubro de 2024"},"content":{"rendered":"\n<p>KTO.com, o terceiro maior cassino online do Brasil, de acordo com nossa \u00faltima <a href=\"https:\/\/env.media\/br\/analise-do-share-of-voice-das-operadoras-de-jogos-online-no-brasil\/outubro-2024\/\">an\u00e1lise de Share of Voice<\/a>, publicou seu relat\u00f3rio mensal sobre os jogos de cassino com melhor desempenho.<\/p>\n\n\n\n<p>A equipe de pesquisa da KTO revela insights importantes sobre os principais jogos, provedores e setores para o <a href=\"https:\/\/www.kto.com\/pt\/pesquisa\/estudo-jogos-populares-outubro-2024\/\" target=\"_blank\" rel=\"noopener\">m\u00eas de outubro de 2024<\/a>.<\/p>\n\n\n\n<h2 class=\"wp-block-heading\"><strong>Jogos de Cassino de Destaque Revelados<\/strong><\/h2>\n\n\n\n<p>O estudo destaca tr\u00eas tend\u00eancias principais:<\/p>\n\n\n\n<h3 class=\"wp-block-heading\"><strong>Consist\u00eancia nos T\u00edtulos Populares<\/strong><\/h3>\n\n\n\n<p>A PG Soft continua a dominar os rankings, com <em>Fortune Tiger<\/em> mantendo sua posi\u00e7\u00e3o como o jogo mais popular em outubro, alcan\u00e7ando <strong>50,17%<\/strong> de popularidade. Apesar de uma ligeira queda nas rodadas jogadas, o t\u00edtulo refor\u00e7a sua lideran\u00e7a como favorito entre os jogadores.<\/p>\n\n\n\n<p>Entre os destaques familiares, <em>Fortune Dragon<\/em> consolidou sua posi\u00e7\u00e3o no top 3, superando <em>Fortune Ox<\/em> pelo segundo m\u00eas consecutivo.<\/p>\n\n\n\n<h3 class=\"wp-block-heading\"><strong>Multiplicadores e Desempenho de RTP<\/strong><\/h3>\n\n\n\n<p><em>Piggy Tap<\/em> liderou novamente os rankings de multiplicadores, registrando um retorno de <strong>40.829x<\/strong> em outubro. Embora tenha apresentado uma queda em rela\u00e7\u00e3o ao recorde de setembro, seu desempenho s\u00f3lido refor\u00e7a sua reputa\u00e7\u00e3o como um dos jogos mais generosos da KTO.<\/p>\n\n\n\n<p>J\u00e1 no quesito RTP, o destaque foi <em>Mr. Hallow-Win!<\/em>, que alcan\u00e7ou um impressionante <strong>119,56%<\/strong>, superando todos os outros jogos do m\u00eas.<\/p>\n\n\n\n<h3 class=\"wp-block-heading\"><strong>Mudan\u00e7as no Top 10<\/strong><\/h3>\n\n\n\n<p>Outubro tamb\u00e9m trouxe novidades no top 10. O jogo <em>Tigre Sortudo<\/em>, da Pragmatic Play, estreou diretamente na 6\u00aa posi\u00e7\u00e3o, destacando-se como uma das grandes novidades do m\u00eas.&nbsp;<\/p>\n\n\n\n<p>Al\u00e9m disso, <em>Firebird 81<\/em> e <em>Octobeer Fortunes<\/em> entraram no ranking, substituindo t\u00edtulos como <em>Sevens Fire<\/em> e <em>Rich Wilde and the Tome of Madness<\/em>, que perderam relev\u00e2ncia.<\/p>\n\n\n\n<h3 class=\"wp-block-heading\"><strong>Crescimento e Estabilidade na Categoria de Jogos de Cassino ao Vivo<\/strong><\/h3>\n\n\n\n<p>Os slots continuam a dominar, representando <strong>92,14%<\/strong> do total de rodadas jogadas. A categoria de <em>crash games<\/em> tamb\u00e9m manteve sua relev\u00e2ncia, com o retorno de <em>KTO JetX<\/em> ao top 5 dos jogos de maiores multiplicadores.<\/p>\n\n\n\n<p>Nos jogos ao vivo, a roleta segue como a categoria mais popular, com <em>Roleta Ao Vivo<\/em> e <em>Roleta Rel\u00e2mpago Brasileira<\/em> consolidando suas posi\u00e7\u00f5es de lideran\u00e7a. J\u00e1 a categoria de dados teve um crescimento expressivo, subindo para <strong>10,01%<\/strong> em popularidade.<\/p>\n\n\n\n<p>Para saber mais sobre as \u00faltimas classifica\u00e7\u00f5es de jogos, artigos de pesquisa e insights sobre cassinos online no Brasil, visite a <a href=\"https:\/\/www.kto.com\/pt\/pesquisa\/\" target=\"_blank\" rel=\"noopener\">p\u00e1gina de pesquisa da KTO<\/a>.<\/p>\n","protected":false},"excerpt":{"rendered":"<p>Descubra o \u00faltimo estudo mensal sobre os principais jogos de cassino online do Brasil em outubro de 2024. Explore tend\u00eancias em t\u00edtulos populares, multiplicadores recordes e as maiores porcentagens de RTP na KTO Brasil.<\/p>\n","protected":false},"author":3,"featured_media":6608,"parent":0,"menu_order":0,"comment_status":"closed","ping_status":"closed","template":"","meta":{"inline_featured_image":false,"footnotes":""},"categories":[160],"tags":[332,339,331,337,338,397,333,334,398],"_links":{"self":[{"href":"https:\/\/env.media\/br\/wp-json\/wp\/v2\/pages\/7251"}],"collection":[{"href":"https:\/\/env.media\/br\/wp-json\/wp\/v2\/pages"}],"about":[{"href":"https:\/\/env.media\/br\/wp-json\/wp\/v2\/types\/page"}],"author":[{"embeddable":true,"href":"https:\/\/env.media\/br\/wp-json\/wp\/v2\/users\/3"}],"replies":[{"embeddable":true,"href":"https:\/\/env.media\/br\/wp-json\/wp\/v2\/comments?post=7251"}],"version-history":[{"count":2,"href":"https:\/\/env.media\/br\/wp-json\/wp\/v2\/pages\/7251\/revisions"}],"predecessor-version":[{"id":7254,"href":"https:\/\/env.media\/br\/wp-json\/wp\/v2\/pages\/7251\/revisions\/7254"}],"wp:featuredmedia":[{"embeddable":true,"href":"https:\/\/env.media\/br\/wp-json\/wp\/v2\/media\/6608"}],"wp:attachment":[{"href":"https:\/\/env.media\/br\/wp-json\/wp\/v2\/media?parent=7251"}],"wp:term":[{"taxonomy":"category","embeddable":true,"href":"https:\/\/env.media\/br\/wp-json\/wp\/v2\/categories?post=7251"},{"taxonomy":"post_tag","embeddable":true,"href":"https:\/\/env.media\/br\/wp-json\/wp\/v2\/tags?post=7251"}],"curies":[{"name":"wp","href":"https:\/\/api.w.org\/{rel}","templated":true}]}}