{"id":7177,"date":"2024-10-15T19:46:17","date_gmt":"2024-10-15T19:46:17","guid":{"rendered":"https:\/\/env.media\/?page_id=7177"},"modified":"2024-11-27T15:11:58","modified_gmt":"2024-11-27T15:11:58","slug":"estudo-mais-populares-jogos-de-cassino-online-no-brasil-setembro-2024","status":"publish","type":"page","link":"https:\/\/env.media\/br\/estudo-mais-populares-jogos-de-cassino-online-no-brasil-setembro-2024\/","title":{"rendered":"Nova Pesquisa Destaca os Jogos de Cassino Online Mais Populares no Brasil em Setembro de 2024"},"content":{"rendered":"\n<p>KTO.com, o quarto maior cassino online do Brasil, de acordo com nossa \u00faltima <a href=\"https:\/\/env.media\/br\/analise-do-share-of-voice-das-operadoras-de-jogos-online-no-brasil\/outubro-2024\/\">an\u00e1lise de Share of Voice<\/a>, publicou seu relat\u00f3rio mensal sobre os jogos de cassino com melhor desempenho.<\/p>\n\n\n\n<p>A equipe de pesquisa da KTO revela insights importantes sobre os principais jogos, provedores e setores para o <a href=\"https:\/\/www.kto.com\/pt\/pesquisa\/estudo-jogos-populares-setembro-2024\/\" target=\"_blank\" rel=\"noopener\">m\u00eas de setembro de 2024<\/a>.<\/p>\n\n\n\n<h2 class=\"wp-block-heading\"><strong>Jogos de Cassino de Destaque Revelados<\/strong><\/h2>\n\n\n\n<p>O estudo destaca quatro tend\u00eancias principais:<\/p>\n\n\n\n<h3 class=\"wp-block-heading\"><strong>Mudan\u00e7as nos T\u00edtulos Populares<\/strong><\/h3>\n\n\n\n<p>A PG Soft continua a dominar os rankings, com <em>Fortune Tiger<\/em> mantendo sua posi\u00e7\u00e3o de jogo mais popular em setembro, alcan\u00e7ando 49,32% de popularidade. Embora tenha tido uma leve queda em rela\u00e7\u00e3o a agosto (51,26%), o jogo ainda \u00e9 um favorito entre os jogadores.<\/p>\n\n\n\n<p>A s\u00e9rie <em>Fortune<\/em> da PG Soft continua forte, com <em>Fortune Rabbit<\/em> e <em>Fortune Ox<\/em> mantendo-se no top 5. No entanto, uma mudan\u00e7a importante ocorreu este m\u00eas: <em>Fortune Dragon<\/em> ultrapassou <em>Fortune Ox<\/em>, quebrando seu dom\u00ednio de longa data no top 3 ap\u00f3s v\u00e1rios meses de desempenho consistente.<\/p>\n\n\n\n<h3 class=\"wp-block-heading\"><strong>Multiplicadores e Desempenho de RTP<\/strong><\/h3>\n\n\n\n<p><em>Piggy Tap<\/em> retornou ao topo dos rankings de multiplicadores, alcan\u00e7ando um impressionante <strong>61.993,33x<\/strong>. Esse \u00e9 um aumento significativo em rela\u00e7\u00e3o ao seu desempenho em julho (31.958x), quando tamb\u00e9m liderava os gr\u00e1ficos de multiplicadores.<\/p>\n\n\n\n<p><em>KTO JetX<\/em>, que detinha o primeiro lugar em agosto com um multiplicador recorde, viu seus n\u00fameros ca\u00edrem este m\u00eas, permitindo que <em>Piggy Tap<\/em> recuperasse sua posi\u00e7\u00e3o como o jogo com o maior multiplicador.<\/p>\n\n\n\n<p>Em termos de RTP, <em>Big Bass Splash<\/em> assumiu a lideran\u00e7a com um RTP de 103,22%, superando <em>Gladiator&#8217;s Glory<\/em>, que foi o l\u00edder em agosto com um RTP de 101,32%.<\/p>\n\n\n\n<h3 class=\"wp-block-heading\"><strong>Mudan\u00e7as no Top 10<\/strong><\/h3>\n\n\n\n<p>Em setembro, ocorreram mudan\u00e7as no top 10. Notavelmente, <em>Rich Wilde and the Tome of Madness<\/em> fez sua primeira apari\u00e7\u00e3o, subindo de fora do top 10 para garantir a 5\u00aa posi\u00e7\u00e3o, quebrando a domin\u00e2ncia do <em>Aviator<\/em>.<\/p>\n\n\n\n<p>Al\u00e9m disso, <em>Sevens Fire<\/em> entrou no top 10, substituindo <em>Dragon Gold 88<\/em> e <em>Sugar Rush 1000<\/em>, que sa\u00edram da lista este m\u00eas.<\/p>\n\n\n\n<h3 class=\"wp-block-heading\"><strong>Crescimento e Estabilidade na Categoria de Jogos de Cassino ao Vivo<\/strong><\/h3>\n\n\n\n<p>Na categoria de cassino ao vivo, a roleta continua sendo o maior jogo ao vivo, embora tenha sofrido uma pequena queda na popularidade. Enquanto isso, a categoria de dados apresentou um aumento not\u00e1vel, subindo para 8,77% em popularidade.<\/p>\n\n\n\n<p>O relat\u00f3rio tamb\u00e9m destaca a estabilidade geral nas prefer\u00eancias dos jogadores, com os slots dominando o mercado e representando 91,64% do total de rodadas jogadas. Os jogos de crash, por outro lado, est\u00e3o em ascens\u00e3o, mostrando um interesse sustent\u00e1vel por experi\u00eancias de alto risco e alta recompensa.<\/p>\n\n\n\n<p>Para saber mais sobre as \u00faltimas classifica\u00e7\u00f5es de jogos, artigos de pesquisa e insights sobre cassinos online no Brasil, visite a <a href=\"https:\/\/www.kto.com\/pt\/pesquisa\/\" target=\"_blank\" rel=\"noopener\">p\u00e1gina de pesquisa da KTO<\/a>.<\/p>\n","protected":false},"excerpt":{"rendered":"<p>Descubra o \u00faltimo estudo mensal sobre os principais jogos de cassino online do Brasil em setembro de 2024. Explore tend\u00eancias em t\u00edtulos populares, multiplicadores recordes e as maiores porcentagens de RTP na KTO Brasil.<\/p>\n","protected":false},"author":3,"featured_media":6608,"parent":0,"menu_order":0,"comment_status":"closed","ping_status":"closed","template":"","meta":{"inline_featured_image":false,"footnotes":""},"categories":[160],"tags":[332,339,331,337,338,333,388,334,336],"_links":{"self":[{"href":"https:\/\/env.media\/br\/wp-json\/wp\/v2\/pages\/7177"}],"collection":[{"href":"https:\/\/env.media\/br\/wp-json\/wp\/v2\/pages"}],"about":[{"href":"https:\/\/env.media\/br\/wp-json\/wp\/v2\/types\/page"}],"author":[{"embeddable":true,"href":"https:\/\/env.media\/br\/wp-json\/wp\/v2\/users\/3"}],"replies":[{"embeddable":true,"href":"https:\/\/env.media\/br\/wp-json\/wp\/v2\/comments?post=7177"}],"version-history":[{"count":1,"href":"https:\/\/env.media\/br\/wp-json\/wp\/v2\/pages\/7177\/revisions"}],"predecessor-version":[{"id":7178,"href":"https:\/\/env.media\/br\/wp-json\/wp\/v2\/pages\/7177\/revisions\/7178"}],"wp:featuredmedia":[{"embeddable":true,"href":"https:\/\/env.media\/br\/wp-json\/wp\/v2\/media\/6608"}],"wp:attachment":[{"href":"https:\/\/env.media\/br\/wp-json\/wp\/v2\/media?parent=7177"}],"wp:term":[{"taxonomy":"category","embeddable":true,"href":"https:\/\/env.media\/br\/wp-json\/wp\/v2\/categories?post=7177"},{"taxonomy":"post_tag","embeddable":true,"href":"https:\/\/env.media\/br\/wp-json\/wp\/v2\/tags?post=7177"}],"curies":[{"name":"wp","href":"https:\/\/api.w.org\/{rel}","templated":true}]}}