{"id":7170,"date":"2024-08-09T13:45:43","date_gmt":"2024-08-09T13:45:43","guid":{"rendered":"https:\/\/env.media\/?page_id=7170"},"modified":"2024-10-25T15:23:40","modified_gmt":"2024-10-25T15:23:40","slug":"guia-de-tributacao-para-jogos-de-azar-online-brasil-2024","status":"publish","type":"page","link":"https:\/\/env.media\/br\/guia-de-tributacao-para-jogos-de-azar-online-brasil-2024\/","title":{"rendered":"Qual \u00e9 a taxa real de imposto no Brasil? Um guia simples para a tributa\u00e7\u00e3o de jogos de azar online &#8211; 2024"},"content":{"rendered":"\n<p>Nos \u00faltimos dois anos, o Brasil tornou-se figura emblem\u00e1tica do <strong>jogo regulamentado<\/strong>, o exemplo da ind\u00fastria do jogo online &#8211; em r\u00e1pido desenvolvimento, mas ainda com muito potencial, e cada vez mais na boca dos profissionais do setor.<\/p>\n\n\n\n<p>Um dos principais fatores que permitem o desenvolvimento de um mercado \u00e9 a exist\u00eancia de um <strong>quadro fiscal <\/strong>adequado. J\u00e1 abordamos parcialmente este assunto, explicando como <strong>os encargos fiscais excessivos <\/strong>diminuem <a href=\"https:\/\/env.media\/online-gambling-channelization-in-regulated-brazil\/\">a<\/a> <a href=\"https:\/\/env.media\/br\/canalizacao-jogos-online-no-brasil-regulamentado\/\">canaliza\u00e7\u00e3o do jogo online<\/a>, mesmo em mercados bem regulamentados.<\/p>\n\n\n\n<p>Com uma s\u00e9rie de decretos ad-hoc e regras t\u00e9cnicas ainda em evolu\u00e7\u00e3o, os estabelecimentos de jogos enfrentam frequentemente <strong>desafios de conformidade<\/strong> no seu caminho para opera\u00e7\u00f5es leg\u00edtimas no Brasil. De fato, muitos desses desafios est\u00e3o relacionados com as recentes atualiza\u00e7\u00f5es das <strong>obriga\u00e7\u00f5es fiscais<\/strong>.<\/p>\n\n\n\n<p>De certa forma, o mesmo se pode dizer dos <strong>consumidores<\/strong> &#8211; os impostos sobre os ganhos em jogos de azar no Brasil parecem simplificados, mas n\u00e3o s\u00e3o diretos. Mais importante ainda, os procedimentos fiscais <strong>n\u00e3o<\/strong> s\u00e3o, de fato, <strong>amplamente conhecidos <\/strong>ou <strong>claramente explicados<\/strong>:<\/p>\n\n\n\n<ul>\n<li>Quanto \u00e9 que os jogadores pagam de imposto sobre os seus ganhos?<\/li>\n\n\n\n<li>Os impostos sobre os jogos de azar s\u00e3o <strong>adicionados<\/strong> ao imposto <strong>anual <\/strong>sobre <strong>o rendimento <\/strong>ou constituem uma <strong>rubrica separada <\/strong>no balan\u00e7o?<\/li>\n\n\n\n<li>Estes impostos s\u00e3o retidos <strong>na fonte <\/strong>(pelos s\u00edtios de casinos em linha e de apostas desportivas) ou os jogadores t\u00eam de os <strong>declarar <\/strong>e <strong>pagar separadamente<\/strong>?<\/li>\n<\/ul>\n\n\n\n<p>Recentemente, escrevemos um <a href=\"https:\/\/env.media\/br\/guia-tributacao-jogo-online-brasil-jogadores-cassino-operadores-apostas\/\">estudo de caso dedicado<\/a> \u00e0 tributa\u00e7\u00e3o do jogo online no Brasil como parte do quadro fiscal mais alargado do pa\u00eds. No entanto, ainda existe a necessidade de uma <strong>explica\u00e7\u00e3o <\/strong>mais <strong>pragm\u00e1tica <\/strong>e de <strong>exemplos claros <\/strong>de impostos sobre o jogo para os jogadores e operadores de jogos brasileiros.<\/p>\n\n\n\n<h2 class=\"wp-block-heading\"><strong>A carga fiscal do jogador<\/strong><\/h2>\n\n\n\n<p>Comecemos pelos jogadores. Se ganhar a sua aposta desportiva ou num casino online no Brasil, prepare-se para partilhar parte desse dinheiro com o governo. Aqui est\u00e3o os princ\u00edpios b\u00e1sicos que precisa de saber:<\/p>\n\n\n\n<ul>\n<li><strong>Taxa \u00fanica de imposto <\/strong>&#8211; <strong>15% <\/strong>sobre os ganhos l\u00edquidos.<\/li>\n\n\n\n<li><strong>C\u00e1lculo aut\u00f4nomo <\/strong>&#8211; Este imposto \u00e9 aplicado <strong>separadamente <\/strong>de qualquer outro rendimento, o que significa que n\u00e3o misturar\u00e1 os ganhos do jogo com o seu sal\u00e1rio ou outros rendimentos.<\/li>\n<\/ul>\n\n\n\n<p>\u00c9 <strong>suficientemente simples<\/strong> ou <strong>n\u00e3o<\/strong>? Embora a taxa de 15% pare\u00e7a clara, o c\u00e1lculo separado pode confundir aqueles que est\u00e3o habituados a declarar os seus impostos <strong>anualmente <\/strong>e a incluir <strong>todas as fontes de rendimento<\/strong>.<\/p>\n\n\n\n<h3 class=\"wp-block-heading\"><strong>Exemplos para clareza<\/strong><\/h3>\n\n\n\n<ul>\n<li>Tributa\u00e7\u00e3o do <strong>rendimento l\u00edquido do jogo<\/strong><\/li>\n<\/ul>\n\n\n\n<p>Imagine ganhar um jackpot de <strong>R$ 12.000<\/strong>. Para chegar a esse montante, depositou e jogou <strong>R$ 2.000 <\/strong>no mesmo m\u00eas na mesma plataforma de jogo.<\/p>\n\n\n\n<p>Assim, <strong>os<\/strong> seus <strong>ganhos<\/strong><strong> l\u00edquidos <\/strong>seriam de <strong>R$<\/strong><strong> 10.000<\/strong>.<\/p>\n\n\n\n<p>De acordo com as regras atuais, deve <strong>R$<\/strong> <strong>1.500<\/strong> em impostos.<\/p>\n\n\n\n<p>Pode n\u00e3o parecer muito, mas para os jogadores regulares, estas somas podem aumentar, diminuindo potencialmente o entusiasmo pelas plataformas de jogo em linha licenciadas. Em termos simples, as autoridades t\u00eam de cortar o acesso aos operadores off-shore e do mercado negro quando as opera\u00e7\u00f5es licenciadas entrarem em vigor (1 de janeiro de 2025). N\u00e3o s\u00f3 para fazer cumprir o Estado de direito, mas tamb\u00e9m para incentivar <strong>uma concorr\u00eancia leal <\/strong>nas mesmas condi\u00e7\u00f5es.<\/p>\n\n\n\n<ul>\n<li>Os ganhos em jogos de azar s\u00e3o <strong>tributados separadamente<\/strong> dos outros rendimentos<\/li>\n<\/ul>\n\n\n\n<p>Os ganhos l\u00edquidos do casino em linha ou das apostas desportivas <strong>n\u00e3o se somam <\/strong>aos outros rendimentos anuais. Os impostos sobre o jogo s\u00e3o calculados e pagos independentemente dos outros impostos sobre o rendimento.<\/p>\n\n\n\n<p>Se o rendimento anual de uma pessoa for de <strong>R$ 50.000 <\/strong>e ela ganhar <strong>R$ 10.000 <\/strong>em jogos de casino online, isso <strong>n\u00e3o eleva<\/strong> o seu rendimento anual tribut\u00e1vel para R$ 50.000, ou seja, <strong>acima do limiar <\/strong>que aumenta a sua <strong>taxa de imposto <\/strong>(de 22,5% para 27,5% neste caso).<\/p>\n\n\n\n<p>Os rendimentos do jogo s\u00e3o tributados a 15% (1.500 neste caso) e o resto do rendimento da pessoa permanece no seu escal\u00e3o de tributa\u00e7\u00e3o atual (22,5% neste caso).<\/p>\n\n\n\n<h3 class=\"wp-block-heading\"><strong>C\u00e1lculo separado significa responsabilidade individual<\/strong><\/h3>\n\n\n\n<p>O atual quadro jur\u00eddico <strong>n\u00e3o prev\u00ea <\/strong>que os operadores de casinos em linha e de apostas desportivas (s\u00edtios, aplica\u00e7\u00f5es e empresas por detr\u00e1s deles) tenham de <strong>reter na fonte os impostos <\/strong>sobre as apostas vencedoras. Isto significa que os jogadores em linha ter\u00e3o de <strong>declarar <\/strong>e <strong>pagar eles pr\u00f3prios <\/strong>os impostos sobre os ganhos em jogos de azar que possam ter.<\/p>\n\n\n\n<p><a href=\"https:\/\/www2.camara.leg.br\/legin\/fed\/lei\/2023\/lei-14790-29-dezembro-2023-795206-norma-pl.html\" target=\"_blank\" rel=\"noopener\">A Lei n\u00ba 14.790\/2023<\/a> estabeleceu claramente que essa tributa\u00e7\u00e3o deve ser <strong>anual <\/strong>e quaisquer tentativas de tornar essa obriga\u00e7\u00e3o mais frequente (mensal ou instant\u00e2nea) foram vetadas no Congresso brasileiro. No entanto, \u00e9 claro que os consumidores precisar\u00e3o de ajuda para <strong>acompanhar <\/strong>e <strong>declarar<\/strong> esses ganhos l\u00edquidos quando chegar a hora.<\/p>\n\n\n\n<p>Consultamos <a href=\"https:\/\/montgomery.adv.br\/\" target=\"_blank\" rel=\"noopener\">especialistas em conformidade legal<\/a> do Brasil, que referem estes desafios espec\u00edficos. As suas expectativas coincidem com as esperan\u00e7as da ind\u00fastria do jogo &#8211; que as &#8220;regras de compromisso&#8221; finais exijam que <strong>os operadores forne\u00e7am aos jogadores <\/strong>um <strong>relat\u00f3rio anual <\/strong>detalhado:<\/p>\n\n\n\n<ul>\n<li><strong>Todas<\/strong> <strong>as<\/strong> <strong>apostas<\/strong> efetuadas no ano fiscal em causa<\/li>\n\n\n\n<li><strong>Ganhos<\/strong> recebidos<\/li>\n\n\n\n<li><strong>Perdas<\/strong> incorridas<\/li>\n<\/ul>\n\n\n\n<p>Mais importante ainda, as portarias pormenorizadas ter\u00e3o de especificar quais os <strong>preju\u00edzos<\/strong> que podem ser <strong>deduzidos<\/strong> e <strong>a<\/strong> <strong>forma<\/strong> <strong>como<\/strong> estes entram nos c\u00e1lculos. Estes aspectos n\u00e3o s\u00e3o assim t\u00e3o complicados, mas necessitam ainda de uma <strong>defini\u00e7\u00e3o<\/strong> <strong>clara<\/strong>.<\/p>\n\n\n\n<h3 class=\"wp-block-heading\"><strong>Quando voc\u00ea n\u00e3o tem que pagar impostos sobre os seus ganhos em jogos de azar<\/strong><\/h3>\n\n\n\n<p>Nem todos os ganhos em jogos de azar est\u00e3o sujeitos a tributa\u00e7\u00e3o no Brasil. Existe um <strong>limite<\/strong><strong> m\u00ednimo <\/strong>espec\u00edfico abaixo do qual os jogadores n\u00e3o t\u00eam de pagar impostos. Este valor \u00e9, naturalmente, o mesmo que se aplica a outros rendimentos e ganhos.<\/p>\n\n\n\n<ul>\n<li><strong>Limite M\u00ednimo Tribut\u00e1vel <\/strong>&#8211; <strong>R$ 27.110,40 <\/strong>&#8211; Se os seus ganhos l\u00edquidos anuais em jogos de azar forem inferiores a R$ 27.110,40, n\u00e3o dever\u00e1 pagar quaisquer impostos ao governo.<\/li>\n<\/ul>\n\n\n\n<p>Qualquer rendimento de jogos online acima desse montante \u00e9 tributado a 15%, como explicado acima.<\/p>\n\n\n\n<p>Este limiar proporciona um amortecedor para os jogadores <strong>casuais <\/strong>ou <strong>de apostas baixas<\/strong>, permitindo-lhes desfrutar de ganhos mais pequenos sem se preocuparem com as implica\u00e7\u00f5es fiscais. Esta abordagem ajuda a ind\u00fastria de jogos a dinheiro real no Brasil a afirmar a sua <strong>reputa\u00e7\u00e3o <\/strong>como uma forma cred\u00edvel e leg\u00edtima de <strong>entretenimento<\/strong> <strong>digital<\/strong>.<\/p>\n\n\n\n<p>\u00c9 claro que, para os grandes apostadores e os jogadores frequentes, compreender este valor limite \u00e9 crucial para gerir as suas potenciais obriga\u00e7\u00f5es fiscais.<\/p>\n\n\n\n<h2 class=\"wp-block-heading\"><strong>O labirinto fiscal do operador<\/strong><\/h2>\n\n\n\n<p>Os operadores enfrentam um regime fiscal muito mais complicado. Recomendamos a leitura do artigo completo sobre o imposto sobre o jogo para as empresas. Ainda assim, para ficar com uma ideia, eis uma an\u00e1lise das componentes do imposto:<\/p>\n\n\n\n<ul>\n<li>Imposto sobre o jogo &#8211; 12% sobre a receita bruta do jogo (GGR)<\/li>\n\n\n\n<li>Imposto de Renda Pessoa Jur\u00eddica (IRPJ) &#8211; 15%, mais 10% de acr\u00e9scimo sobre lucros acima de R$ 240.000<\/li>\n\n\n\n<li>Contribui\u00e7\u00e3o Social sobre o Lucro L\u00edquido (CSLL) &#8211; 9%.<\/li>\n\n\n\n<li>Contribui\u00e7\u00f5es para a Assist\u00eancia Social (COFINS e PIS) &#8211; 9,25% combinados<\/li>\n\n\n\n<li>Imposto sobre Servi\u00e7os (ISS) &#8211; 2-5%, variando de acordo com o munic\u00edpio<\/li>\n\n\n\n<li>Taxa de Inspe\u00e7\u00e3o Mensal &#8211; Varia entre 0,17% e 0,30% do GGR<\/li>\n<\/ul>\n\n\n\n<h3 class=\"wp-block-heading\"><strong>Carga fiscal total para as empresas de jogos em linha<\/strong><\/h3>\n\n\n\n<p>Se somarmos estes n\u00fameros, os operadores est\u00e3o perante uma carga fiscal que ultrapassa facilmente os 50%. De fato, de acordo com as regras atuais, o total de impostos acaba por se situar entre <strong>57% <\/strong>e <strong>60%<\/strong>, dependendo do estado e do munic\u00edpio de registo da sede da empresa no Brasil.<\/p>\n\n\n\n<h2 class=\"wp-block-heading\"><strong>Impacto no setor do iGaming<\/strong><\/h2>\n\n\n\n<p><strong>Transpar\u00eancia<\/strong> <strong>e<\/strong> <strong>conformidade<\/strong><\/p>\n\n\n\n<p>\u00c0 primeira vista, o quadro de tributa\u00e7\u00e3o do Brasil tem como objetivo assegurar a transpar\u00eancia e a conformidade. Com o objetivo de conceber um conjunto claro de regras (e de levar o seu tempo com elas), o governo espera criar um ambiente de jogo bem regulado e justo. Na realidade, os requisitos fiscais adicionais e as portarias que mudam frequentemente representam mais amea\u00e7as e obst\u00e1culos \u00e0s opera\u00e7\u00f5es de jogo leg\u00edtimas.<\/p>\n\n\n\n<p><strong>Desafios para os operadores<\/strong><\/p>\n\n\n\n<p>A tributa\u00e7\u00e3o pesada reduz as margens operacionais. Combinado com regulamenta\u00e7\u00f5es complexas, este fato pode empurrar alguns operadores para o mercado cinzento ou considerar a perman\u00eancia como uma op\u00e7\u00e3o offshore para os brasileiros. Simplificando, os escrit\u00f3rios e opera\u00e7\u00f5es sediados no estrangeiro oferecem normalmente uma carga fiscal mais baixa e regulamentos menos rigorosos<\/p>\n\n\n\n<p>Este fato compromete a pr\u00f3pria transpar\u00eancia que a legisla\u00e7\u00e3o pretende promover. A cria\u00e7\u00e3o de condi\u00e7\u00f5es para a sustentabilidade dos estabelecimentos de jogo leg\u00edtimos exige uma monitoriza\u00e7\u00e3o regular e ciclos de feedback eficazes baseados em dados reais de desempenho.<\/p>\n\n\n\n<p><strong>Efeitos nos jogadores<\/strong><\/p>\n\n\n\n<p>Para os jogadores, a taxa de imposto de 15% sobre os ganhos \u00e9 relativamente simples, mas pode ainda assim levar alguns a recorrer a <em>sites offshore<\/em>, onde podem evitar completamente os impostos. Esta situa\u00e7\u00e3o poder\u00e1 tamb\u00e9m afetar os operadores locais que cumprem as regras, criando uma situa\u00e7\u00e3o de desigualdade.<\/p>\n\n\n\n<h2 class=\"wp-block-heading\"><strong>Redistribui\u00e7\u00e3o das receitas fiscais &#8211; Para onde vai o dinheiro?<\/strong><\/h2>\n\n\n\n<p>Porque \u00e9 que os impostos sobre o jogo no Brasil s\u00e3o calculados e pagos separadamente? A l\u00f3gica por detr\u00e1s da atual configura\u00e7\u00e3o reside na <strong>clara designa\u00e7\u00e3o <\/strong>destas receitas para <strong>necessidades sociais <\/strong>espec\u00edficas.<\/p>\n\n\n\n<p>Atualmente, as receitas do imposto sobre o jogo cobradas todos os anos s\u00e3o &#8220;afetadas&#8221; a v\u00e1rios <strong>setores p\u00fablicos<\/strong>:<\/p>\n\n\n\n<ul>\n<li>Educa\u00e7\u00e3o &#8211; 10%<\/li>\n\n\n\n<li>Seguran\u00e7a P\u00fablica &#8211; 14%<\/li>\n\n\n\n<li>Desporto &#8211; 36%<\/li>\n\n\n\n<li>Turismo &#8211; 28%<\/li>\n\n\n\n<li>Seguran\u00e7a Social &#8211; 10%<\/li>\n\n\n\n<li>Programas de sa\u00fade &#8211; 1%<\/li>\n\n\n\n<li>ONGs e organiza\u00e7\u00f5es sem fins lucrativos &#8211; 1%<\/li>\n<\/ul>\n\n\n\n<p>Esta afeta\u00e7\u00e3o apoia <strong>programas sociais <\/strong>importantes, beneficiando teoricamente a sociedade no seu conjunto. Mais uma vez, uma carga fiscal excessivamente elevada sobre os operadores pode limitar o crescimento potencial do setor do jogo, reduzindo, em \u00faltima an\u00e1lise, as receitas fiscais totais geradas a longo prazo.<\/p>\n\n\n\n<h2 class=\"wp-block-heading\"><strong>Conformidade &#8211; \u00c9 mais f\u00e1cil falar do que fazer?<\/strong><\/h2>\n\n\n\n<p>A adequa\u00e7\u00e3o \u00e0s normas tribut\u00e1rias do Brasil exige dilig\u00eancia e atualiza\u00e7\u00f5es constantes. Para os <strong>operadores<\/strong>, isso significa:<\/p>\n\n\n\n<ul>\n<li><strong>Cumprimento de v\u00e1rios impostos<\/strong> &#8211; equilibrar v\u00e1rios tipos diferentes de obriga\u00e7\u00f5es fiscais pode ser uma tarefa exigente e<\/li>\n\n\n\n<li><strong>Acompanhamento da legisla\u00e7\u00e3o <\/strong>&#8211; \u00c9 fundamental acompanhar as altera\u00e7\u00f5es regulamentares.<\/li>\n\n\n\n<li><strong>Gest\u00e3o dos custos <\/strong>&#8211; Os impostos elevados exercem press\u00e3o sobre as margens de lucro, tornando dif\u00edcil manter uma vantagem sobre os concorrentes n\u00e3o licenciados<\/li>\n<\/ul>\n\n\n\n<p>Para os <strong>jogadores<\/strong>, o principal desafio \u00e9 compreender e cumprir as suas obriga\u00e7\u00f5es fiscais. Embora a taxa de 15% seja clara, os c\u00e1lculos podem acrescentar uma camada de complexidade ao <strong>jogo recreativo<\/strong>. Espera-se que <strong>os relat\u00f3rios anuais<\/strong> automatizados resolvam a quest\u00e3o para milh\u00f5es de brasileiros.<\/p>\n\n\n\n<h2 class=\"wp-block-heading\"><strong>Sentimento do setor<\/strong><\/h2>\n\n\n\n<p>O quadro de tributa\u00e7\u00e3o do jogo em linha no Brasil \u00e9 ainda amb\u00edguo, pelo menos no que respeita \u00e0 sua efic\u00e1cia. Embora tenha como objetivo promover a transpar\u00eancia e apoiar o bem-estar p\u00fablico atrav\u00e9s de uma redistribui\u00e7\u00e3o significativa das receitas, a elevada carga fiscal pode levar tanto os operadores como os jogadores a procurar alternativas fora do mercado regulamentado.<\/p>\n\n\n\n<p>A simplifica\u00e7\u00e3o do processo fiscal e o ajustamento das taxas poder\u00e3o promover uma ind\u00fastria mais competitiva e cumpridora, beneficiando todas as partes interessadas envolvidas.<\/p>\n","protected":false},"excerpt":{"rendered":"<p>Saiba mais sobre a tributa\u00e7\u00e3o do jogo online no Brasil, incluindo as obriga\u00e7\u00f5es dos jogadores e operadores, a taxa real de imposto para 2024 e os desafios de conformidade.<\/p>\n","protected":false},"author":3,"featured_media":5583,"parent":0,"menu_order":0,"comment_status":"closed","ping_status":"closed","template":"","meta":{"inline_featured_image":false,"footnotes":""},"categories":[102],"tags":[93,385,238,387,381,217,383],"_links":{"self":[{"href":"https:\/\/env.media\/br\/wp-json\/wp\/v2\/pages\/7170"}],"collection":[{"href":"https:\/\/env.media\/br\/wp-json\/wp\/v2\/pages"}],"about":[{"href":"https:\/\/env.media\/br\/wp-json\/wp\/v2\/types\/page"}],"author":[{"embeddable":true,"href":"https:\/\/env.media\/br\/wp-json\/wp\/v2\/users\/3"}],"replies":[{"embeddable":true,"href":"https:\/\/env.media\/br\/wp-json\/wp\/v2\/comments?post=7170"}],"version-history":[{"count":3,"href":"https:\/\/env.media\/br\/wp-json\/wp\/v2\/pages\/7170\/revisions"}],"predecessor-version":[{"id":7175,"href":"https:\/\/env.media\/br\/wp-json\/wp\/v2\/pages\/7170\/revisions\/7175"}],"wp:featuredmedia":[{"embeddable":true,"href":"https:\/\/env.media\/br\/wp-json\/wp\/v2\/media\/5583"}],"wp:attachment":[{"href":"https:\/\/env.media\/br\/wp-json\/wp\/v2\/media?parent=7170"}],"wp:term":[{"taxonomy":"category","embeddable":true,"href":"https:\/\/env.media\/br\/wp-json\/wp\/v2\/categories?post=7170"},{"taxonomy":"post_tag","embeddable":true,"href":"https:\/\/env.media\/br\/wp-json\/wp\/v2\/tags?post=7170"}],"curies":[{"name":"wp","href":"https:\/\/api.w.org\/{rel}","templated":true}]}}