{"id":6469,"date":"2024-08-09T08:40:14","date_gmt":"2024-08-09T08:40:14","guid":{"rendered":"https:\/\/env.media\/?page_id=6469"},"modified":"2024-10-25T15:24:52","modified_gmt":"2024-10-25T15:24:52","slug":"testes-de-cassino-online","status":"publish","type":"page","link":"https:\/\/env.media\/br\/testes-de-cassino-online\/","title":{"rendered":"Testes de Cassino Online"},"content":{"rendered":"<div class=\"gb-container gb-container-9fa1b0b8\">\n<div class=\"gb-container gb-container-c5f71ae3\"><div class=\"gb-inside-container\">\n\n<h1 class=\"wp-block-heading\">Testes de Cassino Online<\/h1>\n\n\n\n<p>No universo dos cassinos online, a experi\u00eancia de jogo tem um impacto significativo na satisfa\u00e7\u00e3o e lealdade do jogador. A interface do usu\u00e1rio abrange toda a jornada do jogador, do registro \u00e0 navega\u00e7\u00e3o durante os jogos e resolu\u00e7\u00e3o de problemas t\u00e9cnicos.<\/p>\n\n<\/div><\/div>\n\n<div class=\"gb-container gb-container-6b690ac2\"><div class=\"gb-inside-container\">\n\n<figure class=\"wp-block-image size-large is-resized is-style-default\"><img loading=\"lazy\" decoding=\"async\" width=\"1024\" height=\"1024\" src=\"https:\/\/env.media\/wp-content\/uploads\/2023\/11\/env-media-performance-based-media-agency-1024x1024.png\" alt=\"\" class=\"wp-image-2972\" style=\"width:575px\" srcset=\"https:\/\/env.media\/wp-content\/uploads\/2023\/11\/env-media-performance-based-media-agency-1024x1024.png 1024w, https:\/\/env.media\/wp-content\/uploads\/2023\/11\/env-media-performance-based-media-agency-300x300.png 300w, https:\/\/env.media\/wp-content\/uploads\/2023\/11\/env-media-performance-based-media-agency-150x150.png 150w, https:\/\/env.media\/wp-content\/uploads\/2023\/11\/env-media-performance-based-media-agency-768x768.png 768w, https:\/\/env.media\/wp-content\/uploads\/2023\/11\/env-media-performance-based-media-agency.png 1080w\" sizes=\"(max-width: 1024px) 100vw, 1024px\" \/><\/figure>\n\n<\/div><\/div>\n<\/div>\n\n\n<h2 class=\"gb-headline gb-headline-82f9acdb\"><span class=\"gb-icon\"><svg xmlns=\"http:\/\/www.w3.org\/2000\/svg\" viewBox=\"0 0 60 4.688\"><path d=\"M57.656 0H2.344a2.343 2.343 0 100 4.688h55.312a2.344 2.344 0 000-4.688z\"><\/path><\/svg><\/span><span class=\"gb-headline-text\">\u00daltimos Testes de Cassino<\/span><\/h2>\n\n\n<div class=\"gb-container gb-container-7998d945\">\n\n<div class=\"wp-block-columns is-layout-flex wp-container-core-columns-is-layout-1 wp-block-columns-is-layout-flex\">\n<div class=\"wp-block-column is-layout-flow wp-block-column-is-layout-flow\" style=\"flex-basis:100%\">\n<div class=\"gb-grid-wrapper gb-grid-wrapper-d422ad07 gb-query-loop-wrapper\">\n<div class=\"gb-grid-column gb-grid-column-a66ca7b8 gb-query-loop-item post-7632 page type-page status-publish has-post-thumbnail category-testes-cassino-online category-pesquisa tag-brasil tag-cassino-online tag-experiencia-do-usuario tag-jornada-do-usuario tag-suporte-ao-cliente tag-testes-de-cassino-online\"><div class=\"gb-container gb-container-a66ca7b8\">\n<div class=\"gb-container gb-container-4c3cda3a\">\n<div class=\"gb-container gb-container-b52e278b\"><\/div>\n<\/div>\n\n<figure class=\"gb-block-image gb-block-image-b5d1d9d8\"><a href=\"https:\/\/env.media\/br\/jornada-do-usuario-cassino-online-marco-2025\/\"><img loading=\"lazy\" decoding=\"async\" width=\"750\" height=\"341\" src=\"https:\/\/env.media\/wp-content\/uploads\/user-journey-cs-cover-image-3.png\" class=\"gb-image-b5d1d9d8 rs-background\" alt=\"user journey online casinos in brazil\" srcset=\"https:\/\/env.media\/wp-content\/uploads\/user-journey-cs-cover-image-3.png 750w, https:\/\/env.media\/wp-content\/uploads\/user-journey-cs-cover-image-3-300x136.png 300w\" sizes=\"(max-width: 750px) 100vw, 750px\" \/><\/a><\/figure>\n\n<div class=\"gb-container gb-container-fc1bccb8\">\n<figure class=\"gb-block-image gb-block-image-4d891f5a\"><img data-del=\"avatar\" src='https:\/\/env.media\/wp-content\/uploads\/Luiza-150x150.jpeg' class='avatar pp-user-avatar avatar-36 photo gb-image-4d891f5a' height='36' width='36'\/><\/figure>\n<\/div>\n\n<div class=\"gb-container gb-container-52fab1e7\">\n<h2 class=\"gb-headline gb-headline-6862e514 gb-headline-text\"><a href=\"https:\/\/env.media\/br\/jornada-do-usuario-cassino-online-marco-2025\/\">Jornada do Usu\u00e1rio em Cassinos Online e Sites de Apostas Esportivas \u2013 Experi\u00eancia de Jogo e Atendimento ao Cliente no Brasil<\/a><\/h2>\n\n<div class=\"gb-headline gb-headline-fccf7ffc gb-headline-text\"><time class=\"entry-date published\" datetime=\"2025-03-11T14:16:14+00:00\">mar\u00e7o 11, 2025<\/time><\/div>\n\n<p class=\"gb-headline gb-headline-028a8e76 gb-headline-text\">Este estudo analisa a jornada do usu\u00e1rio nos principais cassinos on-line do Brasil, focando no desempenho da experi\u00eancia em etapas importantes como registro, dep\u00f3sito, apostas, saque, atendimento ao cliente e iniciativas de jogo respons\u00e1vel.<\/p>\n<\/div>\n<\/div><\/div>\n\n<div class=\"gb-grid-column gb-grid-column-a66ca7b8 gb-query-loop-item post-6350 page type-page status-publish has-post-thumbnail category-testes-cassino-online category-pesquisa tag-brasil tag-mercado-de-jogos-de-azar tag-ux-2 tag-variedade-de-jogos\"><div class=\"gb-container gb-container-a66ca7b8\">\n<div class=\"gb-container gb-container-4c3cda3a\">\n<div class=\"gb-container gb-container-b52e278b\"><\/div>\n<\/div>\n\n<figure class=\"gb-block-image gb-block-image-b5d1d9d8\"><a href=\"https:\/\/env.media\/br\/testes-de-cassino-online\/variedade-de-jogos-julho-2024\/\"><img loading=\"lazy\" decoding=\"async\" width=\"1000\" height=\"640\" src=\"https:\/\/env.media\/wp-content\/uploads\/game-variety-online-casinos-Brazil.png\" class=\"gb-image-b5d1d9d8 rs-background\" alt=\"variety of games at Brazilian online casinos selection test\" srcset=\"https:\/\/env.media\/wp-content\/uploads\/game-variety-online-casinos-Brazil.png 1000w, https:\/\/env.media\/wp-content\/uploads\/game-variety-online-casinos-Brazil-300x192.png 300w, https:\/\/env.media\/wp-content\/uploads\/game-variety-online-casinos-Brazil-768x492.png 768w\" sizes=\"(max-width: 1000px) 100vw, 1000px\" \/><\/a><\/figure>\n\n<div class=\"gb-container gb-container-fc1bccb8\">\n<figure class=\"gb-block-image gb-block-image-4d891f5a\"><img data-del=\"avatar\" src='https:\/\/env.media\/wp-content\/uploads\/maria-paula-nascimento-env-media-150x150.png' class='avatar pp-user-avatar avatar-36 photo gb-image-4d891f5a' height='36' width='36'\/><\/figure>\n<\/div>\n\n<div class=\"gb-container gb-container-52fab1e7\">\n<h2 class=\"gb-headline gb-headline-6862e514 gb-headline-text\"><a href=\"https:\/\/env.media\/br\/testes-de-cassino-online\/variedade-de-jogos-julho-2024\/\">Variedade de Jogos nas 10 Maiores Marcas de Cassino Online no Brasil &#8211; Julho de 2024<\/a><\/h2>\n\n<div class=\"gb-headline gb-headline-fccf7ffc gb-headline-text\"><time class=\"entry-date published\" datetime=\"2024-08-09T12:15:07+00:00\">agosto 9, 2024<\/time><\/div>\n\n<p class=\"gb-headline gb-headline-028a8e76 gb-headline-text\">Avaliamos a variedade e a qualidade dos jogos oferecidos pelas principais marcas de cassino on-line no Brasil.<\/p>\n<\/div>\n<\/div><\/div>\n\n<div class=\"gb-grid-column gb-grid-column-a66ca7b8 gb-query-loop-item post-6170 page type-page status-publish has-post-thumbnail category-testes-cassino-online category-pesquisa tag-brazil-2 tag-cassino-online tag-experiencia-de-jogo tag-usabilidade\"><div class=\"gb-container gb-container-a66ca7b8\">\n<div class=\"gb-container gb-container-4c3cda3a\">\n<div class=\"gb-container gb-container-b52e278b\"><\/div>\n<\/div>\n\n<figure class=\"gb-block-image gb-block-image-b5d1d9d8\"><a href=\"https:\/\/env.media\/br\/testes-de-cassino-online\/estudo-de-caso-experiencia-de-jogo-brasil-julho-2024\/\"><img loading=\"lazy\" decoding=\"async\" width=\"1001\" height=\"640\" src=\"https:\/\/env.media\/wp-content\/uploads\/UX-case-study-playing-experience.png\" class=\"gb-image-b5d1d9d8 rs-background\" alt=\"\" srcset=\"https:\/\/env.media\/wp-content\/uploads\/UX-case-study-playing-experience.png 1001w, https:\/\/env.media\/wp-content\/uploads\/UX-case-study-playing-experience-300x192.png 300w, https:\/\/env.media\/wp-content\/uploads\/UX-case-study-playing-experience-768x491.png 768w\" sizes=\"(max-width: 1001px) 100vw, 1001px\" \/><\/a><\/figure>\n\n<div class=\"gb-container gb-container-fc1bccb8\">\n<figure class=\"gb-block-image gb-block-image-4d891f5a\"><img data-del=\"avatar\" src='https:\/\/env.media\/wp-content\/uploads\/2023\/12\/priscila-ferreira-env-150x150.png' class='avatar pp-user-avatar avatar-36 photo gb-image-4d891f5a' height='36' width='36'\/><\/figure>\n<\/div>\n\n<div class=\"gb-container gb-container-52fab1e7\">\n<h2 class=\"gb-headline gb-headline-6862e514 gb-headline-text\"><a href=\"https:\/\/env.media\/br\/testes-de-cassino-online\/estudo-de-caso-experiencia-de-jogo-brasil-julho-2024\/\">Experi\u00eancia de Jogo em Cassinos Online no Brasil: um Estudo de Caso da ENV \u2013 Julho de 2024<\/a><\/h2>\n\n<div class=\"gb-headline gb-headline-fccf7ffc gb-headline-text\"><time class=\"entry-date published\" datetime=\"2024-08-05T23:35:29+00:00\">agosto 5, 2024<\/time><\/div>\n\n<p class=\"gb-headline gb-headline-028a8e76 gb-headline-text\">Nosso estudo avalia a experi\u00eancia do usu\u00e1rio nos principais cassinos online do Brasil, com foco em usabilidade, acessibilidade e desempenho.<\/p>\n<\/div>\n<\/div><\/div>\n\n<div class=\"gb-grid-column gb-grid-column-a66ca7b8 gb-query-loop-item post-6305 page type-page status-publish has-post-thumbnail category-testes-cassino-online category-pesquisa tag-suporte-ao-cliente tag-testes-de-cassino-online\"><div class=\"gb-container gb-container-a66ca7b8\">\n<div class=\"gb-container gb-container-4c3cda3a\">\n<div class=\"gb-container gb-container-b52e278b\"><\/div>\n<\/div>\n\n<figure class=\"gb-block-image gb-block-image-b5d1d9d8\"><a href=\"https:\/\/env.media\/br\/testes-de-cassino-online\/suporte-ao-cliente-julho-2024\/\"><img loading=\"lazy\" decoding=\"async\" width=\"1000\" height=\"640\" src=\"https:\/\/env.media\/wp-content\/uploads\/2023\/12\/testing-customer-support-in-brazil.png\" class=\"gb-image-b5d1d9d8 rs-background\" alt=\"testando suporte ao cliente em cassinos online brasileiros\" srcset=\"https:\/\/env.media\/wp-content\/uploads\/2023\/12\/testing-customer-support-in-brazil.png 1000w, https:\/\/env.media\/wp-content\/uploads\/2023\/12\/testing-customer-support-in-brazil-300x192.png 300w, https:\/\/env.media\/wp-content\/uploads\/2023\/12\/testing-customer-support-in-brazil-768x492.png 768w\" sizes=\"(max-width: 1000px) 100vw, 1000px\" \/><\/a><\/figure>\n\n<div class=\"gb-container gb-container-fc1bccb8\">\n<figure class=\"gb-block-image gb-block-image-4d891f5a\"><img data-del=\"avatar\" src='https:\/\/env.media\/wp-content\/uploads\/maria-paula-nascimento-env-media-150x150.png' class='avatar pp-user-avatar avatar-36 photo gb-image-4d891f5a' height='36' width='36'\/><\/figure>\n<\/div>\n\n<div class=\"gb-container gb-container-52fab1e7\">\n<h2 class=\"gb-headline gb-headline-6862e514 gb-headline-text\"><a href=\"https:\/\/env.media\/br\/testes-de-cassino-online\/suporte-ao-cliente-julho-2024\/\">Teste de Suporte ao cliente em cassinos on-line: Insights sobre as 10 principais marcas brasileiras &#8211; julho de 2024<\/a><\/h2>\n\n<div class=\"gb-headline gb-headline-fccf7ffc gb-headline-text\"><time class=\"entry-date published\" datetime=\"2024-07-16T22:30:56+00:00\">julho 16, 2024<\/time><\/div>\n\n<p class=\"gb-headline gb-headline-028a8e76 gb-headline-text\">Avaliamos os canais de suporte ao cliente e o desempenho do Jogo Respons\u00e1vel dos principais cassinos online do Brasil.<\/p>\n<\/div>\n<\/div><\/div>\n\n<div class=\"gb-grid-column gb-grid-column-a66ca7b8 gb-query-loop-item post-5857 page type-page status-publish has-post-thumbnail category-testes-cassino-online category-pesquisa tag-cassinos-online tag-online-casino-testes tag-online-cassino-ux tag-saques-rapidos\"><div class=\"gb-container gb-container-a66ca7b8\">\n<div class=\"gb-container gb-container-4c3cda3a\">\n<div class=\"gb-container gb-container-b52e278b\"><\/div>\n<\/div>\n\n<figure class=\"gb-block-image gb-block-image-b5d1d9d8\"><a href=\"https:\/\/env.media\/br\/testes-de-cassino-online\/estudo-de-caso-de-ux-pagamentos-e-saques-no-brasil-2024\/\"><img loading=\"lazy\" decoding=\"async\" width=\"1000\" height=\"640\" src=\"https:\/\/env.media\/wp-content\/uploads\/2023\/12\/ux-case-study-payments-and-withdrawals.png\" class=\"gb-image-b5d1d9d8 rs-background\" alt=\"test de saques e metodos de pagamento\" srcset=\"https:\/\/env.media\/wp-content\/uploads\/2023\/12\/ux-case-study-payments-and-withdrawals.png 1000w, https:\/\/env.media\/wp-content\/uploads\/2023\/12\/ux-case-study-payments-and-withdrawals-300x192.png 300w, https:\/\/env.media\/wp-content\/uploads\/2023\/12\/ux-case-study-payments-and-withdrawals-768x492.png 768w\" sizes=\"(max-width: 1000px) 100vw, 1000px\" \/><\/a><\/figure>\n\n<div class=\"gb-container gb-container-fc1bccb8\">\n<figure class=\"gb-block-image gb-block-image-4d891f5a\"><img data-del=\"avatar\" src='https:\/\/env.media\/wp-content\/uploads\/2023\/12\/priscila-ferreira-env-150x150.png' class='avatar pp-user-avatar avatar-36 photo gb-image-4d891f5a' height='36' width='36'\/><\/figure>\n<\/div>\n\n<div class=\"gb-container gb-container-52fab1e7\">\n<h2 class=\"gb-headline gb-headline-6862e514 gb-headline-text\"><a href=\"https:\/\/env.media\/br\/testes-de-cassino-online\/estudo-de-caso-de-ux-pagamentos-e-saques-no-brasil-2024\/\">Saques em Cassinos e UX no Brasil 2024: Estudo de Caso da ENV<\/a><\/h2>\n\n<div class=\"gb-headline gb-headline-fccf7ffc gb-headline-text\"><time class=\"entry-date published\" datetime=\"2024-07-09T14:41:55+00:00\">julho 9, 2024<\/time><\/div>\n\n<p class=\"gb-headline gb-headline-028a8e76 gb-headline-text\">Avaliamos o desempenho das principais operadoras de iGaming no Brasil analisando em primeira m\u00e3o o processo de dep\u00f3sito, UX e saques.<\/p>\n<\/div>\n<\/div><\/div>\n<\/div>\n<\/div>\n<\/div>\n\n<\/div>","protected":false},"excerpt":{"rendered":"<p>Nos jogos de cassino online, a experi\u00eancia do usu\u00e1rio tem um impacto crucial na satisfa\u00e7\u00e3o, lealdade e reten\u00e7\u00e3o do jogador. A UX do cassino online abrange toda a jornada do jogador, desde o registro e navega\u00e7\u00e3o at\u00e9 jogos e quest\u00f5es t\u00e9cnicas.<\/p>\n","protected":false},"author":3,"featured_media":0,"parent":0,"menu_order":0,"comment_status":"closed","ping_status":"closed","template":"","meta":{"inline_featured_image":false,"footnotes":""},"categories":[],"tags":[318,315],"_links":{"self":[{"href":"https:\/\/env.media\/br\/wp-json\/wp\/v2\/pages\/6469"}],"collection":[{"href":"https:\/\/env.media\/br\/wp-json\/wp\/v2\/pages"}],"about":[{"href":"https:\/\/env.media\/br\/wp-json\/wp\/v2\/types\/page"}],"author":[{"embeddable":true,"href":"https:\/\/env.media\/br\/wp-json\/wp\/v2\/users\/3"}],"replies":[{"embeddable":true,"href":"https:\/\/env.media\/br\/wp-json\/wp\/v2\/comments?post=6469"}],"version-history":[{"count":5,"href":"https:\/\/env.media\/br\/wp-json\/wp\/v2\/pages\/6469\/revisions"}],"predecessor-version":[{"id":6712,"href":"https:\/\/env.media\/br\/wp-json\/wp\/v2\/pages\/6469\/revisions\/6712"}],"wp:attachment":[{"href":"https:\/\/env.media\/br\/wp-json\/wp\/v2\/media?parent=6469"}],"wp:term":[{"taxonomy":"category","embeddable":true,"href":"https:\/\/env.media\/br\/wp-json\/wp\/v2\/categories?post=6469"},{"taxonomy":"post_tag","embeddable":true,"href":"https:\/\/env.media\/br\/wp-json\/wp\/v2\/tags?post=6469"}],"curies":[{"name":"wp","href":"https:\/\/api.w.org\/{rel}","templated":true}]}}