{"id":5856,"date":"2024-06-12T13:48:50","date_gmt":"2024-06-12T13:48:50","guid":{"rendered":"https:\/\/env.media\/jogos-de-cassino-mais-populares\/"},"modified":"2024-10-25T15:24:58","modified_gmt":"2024-10-25T15:24:58","slug":"jogos-de-cassino-mais-populares","status":"publish","type":"page","link":"https:\/\/env.media\/br\/jogos-de-cassino-mais-populares\/","title":{"rendered":"Uma Olhada nos Jogos de Cassino mais Populares do Brasil"},"content":{"rendered":"\n<p>Os&nbsp;<strong>cassinos online<\/strong>&nbsp;se tornaram extremamente populares no Brasil e, \u00e0 medida que a regulamenta\u00e7\u00e3o se aproxima, essa forma de entretenimento se torna mais aceita na cultura brasileira.&nbsp;<\/p>\n\n\n\n<p>Para entender melhor o que os jogadores brasileiros est\u00e3o jogando,&nbsp;<a href=\"https:\/\/www.kto.com\/pt\/pesquisa\/\" target=\"_blank\" rel=\"noopener\">a pesquisa da KTO.com<\/a>, plataforma de cassino online e apostas esportivas do mercado, foi compartilhada e analisada abaixo para descobrir quais s\u00e3o os jogos mais populares e mais jogados.<\/p>\n\n\n\n<h2 class=\"wp-block-heading\">Explica\u00e7\u00e3o dos Indicadores<\/h2>\n\n\n\n<p>Quatro indicadores principais s\u00e3o usados para categorizar os principais jogos dispon\u00edveis para jogar. S\u00e3o eles:<\/p>\n\n\n\n<ul>\n<li><strong>% de ativos:&nbsp;Porcentagem da base total de jogadores que jogou pelo menos uma rodada de um jogo. Isso \u00e9 calculado por jogo, e n\u00e3o com base em uma porcentagem de todos os jogos combinados.<\/strong><\/li>\n\n\n\n<li><strong>% de Rodadas:&nbsp;<\/strong>Essa \u00e9 a porcentagem do total de rodadas jogadas na plataforma, dividida em um n\u00edvel de jogo. Nos milhares de jogos dispon\u00edveis, a soma sempre ser\u00e1 exatamente 100%.<\/li>\n\n\n\n<li><strong>% de apostas:&nbsp;<\/strong>Essa \u00e9 a porcentagem do valor total das apostas feitas na plataforma, dividida em um n\u00edvel de jogo. Isso tamb\u00e9m sempre somar\u00e1 100% em todos os jogos.<\/li>\n\n\n\n<li><strong>M\u00e9dia de rodadas di\u00e1rias por jogador:&nbsp;<\/strong>Quantidade m\u00e9dia de rodadas que cada jogador da plataforma joga por dia, por jogo.<\/li>\n<\/ul>\n\n\n\n<h2 class=\"wp-block-heading\">Distribui\u00e7\u00e3o da % de rodadas por categoria de jogo<\/h2>\n\n\n\n<p>Abaixo est\u00e1 um detalhamento de quais categorias os jogadores brasileiros&nbsp;<strong>passam seu tempo jogando na plataforma<\/strong>.<\/p>\n\n\n\n<ol>\n<li>Slots: 85%<\/li>\n\n\n\n<li>Crash Games: 5,5%<\/li>\n\n\n\n<li>Roleta: 0,75%<\/li>\n\n\n\n<li>Game Shows: 0.5%<\/li>\n\n\n\n<li>Bingo: 0,4%<\/li>\n\n\n\n<li>Blackjack: 0,06%<\/li>\n\n\n\n<li>Bacar\u00e1: 0,02%<\/li>\n\n\n\n<li>P\u00f4quer: 0.01%<\/li>\n\n\n\n<li>Jogos de dados: 0,01%<\/li>\n<\/ol>\n\n\n\n<p>A grande maioria dos jogadores de cassino joga ca\u00e7a-n\u00edqueis online na plataforma &#8211;&nbsp;<strong>85% de todas as rodadas de jogos&nbsp;<\/strong>s\u00e3o em&nbsp;<strong>m\u00e1quinas ca\u00e7a-n\u00edqueis<\/strong>, enquanto&nbsp;<strong>os crash games&nbsp;<\/strong>ficam bem atr\u00e1s, em segundo lugar, com&nbsp;<strong>5,5% de todas as rodadas<\/strong>.&nbsp;<\/p>\n\n\n\n<p>\u00c9 importante observar aqui que as rodadas dos jogos, embora sejam um bom indicador de popularidade, podem ser&nbsp;<strong>um pouco distorcidas<\/strong>, pois alguns jogos t\u00eam&nbsp;<strong>rodadas&nbsp;<\/strong>muito&nbsp;<strong>mais longas do que outros<\/strong>. As mesas de roleta, por exemplo, t\u00eam rodadas de at\u00e9&nbsp;<strong>40 segundos<\/strong>. Os jogos de ca\u00e7a-n\u00edqueis podem levar de&nbsp;<strong>1 a 2 segundos.&nbsp;<\/strong><\/p>\n\n\n\n<h2 class=\"wp-block-heading\">Distribui\u00e7\u00e3o da popularidade por provedor de jogos<\/h2>\n\n\n\n<p>Ao analisar a popularidade&nbsp;<strong>com base nos provedores de jogos<\/strong>, fica claro quais provedores t\u00eam o melhor desempenho no mercado. A tabela abaixo mostra a popularidade de cada provedor,&nbsp;<strong>classificada pela porcentagem de jogadores ativos.<\/strong><\/p>\n\n\n\n<figure class=\"wp-block-table\"><table><tbody><tr><td><strong>Provedor<\/strong><\/td><td><strong>Ativos %*<\/strong><\/td><td><strong>Rodadas %<\/strong><\/td><td><strong>Apostas %<\/strong><\/td><\/tr><tr><td>PG Soft<\/td><td>294.40%<\/td><td>60.67%<\/td><td>33.70%<\/td><\/tr><tr><td>Pragmatic Play<\/td><td>135.67%<\/td><td>14.61%<\/td><td>10.49%<\/td><\/tr><tr><td>Microgaming<\/td><td>37.16%<\/td><td>4.50%<\/td><td>3.15%<\/td><\/tr><tr><td>Wazdan<\/td><td>28.44%<\/td><td>3.33%<\/td><td>2.06%<\/td><\/tr><tr><td>SPRIBE<\/td><td>27.06%<\/td><td>4.31%<\/td><td>19.43%<\/td><\/tr><tr><td>Evolution<\/td><td>25.53%<\/td><td>1.07%<\/td><td>17.88%<\/td><\/tr><tr><td>Spinomenal<\/td><td>17.01%<\/td><td>0.76%<\/td><td>0.46%<\/td><\/tr><tr><td>Gamomat<\/td><td>14.93%<\/td><td>1.25%<\/td><td>0.69%<\/td><\/tr><tr><td>Play\u2019n GO<\/td><td>12.02%<\/td><td>0.84%<\/td><td>0.48%<\/td><\/tr><tr><td>Platipus<\/td><td>10.39%<\/td><td>0.66%<\/td><td>0.47%<\/td><\/tr><tr><td>Pragmatic Play Live<\/td><td>9.80%<\/td><td>0.37%<\/td><td>4.98%<\/td><\/tr><tr><td>OnlyPlay<\/td><td>9.10%<\/td><td>2.60%<\/td><td>0.25%<\/td><\/tr><tr><td>SmartSoft<\/td><td>9.02%<\/td><td>0.61%<\/td><td>1.89%<\/td><\/tr><tr><td>Indigo Magic<\/td><td>6.11%<\/td><td>0.22%<\/td><td>0.14%<\/td><\/tr><tr><td>Synot<\/td><td>5.46%<\/td><td>0.30%<\/td><td>0.14%<\/td><\/tr><tr><td>Hacksaw Gaming<\/td><td>4.90%<\/td><td>0.13%<\/td><td>0.25%<\/td><\/tr><tr><td>Endorphina<\/td><td>4.78%<\/td><td>0.16%<\/td><td>0.11%<\/td><\/tr><tr><td>Red Tiger<\/td><td>4.38%<\/td><td>0.16%<\/td><td>0.08%<\/td><\/tr><tr><td>Playtech Live<\/td><td>4.21%<\/td><td>0.07%<\/td><td>0.82%<\/td><\/tr><tr><td>Darwin Gaming<\/td><td>4.18%<\/td><td>0.18%<\/td><td>0.28%<\/td><\/tr><\/tbody><\/table><figcaption class=\"wp-element-caption\"><em>*A porcentagem de ativos aparece acima de 100%, pois inclui dados cumulativos de todos os jogos<\/em><\/figcaption><\/figure>\n\n\n\n<p><strong>A PG Soft \u00e9 claramente a favorita&nbsp;<\/strong>e, com base em nossa&nbsp;<a href=\"https:\/\/env.media\/br\/o-que-e-tigrinho-e-por-que-e-popular-no-brasil\/\">recente pesquisa sobre a PG Soft e o Fortune Tiger<\/a>, n\u00e3o \u00e9 surpreendente ver esse provedor no topo da tabela. Seus jogos respondem por incr\u00edveis&nbsp;<strong>60,67% de todas as rodadas jogadas&nbsp;<\/strong>e um ter\u00e7o de todas as apostas feitas na plataforma. Grande parte do&nbsp;<strong>sucesso da PG Soft&nbsp;<\/strong>nesse sentido vem da&nbsp;<strong>s\u00e9rie de jogos &#8220;Fortune&#8221;&nbsp;<\/strong>(leia mais sobre isso na se\u00e7\u00e3o de ca\u00e7a-n\u00edqueis abaixo).&nbsp;<\/p>\n\n\n\n<p>A Pragmatic Play, um provedor de jogos consolidado em muitos mercados, ocupa&nbsp;<strong>o segundo lugar com 14,61% de todas as rodadas de jogos&nbsp;<\/strong>e 10,49% de todas as apostas feitas. Embora esses n\u00fameros ainda sejam extremamente altos para um \u00fanico provedor, eles s\u00e3o&nbsp;<strong>ofuscados pelo sucesso inquestion\u00e1vel da PG Soft&nbsp;<\/strong>no Brasil.<\/p>\n\n\n\n<p><strong>A Spribe<\/strong>, um provedor que teve muito&nbsp;<strong>sucesso inicial com a popularidade do Aviator<\/strong>, caiu&nbsp;<strong>ainda mais na lista&nbsp;<\/strong>\u00e0 medida que novos provedores foram adicionados \u00e0 plataforma. Mesmo assim, a&nbsp;<strong>porcentagem de apostas feitas&nbsp;<\/strong>nos jogos da Spribe permaneceu&nbsp;<strong>alta, 19,34%<\/strong>, o que \u00e9 especialmente impressionante quando se compara&nbsp;<strong>com os 4,31% de rodadas jogadas&nbsp;<\/strong>em seus jogos.<\/p>\n\n\n\n<h2 class=\"wp-block-heading\">Principais ca\u00e7a-n\u00edqueis com base em usu\u00e1rios ativos<\/h2>\n\n\n\n<p>Abaixo, examinamos os principais ca\u00e7a-n\u00edqueis com base na porcentagem de jogadores ativos. A an\u00e1lise desses dados refor\u00e7a o fato de que&nbsp;<strong>a PG Soft e seus t\u00edtulos s\u00e3o os slots mais procurados&nbsp;<\/strong>no Brasil &#8211; exatamente metade da lista \u00e9 composta por jogos da PG Soft.<\/p>\n\n\n\n<figure class=\"wp-block-table\"><table><tbody><tr><td><strong>T\u00edtulo<\/strong><\/td><td><strong>Provedor<\/strong><\/td><td><strong>% Ativos<\/strong><\/td><td><strong>% Rodadas<\/strong><\/td><td><strong>M\u00e9dia de Rodadas di\u00e1rias\/jogador<\/strong><\/td><\/tr><tr><td>Fortune Tiger<\/td><td>PG Soft<\/td><td>58.52%<\/td><td>18.1%<\/td><td>172<\/td><\/tr><tr><td>Fortune Rabbit<\/td><td>PG Soft<\/td><td>42.21%<\/td><td>15.0%<\/td><td>186<\/td><\/tr><tr><td>Fortune Ox<\/td><td>PG Soft<\/td><td>32.73%<\/td><td>7.7%<\/td><td>134<\/td><\/tr><tr><td>Fortune Dragon<\/td><td>PG Soft<\/td><td>30.62%<\/td><td>8.2%<\/td><td>161<\/td><\/tr><tr><td>Fortune Mouse<\/td><td>PG Soft<\/td><td>16.31%<\/td><td>2.5%<\/td><td>101<\/td><\/tr><tr><td>Leprechaun Riches<\/td><td>PG Soft<\/td><td>10.46%<\/td><td>0.7%<\/td><td>75<\/td><\/tr><tr><td>Sweet Bonanza<\/td><td>Pragmatic Play<\/td><td>9.57%<\/td><td>1.0%<\/td><td>87<\/td><\/tr><tr><td>Ganesha Gold<\/td><td>PG Soft<\/td><td>8.65%<\/td><td>0.8%<\/td><td>85<\/td><\/tr><tr><td>7 and Hot Fruits<\/td><td>Platipus<\/td><td>6.96%<\/td><td>0.5%<\/td><td>98<\/td><\/tr><tr><td>Fruit Mania Deluxe<\/td><td>Gamomat<\/td><td>6.55%<\/td><td>0.4%<\/td><td>77<\/td><\/tr><tr><td>Piggy Gold<\/td><td>PG Soft<\/td><td>6.20%<\/td><td>0.6%<\/td><td>91<\/td><\/tr><tr><td>The Great Icescape<\/td><td>PG Soft<\/td><td>6.17%<\/td><td>0.4%<\/td><td>59<\/td><\/tr><tr><td>Candy Blitz Bombs<\/td><td>Pragmatic Play<\/td><td>5.82%<\/td><td>0.4%<\/td><td>74<\/td><\/tr><tr><td>Sweet Bonanza 1000<\/td><td>Pragmatic Play<\/td><td>5.66%<\/td><td>0.3%<\/td><td>80<\/td><\/tr><tr><td>Dragon Hatch<\/td><td>PG Soft<\/td><td>5.60%<\/td><td>1.0%<\/td><td>135<\/td><\/tr><tr><td>Jeitinho Brasileiro<\/td><td>Pragmatic Play<\/td><td>5.60%<\/td><td>0.7%<\/td><td>142<\/td><\/tr><tr><td>Gates of Olympus<\/td><td>Pragmatic Play<\/td><td>4.97%<\/td><td>0.9%<\/td><td>133<\/td><\/tr><tr><td>Gates of Olympus 1000<\/td><td>Pragmatic Play<\/td><td>4.87%<\/td><td>0.7%<\/td><td>108<\/td><\/tr><tr><td>Action Boost 3 Lucky Rainbows<\/td><td>Microgaming<\/td><td>4.83%<\/td><td>0.9%<\/td><td>158<\/td><\/tr><tr><td>Sugar Rush<\/td><td>Pragmatic Play<\/td><td>4.57%<\/td><td>0.5%<\/td><td>97<\/td><\/tr><\/tbody><\/table><\/figure>\n\n\n\n<p>A&nbsp;<strong>s\u00e9rie de slots Fortune domina&nbsp;<\/strong>a lista dos principais ca\u00e7a-n\u00edqueis, com o&nbsp;<strong>Fortune Tiger&nbsp;<\/strong>ocupando a primeira posi\u00e7\u00e3o, com&nbsp;<strong>58,52% dos jogadores&nbsp;<\/strong>da plataforma tendo jogado pelo menos uma vez. O jogo tamb\u00e9m est\u00e1 no topo da tabela de porcentagem de rodadas jogadas, com&nbsp;<strong>18,1%<\/strong>, e \u00e9 um dos jogos com a maior m\u00e9dia di\u00e1ria de rodadas por jogador.&nbsp;<\/p>\n\n\n\n<p>O \u00fanico jogo com rodadas m\u00e9dias mais altas \u00e9 o Fortune Rabbit, o segundo jogo mais popular da plataforma.<\/p>\n\n\n\n<h2 class=\"wp-block-heading\">Principais jogos de Crash com base em usu\u00e1rios ativos<\/h2>\n\n\n\n<p>A seguir, daremos uma olhada no mais novo fen\u00f4meno dos jogos de cassino online e na&nbsp;<strong>segunda maior categoria de jogos&nbsp;<\/strong>no Brasil: os crash games. Recentemente, houve um debate sobre a&nbsp;<a href=\"https:\/\/env.media\/br\/por-que-os-crash-games-sao-legais-no-brasil\/\">legalidade dos crash games<\/a>&nbsp;no mercado. No entanto, com base na pr\u00f3pria defini\u00e7\u00e3o do que eles s\u00e3o, \u00e9 f\u00e1cil argumentar que eles&nbsp;<strong>est\u00e3o cobertos pela Lei n\u00ba 14.790\/2023.<\/strong><\/p>\n\n\n\n<figure class=\"wp-block-table\"><table><tbody><tr><td><strong>T\u00edtulo<\/strong><\/td><td><strong>Provedor<\/strong><\/td><td><strong>% Ativos<\/strong><\/td><td><strong>% Rodadas<\/strong><\/td><td><strong>M\u00e9dia de Rodadas di\u00e1rias\/jogador<\/strong><\/td><\/tr><tr><td>Aviator<\/td><td>SPRIBE<\/td><td>20.46%<\/td><td>3.64%<\/td><td>97<\/td><\/tr><tr><td>Spaceman<\/td><td>Pragmatic Play<\/td><td>3.88%<\/td><td>0.17%<\/td><td>36<\/td><\/tr><tr><td>Mines<\/td><td>SPRIBE<\/td><td>3.71%<\/td><td>0.32%<\/td><td>74<\/td><\/tr><tr><td>JetX<\/td><td>SmartSoft<\/td><td>3.65%<\/td><td>0.22%<\/td><td>33<\/td><\/tr><tr><td>Luva Melhor do Mundo<\/td><td>Darwin Gaming<\/td><td>2.18%<\/td><td>0.11%<\/td><td>56<\/td><\/tr><tr><td>Book of Mines<\/td><td>Turbo Games<\/td><td>1.98%<\/td><td>0.01%<\/td><td>12<\/td><\/tr><tr><td>Balloon<\/td><td>SmartSoft<\/td><td>1.90%<\/td><td>0.09%<\/td><td>46<\/td><\/tr><tr><td>Plinko<\/td><td>Gaming Corps<\/td><td>1.75%<\/td><td>0.03%<\/td><td>27<\/td><\/tr><tr><td>Goal<\/td><td>SPRIBE<\/td><td>1.69%<\/td><td>0.25%<\/td><td>130<\/td><\/tr><tr><td>Goal<\/td><td>SmartSoft<\/td><td>0.91%<\/td><td>0.13%<\/td><td>135<\/td><\/tr><tr><td>FlyX<\/td><td>Microgaming<\/td><td>0.70%<\/td><td>0.06%<\/td><td>50<\/td><\/tr><tr><td>Piggy Smash<\/td><td>Gaming Corps<\/td><td>0.62%<\/td><td>0.05%<\/td><td>104<\/td><\/tr><tr><td>Mine Island<\/td><td>SmartSoft<\/td><td>0.47%<\/td><td>0.04%<\/td><td>78<\/td><\/tr><tr><td>Paper Lanterns<\/td><td>Mascot Gaming<\/td><td>0.45%<\/td><td>0.00%<\/td><td>8<\/td><\/tr><tr><td>Mines<\/td><td>Turbo Games<\/td><td>0.41%<\/td><td>0.04%<\/td><td>74<\/td><\/tr><tr><td>Plinko<\/td><td>SPRIBE<\/td><td>0.33%<\/td><td>0.01%<\/td><td>50<\/td><\/tr><tr><td>Mines Dare2Win<\/td><td>Hacksaw Gaming<\/td><td>0.30%<\/td><td>0.02%<\/td><td>56<\/td><\/tr><tr><td>Hook Up! Fishing Wars<\/td><td>Mascot Gaming<\/td><td>0.29%<\/td><td>0.00%<\/td><td>2<\/td><\/tr><tr><td>1Tap Mines<\/td><td>Turbo Games<\/td><td>0.28%<\/td><td>0.01<\/td><td>39<\/td><\/tr><\/tbody><\/table><\/figure>\n\n\n\n<p>O&nbsp;<strong>Aviator, da Spribe, est\u00e1 no topo da tabela<\/strong>, e isso n\u00e3o \u00e9 nenhuma surpresa, j\u00e1 que esse \u00e9 um dos jogos originais de crash que explodiu em popularidade no Brasil. Com&nbsp;<strong>20,46% de todos os jogadores que o experimentaram&nbsp;<\/strong>pelo menos uma vez, \u00e9 um dos \u00fanicos jogos que n\u00e3o s\u00e3o de ca\u00e7a-n\u00edqueis que se aproxima dos n\u00edveis vistos na s\u00e9rie Fortune.&nbsp;<\/p>\n\n\n\n<p>A popularidade dos crash games n\u00e3o est\u00e1 ligada a provedores espec\u00edficos, como pode ser visto na categoria de ca\u00e7a-n\u00edqueis. No entanto, os&nbsp;<strong>primeiros a entrar na categoria<\/strong>, como o Spribe, s\u00e3o&nbsp;<strong>os mais populares<\/strong>.<\/p>\n\n\n\n<h2 class=\"wp-block-heading\">Principais mesas de roleta com base em usu\u00e1rios ativos<\/h2>\n\n\n\n<p>A roleta \u00e9 a maior categoria de jogos de cassino ao vivo no Brasil. Embora seus n\u00fameros n\u00e3o cheguem nem perto do grande volume que vemos nos ca\u00e7a-n\u00edqueis, ainda h\u00e1 um grande interesse neles.&nbsp;<\/p>\n\n\n\n<figure class=\"wp-block-table\"><table><tbody><tr><td><strong>T\u00edtulo<\/strong><\/td><td><strong>Provedor<\/strong><\/td><td><strong>% Ativos<\/strong><\/td><td><strong>% Rodadas<\/strong><\/td><td><strong>M\u00e9dia de Rodadas di\u00e1rias\/jogador<\/strong><\/td><\/tr><tr><td>Roleta Ao Vivo<\/td><td>Pragmatic Play ao vivo<\/td><td>3.79%<\/td><td>0.17%<\/td><td>34<\/td><\/tr><tr><td>Roleta Rel\u00e2mpago Brasileira<\/td><td>Evolution<\/td><td>2.11%<\/td><td>0.11%<\/td><td>37<\/td><\/tr><tr><td>Roleta Rel\u00e2mpago Brasileira<\/td><td>Evolution<\/td><td>1.97%<\/td><td>0.10%<\/td><td>36<\/td><\/tr><tr><td>Roleta Brasileira<\/td><td>Playtech Live<\/td><td>1.30%<\/td><td>0.02%<\/td><td>17<\/td><\/tr><tr><td>Roleta Brasileira Ao Vivo<\/td><td>Evolution<\/td><td>1.05%<\/td><td>0.07%<\/td><td>38<\/td><\/tr><tr><td>Roleta Brasileira Ao Vivo<\/td><td>Evolution<\/td><td>0.63%<\/td><td>0.03%<\/td><td>40<\/td><\/tr><tr><td>XXXTreme Lightning Roulette<\/td><td>Evolution<\/td><td>0.63%<\/td><td>0.02%<\/td><td>26<\/td><\/tr><tr><td>XXXTreme Lightning Roulette<\/td><td>Evolution<\/td><td>0.62%<\/td><td>0.02%<\/td><td>28<\/td><\/tr><tr><td>Auto Mega Roulette<\/td><td>Pragmatic Play ao vivo<\/td><td>0.56%<\/td><td>0.01%<\/td><td>22<\/td><\/tr><tr><td>Power Up Roulette<\/td><td>Pragmatic Play ao vivo<\/td><td>0.31%<\/td><td>0.01%<\/td><td>27<\/td><\/tr><tr><td>Mega Roulette<\/td><td>Pragmatic Play ao vivo<\/td><td>0.30%<\/td><td>0.01%<\/td><td>24<\/td><\/tr><tr><td>Roleta Rel\u00e2mpago Brasileira<\/td><td>Evolution<\/td><td>0.28%<\/td><td>0.01%<\/td><td>31<\/td><\/tr><tr><td>Lucky 6 Roulette<\/td><td>Pragmatic Play ao vivo<\/td><td>0.25%<\/td><td>0.01%<\/td><td>27<\/td><\/tr><tr><td>Mini Roulette<\/td><td>SPRIBE<\/td><td>0.24%<\/td><td>0.01%<\/td><td>53<\/td><\/tr><tr><td>Lightning Roulette<\/td><td>Evolution<\/td><td>0.22%<\/td><td>0.01%<\/td><td>21<\/td><\/tr><tr><td>Roulette Azure<\/td><td>Pragmatic Play ao vivo<\/td><td>0.21%<\/td><td>0.01%<\/td><td>36<\/td><\/tr><tr><td>Lightning Roulette<\/td><td>Evolution<\/td><td>0.20%<\/td><td>0.00%<\/td><td>19<\/td><\/tr><tr><td>Mega Fire Blaze Ruleta Espa\u00f1a<\/td><td>Playtech Live<\/td><td>0.17%<\/td><td>0.00%<\/td><td>13<\/td><\/tr><tr><td>Red Door Roulette<\/td><td>Evolution<\/td><td>0.16%<\/td><td>0.01%<\/td><td>24<\/td><\/tr><tr><td>Roleta Brasileira Ao Vivo<\/td><td>Evolution<\/td><td>0.15%<\/td><td>0.01%<\/td><td>46<\/td><\/tr><\/tbody><\/table><\/figure>\n\n\n\n<p>Pode n\u00e3o ser surpresa, mas as&nbsp;<strong>mesas de roleta localizadas&nbsp;<\/strong>s\u00e3o, de longe, as&nbsp;<strong>mais populares&nbsp;<\/strong>no Brasil. Isso se deve ao fato de que elas oferecem mesas com&nbsp;<strong>crupi\u00eas locais&nbsp;<\/strong>que facilitam muito a compreens\u00e3o do jogo para novos jogadores.&nbsp;<strong>A Roleta ao Vivo da Pragmatic Play&nbsp;<\/strong>ocupa o primeiro lugar, com&nbsp;<strong>3,79%&nbsp;<\/strong>de todos os jogadores ativos experimentando-a pelo menos uma vez.&nbsp;<\/p>\n\n\n\n<p>Vale a pena observar que os dados acima s\u00e3o feitos por mesa &#8211; portanto, h\u00e1 alguns casos em que&nbsp;<strong>os provedores ter\u00e3o duas mesas&nbsp;<\/strong>para o mesmo jogo. Esse \u00e9 o caso da&nbsp;<strong>Roleta Rel\u00e2mpago Brasileira&nbsp;<\/strong>da Evolution \u2014 a vers\u00e3o localizada da Lightning Roulette \u2014,&nbsp;<strong>Roleta Brasileira Ao Vivo&nbsp;<\/strong>e&nbsp;<strong>XXXTreme Lightning Roulette<\/strong>.<\/p>\n\n\n\n<h2 class=\"wp-block-heading\">Principais Game Shows com base em usu\u00e1rios ativos<\/h2>\n\n\n\n<p>Os Game Shows s\u00e3o outra categoria de jogos de cassino relativamente nova &#8211; e que\u00a0<strong>tem ganhado for\u00e7a no Brasil<\/strong>\u00a0nos \u00faltimos anos. Saiba mais sobre os t\u00edtulos mais populares abaixo.<\/p>\n\n\n\n<figure class=\"wp-block-table\"><table><tbody><tr><td>T\u00edtulo&nbsp;<\/td><td>Provedor<\/td><td>% Ativos<\/td><td>% Rodadas<\/td><td>M\u00e9dia de Rodadas di\u00e1rias\/jogador<\/td><\/tr><tr><td>Sweet Bonanza CandyLand<\/td><td>Pragmatic Play ao vivo<\/td><td>1.01%<\/td><td>0.03%<\/td><td>23<\/td><\/tr><tr><td>Crazy Time<\/td><td>Evolution<\/td><td>0.96%<\/td><td>0.05%<\/td><td>37<\/td><\/tr><tr><td>Crazy Time<\/td><td>Evolution<\/td><td>0.96%<\/td><td>0.05%<\/td><td>40<\/td><\/tr><tr><td>Mega Wheel&nbsp;<\/td><td>Pragmatic Play ao vivo<\/td><td>0.63%<\/td><td>0.04%<\/td><td>39<\/td><\/tr><tr><td>Football Studio Ao Vivo<\/td><td>Evolution<\/td><td>0.48%<\/td><td>0.02%<\/td><td>42<\/td><\/tr><tr><td>Super Trunfo Futebol<\/td><td>Pragmatic Play ao vivo<\/td><td>0.33%<\/td><td>0.00%<\/td><td>18<\/td><\/tr><tr><td>Stock Market<\/td><td>Evolution<\/td><td>0.30%<\/td><td>0.01%<\/td><td>29<\/td><\/tr><tr><td>Monopoly Live<\/td><td>Evolution<\/td><td>0.28%<\/td><td>0.01%<\/td><td>28<\/td><\/tr><tr><td>Treasure Island<\/td><td>Pragmatic Play ao vivo<\/td><td>0.26%<\/td><td>0.01%<\/td><td>23<\/td><\/tr><tr><td>Boom City<\/td><td>Pragmatic Play ao vivo<\/td><td>0.25%<\/td><td>0.01%<\/td><td>28<\/td><\/tr><tr><td>Futebol Studio Ao Vivo<\/td><td>Evolution<\/td><td>0.23%<\/td><td>0.01%<\/td><td>35<\/td><\/tr><tr><td>Lightning 6<\/td><td>Evolution<\/td><td>0.19%<\/td><td>0.00%<\/td><td>15<\/td><\/tr><tr><td>Monopoly Live<\/td><td>Evolution<\/td><td>0.18%<\/td><td>0.01%<\/td><td>32<\/td><\/tr><tr><td>Funky Time<\/td><td>Evolution<\/td><td>0.18%<\/td><td>0.01%<\/td><td>35<\/td><\/tr><\/tbody><\/table><\/figure>\n\n\n\n<p>Essa \u00e9 uma categoria de jogos que&nbsp;<strong>poucos provedores&nbsp;<\/strong>conseguiram criar conte\u00fado &#8211; \u00e9 exatamente por isso que voc\u00ea s\u00f3 ver\u00e1&nbsp;<strong>Evolution e Pragmatic Play Live&nbsp;<\/strong>na tabela acima.&nbsp;<\/p>\n\n\n\n<p><strong>O game show Sweet Bonanza Candyland,&nbsp;<\/strong>da Evolution, assume a lideran\u00e7a com&nbsp;<strong>pouco mais de 1% de todos os jogadores ativos&nbsp;<\/strong>que j\u00e1 o jogaram uma vez. Isso pode ser creditado ao fato de o slot&nbsp;<strong>Sweet Bonanza&nbsp;<\/strong>ser um dos&nbsp;<strong>ca\u00e7a-n\u00edqueis online mais populares da plataforma.&nbsp;<\/strong><\/p>\n\n\n\n<p><strong>O Crazy Time da Evolution&nbsp;<\/strong>est\u00e1 em segundo lugar, com ambas as mesas respondendo por&nbsp;<strong>0,96% dos ativos.<\/strong><\/p>\n\n\n\n<h2 class=\"wp-block-heading\">Melhores mesas de blackjack com base em usu\u00e1rios ativos<\/h2>\n\n\n\n<p>O blackjack \u00e9 uma das&nbsp;<strong>categorias de jogos mais espec\u00edficas&nbsp;<\/strong>do mercado brasileiro. Isso provavelmente se deve \u00e0&nbsp;<strong>alta barreira para jogar<\/strong>, pois os jogadores precisam ter&nbsp;<strong>algum conhecimento pr\u00e9vio do jogo&nbsp;<\/strong>para jog\u00e1-lo corretamente.&nbsp;<strong>As rodadas tamb\u00e9m s\u00e3o longas&nbsp;<\/strong>e podem se estender por muito mais tempo do que em outros tipos de jogos. Isso fica muito evidente quando se&nbsp;<strong>compara a m\u00e9dia di\u00e1ria de rodadas&nbsp;<\/strong>por jogador com a de outras categorias de jogos.<\/p>\n\n\n\n<figure class=\"wp-block-table\"><table><tbody><tr><td><strong>T\u00edtulo<\/strong><\/td><td><strong>Provedor<\/strong><\/td><td><strong>% Ativos<\/strong><\/td><td><strong>% Rodadas<\/strong><\/td><td><strong>M\u00e9dia de Rodadas di\u00e1rias\/jogador<\/strong><\/td><\/tr><tr><td>Blackjack Ilimitado Ao Vivo<\/td><td>Evolution<\/td><td>0.18%<\/td><td>0.0049%<\/td><td>23<\/td><\/tr><tr><td>Blackjack Ilimitado Ao Vivo<\/td><td>Evolution<\/td><td>0.12%<\/td><td>0.0053%<\/td><td>33<\/td><\/tr><tr><td>All Bets Blackjack Live<\/td><td>Playtech Live<\/td><td>0.09%<\/td><td>0.0006%<\/td><td>10<\/td><\/tr><tr><td>Blackjack Ilimitado Ao Vivo<\/td><td>Evolution<\/td><td>0.08%<\/td><td>0.0020%<\/td><td>23<\/td><\/tr><tr><td>One Blackjack<\/td><td>Pragmatic Play ao vivo<\/td><td>0.07%<\/td><td>0.0004%<\/td><td>7<\/td><\/tr><tr><td>Blackjack em Portugu\u00eas 1<\/td><td>Evolution<\/td><td>0.07%<\/td><td>0.0009%<\/td><td>14<\/td><\/tr><tr><td>First Person Blackjack<\/td><td>Evolution<\/td><td>0.05%<\/td><td>0.0056%<\/td><td>93<\/td><\/tr><tr><td>First Person Blackjack<\/td><td>Evolution<\/td><td>0.05%<\/td><td>0.0036%<\/td><td>59<\/td><\/tr><tr><td>Blackjack Cl\u00e1ssico Brasileiro em Portugu\u00eas 1<\/td><td>Evolution<\/td><td>0.05%<\/td><td>0.0009%<\/td><td>17<\/td><\/tr><tr><td>Infinite Blackjack<\/td><td>Evolution<\/td><td>0.05%<\/td><td>0.0012%<\/td><td>18<\/td><\/tr><tr><td>Blackjack Cl\u00e1ssico Brasileiro em Portugu\u00eas 2<\/td><td>Evolution<\/td><td>0.04%<\/td><td>0.0003%<\/td><td>8<\/td><\/tr><tr><td>Blackjack em Portugu\u00eas 1<\/td><td>Evolution<\/td><td>0.04%<\/td><td>0.0009%<\/td><td>19<\/td><\/tr><tr><td>Blackjack Cl\u00e1ssico Brasileiro em Portugu\u00eas 2<\/td><td>Evolution<\/td><td>0.04%<\/td><td>0.0006%<\/td><td>14<\/td><\/tr><tr><td>Blackjack Cl\u00e1ssico em Portugu\u00eas 5<\/td><td>Evolution<\/td><td>0.03%<\/td><td>0.0006%<\/td><td>17<\/td><\/tr><tr><td>Blackjack Cl\u00e1ssico em Portugu\u00eas 13<\/td><td>Evolution<\/td><td>0.03%<\/td><td>0.0004%<\/td><td>13<\/td><\/tr><tr><td>Blackjack Cl\u00e1ssico em Portugu\u00eas 12<\/td><td>Evolution<\/td><td>0.03%<\/td><td>0.0005%<\/td><td>12<\/td><\/tr><tr><td>Blackjack Cl\u00e1ssico Brasileiro em Portugu\u00eas 3<\/td><td>Evolution<\/td><td>0.03%<\/td><td>0.0005%<\/td><td>15<\/td><\/tr><tr><td>Blackjack Cl\u00e1ssico em Portugu\u00eas 9<\/td><td>Evolution<\/td><td>0.03%<\/td><td>0.0004%<\/td><td>11<\/td><\/tr><tr><td>Free Bet Blackjack<\/td><td>Evolution<\/td><td>0.03%<\/td><td>0.0005%<\/td><td>12<\/td><\/tr><\/tbody><\/table><\/figure>\n\n\n\n<p>Assim como na roleta, os&nbsp;<strong>jogos mais populares&nbsp;<\/strong>aqui tamb\u00e9m s\u00e3o as&nbsp;<strong>mesas localizadas<\/strong>. O Blackjack Ilimitado Ao Vivo da Evolution ocupa a posi\u00e7\u00e3o 1 e 2 na tabela com 0,18% e 0,12% dos ativos.<\/p>\n\n\n\n<p>Tamb\u00e9m vale a pena observar que&nbsp;<strong>a Evolution domina a tabela&nbsp;<\/strong>de jogos principais, com apenas duas tabelas de outros provedores.&nbsp;<\/p>\n\n\n\n<h2 class=\"wp-block-heading\">Jogadores brasileiros buscam a PG Soft acima de tudo<\/h2>\n\n\n\n<p>Uma coisa fica muito clara quando analisamos os dados acima:&nbsp;<strong>Os jogadores brasileiros procuram os t\u00edtulos da PG Soft&nbsp;<\/strong>acima de qualquer outra coisa. Mais especificamente, eles querem jogar o Fortune Tiger ou os outros t\u00edtulos da s\u00e9rie de jogos Fortune.&nbsp;<\/p>\n\n\n\n<p>Embora outros provedores como a Pragmatic Play e a Spribe sejam concorrentes not\u00e1veis,&nbsp;<strong>a PG Soft tem um dom\u00ednio firme&nbsp;<\/strong>sobre o entretenimento de cassino no Brasil.&nbsp;<\/p>\n","protected":false},"excerpt":{"rendered":"<p>Para entender completamente o que os jogadores brasileiros est\u00e3o jogando, foram analisadas pesquisas para descobrir quais s\u00e3o os jogos mais populares e mais frequentemente jogados.<\/p>\n","protected":false},"author":3,"featured_media":5467,"parent":0,"menu_order":0,"comment_status":"closed","ping_status":"closed","template":"","meta":{"inline_featured_image":false,"footnotes":""},"categories":[160],"tags":[],"_links":{"self":[{"href":"https:\/\/env.media\/br\/wp-json\/wp\/v2\/pages\/5856"}],"collection":[{"href":"https:\/\/env.media\/br\/wp-json\/wp\/v2\/pages"}],"about":[{"href":"https:\/\/env.media\/br\/wp-json\/wp\/v2\/types\/page"}],"author":[{"embeddable":true,"href":"https:\/\/env.media\/br\/wp-json\/wp\/v2\/users\/3"}],"replies":[{"embeddable":true,"href":"https:\/\/env.media\/br\/wp-json\/wp\/v2\/comments?post=5856"}],"version-history":[{"count":1,"href":"https:\/\/env.media\/br\/wp-json\/wp\/v2\/pages\/5856\/revisions"}],"predecessor-version":[{"id":7192,"href":"https:\/\/env.media\/br\/wp-json\/wp\/v2\/pages\/5856\/revisions\/7192"}],"wp:featuredmedia":[{"embeddable":true,"href":"https:\/\/env.media\/br\/wp-json\/wp\/v2\/media\/5467"}],"wp:attachment":[{"href":"https:\/\/env.media\/br\/wp-json\/wp\/v2\/media?parent=5856"}],"wp:term":[{"taxonomy":"category","embeddable":true,"href":"https:\/\/env.media\/br\/wp-json\/wp\/v2\/categories?post=5856"},{"taxonomy":"post_tag","embeddable":true,"href":"https:\/\/env.media\/br\/wp-json\/wp\/v2\/tags?post=5856"}],"curies":[{"name":"wp","href":"https:\/\/api.w.org\/{rel}","templated":true}]}}