{"id":5849,"date":"2024-05-22T12:10:24","date_gmt":"2024-05-22T12:10:24","guid":{"rendered":"https:\/\/env.media\/chamada-de-trabalhos-seminario-env-media\/"},"modified":"2024-10-25T15:21:15","modified_gmt":"2024-10-25T15:21:15","slug":"chamada-de-trabalhos-seminario-env-media","status":"publish","type":"page","link":"https:\/\/env.media\/br\/chamada-de-trabalhos-seminario-env-media\/","title":{"rendered":"Chamada de Trabalhos para o Semin\u00e1rio Brasileiro ENV Media sobre iGaming"},"content":{"rendered":"\n<figure class=\"wp-block-table\"><table class=\"has-base-3-color has-accent-2-background-color has-text-color has-background has-link-color\"><tbody><tr><td>19 de setembro de 2024 (TBC)<\/td><\/tr><tr><td>9:00 BRT (14:00 CET)<\/td><\/tr><tr><td>Transmitido ao vivo no <a href=\"https:\/\/www.youtube.com\/@envmedia9581\" target=\"_blank\" rel=\"noopener\"><strong>canal <\/strong>da ENV Media no <strong>YouTube<\/strong><\/a><\/td><\/tr><\/tbody><\/table><figcaption class=\"wp-element-caption\">O primeiro <a href=\"https:\/\/env.media\/br\/seminario-brasileiro-env-media-igaming\/\">Semin\u00e1rio Brasileiro ENV Media sobre iGaming <\/a>tem como objetivo reunir pesquisadores e convidados especiais para discutir iniciativas capazes de consolidar a emergente ind\u00fastria de iGaming no Brasil a partir das perspectivas de transpar\u00eancia, equidade e responsabilidade social.<br><br>Apesar da expans\u00e3o da regulamenta\u00e7\u00e3o e do evidente crescimento do setor de iGaming em todo o mundo, n\u00e3o h\u00e1 consenso entre os pesquisadores sobre o pr\u00f3prio conceito de \u201cjogo\u201d (<a href=\"https:\/\/www.gold.ac.uk\/media\/documents-by-section\/departments\/anthropology\/Fair-Game-Web-Final.pdf\" target=\"_blank\" rel=\"noopener\">Cassidy et al, 2013<\/a>). O conceito de jogo com dinheiro real e seu impacto social e econ\u00f4mico t\u00eam sido abordados ao longo dos anos em esfor\u00e7os de pesquisa, com t\u00f3picos que v\u00e3o da psicologia \u00e0 matem\u00e1tica. No entanto, os estudos sobre jogos de azar surgiram apenas recentemente como um campo de pesquisa reconhecido.<br><br>No contexto de um mercado de jogos de azar brasileiro incipiente (e de uma <a href=\"https:\/\/env.media\/br\/regulamentacao-jogos-cassino-brasil-insights-pesquisa\/\">regulamenta\u00e7\u00e3o ainda recente<\/a>), <strong>convidamos a submiss\u00e3o de artigos que avancem na pesquisa do tema<\/strong>. Os estudos eleg\u00edveis &#8211; existentes ou novos\/em andamento &#8211; contribuiriam para preencher a lacuna de conhecimento na literatura, abordando quest\u00f5es nacionais brasileiras ou tend\u00eancias globais relacionadas e din\u00e2micas de mercado.<br><br>A ENV Media aceitar\u00e1 submiss\u00f5es individuais e em coautoria, de estudantes de gradua\u00e7\u00e3o e p\u00f3s-gradua\u00e7\u00e3o, pesquisadores e membros do corpo docente de todos os n\u00edveis. A sele\u00e7\u00e3o dos trabalhos enviados ser\u00e1 conduzida pela equipe de pesquisa da ENV Media.<br><br>Estamos particularmente interessados em trabalhos que abordem a influ\u00eancia <strong>probabil\u00edstica <\/strong>e <strong>estat\u00edstica <\/strong>nas decis\u00f5es dos jogadores; diferen\u00e7as no <strong>comportamento dos jogadores<\/strong> entre jogos formais e informais; o conceito de <strong>jogo respons\u00e1vel<\/strong> por meio de insights sobre os impactos na <strong>sa\u00fade mental<\/strong>; e o impacto do mercado de cassinos no Produto Interno Bruto (PIB &#8211; local, estadual ou federal) brasileiro e a distribui\u00e7\u00e3o de <strong>benef\u00edcios econ\u00f4micos<\/strong>, entre outros.<br><br>Consequentemente, as contribui\u00e7\u00f5es podem abordar os seguintes t\u00f3picos sem, no entanto, limitar-se a eles:<br><br>1. Probabilidade, estat\u00edstica e prefer\u00eancias em jogos de azar<br>2. Impactos dos jogos de azar na qu\u00edmica do c\u00e9rebro<br>3. Entendendo o RTP em jogos de azar<br>4. O cassino e a tribo de apostas: T\u00e9cnicas de marketing contempor\u00e2neas<br>5. An\u00e1lise dos resultados dos jogos de roleta<br>6. Redu\u00e7\u00e3o de riscos e determinantes psicol\u00f3gicos nos jogos de azar<br>7. Impactos dos avan\u00e7os tecnol\u00f3gicos no comportamento dos jogos de azar<br>8. Tomada de decis\u00f5es e informa\u00e7\u00f5es em jogos de azar<br>9. Simula\u00e7\u00e3o Mental, Vi\u00e9s Cognitivo e Mem\u00f3ria em Jogos de Azar<br>10. Teste de estrat\u00e9gias de roleta de apostas<br>11. Seguran\u00e7a nos jogos de azar on-line<br>12. Impactos internacionais do mercado de cassinos na economia brasileira<br>13. Sa\u00fade mental e jogos de azar online<br>14. iGaming e quest\u00f5es ambientais, sociais e de governan\u00e7a (ESG)<br>15. Bots de jogos de cassino em aplicativos de mensagens<br><br><strong>Prazos para submiss\u00e3o:<\/strong><br><br><strong>Envio de resumos<\/strong>: <strong>31 de julho de 2024<\/strong>.<br><br>As inscri\u00e7\u00f5es devem ser enviadas por meio <a href=\"https:\/\/docs.google.com\/forms\/d\/e\/1FAIpQLSf16PdyIeufA1Mr7QtfH1FYfBm1VItFXGQ5Epsd6_JebVmQHA\/viewform\" target=\"_blank\" rel=\"noopener\"><strong>deste formul\u00e1rio<\/strong><\/a>, juntamente com nome completo, filia\u00e7\u00e3o, endere\u00e7o de e-mail e t\u00edtulo acad\u00eamico. Os resumos n\u00e3o devem exceder 500 palavras. Somente os autores das propostas selecionadas ser\u00e3o notificados at\u00e9 2 de agosto de 2024.<br><br><strong>Envio de artigos completos<\/strong>: <strong>16 de agosto de 2024.<\/strong><br><br>Os artigos n\u00e3o devem exceder 20.000 caracteres com espa\u00e7os. Confira as diretrizes para envio de artigos abaixo. <br><br>Fa\u00e7a o <strong>download <\/strong>do <a href=\"https:\/\/docs.google.com\/document\/d\/1cItSD-Fq80_U8uUpIbbcrS5FJN8Ca9gVkME6ICzVrKQ\/edit?usp=sharing\" target=\"_blank\" rel=\"noopener\"><strong>template para artigos aqui<\/strong><\/a><strong>.<\/strong><br>D\u00favidas podem ser enviadas para o email <strong><a href=\"mailto:seminario@env.media\">seminario@env.media<\/a><\/strong>.<\/figcaption><\/figure>\n","protected":false},"excerpt":{"rendered":"<p>Chamada de trabalhos: Semin\u00e1rio Brasileiro ENV Media sobre iGaming. Envie sua pesquisa e participe de uma discuss\u00e3o sobre transpar\u00eancia, equidade e responsabilidade social em jogos de azar online.<\/p>\n","protected":false},"author":6,"featured_media":4848,"parent":0,"menu_order":0,"comment_status":"closed","ping_status":"closed","template":"","meta":{"inline_featured_image":false,"footnotes":""},"categories":[160],"tags":[],"_links":{"self":[{"href":"https:\/\/env.media\/br\/wp-json\/wp\/v2\/pages\/5849"}],"collection":[{"href":"https:\/\/env.media\/br\/wp-json\/wp\/v2\/pages"}],"about":[{"href":"https:\/\/env.media\/br\/wp-json\/wp\/v2\/types\/page"}],"author":[{"embeddable":true,"href":"https:\/\/env.media\/br\/wp-json\/wp\/v2\/users\/6"}],"replies":[{"embeddable":true,"href":"https:\/\/env.media\/br\/wp-json\/wp\/v2\/comments?post=5849"}],"version-history":[{"count":1,"href":"https:\/\/env.media\/br\/wp-json\/wp\/v2\/pages\/5849\/revisions"}],"predecessor-version":[{"id":7187,"href":"https:\/\/env.media\/br\/wp-json\/wp\/v2\/pages\/5849\/revisions\/7187"}],"wp:featuredmedia":[{"embeddable":true,"href":"https:\/\/env.media\/br\/wp-json\/wp\/v2\/media\/4848"}],"wp:attachment":[{"href":"https:\/\/env.media\/br\/wp-json\/wp\/v2\/media?parent=5849"}],"wp:term":[{"taxonomy":"category","embeddable":true,"href":"https:\/\/env.media\/br\/wp-json\/wp\/v2\/categories?post=5849"},{"taxonomy":"post_tag","embeddable":true,"href":"https:\/\/env.media\/br\/wp-json\/wp\/v2\/tags?post=5849"}],"curies":[{"name":"wp","href":"https:\/\/api.w.org\/{rel}","templated":true}]}}