{"id":5848,"date":"2024-05-01T14:46:06","date_gmt":"2024-05-01T14:46:06","guid":{"rendered":"https:\/\/env.media\/seminario-brasileiro-env-media-igaming\/"},"modified":"2024-10-25T15:24:06","modified_gmt":"2024-10-25T15:24:06","slug":"seminario-brasileiro-env-media-igaming","status":"publish","type":"page","link":"https:\/\/env.media\/br\/seminario-brasileiro-env-media-igaming\/","title":{"rendered":"Semin\u00e1rio Brasileiro ENV Media sobre iGaming"},"content":{"rendered":"\n<figure class=\"wp-block-table\"><table class=\"has-base-3-color has-accent-2-background-color has-text-color has-background has-link-color\"><tbody><tr><td>19 de setembro de 2024<\/td><\/tr><tr><td>9:00 BRT (14:00 CET)<\/td><\/tr><tr><td>Transmitido ao vivo no <a href=\"https:\/\/www.youtube.com\/@envmedia9581\" target=\"_blank\" rel=\"noopener\"><strong>canal <\/strong>da ENV Media no <strong>YouTube<\/strong><\/a><\/td><\/tr><\/tbody><\/table><\/figure>\n\n\n\n<h2 class=\"wp-block-heading\"><strong>Revelando o Potencial do Jogo Regulamentado no Brasil<\/strong><\/h2>\n\n\n\n<p>Junte-se a n\u00f3s no Semin\u00e1rio Brasileiro da ENV Media sobre iGaming, o nosso primeiro evento on-line dedicado \u00e0 <strong>transpar\u00eancia<\/strong>, \u00e0 <strong>imparcialidade <\/strong>e \u00e0 <strong>responsabilidade social <\/strong>no maior mercado regulamentado de jogos online do mundo.<\/p>\n\n\n\n<h3 class=\"wp-block-heading\"><strong>Destaques do Evento<\/strong><\/h3>\n\n\n\n<h4 class=\"wp-block-heading\"><strong>Palestrantes Convidados<\/strong><\/h4>\n\n\n\n<p><strong>Andreas Bardun<\/strong>, CEO do Grupo KTO, compartilhar\u00e1 informa\u00e7\u00f5es valiosas sobre a <strong>curva de aprendizado <\/strong>da KTO no Brasil e o papel fundamental do conceito de <strong>Jogo Respons\u00e1vel<\/strong>.<\/p>\n\n\n\n<h4 class=\"wp-block-heading\"><strong>Pain\u00e9is e Sess\u00f5es com Especialistas<\/strong><\/h4>\n\n\n\n<p>O semin\u00e1rio contar\u00e1 com diversas sess\u00f5es conduzidas por <strong>pesquisadores de jogos <\/strong>e <strong>especialistas do setor<\/strong>.<\/p>\n\n\n\n<ul>\n<li><strong>Apresenta\u00e7\u00f5es de pesquisas <\/strong>&#8211; Os pesquisadores da ENV Media &#8211; Svilen Madjov, Maria Paula Nascimento e Priscila Ferreira &#8211; apresentar\u00e3o as principais caracter\u00edsticas e tend\u00eancias do mercado de iGaming no Brasil.<\/li>\n\n\n\n<li><strong>Sess\u00f5es interativas <\/strong>&#8211; Participe de discuss\u00f5es sobre regulamenta\u00e7\u00e3o, prefer\u00eancias dos jogadores, mec\u00e2nica de jogos, seguran\u00e7a dos jogadores e impactos socioecon\u00f4micos. Ajude a moldar o futuro do iGaming no Brasil!<\/li>\n<\/ul>\n\n\n\n<h2 class=\"wp-block-heading\"><strong>Destaque para Pesquisa Original<\/strong><\/h2>\n\n\n\n<p>Um novo estudo conduzido por uma <strong>pesquisadora universit\u00e1ria independente <\/strong>ser\u00e1 apresentado, oferecendo novas perspectivas e <strong>percep\u00e7\u00f5es baseadas em dados <\/strong>sobre o setor de iGaming.<\/p>\n\n\n\n<h2 class=\"wp-block-heading\"><strong>Programa\u00e7\u00e3o<\/strong><\/h2>\n\n\n\n<figure class=\"wp-block-table\"><table class=\"has-base-3-color has-text-color has-background has-link-color\" style=\"background-color:#0c638b\"><tbody><tr><td><strong>BRT<\/strong><\/td><td><strong>Palestrante<\/strong><\/td><td><strong>Detalhes<\/strong><\/td><td><strong>CET<\/strong><\/td><\/tr><tr><td>9:00<\/td><td><strong>Introdu\u00e7\u00e3o<\/strong><\/td><td>Maria Paula Nascimento &#8211; Moderadora<\/td><td>14:00<\/td><\/tr><tr><td>9:10<\/td><td><strong>Andreas Bardun<\/strong><\/td><td>CEO do KTO Group \u2013 Discurso principal<\/td><td>14:10<\/td><\/tr><tr><td>9:40<\/td><td><strong>Jack Byrne<\/strong><\/td><td>Analista chefe de integridade na IBIA \u2013 Market Integrity<\/td><td>14:30<\/td><\/tr><tr><td>10:00<\/td><td><strong>Fab\u00edola Jaeger<\/strong><\/td><td>CEO da Caleta Gaming \u2013 Insights de provedor e mercado<\/td><td>14:50<\/td><\/tr><tr><td>10:20<\/td><td><strong>Neil Montgomery<\/strong><\/td><td>Desafios de regulamenta\u00e7\u00e3o e conformidade<\/td><td>15:30<\/td><\/tr><tr><td>10:40<\/td><td><strong>Gildo Mazza<\/strong><\/td><td>Editor na GMB \u2013 Cen\u00e1rio de m\u00eddia e benef\u00edcios da regulamenta\u00e7\u00e3o<\/td><td>15:40<\/td><\/tr><tr><td>11:00<\/td><td><em>Pausa t\u00e9cnica \/ Coffee Break<\/em><\/td><td><\/td><td>15:50<\/td><\/tr><tr><td>11:10<\/td><td><strong>Svilen Madjov<\/strong><\/td><td>Introdu\u00e7\u00e3o \u00e0 Pesquisa ENV<\/td><td>16:10<\/td><\/tr><tr><td>11:30<\/td><td><strong>Priscila Ferreira<\/strong><\/td><td>Fortune Tiger, Fraudes e Jogo Respons\u00e1vel<\/td><td>16:30<\/td><\/tr><tr><td>11:50<\/td><td><strong>Simone Do Vale<\/strong><\/td><td>Vis\u00e3o Geral do Perfil e H\u00e1bitos do Jogador Brasileiro<\/td><td>16:50<\/td><\/tr><tr><td>12:10<\/td><td><strong>Marcella Santiago<\/strong><\/td><td>Nova Pesquisa sobre Mitiga\u00e7\u00e3o de Problemas de Jogo<\/td><td>17:10<\/td><\/tr><tr><td>12:30<\/td><td><em>Moderado<\/em><\/td><td>Observa\u00e7\u00f5es Finais \/ Perguntas e Respostas<\/td><td>17:30<\/td><\/tr><tr><td>13:00<\/td><td>Fim da Confer\u00eancia<\/td><td><\/td><td>18:00<\/td><\/tr><\/tbody><\/table><\/figure>\n\n\n\n<h3 class=\"wp-block-heading\"><strong>Por que Participar?<\/strong><\/h3>\n\n\n\n<ul>\n<li><strong>Networking <\/strong>&#8211; Conecte-se com l\u00edderes do setor, pesquisadores e formuladores de pol\u00edticas.<\/li>\n\n\n\n<li><strong>Aprendizado <\/strong>&#8211; Obtenha conhecimento abrangente sobre o cen\u00e1rio de jogos regulamentados do Brasil. Entenda como a regulamenta\u00e7\u00e3o contribui para a arrecada\u00e7\u00e3o de impostos, o crescimento econ\u00f4mico, a seguran\u00e7a dos jogadores e as pr\u00e1ticas justas de mercado.<\/li>\n\n\n\n<li><strong>Influ\u00eancia <\/strong>&#8211; Compartilhe as suas opini\u00f5es e contribua para a forma\u00e7\u00e3o de padr\u00f5es de qualidade em nosso setor.<\/li>\n<\/ul>\n\n\n\n<p>Ofereceremos tamb\u00e9m um certificado de participa\u00e7\u00e3o para quem se inscrever e participar da confer\u00eancia ao vivo e um certificado de apresenta\u00e7\u00e3o para quem enviar e apresentar suas propostas!<\/p>\n\n\n\n<h2 class=\"wp-block-heading\"><strong>Junte-se a N\u00f3s!<\/strong><\/h2>\n\n\n\n<p>N\u00e3o perca a oportunidade de participar de um <strong>evento importante do setor, <\/strong>que enriquecer\u00e1 o debate sobre a regulamenta\u00e7\u00e3o do setor de iGaming no Brasil.<\/p>\n\n\n\n<p><strong>Entre em contato conosco<\/strong> no email <strong><a href=\"mailto:seminario@env.media\">seminario@env.media<\/a> <\/strong>para se registrar hoje mesmo e contribuir para um setor de jogos respons\u00e1vel e pr\u00f3spero. Marque na sua agenda essa experi\u00eancia relevante!<\/p>\n","protected":false},"excerpt":{"rendered":"<p>Participe do primeiro Semin\u00e1rio Brasileiro da ENV Media sobre iGaming, no dia 19 de setembro de 2024, para obter pesquisas do setor, opini\u00f5es de especialistas e insights importantes sobre o mercado brasileiro regulamentado de jogos com dinheiro real.<\/p>\n","protected":false},"author":6,"featured_media":5041,"parent":0,"menu_order":0,"comment_status":"closed","ping_status":"open","template":"","meta":{"inline_featured_image":false,"footnotes":""},"categories":[160],"tags":[],"_links":{"self":[{"href":"https:\/\/env.media\/br\/wp-json\/wp\/v2\/pages\/5848"}],"collection":[{"href":"https:\/\/env.media\/br\/wp-json\/wp\/v2\/pages"}],"about":[{"href":"https:\/\/env.media\/br\/wp-json\/wp\/v2\/types\/page"}],"author":[{"embeddable":true,"href":"https:\/\/env.media\/br\/wp-json\/wp\/v2\/users\/6"}],"replies":[{"embeddable":true,"href":"https:\/\/env.media\/br\/wp-json\/wp\/v2\/comments?post=5848"}],"version-history":[{"count":4,"href":"https:\/\/env.media\/br\/wp-json\/wp\/v2\/pages\/5848\/revisions"}],"predecessor-version":[{"id":6561,"href":"https:\/\/env.media\/br\/wp-json\/wp\/v2\/pages\/5848\/revisions\/6561"}],"wp:featuredmedia":[{"embeddable":true,"href":"https:\/\/env.media\/br\/wp-json\/wp\/v2\/media\/5041"}],"wp:attachment":[{"href":"https:\/\/env.media\/br\/wp-json\/wp\/v2\/media?parent=5848"}],"wp:term":[{"taxonomy":"category","embeddable":true,"href":"https:\/\/env.media\/br\/wp-json\/wp\/v2\/categories?post=5848"},{"taxonomy":"post_tag","embeddable":true,"href":"https:\/\/env.media\/br\/wp-json\/wp\/v2\/tags?post=5848"}],"curies":[{"name":"wp","href":"https:\/\/api.w.org\/{rel}","templated":true}]}}