{"id":5844,"date":"2024-04-07T00:05:44","date_gmt":"2024-04-07T00:05:44","guid":{"rendered":"https:\/\/env.media\/bolsa-de-pesquisa-igaming-brasil\/"},"modified":"2024-10-25T15:20:40","modified_gmt":"2024-10-25T15:20:40","slug":"bolsa-de-pesquisa-igaming-brasil","status":"publish","type":"page","link":"https:\/\/env.media\/br\/bolsa-de-pesquisa-igaming-brasil\/","title":{"rendered":"Bolsa ENV Media de pesquisa sobre iGaming \u2013 Chamada para concess\u00e3o de bolsas"},"content":{"rendered":"\n<p>A ENV Media tem o prazer de anunciar o seu primeiro <strong>convite \u00e0 submiss\u00e3o de propostas <\/strong>para <strong>bolsas de pesquisa em iGaming<\/strong>!<\/p>\n\n\n\n<p>Convidamos <strong>acad\u00eamicos brasileiros <\/strong>&#8211; doutores, estudantes de doutorado, mestrado e gradua\u00e7\u00e3o &#8211; a apresentar propostas para avan\u00e7ar o conhecimento sobre iGaming e jogos de azar no pa\u00eds. Esta iniciativa visa promover <strong>a transpar\u00eancia<\/strong>, a <strong>justi\u00e7a <\/strong>e <strong>a responsabilidade <\/strong>entre as partes interessadas da ind\u00fastria de jogos online atrav\u00e9s de pesquisas rigorosas.<\/p>\n\n\n\n<p>Espera-se que os bolsistas selecionados promovam <strong>inova\u00e7\u00f5es <\/strong>capazes de contribuir para o <strong>desenvolvimento sustent\u00e1vel <\/strong>da ind\u00fastria do iGaming no Brasil. Os estudos previstos devem ser dedicados \u00e0 <strong>pesquisa te\u00f3rica <\/strong>ou <strong>aplicada <\/strong>de jogos de apostas, mercados de iGaming, din\u00e2mica da ind\u00fastria e impactos socioecon\u00f4micos. Estamos particularmente interessados em propostas que ofere\u00e7am uma vis\u00e3o original dos <strong>padr\u00f5es da ind\u00fastria <\/strong>e das <strong>experi\u00eancias dos jogadores<\/strong>.<\/p>\n\n\n\n<h2 class=\"wp-block-heading\"><strong>Requisitos de elegibilidade<\/strong><\/h2>\n\n\n\n<ul>\n<li>Ser maior de 18 anos de idade<\/li>\n\n\n\n<li>Estar regularmente inscrito em um programa de gradua\u00e7\u00e3o ou p\u00f3s-gradua\u00e7\u00e3o stricto sensu registrado no MEC, independentemente da sua \u00e1rea de estudo<\/li>\n\n\n\n<li>N\u00e3o ser titular de qualquer outra bolsa<\/li>\n\n\n\n<li>Apresenta\u00e7\u00e3o de um projeto de pesquisa centrado no setor do iGaming, tal como descrito mais adiante<\/li>\n<\/ul>\n\n\n\n<h2 class=\"wp-block-heading\"><strong>Valores dos Aux\u00edlios<\/strong><\/h2>\n\n\n\n<ul>\n<li>Bolsista de gradua\u00e7\u00e3o: R$ 8,000<\/li>\n\n\n\n<li>Bolsista de mestrado: R$ 10,000<\/li>\n\n\n\n<li>Bolsista de doutorado: R$ 12,000<\/li>\n<\/ul>\n\n\n\n<p>A ENV Media implementar\u00e1 <strong>pelo menos uma <\/strong>bolsa, reservando todos os direitos de aprovar e implementar duas ou mais bolsas para v\u00e1rios candidatos.<\/p>\n\n\n\n<h2 class=\"wp-block-heading\"><strong>Dura\u00e7\u00e3o do projeto<\/strong><\/h2>\n\n\n\n<p>A bolsa tem a dura\u00e7\u00e3o prevista de <strong>3 meses <\/strong>a contar da data de aprova\u00e7\u00e3o. A subsequente participa\u00e7\u00e3o na divulga\u00e7\u00e3o dos resultados da pesquisa ser\u00e1 acordada entre a ENV e os candidatos selecionados.<\/p>\n\n\n\n<h2 class=\"wp-block-heading\"><strong>T\u00f3picos de investiga\u00e7\u00e3o<\/strong><\/h2>\n\n\n\n<p>Estamos particularmente interessados em <a href=\"https:\/\/env.media\/research\/\">trabalhos<\/a> que abordem os seguintes t\u00f3picos:<\/p>\n\n\n\n<ol>\n<li>Probabilidade, estat\u00edstica e prefer\u00eancias nos jogos de azar&nbsp;<\/li>\n\n\n\n<li>Impacto dos jogos de azar na qu\u00edmica cerebral<\/li>\n\n\n\n<li>O papel do RTP nos jogos de azar<\/li>\n\n\n\n<li>A tribo dos casinos e das apostas: T\u00e9cnicas de marketing contempor\u00e2neas<\/li>\n\n\n\n<li>An\u00e1lise dos resultados do jogo de roleta&nbsp;<\/li>\n\n\n\n<li>Redu\u00e7\u00e3o de riscos e determinantes psicol\u00f3gicas no jogo<\/li>\n\n\n\n<li>Impacto dos avan\u00e7os tecnol\u00f3gicos no comportamento do jogador<\/li>\n\n\n\n<li>Tomada de decis\u00f5es e informa\u00e7\u00e3o nos jogos de azar<\/li>\n\n\n\n<li>Simula\u00e7\u00e3o mental, preconceitos cognitivos e mem\u00f3ria no jogo<\/li>\n\n\n\n<li>Testes de estrat\u00e9gias de apostas na roleta&nbsp;<\/li>\n\n\n\n<li>Seguran\u00e7a dos jogos de azar online<\/li>\n\n\n\n<li>Impactos Internacionais do Mercado de Cassinos na Economia Brasileira&nbsp;<\/li>\n\n\n\n<li>Sa\u00fade mental e jogos de azar online<\/li>\n\n\n\n<li>O iGaming e as quest\u00f5es ambientais, sociais e de governan\u00e7a (ESG)<\/li>\n\n\n\n<li>Bots de jogos de casino em plataformas de trocas de mensagens privadas<\/li>\n<\/ol>\n\n\n\n<p>Oferecemos os <strong>t\u00f3picos <\/strong>acima a t\u00edtulo de <strong>orienta\u00e7\u00e3o <\/strong>sobre as \u00e1reas de foco diretamente relacionadas com o nosso trabalho. No entanto, a ENV Media est\u00e1 aberta \u00e0 avalia\u00e7\u00e3o de outras \u00e1reas tem\u00e1ticas que analisem a ind\u00fastria do jogo de apostas ou que <strong>sensibilizem<\/strong>, de maneira efetiva, a comunidade acad\u00eamica e o p\u00fablico brasileiro em geral quanto aos benef\u00edcios socioecon\u00f4micos de uma ind\u00fastria de iGaming <strong>regulada<\/strong>, <strong>transparente <\/strong>e <strong>justa.<\/strong><\/p>\n\n\n\n<h2 class=\"wp-block-heading\"><strong>Procedimento de candidatura<\/strong><\/h2>\n\n\n\n<p>As candidaturas devem ser enviadas por e-mail para <a href=\"mailto:simone@env.media\">simone@env.media<\/a> e\/ou <a href=\"mailto:maria@env.media\">maria@env.media<\/a> at\u00e9 as 23:59 (hor\u00e1rio de Bras\u00edlia) do dia <strong>10 de maio<\/strong> de 2024. Para se candidatar, \u00e9 necess\u00e1rio anexar os seguintes documentos (em formato .pdf) \u00e0 sua candidatura:<\/p>\n\n\n\n<ol>\n<li><strong>Curr\u00edculo atualizado <\/strong>(<a href=\"https:\/\/lattes.cnpq.br\/web\/dgp\/wikiadm\/-\/wiki\/Main\/Curr%C3%ADculo+Lattes+-+CV+Lattes\" target=\"_blank\" rel=\"noopener\">Lattes<\/a> ou formato compat\u00edvel)<\/li>\n\n\n\n<li><strong>Informa\u00e7\u00f5es de contato<\/strong><\/li>\n\n\n\n<li><strong>Comprovante de matr\u00edcula <\/strong>em um programa de gradua\u00e7\u00e3o ou p\u00f3s-gradua\u00e7\u00e3o stricto sensu em uma <strong>universidade registrada no MEC <\/strong>(ex: declara\u00e7\u00e3o da institui\u00e7\u00e3o ou carteira de estudante)<\/li>\n\n\n\n<li><strong>Resumo do projeto de pesquisa <\/strong>de at\u00e9 dez (10) p\u00e1ginas &#8211; incluindo as seguintes se\u00e7\u00f5es:<br>a) Introdu\u00e7\u00e3o; b) Objetivos; c) Impacto potencial; d) Refer\u00eancias; e) Gr\u00e1fico de Gantt representando o plano do seu projeto.<\/li>\n<\/ol>\n\n\n\n<h3 class=\"wp-block-heading\"><strong>Datas importantes<\/strong><\/h3>\n\n\n\n<figure class=\"wp-block-table\"><table class=\"has-background has-fixed-layout\" style=\"background-color:#eef8fa\"><tbody><tr><td>Prazo de apresenta\u00e7\u00e3o<\/td><td><strong>10 de maio de 2024<\/strong><\/td><\/tr><tr><td>Resultado da sele\u00e7\u00e3o<\/td><td><strong>20 de maio de 2024<\/strong><\/td><\/tr><tr><td>Data de in\u00edcio da bolsa<\/td><td><strong>1 de junho de 2024<\/strong><\/td><\/tr><\/tbody><\/table><\/figure>\n\n\n\n<p>Esta \u00e9 uma posi\u00e7\u00e3o remota e encorajamos especialmente candidaturas de mulheres, ind\u00edgenas, negros e outros estudantes e acad\u00eamicos de grupos \u00e9tnicos sub-representados, LGBTQIAP+ e pessoas com defici\u00eancia.<\/p>\n\n\n\n<p><strong>Maiores informa\u00e7\u00f5es: <\/strong><a href=\"mailto:simone@env.media\">simone@env.media<\/a> e <a href=\"mailto:maria@env.media\">maria@env.media<\/a><\/p>\n\n\n\n<p><\/p>\n\n\n\n<p><\/p>\n","protected":false},"excerpt":{"rendered":"<p>Ilumine o futuro do iGaming com a bolsa de pesquisa da ENV Media para acad\u00eamicos brasileiros! Contribua para a inova\u00e7\u00e3o da ind\u00fastria e ganhe uma bolsa de estudo. Aplique agora!<\/p>\n","protected":false},"author":3,"featured_media":4729,"parent":0,"menu_order":0,"comment_status":"closed","ping_status":"open","template":"","meta":{"inline_featured_image":false,"footnotes":""},"categories":[160],"tags":[],"_links":{"self":[{"href":"https:\/\/env.media\/br\/wp-json\/wp\/v2\/pages\/5844"}],"collection":[{"href":"https:\/\/env.media\/br\/wp-json\/wp\/v2\/pages"}],"about":[{"href":"https:\/\/env.media\/br\/wp-json\/wp\/v2\/types\/page"}],"author":[{"embeddable":true,"href":"https:\/\/env.media\/br\/wp-json\/wp\/v2\/users\/3"}],"replies":[{"embeddable":true,"href":"https:\/\/env.media\/br\/wp-json\/wp\/v2\/comments?post=5844"}],"version-history":[{"count":1,"href":"https:\/\/env.media\/br\/wp-json\/wp\/v2\/pages\/5844\/revisions"}],"predecessor-version":[{"id":5859,"href":"https:\/\/env.media\/br\/wp-json\/wp\/v2\/pages\/5844\/revisions\/5859"}],"wp:featuredmedia":[{"embeddable":true,"href":"https:\/\/env.media\/br\/wp-json\/wp\/v2\/media\/4729"}],"wp:attachment":[{"href":"https:\/\/env.media\/br\/wp-json\/wp\/v2\/media?parent=5844"}],"wp:term":[{"taxonomy":"category","embeddable":true,"href":"https:\/\/env.media\/br\/wp-json\/wp\/v2\/categories?post=5844"},{"taxonomy":"post_tag","embeddable":true,"href":"https:\/\/env.media\/br\/wp-json\/wp\/v2\/tags?post=5844"}],"curies":[{"name":"wp","href":"https:\/\/api.w.org\/{rel}","templated":true}]}}