{"id":5838,"date":"2024-03-06T11:05:08","date_gmt":"2024-03-06T11:05:08","guid":{"rendered":"https:\/\/env.media\/por-que-os-crash-games-sao-legais-no-brasil\/"},"modified":"2025-03-17T14:54:36","modified_gmt":"2025-03-17T14:54:36","slug":"por-que-os-crash-games-sao-legais-no-brasil","status":"publish","type":"page","link":"https:\/\/env.media\/br\/por-que-os-crash-games-sao-legais-no-brasil\/","title":{"rendered":"Compreendendo os Jogos Regulados no Brasil. Por Que os Crash Games S\u00e3o Legais."},"content":{"rendered":"\n<p>A <a href=\"https:\/\/env.media\/br\/regulamentacao-jogos-cassino-brasil-insights-pesquisa\/\">recente regulamenta\u00e7\u00e3o<\/a> de jogos de azar no Brasil, desde apostas esportivas at\u00e9 cassinos online, abriu uma nova fronteira para entretenimento e oportunidades econ\u00f4micas. Entre as <strong>ofertas inovadoras <\/strong>est\u00e3o os chamados jogos de colis\u00e3o (<em>crash games<\/em>), conhecidos pelo popular t\u00edtulo &#8220;<em>Aviator<\/em>&#8220;.<\/p>\n\n\n\n<p>Esses jogos s\u00e3o caracterizados por um <strong>sistema din\u00e2mico de apostas <\/strong>e uma <strong>jogabilidade centrada no jogador<\/strong>. Eles se enquadram no \u00e2mbito da nova lei de jogos do Brasil, mas representam um <strong>nicho <\/strong>que merece uma <strong>defini\u00e7\u00e3o <\/strong>mais <strong>precisa <\/strong>e aten\u00e7\u00e3o nas <strong>portarias regulamentares<\/strong>.<\/p>\n\n\n\n<h2 class=\"wp-block-heading\"><strong>Defini\u00e7\u00e3o dos Crash Games e Mec\u00e2nica do Jogo<\/strong><\/h2>\n\n\n\n<p>Os jogos de colis\u00e3o, como o Aviator, apresentam aos jogadores uma <strong>experi\u00eancia \u00fanica de apostas<\/strong>. Eles combinam elementos de jogos tradicionais com <strong>tomadas de decis\u00e3o <\/strong>interativas e <strong>em tempo real<\/strong>.<\/p>\n\n\n\n<p>A ess\u00eancia do Aviator \u00e9 um sistema de apostas de <strong>probabilidades fixas<\/strong>, em que os jogadores apostam em um <strong>multiplicador crescente<\/strong>, semelhante \u00e0s probabilidades das apostas <strong>esportivas<\/strong>. A pedra angular do jogo \u00e9 o recurso de saque, que permite que os jogadores retirem suas apostas a <strong>qualquer momento <\/strong>antes do t\u00e9rmino do jogo, espelhando a op\u00e7\u00e3o de saque nas apostas esportivas.<\/p>\n\n\n\n<p>Esse modelo traz um <strong>elemento estrat\u00e9gico <\/strong>ao vivo para a jogabilidade, pois os jogadores avaliam os riscos e decidem o ponto de sa\u00edda em tempo real. Por tr\u00e1s de um gerador de eventos aleat\u00f3rios aparentemente complexo, o Aviator tem uma tecnologia de jogo <a href=\"https:\/\/spribe.co\/games\/aviator\" target=\"_blank\" rel=\"noopener\"><strong>comprovadamente justa<\/strong><\/a> e oferece <strong>97% de <\/strong>retorno ao jogador (<strong>RTP<\/strong>) estatisticamente verific\u00e1vel.<\/p>\n\n\n\n<p>Esse mecanismo atende aos mais altos <strong>padr\u00f5es de transpar\u00eancia <\/strong>do setor de jogos, mantendo-se dentro do modelo de probabilidades estruturadas. Mais importante ainda, ele oferece o tipo de experi\u00eancia de usu\u00e1rio que <strong>se alinha com as defini\u00e7\u00f5es legais <\/strong>de jogos de apostas online sob a legisla\u00e7\u00e3o brasileira.<\/p>\n\n\n\n<h2 class=\"wp-block-heading\"><strong>Situa\u00e7\u00e3o Legal<\/strong><\/h2>\n\n\n\n<p>A estrutura regulat\u00f3ria do Brasil para jogos com dinheiro real estabelece um precedente claro para a <strong>inclus\u00e3o de jogos <\/strong>e eventos <strong>virtuais <\/strong>em seu escopo. As defini\u00e7\u00f5es legais falam de apostas feitas antecipadamente (ou durante eventos de jogos), na expectativa de um pr\u00eamio baseado em um <strong>resultado futuro aleat\u00f3rio <\/strong>em um <strong>ambiente <\/strong>virtual ou <strong>on-line<\/strong>.<\/p>\n\n\n\n<figure class=\"wp-block-table\"><table class=\"has-background\" style=\"background-color:#e8fff7\"><tbody><tr><td><strong><em><span style=\"text-decoration: underline;\">A Vis\u00e3o dos Especialistas Jur\u00eddicos<\/span><\/em><\/strong><br><br><em>A Lei n\u00ba 14.790\/2023 legalizou os jogos online como uma categoria de loteria de apostas de chances fixas. <\/em><strong><em>O art. 2 <\/em><\/strong><em>da lei cont\u00e9m <\/em><strong><em>defini\u00e7\u00f5es <\/em><\/strong><em>que determinam se os jogos de colis\u00e3o podem ser considerados legais no Brasil.<\/em><br><strong><em>Eventos virtuais de jogos online <\/em><\/strong><em>s\u00e3o especificados como apostas virtuais em jogos (disponibilizados em canais eletr\u00f4nicos) cujo resultado \u00e9 desconhecido no momento em que a aposta \u00e9 feita e \u00e9 determinado pelo resultado de um <\/em><strong><em>evento aleat\u00f3rio futuro<\/em><\/strong><em>, usando um gerador aleat\u00f3rio de n\u00fameros, s\u00edmbolos, figuras ou objetos definidos no sistema de regras.<\/em><br><em>Na medida em que a defini\u00e7\u00e3o fornecida para jogos online \u00e9 <\/em><strong><em>ampla<\/em><\/strong><em>, praticamente qualquer jogo online em que o apostador saiba (com base nas probabilidades fixas) qual ser\u00e1 o <\/em><strong><em>retorno <\/em><\/strong><em>da aposta no momento em que ela for feita (seja <\/em><strong><em>antes ou durante <\/em><\/strong><em>o<\/em> <em>evento) ser\u00e1 considerado <\/em><strong><em>l\u00edcito<\/em><\/strong><em>. O Minist\u00e9rio da Fazenda ter\u00e1 que regulamentar ainda mais &#8211; por meio de uma portaria &#8211; quais jogos online se enquadram no escopo mencionado acima. A portaria, entretanto, <\/em><strong><em>n\u00e3o pode alterar <\/em><\/strong><em>ou <\/em><strong><em>restringir <\/em><\/strong><em>a defini\u00e7\u00e3o legal acima.<\/em><br><em>A legalidade de todos esses jogos depender\u00e1 do fato de que, em cada est\u00e1gio do jogo, o <\/em><strong><em>fator multiplicador <\/em><\/strong><em>do valor apostado que define o valor a ser ganho pelo apostador (probabilidades fixas) ser\u00e1 aplicado<\/em><strong><em>, permitindo que <\/em><\/strong><em>o apostador <\/em><strong><em>fa\u00e7a o saque <\/em><\/strong><em>em tempo h\u00e1bil nesse n\u00edvel.<\/em><br><em>Desde que um <\/em><strong><em>laborat\u00f3rio de testes <\/em><\/strong><em>credenciado pelo Minist\u00e9rio da Fazenda confirme os par\u00e2metros acima, parece que esse produto deve ser considerado <\/em><strong><em>legal <\/em><\/strong><em>e <\/em><strong><em>dispon\u00edvel <\/em><\/strong><em>para o setor brasileiro de iGaming.<\/em><br><br><a href=\"https:\/\/www.linkedin.com\/in\/neil-montgomery-30300810\/\" target=\"_blank\" rel=\"noopener\">Neil Montgomery | Montgomery &amp; Associados<\/a><\/td><\/tr><\/tbody><\/table><\/figure>\n\n\n\n<p>Claramente, o <em>Aviator <\/em>e outros jogos de crash <strong>atendem a esses crit\u00e9rios<\/strong>, oferecendo:<\/p>\n\n\n\n<ul>\n<li>Mecanismo de apostas em que os jogadores <strong>arriscam <\/strong>uma quantia em troca de um <strong>pr\u00eamio em potencial<\/strong>.<\/li>\n\n\n\n<li><strong>Probabilidades fixas <\/strong>que determinam o pagamento.<\/li>\n\n\n\n<li>Um resultado de jogo que depende de um evento futuro e <strong>aleat\u00f3rio.<\/strong><\/li>\n\n\n\n<li>A possibilidade de <strong>sacar <\/strong>a qualquer momento antes do fim do jogo.<\/li>\n<\/ul>\n\n\n\n<p>A inclus\u00e3o desses jogos nas regulamenta\u00e7\u00f5es atuais \u00e9 justificada pela forma como seu modelo de apostas <strong>se assemelha \u00e0s apostas esportivas <\/strong>&#8211; particularmente na mec\u00e2nica de <strong>probabilidades fixas <\/strong>e <strong>saques <\/strong>estrat\u00e9gicos. Ambos exigem <strong>tomada de decis\u00e3o <\/strong>informada e <strong>avalia\u00e7\u00e3o de risco<\/strong>. E ambos nos lembram porque a fiscaliza\u00e7\u00e3o regulat\u00f3ria \u00e9 necess\u00e1ria para garantir <strong>integridade<\/strong>, <strong>justi\u00e7a <\/strong>e pr\u00e1ticas <strong>de jogo respons\u00e1veis<\/strong>.<\/p>\n\n\n\n<h2 class=\"wp-block-heading\"><strong>A Defesa da Conscientiza\u00e7\u00e3o P\u00fablica e do Refor\u00e7o da Regulamenta\u00e7\u00e3o<\/strong><\/h2>\n\n\n\n<p>Dada a popularidade dos jogos de colis\u00e3o, \u00e9 imperativo que os \u00f3rg\u00e3os reguladores brasileiros forne\u00e7am <strong>diretrizes <\/strong>e <strong>supervis\u00e3o <\/strong>mais <strong>expl\u00edcitas<\/strong>. Isso n\u00e3o apenas garantiria que esses jogos operassem dentro dos limites dos <strong>padr\u00f5es de jogo respons\u00e1vel<\/strong>, mas tamb\u00e9m promoveria a inova\u00e7\u00e3o e o crescimento do setor.<\/p>\n\n\n\n<p>Precisamos de uma regulamenta\u00e7\u00e3o mais detalhada que seja capazes de:<\/p>\n\n\n\n<ul>\n<li><strong>Esclarecer a classifica\u00e7\u00e3o <\/strong>e a opera\u00e7\u00e3o dos jogos de colis\u00e3o, garantindo que eles sejam reconhecidos e definidos no cen\u00e1rio jur\u00eddico;<\/li>\n\n\n\n<li>Estabelecer <strong>diretrizes abrangentes <\/strong>que supervisionem a <strong>opera\u00e7\u00e3o<\/strong>, a <strong>imparcialidade <\/strong>e <strong>a transpar\u00eancia <\/strong>desses jogos;<\/li>\n\n\n\n<li><strong>Promover <\/strong>pr\u00e1ticas <strong>de jogo respons\u00e1vel<\/strong>, incluindo mecanismos de autoexclus\u00e3o e limites de jogo, para proteger os consumidores.<\/li>\n<\/ul>\n\n\n\n<h2 class=\"wp-block-heading\"><strong>Um Exemplo Comparativo &#8211; Aviator e Apostas Esportivas<\/strong><\/h2>\n\n\n\n<p>Considere o paralelo entre um jogador de apostas <strong>esportivas <\/strong>que aposta R$1 em uma <strong>combina\u00e7\u00e3o de jogos <\/strong>(por exemplo, 10 jogos de futebol) e um jogador do Aviator que aposta R$1 no <strong>aumento do multiplicador<\/strong>.<\/p>\n\n\n\n<p>Em ambos os cen\u00e1rios, a <strong>qualquer momento<\/strong>, os jogadores s\u00e3o apresentados a <strong>probabilidades fixas <\/strong>&#8211; \u00e0 medida que os jogos progridem (e alguns deles terminam) e \u00e0 medida que o <strong>multiplicador aumenta <\/strong>no jogo de colis\u00e3o. Eles tamb\u00e9m t\u00eam a op\u00e7\u00e3o de <strong>sacar <\/strong>antecipadamente, com base no desenvolvimento <strong>em tempo real<\/strong>.<\/p>\n\n\n\n<p>Se ap\u00f3s 3 jogos a aposta esportiva inicial valer R$10, o jogador poder\u00e1 sacar e ganhar R$9 l\u00edquidos. Se ele esperar at\u00e9 que todas as 10 partidas sejam jogadas, \u00e9 bem poss\u00edvel que n\u00e3o acerte todas e perca a aposta inicial. O mesmo se aplica ao <em>Aviator <\/em>&#8211; esperar para obter um multiplicador maior pode n\u00e3o lhe trazer um retorno melhor, pois o jogo provavelmente terminar\u00e1 antes de atingir o pagamento m\u00e1ximo.<\/p>\n\n\n\n<p>Essa tomada de decis\u00e3o estrat\u00e9gica, no contexto de probabilidades fixas (em um determinado momento), destaca a <strong>semelhan\u00e7a entre a <\/strong>mec\u00e2nica de <strong>jogos de colis\u00e3o <\/strong>e as <strong>apostas esportivas <\/strong>tradicionais.<\/p>\n\n\n\n<h2 class=\"wp-block-heading\"><strong>Olhando para o Futuro<\/strong><\/h2>\n\n\n\n<p>Os jogos <em>crash<\/em>, como o <em>Aviator<\/em>, representam uma <strong>nova era <\/strong>nos jogos de azar online, que mescla a emo\u00e7\u00e3o das apostas em tempo real com a tomada de decis\u00f5es estrat\u00e9gicas. Sua inclus\u00e3o na estrutura legal do Brasil de jogos com dinheiro real n\u00e3o \u00e9 apenas <strong>justificada<\/strong>, mas tamb\u00e9m <strong>necess\u00e1ria <\/strong>para garantir um mercado de jogos <strong>regulamentado<\/strong>, <strong>respons\u00e1vel <\/strong>e <strong>din\u00e2mico<\/strong>.<\/p>\n\n\n\n<p>Como o Brasil continua a aperfei\u00e7oar suas regulamenta\u00e7\u00f5es, <strong>reconhecer <\/strong>e <strong>explicar <\/strong>jogos como o <em>Aviator <\/em>\u00e9 crucial para garantir o crescimento, a integridade e a contribui\u00e7\u00e3o do setor para a economia nacional. N\u00e3o h\u00e1 melhor momento para que reguladores, figuras p\u00fablicas e consumidores dediquem tempo para entender e abra\u00e7ar o futuro do entretenimento online pago.<\/p>\n","protected":false},"excerpt":{"rendered":"<p>Descubra como o Brasil regulamentou os jogos modernos com dinheiro real. Destaque por que os crash games como \u201cAviator\u201d prosperam sob as defini\u00e7\u00f5es legais recentes.<\/p>\n","protected":false},"author":3,"featured_media":4972,"parent":0,"menu_order":0,"comment_status":"closed","ping_status":"open","template":"","meta":{"inline_featured_image":false,"footnotes":""},"categories":[102],"tags":[],"_links":{"self":[{"href":"https:\/\/env.media\/br\/wp-json\/wp\/v2\/pages\/5838"}],"collection":[{"href":"https:\/\/env.media\/br\/wp-json\/wp\/v2\/pages"}],"about":[{"href":"https:\/\/env.media\/br\/wp-json\/wp\/v2\/types\/page"}],"author":[{"embeddable":true,"href":"https:\/\/env.media\/br\/wp-json\/wp\/v2\/users\/3"}],"replies":[{"embeddable":true,"href":"https:\/\/env.media\/br\/wp-json\/wp\/v2\/comments?post=5838"}],"version-history":[{"count":3,"href":"https:\/\/env.media\/br\/wp-json\/wp\/v2\/pages\/5838\/revisions"}],"predecessor-version":[{"id":7674,"href":"https:\/\/env.media\/br\/wp-json\/wp\/v2\/pages\/5838\/revisions\/7674"}],"wp:featuredmedia":[{"embeddable":true,"href":"https:\/\/env.media\/br\/wp-json\/wp\/v2\/media\/4972"}],"wp:attachment":[{"href":"https:\/\/env.media\/br\/wp-json\/wp\/v2\/media?parent=5838"}],"wp:term":[{"taxonomy":"category","embeddable":true,"href":"https:\/\/env.media\/br\/wp-json\/wp\/v2\/categories?post=5838"},{"taxonomy":"post_tag","embeddable":true,"href":"https:\/\/env.media\/br\/wp-json\/wp\/v2\/tags?post=5838"}],"curies":[{"name":"wp","href":"https:\/\/api.w.org\/{rel}","templated":true}]}}