{"id":4523,"date":"2023-10-30T12:48:25","date_gmt":"2023-10-30T12:48:25","guid":{"rendered":"https:\/\/env.media\/?page_id=4523"},"modified":"2024-10-25T15:24:51","modified_gmt":"2024-10-25T15:24:51","slug":"termos-e-condicoes","status":"publish","type":"page","link":"https:\/\/env.media\/br\/termos-e-condicoes\/","title":{"rendered":"Termos e Condi\u00e7\u00f5es"},"content":{"rendered":"<div class=\"gb-container gb-container-fca8bc78\">\n<div class=\"gb-container gb-container-488c068a\">\n\n<h1 class=\"wp-block-heading\">Termos e Condi\u00e7\u00f5es<\/h1>\n\n\n\n<p>Bem-vindo \u00e0 Esse N Videri!<\/p>\n\n\n\n<p>Estes termos e condi\u00e7\u00f5es descrevem as regras e regulamentos para o uso do site da Esse N Videri Media, localizado em https:\/\/env.media\/.<\/p>\n\n\n\n<p>Ao acessar este site presumimos que voc\u00ea aceita estes termos e condi\u00e7\u00f5es. N\u00e3o continue a usar o Esse N Videri se n\u00e3o concordar com todos os termos e condi\u00e7\u00f5es declarados nesta p\u00e1gina.<\/p>\n\n\n\n<p>A terminologia a seguir se aplica a estes Termos e Condi\u00e7\u00f5es, Declara\u00e7\u00e3o de Privacidade e Aviso de Isen\u00e7\u00e3o de Responsabilidade e todos os Contratos: \u201cCliente\u201d, \u201cVoc\u00ea\u201d e \u201cSeu\u201d referem-se a voc\u00ea, a pessoa que faz login neste site e est\u00e1 em conformidade com os termos e condi\u00e7\u00f5es da Empresa. \u201cA Empresa\u201d, \u201cN\u00f3s\u201d, \u201cN\u00f3s\u201d, \u201cNosso\u201d e \u201cN\u00f3s\u201d referem-se \u00e0 nossa Empresa. \u201cParte\u201d, \u201cPartes\u201d ou \u201cN\u00f3s\u201d refere-se ao Cliente e a n\u00f3s mesmos. Todos os termos referem-se \u00e0 oferta, aceita\u00e7\u00e3o e considera\u00e7\u00e3o do pagamento necess\u00e1rio para realizar o processo de nossa assist\u00eancia ao Cliente da maneira mais apropriada para o prop\u00f3sito expresso de atender \u00e0s necessidades do Cliente em rela\u00e7\u00e3o \u00e0 presta\u00e7\u00e3o dos servi\u00e7os declarados da Empresa, de acordo com e sujeito \u00e0 lei vigente da Holanda. Qualquer uso da terminologia acima ou de outras palavras no singular, plural, letras mai\u00fasculas e\/ou ele\/ela ou eles, s\u00e3o considerados intercambi\u00e1veis e, portanto, como referentes aos mesmos.<\/p>\n\n\n\n<h2 class=\"wp-block-heading\">Cookies<\/h2>\n\n\n\n<p>Empregamos o uso de cookies. Ao acessar Esse N Videri, voc\u00ea concorda em usar cookies de acordo com a Pol\u00edtica de Privacidade da Esse N Videri Media.<\/p>\n\n\n\n<p>A maioria dos sites interativos utilizam cookies para nos permitir recuperar os detalhes do usu\u00e1rio em cada visita. Os cookies s\u00e3o utilizados pelo nosso site para permitir a funcionalidade de determinadas \u00e1reas para facilitar a navega\u00e7\u00e3o das pessoas que visitam o nosso site. Alguns de nossos afiliados\/parceiros de publicidade tamb\u00e9m podem usar cookies.<\/p>\n\n\n\n<h2 class=\"wp-block-heading\">Licen\u00e7a<\/h2>\n\n\n\n<p>Salvo indica\u00e7\u00e3o em contr\u00e1rio, a Esse N Videri Media e\/ou seus licenciadores possuem os direitos de propriedade intelectual de todo o material da Esse N Videri. Todos os direitos de propriedade intelectual s\u00e3o reservados. Voc\u00ea pode acess\u00e1-lo em Esse N Videri para seu uso pessoal, sujeito \u00e0s restri\u00e7\u00f5es estabelecidas nestes termos e condi\u00e7\u00f5es.<\/p>\n\n\n\n<p>Voc\u00ea n\u00e3o deve:<\/p>\n\n\n\n<ul>\n<li>Republicar material de Esse N Videri<\/li>\n\n\n\n<li>Vender, alugar ou sublicenciar material da Esse N Videri<\/li>\n\n\n\n<li>Reproduzir, duplicar ou copiar material de Esse N Videri<\/li>\n\n\n\n<li>Redistribuir conte\u00fado de Esse N Videri<\/li>\n\n\n\n<li>Este contrato ter\u00e1 in\u00edcio nesta data<\/li>\n<\/ul>\n\n\n\n<p>Partes deste site oferecem aos usu\u00e1rios a oportunidade de postar e trocar opini\u00f5es e informa\u00e7\u00f5es em determinadas \u00e1reas do site. A Esse N Videri Media n\u00e3o filtra, edita, publica ou revisa coment\u00e1rios antes de sua presen\u00e7a no site. Os coment\u00e1rios n\u00e3o refletem os pontos de vista e opini\u00f5es da Esse N Videri Media, seus agentes e\/ou afiliados. Os coment\u00e1rios refletem os pontos de vista e opini\u00f5es da pessoa que publica seus pontos de vista e opini\u00f5es. Na extens\u00e3o permitida pelas leis aplic\u00e1veis, Esse N Videri Media n\u00e3o ser\u00e1 respons\u00e1vel pelos coment\u00e1rios ou por qualquer responsabilidade, danos ou despesas causadas e\/ou sofridas como resultado de qualquer uso e\/ou postagem e\/ou apar\u00eancia dos coment\u00e1rios neste site.<\/p>\n\n\n\n<p>A Esse N Videri Media reserva-se o direito de monitorar todos os coment\u00e1rios e remover quaisquer coment\u00e1rios que possam ser considerados inadequados, ofensivos ou que causem viola\u00e7\u00e3o destes Termos e Condi\u00e7\u00f5es.<\/p>\n\n\n\n<p>Voc\u00ea garante e declara que:<\/p>\n\n\n\n<ul>\n<li>Voc\u00ea tem o direito de publicar os coment\u00e1rios em nosso site e possui todas as licen\u00e7as e consentimentos necess\u00e1rios para faz\u00ea-lo;<\/li>\n\n\n\n<li>Os coment\u00e1rios n\u00e3o invadem nenhum direito de propriedade intelectual, incluindo, sem limita\u00e7\u00e3o, direitos autorais, patentes ou marcas registradas de terceiros;<\/li>\n\n\n\n<li>Os coment\u00e1rios n\u00e3o cont\u00eam qualquer material difamat\u00f3rio, calunioso, ofensivo, indecente ou de outra forma ilegal que seja uma invas\u00e3o de privacidade<\/li>\n\n\n\n<li>Os coment\u00e1rios n\u00e3o ser\u00e3o usados para solicitar ou promover neg\u00f3cios ou costumes ou apresentar atividades comerciais ou atividades ilegais.<\/li>\n\n\n\n<li>Voc\u00ea concede \u00e0 Esse N Videri Media uma licen\u00e7a n\u00e3o exclusiva para usar, reproduzir, editar e autorizar outros a usar, reproduzir e editar qualquer um de seus coment\u00e1rios em toda e qualquer forma, formato ou m\u00eddia.<\/li>\n<\/ul>\n\n\n\n<h2 class=\"wp-block-heading\">Hiperlink para nosso conte\u00fado<\/h2>\n\n\n\n<p>As seguintes organiza\u00e7\u00f5es podem vincular-se ao nosso site sem aprova\u00e7\u00e3o pr\u00e9via por escrito:<\/p>\n\n\n\n<ul>\n<li>Ag\u00eancias governamentais;<\/li>\n\n\n\n<li>Motores de busca;<\/li>\n\n\n\n<li>Organiza\u00e7\u00f5es de not\u00edcias;<\/li>\n\n\n\n<li>Os distribuidores de diret\u00f3rios on-line podem criar links para nosso site da mesma maneira que fazem hiperlinks para sites de outras empresas listadas; e<\/li>\n\n\n\n<li>Empresas credenciadas em todo o sistema, exceto organiza\u00e7\u00f5es sem fins lucrativos, shopping centers de caridade e grupos de arrecada\u00e7\u00e3o de fundos de caridade que n\u00e3o podem criar hiperlinks para nosso site.<\/li>\n<\/ul>\n\n\n\n<p>Estas organiza\u00e7\u00f5es podem criar links para a nossa p\u00e1gina inicial, para publica\u00e7\u00f5es ou para outras informa\u00e7\u00f5es do site, desde que o link: (a) n\u00e3o seja de forma alguma enganoso; (b) n\u00e3o implique falsamente patroc\u00ednio, endosso ou aprova\u00e7\u00e3o da parte vinculante e de seus produtos e\/ou servi\u00e7os; e (c) se enquadra no contexto do site da parte vinculante.<\/p>\n\n\n\n<p>Poderemos considerar e aprovar outras solicita\u00e7\u00f5es de v\u00ednculo dos seguintes tipos de organiza\u00e7\u00f5es:<\/p>\n\n\n\n<ul>\n<li>fontes de informa\u00e7\u00f5es comumente conhecidas de consumidores e\/ou empresas;<\/li>\n\n\n\n<li>sites da comunidade ponto.com;<\/li>\n\n\n\n<li>associa\u00e7\u00f5es ou outros grupos que representam institui\u00e7\u00f5es de caridade;<\/li>\n\n\n\n<li>distribuidores de diret\u00f3rio on-line;<\/li>\n\n\n\n<li>portais de internet;<\/li>\n\n\n\n<li>escrit\u00f3rios de contabilidade, advocacia e consultoria; e<\/li>\n\n\n\n<li>institui\u00e7\u00f5es educacionais e associa\u00e7\u00f5es comerciais.<\/li>\n<\/ul>\n\n\n\n<p>Aprovaremos solicita\u00e7\u00f5es de link dessas organiza\u00e7\u00f5es se decidirmos que: (a) o link n\u00e3o seja desfavor\u00e1vel para n\u00f3s mesmos ou para nossas empresas credenciadas; (b) a organiza\u00e7\u00e3o n\u00e3o possui registros negativos conosco; (c) o benef\u00edcio para n\u00f3s da visibilidade do hiperlink compensa a aus\u00eancia da Esse N Videri Media; e (d) o link est\u00e1 no contexto de informa\u00e7\u00f5es gerais sobre recursos.<\/p>\n\n\n\n<p>Estas organiza\u00e7\u00f5es podem criar links para a nossa p\u00e1gina inicial, desde que o link: (a) n\u00e3o seja de forma alguma enganoso; (b) n\u00e3o implique falsamente patroc\u00ednio, endosso ou aprova\u00e7\u00e3o da parte vinculante e de seus produtos ou servi\u00e7os; e (c) se enquadra no contexto do site da parte vinculante.<\/p>\n\n\n\n<p>Se voc\u00ea \u00e9 uma das organiza\u00e7\u00f5es listadas no par\u00e1grafo 2 acima e est\u00e1 interessado em criar um link para nosso site, dever\u00e1 nos informar enviando um e-mail para Esse N Videri Media. Inclua seu nome, o nome da sua organiza\u00e7\u00e3o, informa\u00e7\u00f5es de contato, bem como o URL do seu site, uma lista de quaisquer URLs dos quais voc\u00ea pretende vincular ao nosso site e uma lista dos URLs do nosso site aos quais voc\u00ea gostaria de acessar. link. Aguarde de 2 a 3 semanas por uma resposta.<\/p>\n\n\n\n<p>As organiza\u00e7\u00f5es aprovadas podem criar hiperlinks para o nosso site da seguinte forma:<\/p>\n\n\n\n<ul>\n<li>Pelo uso de nosso nome corporativo; ou<\/li>\n\n\n\n<li>Pelo uso do localizador uniforme de recursos ao qual est\u00e1 vinculado; ou<\/li>\n\n\n\n<li>Pelo uso de qualquer outra descri\u00e7\u00e3o do nosso site vinculado, isso faz sentido dentro do contexto e formato do conte\u00fado do site da parte vinculante.<\/li>\n<\/ul>\n\n\n\n<p>N\u00e3o ser\u00e1 permitido o uso do logotipo da Esse N Videri Media ou de outras obras de arte para vincula\u00e7\u00e3o, sem um contrato de licen\u00e7a de marca registrada.<\/p>\n\n\n\n<h2 class=\"wp-block-heading\">iFrames<\/h2>\n\n\n\n<p>Sem aprova\u00e7\u00e3o pr\u00e9via e permiss\u00e3o por escrito, voc\u00ea n\u00e3o poder\u00e1 criar frames em torno de nossas p\u00e1ginas da Web que alterem de alguma forma a apresenta\u00e7\u00e3o visual ou a apar\u00eancia do nosso site.<\/p>\n\n\n\n<h2 class=\"wp-block-heading\">Responsabilidade pelo Conte\u00fado<\/h2>\n\n\n\n<p>N\u00e3o seremos respons\u00e1veis por qualquer conte\u00fado que apare\u00e7a no seu site. Voc\u00ea concorda em nos proteger e nos defender contra todas as reclama\u00e7\u00f5es que surgirem em seu site. Nenhum link deve aparecer em qualquer site que possa ser interpretado como difamat\u00f3rio, obsceno ou criminoso, ou que infrinja, de outra forma viole ou defenda a viola\u00e7\u00e3o ou outra viola\u00e7\u00e3o de quaisquer direitos de terceiros.<\/p>\n\n\n\n<h2 class=\"wp-block-heading\">Sua privacidade<\/h2>\n\n\n\n<p>Por favor leia a Pol\u00edtica de Privacidade<\/p>\n\n\n\n<h2 class=\"wp-block-heading\">Reserva de Direitos<\/h2>\n\n\n\n<p>Reservamo-nos o direito de solicitar que voc\u00ea remova todos os links ou qualquer link espec\u00edfico para o nosso site. Voc\u00ea aprova a remo\u00e7\u00e3o imediata de todos os links para nosso site mediante solicita\u00e7\u00e3o. Tamb\u00e9m nos reservamos o direito de alterar estes termos e condi\u00e7\u00f5es e sua pol\u00edtica de vincula\u00e7\u00e3o a qualquer momento. Ao vincular continuamente ao nosso site, voc\u00ea concorda em obedecer e seguir estes termos e condi\u00e7\u00f5es de vincula\u00e7\u00e3o.<\/p>\n\n\n\n<h2 class=\"wp-block-heading\">Remo\u00e7\u00e3o de links do nosso site<\/h2>\n\n\n\n<p>Se voc\u00ea encontrar algum link em nosso site que seja ofensivo por qualquer motivo, sinta-se \u00e0 vontade para entrar em contato e nos informar a qualquer momento. Consideraremos solicita\u00e7\u00f5es para remover links, mas n\u00e3o somos obrigados a faz\u00ea-lo ou a responder diretamente a voc\u00ea.<\/p>\n\n\n\n<p>N\u00e3o garantimos que as informa\u00e7\u00f5es contidas neste site estejam corretas, n\u00e3o garantimos a sua integridade ou exatid\u00e3o; nem prometemos garantir que o site permane\u00e7a dispon\u00edvel ou que o material do site seja mantido atualizado.<\/p>\n\n\n\n<h2 class=\"wp-block-heading\">Isen\u00e7\u00e3o de responsabilidade<\/h2>\n\n\n\n<p>Na extens\u00e3o m\u00e1xima permitida pela lei aplic\u00e1vel, exclu\u00edmos todas as representa\u00e7\u00f5es, garantias e condi\u00e7\u00f5es relacionadas ao nosso site e ao uso deste site. Nada nesta isen\u00e7\u00e3o de responsabilidade ir\u00e1:<\/p>\n\n\n\n<ul>\n<li>limitar ou excluir a nossa ou a sua responsabilidade por morte ou danos pessoais;<\/li>\n\n\n\n<li>limitar ou excluir a nossa ou a sua responsabilidade por fraude ou deturpa\u00e7\u00e3o fraudulenta;<\/li>\n\n\n\n<li>limitar qualquer uma de nossas ou suas responsabilidades de qualquer forma que n\u00e3o seja permitida pela lei aplic\u00e1vel; ou<\/li>\n\n\n\n<li>excluir qualquer uma de nossas ou suas responsabilidades que n\u00e3o possam ser exclu\u00eddas pela lei aplic\u00e1vel.<\/li>\n<\/ul>\n\n\n\n<p>As limita\u00e7\u00f5es e proibi\u00e7\u00f5es de responsabilidade estabelecidas nesta se\u00e7\u00e3o e em outras partes desta isen\u00e7\u00e3o de responsabilidade: (a) est\u00e3o sujeitas ao par\u00e1grafo anterior; e (b) reger todas as responsabilidades decorrentes da isen\u00e7\u00e3o de responsabilidade, incluindo responsabilidades decorrentes de contrato, delito e por viola\u00e7\u00e3o de dever legal.<\/p>\n\n\n\n<p>Desde que o site e as informa\u00e7\u00f5es e servi\u00e7os do site sejam fornecidos gratuitamente, n\u00e3o seremos respons\u00e1veis por quaisquer perdas ou danos de qualquer natureza.<\/p>\n\n<\/div>\n<\/div>","protected":false},"excerpt":{"rendered":"","protected":false},"author":3,"featured_media":0,"parent":0,"menu_order":0,"comment_status":"closed","ping_status":"closed","template":"","meta":{"inline_featured_image":false,"footnotes":""},"categories":[],"tags":[],"_links":{"self":[{"href":"https:\/\/env.media\/br\/wp-json\/wp\/v2\/pages\/4523"}],"collection":[{"href":"https:\/\/env.media\/br\/wp-json\/wp\/v2\/pages"}],"about":[{"href":"https:\/\/env.media\/br\/wp-json\/wp\/v2\/types\/page"}],"author":[{"embeddable":true,"href":"https:\/\/env.media\/br\/wp-json\/wp\/v2\/users\/3"}],"replies":[{"embeddable":true,"href":"https:\/\/env.media\/br\/wp-json\/wp\/v2\/comments?post=4523"}],"version-history":[{"count":1,"href":"https:\/\/env.media\/br\/wp-json\/wp\/v2\/pages\/4523\/revisions"}],"predecessor-version":[{"id":4524,"href":"https:\/\/env.media\/br\/wp-json\/wp\/v2\/pages\/4523\/revisions\/4524"}],"wp:attachment":[{"href":"https:\/\/env.media\/br\/wp-json\/wp\/v2\/media?parent=4523"}],"wp:term":[{"taxonomy":"category","embeddable":true,"href":"https:\/\/env.media\/br\/wp-json\/wp\/v2\/categories?post=4523"},{"taxonomy":"post_tag","embeddable":true,"href":"https:\/\/env.media\/br\/wp-json\/wp\/v2\/tags?post=4523"}],"curies":[{"name":"wp","href":"https:\/\/api.w.org\/{rel}","templated":true}]}}