{"id":4521,"date":"2020-08-05T06:49:23","date_gmt":"2020-08-05T06:49:23","guid":{"rendered":"https:\/\/env.media\/?page_id=4521"},"modified":"2024-10-25T15:23:36","modified_gmt":"2024-10-25T15:23:36","slug":"politica-de-cookies","status":"publish","type":"page","link":"https:\/\/env.media\/br\/politica-de-cookies\/","title":{"rendered":"Pol\u00edtica de Cookies"},"content":{"rendered":"<div class=\"gb-container gb-container-fca8bc78\">\n<div class=\"gb-container gb-container-488c068a\">\n\n<h1 class=\"wp-block-heading\">Pol\u00edtica de Cookies para Esse N Videri<\/h1>\n\n\n<div class=\"wp-block-image\">\n<figure class=\"aligncenter\"><img loading=\"lazy\" decoding=\"async\" width=\"800\" height=\"533\" src=\"https:\/\/env.media\/wp-content\/uploads\/2020\/08\/cookie-cookie.jpg\" alt=\"ENV.media cookies\" class=\"wp-image-186\" srcset=\"https:\/\/env.media\/wp-content\/uploads\/2020\/08\/cookie-cookie.jpg 800w, https:\/\/env.media\/wp-content\/uploads\/2020\/08\/cookie-cookie-300x200.jpg 300w, https:\/\/env.media\/wp-content\/uploads\/2020\/08\/cookie-cookie-768x512.jpg 768w\" sizes=\"(max-width: 800px) 100vw, 800px\" \/><\/figure><\/div>\n\n\n<p>Esta \u00e9 a Pol\u00edtica de cookies da Esse N Videri, acess\u00edvel em https:\/\/env.media\/<\/p>\n\n\n\n<p><strong>O que s\u00e3o cookies<\/strong><\/p>\n\n\n\n<p>Como \u00e9 pr\u00e1tica comum em quase todos os sites profissionais, este site utiliza cookies, que s\u00e3o pequenos arquivos que s\u00e3o baixados para o seu computador, para melhorar sua experi\u00eancia. Esta p\u00e1gina descreve quais informa\u00e7\u00f5es eles coletaram, como usamos e por que \u00e0s vezes precisamos armazenar esses cookies. Tamb\u00e9m compartilharemos como voc\u00ea pode evitar que esses cookies sejam armazenados, no entanto, isso pode prejudicar ou \u201cquebrar\u201d certos elementos da funcionalidade do site.<\/p>\n\n\n\n<p>Para obter informa\u00e7\u00f5es mais gerais sobre cookies, leia \u201c<a href=\"https:\/\/www.cookieconsent.com\/what-are-cookies\/\" target=\"_blank\" rel=\"noopener\">O que s\u00e3o cookies<\/a>\u201d.<\/p>\n\n\n\n<p><strong>Como usamos cookies<\/strong><\/p>\n\n\n\n<p>Usamos cookies por v\u00e1rios motivos detalhados abaixo. Infelizmente, na maioria dos casos, n\u00e3o existem op\u00e7\u00f5es padr\u00e3o da ind\u00fastria para desativar cookies sem desativar completamente a funcionalidade e os recursos que eles adicionam a este site. Recomenda-se que voc\u00ea deixe todos os cookies ativados se n\u00e3o tiver certeza se precisa deles ou n\u00e3o, caso sejam usados para fornecer um servi\u00e7o que voc\u00ea utiliza.<\/p>\n\n\n\n<p><strong>Desativando cookies<\/strong><\/p>\n\n\n\n<p>Voc\u00ea pode impedir a configura\u00e7\u00e3o de cookies ajustando as configura\u00e7\u00f5es do seu navegador (consulte a \u201cajuda\u201d do seu navegador para saber como fazer isso). Esteja ciente de que a desativa\u00e7\u00e3o de cookies afetar\u00e1 a funcionalidade deste e de muitos outros sites que voc\u00ea visita. A desativa\u00e7\u00e3o de cookies geralmente resultar\u00e1 na desativa\u00e7\u00e3o de determinadas funcionalidades e recursos deste site. Portanto \u00e9 recomendado que voc\u00ea n\u00e3o desative os cookies.<\/p>\n\n\n\n<p><strong>Os cookies que definimos<\/strong><\/p>\n\n\n\n<ul>\n<li>Cookies de prefer\u00eancias do site<\/li>\n<\/ul>\n\n\n\n<p>Para fornecer uma \u00f3tima experi\u00eancia neste site, forne\u00e7a uma funcionalidade para definir suas prefer\u00eancias sobre como este site funciona quando voc\u00ea o utiliza. Para lembrar suas prefer\u00eancias, voc\u00ea precisa definir cookies para que esta informa\u00e7\u00e3o possa ser chamada sempre que sua intera\u00e7\u00e3o com uma p\u00e1gina for afetada pelas suas op\u00e7\u00f5es.<\/p>\n\n\n\n<p><strong>Cookies de terceiros<\/strong><\/p>\n\n\n\n<p>Em alguns casos especiais tamb\u00e9m utilizamos cookies fornecidos por terceiros de confian\u00e7a. A se\u00e7\u00e3o a seguir detalha quais cookies de terceiros voc\u00ea pode encontrar neste site.<\/p>\n\n\n\n<ul>\n<li>Este site usa o Google Analytics, que \u00e9 uma das solu\u00e7\u00f5es anal\u00edticas mais difundidas e confi\u00e1veis da web para nos ajudar a entender como voc\u00ea usa o site e como podemos melhorar sua experi\u00eancia. Esses cookies podem rastrear coisas como o tempo que voc\u00ea passa no site e as p\u00e1ginas que voc\u00ea visita, para que possamos continuar a produzir conte\u00fado envolvente.<\/li>\n<\/ul>\n\n\n\n<p>Para mais informa\u00e7\u00f5es sobre os cookies do Google Analytics, consulte a p\u00e1gina oficial do Google Analytics.<\/p>\n\n\n\n<p><strong>Mais informa\u00e7\u00f5es<\/strong><\/p>\n\n\n\n<p>Esperamos que isso tenha esclarecido as coisas para voc\u00ea e, como mencionado anteriormente, se houver algo que voc\u00ea n\u00e3o tem certeza se precisa ou n\u00e3o, geralmente \u00e9 mais seguro deixar os cookies ativados caso interajam com um dos recursos que voc\u00ea usa em nosso site.<\/p>\n\n\n\n<p>No entanto, se ainda estiver \u00e0 procura de mais informa\u00e7\u00f5es, pode contatar-nos atrav\u00e9s de um dos nossos m\u00e9todos de contacto preferidos:<\/p>\n\n\n\n<ul>\n<li>Visitando este link: https:\/\/env.media\/br\/contato\/<\/li>\n<\/ul>\n\n<\/div>\n<\/div>","protected":false},"excerpt":{"rendered":"","protected":false},"author":3,"featured_media":4497,"parent":0,"menu_order":0,"comment_status":"closed","ping_status":"closed","template":"","meta":{"inline_featured_image":false,"footnotes":""},"categories":[],"tags":[],"_links":{"self":[{"href":"https:\/\/env.media\/br\/wp-json\/wp\/v2\/pages\/4521"}],"collection":[{"href":"https:\/\/env.media\/br\/wp-json\/wp\/v2\/pages"}],"about":[{"href":"https:\/\/env.media\/br\/wp-json\/wp\/v2\/types\/page"}],"author":[{"embeddable":true,"href":"https:\/\/env.media\/br\/wp-json\/wp\/v2\/users\/3"}],"replies":[{"embeddable":true,"href":"https:\/\/env.media\/br\/wp-json\/wp\/v2\/comments?post=4521"}],"version-history":[{"count":1,"href":"https:\/\/env.media\/br\/wp-json\/wp\/v2\/pages\/4521\/revisions"}],"predecessor-version":[{"id":4522,"href":"https:\/\/env.media\/br\/wp-json\/wp\/v2\/pages\/4521\/revisions\/4522"}],"wp:featuredmedia":[{"embeddable":true,"href":"https:\/\/env.media\/br\/wp-json\/wp\/v2\/media\/4497"}],"wp:attachment":[{"href":"https:\/\/env.media\/br\/wp-json\/wp\/v2\/media?parent=4521"}],"wp:term":[{"taxonomy":"category","embeddable":true,"href":"https:\/\/env.media\/br\/wp-json\/wp\/v2\/categories?post=4521"},{"taxonomy":"post_tag","embeddable":true,"href":"https:\/\/env.media\/br\/wp-json\/wp\/v2\/tags?post=4521"}],"curies":[{"name":"wp","href":"https:\/\/api.w.org\/{rel}","templated":true}]}}