{"id":4517,"date":"2020-11-17T06:32:08","date_gmt":"2020-11-17T06:32:08","guid":{"rendered":"https:\/\/env.media\/?page_id=4517"},"modified":"2024-10-25T15:24:20","modified_gmt":"2024-10-25T15:24:20","slug":"mattias","status":"publish","type":"page","link":"https:\/\/env.media\/br\/sobre-nos\/mattias\/","title":{"rendered":"Sobre Mattias"},"content":{"rendered":"<div class=\"gb-container gb-container-fca8bc78\">\n<div class=\"gb-container gb-container-2fc5b5ef\">\n<div class=\"gb-container gb-container-b6706725\">\n<div class=\"gb-grid-wrapper gb-grid-wrapper-3ce32d4f\">\n<div class=\"gb-grid-column gb-grid-column-01509a69\"><div class=\"gb-container gb-container-01509a69\">\n\n<h1 class=\"wp-block-heading\">Mattias Bergehed<\/h1>\n\n\n\n<h3 class=\"gb-headline gb-headline-57eb9562 gb-headline-text\">Cofundador e CEO<\/h3>\n\n\n\n<p>Mattias Bergehed \u00e9 cofundador da ENV Media e CEO da empresa. Vindo da Su\u00e9cia, Mattias tem 16 anos de experi\u00eancia na ind\u00fastria de iGaming.<\/p>\n\n\n\n<p>Ele desempenhou um papel fundamental na transforma\u00e7\u00e3o da Catena Media, atuando como chefe de SEO, em uma das maiores afiliadas de iGaming do mundo. Catena Media agora est\u00e1 listada na Nasdaq Estocolmo.<\/p>\n\n\n\n<p>Antes da ENV Media, ele trabalhou como Diretor de Pesquisa e Conte\u00fado no LeoVegas Gaming Group. Nesta fun\u00e7\u00e3o, ele garantiu que todo o conte\u00fado obedecesse \u00e0s licen\u00e7as de jogos de cassino em v\u00e1rios mercados, em todo o mundo.<\/p>\n\n<\/div><\/div>\n\n<div class=\"gb-grid-column gb-grid-column-9471f60b\"><div class=\"gb-container gb-container-9471f60b\">\n\n<figure class=\"gb-block-image gb-block-image-6e351467\"><img loading=\"lazy\" decoding=\"async\" width=\"300\" height=\"301\" class=\"gb-image gb-image-6e351467\" src=\"https:\/\/env.media\/wp-content\/uploads\/2020\/07\/mattias-profile-pic.jpg\" alt=\"\" title=\"mattias-profile-pic\" srcset=\"https:\/\/env.media\/wp-content\/uploads\/2020\/07\/mattias-profile-pic.jpg 300w, https:\/\/env.media\/wp-content\/uploads\/2020\/07\/mattias-profile-pic-150x150.jpg 150w\" sizes=\"(max-width: 300px) 100vw, 300px\" \/><\/figure>\n\n\n<div class=\"gb-container gb-container-ec11ecc3\"><\/div>\n<\/div><\/div>\n<\/div>\n\n\n<h2 class=\"wp-block-heading has-text-align-center\">Experi\u00eancia de trabalho<\/h2>\n\n\n\n<h3 class=\"wp-block-heading\">Diretor de SEO e Conte\u00fado<\/h3>\n\n\n\n<p><strong>Grupo LeoVegas Gaming LTD<\/strong><\/p>\n\n\n\n<p><strong>04\/2020 \u2013 08\/2020<\/strong>, LeoVegas \u00e9 a principal empresa GameTech e est\u00e1 na vanguarda do uso de tecnologia de ponta para jogos m\u00f3veis. N\u00f3s somos o Rei do Cassino. LeoVegas Gaming Group est\u00e1 atualmente listado na Nasdaq Su\u00e9cia<\/p>\n\n\n\n<hr class=\"wp-block-separator has-alpha-channel-opacity\"\/>\n\n\n\n<h3 class=\"wp-block-heading\">Chefe de SEO<\/h3>\n\n\n\n<p><strong>Grupo LeoVegas Gaming LTD<\/strong><\/p>\n\n\n\n<p>12\/2015 \u2013 04\/2019, Sliema, Malta LeoVegas \u00e9 a principal empresa GameTech e est\u00e1 na vanguarda do uso de tecnologia de ponta para jogos m\u00f3veis. LeoVegas Gaming Group est\u00e1 atualmente listado na Nasdaq Su\u00e9cia<\/p>\n\n\n\n<hr class=\"wp-block-separator has-alpha-channel-opacity\"\/>\n\n\n\n<h3 class=\"wp-block-heading\">Chefe de SEO<\/h3>\n\n\n\n<p><strong>Catena Media<\/strong><\/p>\n\n\n\n<p>05\/2011 \u2013 09\/2014, Sliema, Malta A Catena Media gera leads on-line de alto valor para seus clientes, ajudando entusiastas de cassinos on-line e apostas esportivas em todo o mundo a encontrar o melhor neg\u00f3cio.<\/p>\n\n\n\n<h2 class=\"wp-block-heading has-text-align-center\">Apresentado em<\/h2>\n\n\n\n<p>Mattias foi convidado como orador principal em alguns dos <a href=\"https:\/\/searchstars.se\/talare\/mattias-head-of-seo-leovegas\/\" target=\"_blank\" rel=\"noopener\">maiores eventos de pesquisa e jogos da Europa<\/a>, tamb\u00e9m \u00e9 um especialista do setor participando de diversos eventos do setor, abaixo est\u00e3o links para alguns deles:<\/p>\n\n\n\n<ul>\n<li>Aquisi\u00e7\u00e3o e SEO Off-Page na ind\u00fastria IGaming \u2013 <a href=\"https:\/\/www.youtube.com\/watch?v=thSotMyuHqY&amp;t=162s\" target=\"_blank\" rel=\"noopener\">Link do YouTube<\/a><\/li>\n\n\n\n<li>Alimentando fus\u00f5es e aquisi\u00e7\u00f5es com dados de pesquisa \u2013 <a href=\"https:\/\/www.youtube.com\/watch?v=huS-uISti-8\" target=\"_blank\" rel=\"noopener\">Link do YouTube<\/a><\/li>\n\n\n\n<li>Tend\u00eancias de pesquisa na ind\u00fastria de jogos de azar em IGaming Pr\u00f3ximo \u2013 <a href=\"https:\/\/www.youtube.com\/watch?v=Vd7A_aWxZGc\" target=\"_blank\" rel=\"noopener\">Link do YouTube<\/a><\/li>\n\n\n\n<li><a href=\"https:\/\/sbcnews.co.uk\/features\/2021\/01\/28\/sbc-digital-india-potential-markets-and-paths-for-success\/\" target=\"_blank\" rel=\"noopener\">SBC Digital \u00cdndia 2021<\/a> \u2013 Cobrindo tend\u00eancias de marketing na ind\u00fastria de Igaming<\/li>\n\n\n\n<li>Participou em podcast <a href=\"https:\/\/gamblingtv.com\/featured\/2021\/02\/15\/the-big-betting-balagan-the-india-opportunity-challenges\/\" target=\"_blank\" rel=\"noopener\">Big Betting Balagan<\/a>, cobrindo o cen\u00e1rio dos jogos de azar na \u00cdndia<\/li>\n\n\n\n<li>Convidado como palestrante principal em <a href=\"https:\/\/www.jadipunya.id\/catatan-seocon-2021-hari-kedua\/\" target=\"_blank\" rel=\"noopener\">SEOCON Jacarta<\/a>, o maior evento de SEO da \u00c1sia com mais de 15.000 participantes, falando sobre estrat\u00e9gias de marketing no mercado indiano \u2013 <a href=\"https:\/\/www.youtube.com\/watch?v=mBFU2vMcyj4&amp;t=1341s\" target=\"_blank\" rel=\"noopener\">Link do YouTube<\/a><\/li>\n<\/ul>\n\n<\/div>\n<\/div>\n<\/div>","protected":false},"excerpt":{"rendered":"","protected":false},"author":3,"featured_media":4519,"parent":4476,"menu_order":0,"comment_status":"closed","ping_status":"closed","template":"","meta":{"inline_featured_image":false,"footnotes":""},"categories":[],"tags":[],"_links":{"self":[{"href":"https:\/\/env.media\/br\/wp-json\/wp\/v2\/pages\/4517"}],"collection":[{"href":"https:\/\/env.media\/br\/wp-json\/wp\/v2\/pages"}],"about":[{"href":"https:\/\/env.media\/br\/wp-json\/wp\/v2\/types\/page"}],"author":[{"embeddable":true,"href":"https:\/\/env.media\/br\/wp-json\/wp\/v2\/users\/3"}],"replies":[{"embeddable":true,"href":"https:\/\/env.media\/br\/wp-json\/wp\/v2\/comments?post=4517"}],"version-history":[{"count":4,"href":"https:\/\/env.media\/br\/wp-json\/wp\/v2\/pages\/4517\/revisions"}],"predecessor-version":[{"id":5491,"href":"https:\/\/env.media\/br\/wp-json\/wp\/v2\/pages\/4517\/revisions\/5491"}],"up":[{"embeddable":true,"href":"https:\/\/env.media\/br\/wp-json\/wp\/v2\/pages\/4476"}],"wp:featuredmedia":[{"embeddable":true,"href":"https:\/\/env.media\/br\/wp-json\/wp\/v2\/media\/4519"}],"wp:attachment":[{"href":"https:\/\/env.media\/br\/wp-json\/wp\/v2\/media?parent=4517"}],"wp:term":[{"taxonomy":"category","embeddable":true,"href":"https:\/\/env.media\/br\/wp-json\/wp\/v2\/categories?post=4517"},{"taxonomy":"post_tag","embeddable":true,"href":"https:\/\/env.media\/br\/wp-json\/wp\/v2\/tags?post=4517"}],"curies":[{"name":"wp","href":"https:\/\/api.w.org\/{rel}","templated":true}]}}