{"id":4515,"date":"2021-02-01T01:35:38","date_gmt":"2021-02-01T01:35:38","guid":{"rendered":"https:\/\/env.media\/?page_id=4515"},"modified":"2024-10-25T15:24:18","modified_gmt":"2024-10-25T15:24:18","slug":"marcus","status":"publish","type":"page","link":"https:\/\/env.media\/br\/sobre-nos\/marcus\/","title":{"rendered":"Sobre Marcus"},"content":{"rendered":"<div class=\"gb-container gb-container-fca8bc78\">\n<div class=\"gb-container gb-container-2fc5b5ef\">\n<div class=\"gb-container gb-container-b6706725\">\n<div class=\"gb-grid-wrapper gb-grid-wrapper-3ce32d4f\">\n<div class=\"gb-grid-column gb-grid-column-01509a69\"><div class=\"gb-container gb-container-01509a69\">\n\n<h1 class=\"wp-block-heading\">Marcus Klasman<\/h1>\n\n\n\n<h3 class=\"gb-headline gb-headline-57eb9562 gb-headline-text\">Gerente de Projetos SEO<\/h3>\n\n\n\n<p>Marcus Klasman \u00e9 gerente de projetos de SEO na ENV Media, ele \u00e9 um escritor vers\u00e1til vindo da Su\u00e9cia e adora criar conte\u00fado din\u00e2mico.<\/p>\n\n\n\n<p>Com dupla forma\u00e7\u00e3o em Marketing e Sociologia pela Universidade de Uppsala, ele aplica seu conhecimento para impulsionar os ativos da ENV Media a novos patamares.<\/p>\n\n<\/div><\/div>\n\n<div class=\"gb-grid-column gb-grid-column-9471f60b\"><div class=\"gb-container gb-container-9471f60b\">\n\n<figure class=\"gb-block-image gb-block-image-6e351467\"><img loading=\"lazy\" decoding=\"async\" width=\"401\" height=\"401\" class=\"gb-image gb-image-6e351467\" src=\"https:\/\/env.media\/wp-content\/uploads\/2020\/10\/marcus-klasman.jpg\" alt=\"\" title=\"marcus-klasman\" srcset=\"https:\/\/env.media\/wp-content\/uploads\/2020\/10\/marcus-klasman.jpg 401w, https:\/\/env.media\/wp-content\/uploads\/2020\/10\/marcus-klasman-300x300.jpg 300w, https:\/\/env.media\/wp-content\/uploads\/2020\/10\/marcus-klasman-150x150.jpg 150w\" sizes=\"(max-width: 401px) 100vw, 401px\" \/><\/figure>\n\n<\/div><\/div>\n<\/div>\n<\/div>\n<\/div>\n<\/div>","protected":false},"excerpt":{"rendered":"","protected":false},"author":3,"featured_media":0,"parent":4476,"menu_order":0,"comment_status":"closed","ping_status":"closed","template":"","meta":{"inline_featured_image":false,"footnotes":""},"categories":[],"tags":[],"_links":{"self":[{"href":"https:\/\/env.media\/br\/wp-json\/wp\/v2\/pages\/4515"}],"collection":[{"href":"https:\/\/env.media\/br\/wp-json\/wp\/v2\/pages"}],"about":[{"href":"https:\/\/env.media\/br\/wp-json\/wp\/v2\/types\/page"}],"author":[{"embeddable":true,"href":"https:\/\/env.media\/br\/wp-json\/wp\/v2\/users\/3"}],"replies":[{"embeddable":true,"href":"https:\/\/env.media\/br\/wp-json\/wp\/v2\/comments?post=4515"}],"version-history":[{"count":1,"href":"https:\/\/env.media\/br\/wp-json\/wp\/v2\/pages\/4515\/revisions"}],"predecessor-version":[{"id":4516,"href":"https:\/\/env.media\/br\/wp-json\/wp\/v2\/pages\/4515\/revisions\/4516"}],"up":[{"embeddable":true,"href":"https:\/\/env.media\/br\/wp-json\/wp\/v2\/pages\/4476"}],"wp:attachment":[{"href":"https:\/\/env.media\/br\/wp-json\/wp\/v2\/media?parent=4515"}],"wp:term":[{"taxonomy":"category","embeddable":true,"href":"https:\/\/env.media\/br\/wp-json\/wp\/v2\/categories?post=4515"},{"taxonomy":"post_tag","embeddable":true,"href":"https:\/\/env.media\/br\/wp-json\/wp\/v2\/tags?post=4515"}],"curies":[{"name":"wp","href":"https:\/\/api.w.org\/{rel}","templated":true}]}}