{"id":4513,"date":"2021-02-01T01:26:50","date_gmt":"2021-02-01T01:26:50","guid":{"rendered":"https:\/\/env.media\/?page_id=4513"},"modified":"2024-10-25T15:24:19","modified_gmt":"2024-10-25T15:24:19","slug":"martin","status":"publish","type":"page","link":"https:\/\/env.media\/br\/sobre-nos\/martin\/","title":{"rendered":"Sobre Martin"},"content":{"rendered":"<div class=\"gb-container gb-container-fca8bc78\">\n<div class=\"gb-container gb-container-2fc5b5ef\">\n<div class=\"gb-container gb-container-b6706725\">\n<div class=\"gb-grid-wrapper gb-grid-wrapper-3ce32d4f\">\n<div class=\"gb-grid-column gb-grid-column-01509a69\"><div class=\"gb-container gb-container-01509a69\">\n\n<h1 class=\"wp-block-heading\">Martin Larsson<\/h1>\n\n\n\n<h3 class=\"gb-headline gb-headline-57eb9562 gb-headline-text\">Cofundador<\/h3>\n\n\n\n<p>Martin Larsson \u00e9 um dos cofundadores da ENV Media. Ele est\u00e1 na ind\u00fastria de iGaming desde 2011.<\/p>\n\n<\/div><\/div>\n\n<div class=\"gb-grid-column gb-grid-column-9471f60b\"><div class=\"gb-container gb-container-9471f60b\">\n\n<figure class=\"gb-block-image gb-block-image-6e351467\"><img loading=\"lazy\" decoding=\"async\" width=\"401\" height=\"400\" class=\"gb-image gb-image-6e351467\" src=\"https:\/\/env.media\/wp-content\/uploads\/2020\/10\/martin-profile-picture.jpg\" alt=\"\" title=\"martin-profile-picture\" srcset=\"https:\/\/env.media\/wp-content\/uploads\/2020\/10\/martin-profile-picture.jpg 401w, https:\/\/env.media\/wp-content\/uploads\/2020\/10\/martin-profile-picture-300x300.jpg 300w, https:\/\/env.media\/wp-content\/uploads\/2020\/10\/martin-profile-picture-150x150.jpg 150w\" sizes=\"(max-width: 401px) 100vw, 401px\" \/><\/figure>\n\n<\/div><\/div>\n<\/div>\n\n\n<h2 class=\"wp-block-heading has-text-align-center\">Experi\u00eancia de trabalho<\/h2>\n\n\n\n<h3 class=\"wp-block-heading\">Cofundador<\/h3>\n\n\n\n<p><strong>ENV Media<\/strong><\/p>\n\n\n\n<p><strong>2018 \u2013 presente<\/strong>, ENV Media, \u00e9 uma ag\u00eancia l\u00edder de marketing de desempenho, especializada em iGaming e com foco nos mercados asi\u00e1ticos e latino-americanos.<\/p>\n\n\n\n<hr class=\"wp-block-separator has-alpha-channel-opacity\"\/>\n\n\n\n<h3 class=\"wp-block-heading\">Designer de jogos<\/h3>\n\n\n\n<p><strong>Just For The Win<\/strong><\/p>\n\n\n\n<p><strong>2017 \u2013 2018<\/strong>, Estocolmo, Su\u00e9cia. Just For The Win \u00e9 um est\u00fadio de jogos independente, especializado na cria\u00e7\u00e3o de jogos de ca\u00e7a-n\u00edqueis para mercados internacionais.<\/p>\n\n\n\n<hr class=\"wp-block-separator has-alpha-channel-opacity\"\/>\n\n\n\n<h3 class=\"wp-block-heading\">Gerente de Cassino<\/h3>\n\n\n\n<p><strong>Grupo LeoVegas Gaming LTD<\/strong><\/p>\n\n\n\n<p><strong>2015 \u2013 2017<\/strong>, LeoVegas \u00e9 a principal empresa GameTech e est\u00e1 na vanguarda do uso de tecnologia de ponta para jogos m\u00f3veis. LeoVegas Gaming Group est\u00e1 atualmente listado na Nasdaq Su\u00e9cia.<\/p>\n\n<\/div>\n<\/div>\n<\/div>","protected":false},"excerpt":{"rendered":"","protected":false},"author":3,"featured_media":0,"parent":4476,"menu_order":0,"comment_status":"closed","ping_status":"closed","template":"","meta":{"inline_featured_image":false,"footnotes":""},"categories":[],"tags":[],"_links":{"self":[{"href":"https:\/\/env.media\/br\/wp-json\/wp\/v2\/pages\/4513"}],"collection":[{"href":"https:\/\/env.media\/br\/wp-json\/wp\/v2\/pages"}],"about":[{"href":"https:\/\/env.media\/br\/wp-json\/wp\/v2\/types\/page"}],"author":[{"embeddable":true,"href":"https:\/\/env.media\/br\/wp-json\/wp\/v2\/users\/3"}],"replies":[{"embeddable":true,"href":"https:\/\/env.media\/br\/wp-json\/wp\/v2\/comments?post=4513"}],"version-history":[{"count":3,"href":"https:\/\/env.media\/br\/wp-json\/wp\/v2\/pages\/4513\/revisions"}],"predecessor-version":[{"id":5490,"href":"https:\/\/env.media\/br\/wp-json\/wp\/v2\/pages\/4513\/revisions\/5490"}],"up":[{"embeddable":true,"href":"https:\/\/env.media\/br\/wp-json\/wp\/v2\/pages\/4476"}],"wp:attachment":[{"href":"https:\/\/env.media\/br\/wp-json\/wp\/v2\/media?parent=4513"}],"wp:term":[{"taxonomy":"category","embeddable":true,"href":"https:\/\/env.media\/br\/wp-json\/wp\/v2\/categories?post=4513"},{"taxonomy":"post_tag","embeddable":true,"href":"https:\/\/env.media\/br\/wp-json\/wp\/v2\/tags?post=4513"}],"curies":[{"name":"wp","href":"https:\/\/api.w.org\/{rel}","templated":true}]}}