{"id":4508,"date":"2023-12-18T17:14:46","date_gmt":"2023-12-18T17:14:46","guid":{"rendered":"https:\/\/env.media\/?page_id=4508"},"modified":"2024-10-25T15:24:47","modified_gmt":"2024-10-25T15:24:47","slug":"priscila","status":"publish","type":"page","link":"https:\/\/env.media\/br\/sobre-nos\/priscila\/","title":{"rendered":"Sobre Priscila"},"content":{"rendered":"<div class=\"gb-container gb-container-fca8bc78\">\n<div class=\"gb-container gb-container-2fc5b5ef\">\n<div class=\"gb-container gb-container-b6706725\">\n<div class=\"gb-grid-wrapper gb-grid-wrapper-3ce32d4f\">\n<div class=\"gb-grid-column gb-grid-column-01509a69\"><div class=\"gb-container gb-container-01509a69\">\n\n<h1 class=\"wp-block-heading\">Priscila Ferreira<\/h1>\n\n\n\n<h3 class=\"gb-headline gb-headline-57eb9562 gb-headline-text\">Pesquisadora Associada<\/h3>\n\n\n\n<p>Priscila Ferreira \u00e9 a pesquisadora brasileira na ENV Media apaixonada por entender o comportamento e as motiva\u00e7\u00f5es humanas.<\/p>\n\n\n\n<p>Formada em Biblioteconomia e Gest\u00e3o da Informa\u00e7\u00e3o pela <a href=\"https:\/\/ufrj.br\/\" target=\"_blank\" rel=\"noopener\">Universidade Federal do Rio de Janeiro<\/a> (UFRJ), ela contribui para as pesquisas da ENV Media com sua experi\u00eancia em pesquisa de mercado, an\u00e1lise de dados, comportamento do consumidor e UX research<\/p>\n\n<\/div><\/div>\n\n<div class=\"gb-grid-column gb-grid-column-9471f60b\"><div class=\"gb-container gb-container-9471f60b\">\n\n<figure class=\"gb-block-image gb-block-image-6e351467\"><img loading=\"lazy\" decoding=\"async\" width=\"400\" height=\"400\" class=\"gb-image gb-image-6e351467\" src=\"https:\/\/env.media\/wp-content\/uploads\/2023\/12\/priscila-ferreira-env.png\" alt=\"\" title=\"priscila-ferreira-env\" srcset=\"https:\/\/env.media\/wp-content\/uploads\/2023\/12\/priscila-ferreira-env.png 400w, https:\/\/env.media\/wp-content\/uploads\/2023\/12\/priscila-ferreira-env-300x300.png 300w, https:\/\/env.media\/wp-content\/uploads\/2023\/12\/priscila-ferreira-env-150x150.png 150w\" sizes=\"(max-width: 400px) 100vw, 400px\" \/><\/figure>\n\n<\/div><\/div>\n<\/div>\n<\/div>\n<\/div>\n\n<div class=\"gb-container gb-container-0f18a0dc\">\n\n<h2 class=\"gb-headline gb-headline-82f9acdb\"><span class=\"gb-icon\"><svg xmlns=\"http:\/\/www.w3.org\/2000\/svg\" viewBox=\"0 0 60 4.688\"><path d=\"M57.656 0H2.344a2.343 2.343 0 100 4.688h55.312a2.344 2.344 0 000-4.688z\"><\/path><\/svg><\/span><span class=\"gb-headline-text\">Artigos de Priscila<\/span><\/h2>\n\n\n<div class=\"gb-container gb-container-488c068a\">\n\n<div class=\"gb-grid-wrapper gb-grid-wrapper-d422ad07 gb-query-loop-wrapper\">\n<div class=\"gb-grid-column gb-grid-column-a66ca7b8 gb-query-loop-item post-6170 page type-page status-publish has-post-thumbnail category-testes-cassino-online category-pesquisa tag-brazil-2 tag-cassino-online tag-experiencia-de-jogo tag-usabilidade\"><div class=\"gb-container gb-container-a66ca7b8\">\n<div class=\"gb-container gb-container-4c3cda3a\">\n<div class=\"gb-container gb-container-b52e278b\"><\/div>\n<\/div>\n\n<figure class=\"gb-block-image gb-block-image-b5d1d9d8\"><a href=\"https:\/\/env.media\/br\/testes-de-cassino-online\/estudo-de-caso-experiencia-de-jogo-brasil-julho-2024\/\"><img loading=\"lazy\" decoding=\"async\" width=\"1001\" height=\"640\" src=\"https:\/\/env.media\/wp-content\/uploads\/UX-case-study-playing-experience.png\" class=\"gb-image-b5d1d9d8 rs-background\" alt=\"\" srcset=\"https:\/\/env.media\/wp-content\/uploads\/UX-case-study-playing-experience.png 1001w, https:\/\/env.media\/wp-content\/uploads\/UX-case-study-playing-experience-300x192.png 300w, https:\/\/env.media\/wp-content\/uploads\/UX-case-study-playing-experience-768x491.png 768w\" sizes=\"(max-width: 1001px) 100vw, 1001px\" \/><\/a><\/figure>\n\n<div class=\"gb-container gb-container-fc1bccb8\">\n<figure class=\"gb-block-image gb-block-image-4d891f5a\"><img data-del=\"avatar\" src='https:\/\/env.media\/wp-content\/uploads\/2023\/12\/priscila-ferreira-env-150x150.png' class='avatar pp-user-avatar avatar-36 photo gb-image-4d891f5a' height='36' width='36'\/><\/figure>\n<\/div>\n\n<div class=\"gb-container gb-container-52fab1e7\">\n<h2 class=\"gb-headline gb-headline-6862e514 gb-headline-text\"><a href=\"https:\/\/env.media\/br\/testes-de-cassino-online\/estudo-de-caso-experiencia-de-jogo-brasil-julho-2024\/\">Experi\u00eancia de Jogo em Cassinos Online no Brasil: um Estudo de Caso da ENV \u2013 Julho de 2024<\/a><\/h2>\n\n<div class=\"gb-headline gb-headline-fccf7ffc gb-headline-text\"><time class=\"entry-date published\" datetime=\"2024-08-05T23:35:29+00:00\">agosto 5, 2024<\/time><\/div>\n\n<p class=\"gb-headline gb-headline-028a8e76 gb-headline-text\">Nosso estudo avalia a experi\u00eancia do usu\u00e1rio nos principais cassinos online do Brasil, com foco em usabilidade, acessibilidade e desempenho.<\/p>\n<\/div>\n<\/div><\/div>\n\n<div class=\"gb-grid-column gb-grid-column-a66ca7b8 gb-query-loop-item post-5857 page type-page status-publish has-post-thumbnail category-testes-cassino-online category-pesquisa tag-cassinos-online tag-online-casino-testes tag-online-cassino-ux tag-saques-rapidos\"><div class=\"gb-container gb-container-a66ca7b8\">\n<div class=\"gb-container gb-container-4c3cda3a\">\n<div class=\"gb-container gb-container-b52e278b\"><\/div>\n<\/div>\n\n<figure class=\"gb-block-image gb-block-image-b5d1d9d8\"><a href=\"https:\/\/env.media\/br\/testes-de-cassino-online\/estudo-de-caso-de-ux-pagamentos-e-saques-no-brasil-2024\/\"><img loading=\"lazy\" decoding=\"async\" width=\"1000\" height=\"640\" src=\"https:\/\/env.media\/wp-content\/uploads\/2023\/12\/ux-case-study-payments-and-withdrawals.png\" class=\"gb-image-b5d1d9d8 rs-background\" alt=\"test de saques e metodos de pagamento\" srcset=\"https:\/\/env.media\/wp-content\/uploads\/2023\/12\/ux-case-study-payments-and-withdrawals.png 1000w, https:\/\/env.media\/wp-content\/uploads\/2023\/12\/ux-case-study-payments-and-withdrawals-300x192.png 300w, https:\/\/env.media\/wp-content\/uploads\/2023\/12\/ux-case-study-payments-and-withdrawals-768x492.png 768w\" sizes=\"(max-width: 1000px) 100vw, 1000px\" \/><\/a><\/figure>\n\n<div class=\"gb-container gb-container-fc1bccb8\">\n<figure class=\"gb-block-image gb-block-image-4d891f5a\"><img data-del=\"avatar\" src='https:\/\/env.media\/wp-content\/uploads\/2023\/12\/priscila-ferreira-env-150x150.png' class='avatar pp-user-avatar avatar-36 photo gb-image-4d891f5a' height='36' width='36'\/><\/figure>\n<\/div>\n\n<div class=\"gb-container gb-container-52fab1e7\">\n<h2 class=\"gb-headline gb-headline-6862e514 gb-headline-text\"><a href=\"https:\/\/env.media\/br\/testes-de-cassino-online\/estudo-de-caso-de-ux-pagamentos-e-saques-no-brasil-2024\/\">Saques em Cassinos e UX no Brasil 2024: Estudo de Caso da ENV<\/a><\/h2>\n\n<div class=\"gb-headline gb-headline-fccf7ffc gb-headline-text\"><time class=\"entry-date published\" datetime=\"2024-07-09T14:41:55+00:00\">julho 9, 2024<\/time><\/div>\n\n<p class=\"gb-headline gb-headline-028a8e76 gb-headline-text\">Avaliamos o desempenho das principais operadoras de iGaming no Brasil analisando em primeira m\u00e3o o processo de dep\u00f3sito, UX e saques.<\/p>\n<\/div>\n<\/div><\/div>\n\n<div class=\"gb-grid-column gb-grid-column-a66ca7b8 gb-query-loop-item post-5850 page type-page status-publish has-post-thumbnail category-br-insights\"><div class=\"gb-container gb-container-a66ca7b8\">\n<div class=\"gb-container gb-container-4c3cda3a\">\n<div class=\"gb-container gb-container-b52e278b\"><\/div>\n<\/div>\n\n<figure class=\"gb-block-image gb-block-image-b5d1d9d8\"><a href=\"https:\/\/env.media\/br\/o-que-e-tigrinho-e-por-que-e-popular-no-brasil\/\"><img loading=\"lazy\" decoding=\"async\" width=\"1001\" height=\"640\" src=\"https:\/\/env.media\/wp-content\/uploads\/what-is-fortune-tiger-and-why-is-it-so-popular-in-Brazil.png\" class=\"gb-image-b5d1d9d8 rs-background\" alt=\"\" srcset=\"https:\/\/env.media\/wp-content\/uploads\/what-is-fortune-tiger-and-why-is-it-so-popular-in-Brazil.png 1001w, https:\/\/env.media\/wp-content\/uploads\/what-is-fortune-tiger-and-why-is-it-so-popular-in-Brazil-300x192.png 300w, https:\/\/env.media\/wp-content\/uploads\/what-is-fortune-tiger-and-why-is-it-so-popular-in-Brazil-768x491.png 768w\" sizes=\"(max-width: 1001px) 100vw, 1001px\" \/><\/a><\/figure>\n\n<div class=\"gb-container gb-container-fc1bccb8\">\n<figure class=\"gb-block-image gb-block-image-4d891f5a\"><img data-del=\"avatar\" src='https:\/\/env.media\/wp-content\/uploads\/2023\/12\/priscila-ferreira-env-150x150.png' class='avatar pp-user-avatar avatar-36 photo gb-image-4d891f5a' height='36' width='36'\/><\/figure>\n<\/div>\n\n<div class=\"gb-container gb-container-52fab1e7\">\n<h2 class=\"gb-headline gb-headline-6862e514 gb-headline-text\"><a href=\"https:\/\/env.media\/br\/o-que-e-tigrinho-e-por-que-e-popular-no-brasil\/\">O que \u00e9 o Jogo do Tigrinho e Por que \u00e9 T\u00e3o Popular no Brasil?<\/a><\/h2>\n\n<div class=\"gb-headline gb-headline-fccf7ffc gb-headline-text\"><time class=\"entry-date published\" datetime=\"2024-06-03T16:33:38+00:00\">junho 3, 2024<\/time><\/div>\n\n<p class=\"gb-headline gb-headline-028a8e76 gb-headline-text\">Fortune Tiger, uma das principais jca\u00e7a-n\u00edqueis da PG Soft, dominou o cen\u00e1rio de cassinos do Brasil. Descubra por que o &#8220;Jogo do Tigre&#8221; se tornou t\u00e3o popular, impulsionado pelas redes sociais e pelo marketing de influenciadores.<\/p>\n<\/div>\n<\/div><\/div>\n\n<div class=\"gb-grid-column gb-grid-column-a66ca7b8 gb-query-loop-item post-5843 page type-page status-publish has-post-thumbnail category-br-insights\"><div class=\"gb-container gb-container-a66ca7b8\">\n<div class=\"gb-container gb-container-4c3cda3a\">\n<div class=\"gb-container gb-container-b52e278b\"><\/div>\n<\/div>\n\n<figure class=\"gb-block-image gb-block-image-b5d1d9d8\"><a href=\"https:\/\/env.media\/br\/grupos-do-telegram-de-igaming-brasil-expostos\/\"><img loading=\"lazy\" decoding=\"async\" width=\"1001\" height=\"640\" src=\"https:\/\/env.media\/wp-content\/uploads\/scammy-strategies-and-telegram-groups-in-brazil.png\" class=\"gb-image-b5d1d9d8 rs-background\" alt=\"\" srcset=\"https:\/\/env.media\/wp-content\/uploads\/scammy-strategies-and-telegram-groups-in-brazil.png 1001w, https:\/\/env.media\/wp-content\/uploads\/scammy-strategies-and-telegram-groups-in-brazil-300x192.png 300w, https:\/\/env.media\/wp-content\/uploads\/scammy-strategies-and-telegram-groups-in-brazil-768x491.png 768w\" sizes=\"(max-width: 1001px) 100vw, 1001px\" \/><\/a><\/figure>\n\n<div class=\"gb-container gb-container-fc1bccb8\">\n<figure class=\"gb-block-image gb-block-image-4d891f5a\"><img data-del=\"avatar\" src='https:\/\/env.media\/wp-content\/uploads\/2023\/12\/priscila-ferreira-env-150x150.png' class='avatar pp-user-avatar avatar-36 photo gb-image-4d891f5a' height='36' width='36'\/><\/figure>\n<\/div>\n\n<div class=\"gb-container gb-container-52fab1e7\">\n<h2 class=\"gb-headline gb-headline-6862e514 gb-headline-text\"><a href=\"https:\/\/env.media\/br\/grupos-do-telegram-de-igaming-brasil-expostos\/\">Estrat\u00e9gias fraudulentas e promessas vazias \u2013 A verdade por tr\u00e1s dos grupos de iGaming no Telegram Brasil<\/a><\/h2>\n\n<div class=\"gb-headline gb-headline-fccf7ffc gb-headline-text\"><time class=\"entry-date published\" datetime=\"2024-04-04T15:09:40+00:00\">abril 4, 2024<\/time><\/div>\n\n<p class=\"gb-headline gb-headline-028a8e76 gb-headline-text\">Explorando o mundo sombrio dos grupos de iGaming no Telegram no Brasil, nossa investiga\u00e7\u00e3o revela a dura realidade por tr\u00e1s das promessas sedutoras de lucros f\u00e1ceis e da credibilidade duvidosa dos cassinos promovidos.<\/p>\n<\/div>\n<\/div><\/div>\n\n<div class=\"gb-grid-column gb-grid-column-a66ca7b8 gb-query-loop-item post-5840 page type-page status-publish has-post-thumbnail category-br-insights\"><div class=\"gb-container gb-container-a66ca7b8\">\n<div class=\"gb-container gb-container-4c3cda3a\">\n<div class=\"gb-container gb-container-b52e278b\"><\/div>\n<\/div>\n\n<figure class=\"gb-block-image gb-block-image-b5d1d9d8\"><a href=\"https:\/\/env.media\/br\/marketing-de-influencia-brasileiro-uma-perspectiva-regulatoria\/\"><img loading=\"lazy\" decoding=\"async\" width=\"1001\" height=\"640\" src=\"https:\/\/env.media\/wp-content\/uploads\/brazilian-influencer-marketing.png\" class=\"gb-image-b5d1d9d8 rs-background\" alt=\"\" srcset=\"https:\/\/env.media\/wp-content\/uploads\/brazilian-influencer-marketing.png 1001w, https:\/\/env.media\/wp-content\/uploads\/brazilian-influencer-marketing-300x192.png 300w, https:\/\/env.media\/wp-content\/uploads\/brazilian-influencer-marketing-768x491.png 768w\" sizes=\"(max-width: 1001px) 100vw, 1001px\" \/><\/a><\/figure>\n\n<div class=\"gb-container gb-container-fc1bccb8\">\n<figure class=\"gb-block-image gb-block-image-4d891f5a\"><img data-del=\"avatar\" src='https:\/\/env.media\/wp-content\/uploads\/2023\/12\/priscila-ferreira-env-150x150.png' class='avatar pp-user-avatar avatar-36 photo gb-image-4d891f5a' height='36' width='36'\/><\/figure>\n<\/div>\n\n<div class=\"gb-container gb-container-52fab1e7\">\n<h2 class=\"gb-headline gb-headline-6862e514 gb-headline-text\"><a href=\"https:\/\/env.media\/br\/marketing-de-influencia-brasileiro-uma-perspectiva-regulatoria\/\">Marketing de Influ\u00eancia de Cassinos Brasileiros \u2013 Uma Perspectiva Regulat\u00f3ria<\/a><\/h2>\n\n<div class=\"gb-headline gb-headline-fccf7ffc gb-headline-text\"><time class=\"entry-date published\" datetime=\"2024-01-30T10:20:03+00:00\">janeiro 30, 2024<\/time><\/div>\n\n<p class=\"gb-headline gb-headline-028a8e76 gb-headline-text\">Discutimos o impacto do marketing de influ\u00eancia brasileiro no cen\u00e1rio dos jogos de azar, com foco nos desafios regulat\u00f3rios, nas quest\u00f5es \u00e9ticas e na evolu\u00e7\u00e3o do cen\u00e1rio da publicidade digital.<\/p>\n<\/div>\n<\/div><\/div>\n\n<div class=\"gb-grid-column gb-grid-column-a66ca7b8 gb-query-loop-item post-5837 page type-page status-publish has-post-thumbnail category-pesquisa tag-brasil tag-experiencia-de-jogo tag-mercado-de-jogos-de-azar tag-saques-rapidos tag-usabilidade tag-ux-2\"><div class=\"gb-container gb-container-a66ca7b8\">\n<div class=\"gb-container gb-container-4c3cda3a\">\n<div class=\"gb-container gb-container-b52e278b\"><\/div>\n<\/div>\n\n<figure class=\"gb-block-image gb-block-image-b5d1d9d8\"><a href=\"https:\/\/env.media\/br\/testes-de-cassino-online\/estudo-de-caso-de-ux-pagamentos-e-saques-no-brasil\/\"><img loading=\"lazy\" decoding=\"async\" width=\"1000\" height=\"640\" src=\"https:\/\/env.media\/wp-content\/uploads\/2023\/12\/ux-case-study-payments-and-withdrawals.png\" class=\"gb-image-b5d1d9d8 rs-background\" alt=\"test de saques e metodos de pagamento\" srcset=\"https:\/\/env.media\/wp-content\/uploads\/2023\/12\/ux-case-study-payments-and-withdrawals.png 1000w, https:\/\/env.media\/wp-content\/uploads\/2023\/12\/ux-case-study-payments-and-withdrawals-300x192.png 300w, https:\/\/env.media\/wp-content\/uploads\/2023\/12\/ux-case-study-payments-and-withdrawals-768x492.png 768w\" sizes=\"(max-width: 1000px) 100vw, 1000px\" \/><\/a><\/figure>\n\n<div class=\"gb-container gb-container-fc1bccb8\">\n<figure class=\"gb-block-image gb-block-image-4d891f5a\"><img data-del=\"avatar\" src='https:\/\/env.media\/wp-content\/uploads\/2023\/12\/priscila-ferreira-env-150x150.png' class='avatar pp-user-avatar avatar-36 photo gb-image-4d891f5a' height='36' width='36'\/><\/figure>\n<\/div>\n\n<div class=\"gb-container gb-container-52fab1e7\">\n<h2 class=\"gb-headline gb-headline-6862e514 gb-headline-text\"><a href=\"https:\/\/env.media\/br\/testes-de-cassino-online\/estudo-de-caso-de-ux-pagamentos-e-saques-no-brasil\/\">Saques em Cassinos e UX no Brasil 2023: Estudo de Caso da ENV<\/a><\/h2>\n\n<div class=\"gb-headline gb-headline-fccf7ffc gb-headline-text\"><time class=\"entry-date published\" datetime=\"2023-10-25T11:23:00+00:00\">outubro 25, 2023<\/time><\/div>\n\n<p class=\"gb-headline gb-headline-028a8e76 gb-headline-text\">Avaliamos o desempenho das principais operadoras de iGaming no Brasil analisando\u00a0em primeira m\u00e3o os processos de registro,\u00a0dep\u00f3sito,\u00a0UX de\u00a0jogabilidade e\u00a0saque.<\/p>\n<\/div>\n<\/div><\/div>\n<\/div>\n\n<\/div>\n<\/div>\n<\/div>","protected":false},"excerpt":{"rendered":"","protected":false},"author":3,"featured_media":0,"parent":4476,"menu_order":0,"comment_status":"closed","ping_status":"closed","template":"","meta":{"inline_featured_image":false,"footnotes":""},"categories":[],"tags":[],"_links":{"self":[{"href":"https:\/\/env.media\/br\/wp-json\/wp\/v2\/pages\/4508"}],"collection":[{"href":"https:\/\/env.media\/br\/wp-json\/wp\/v2\/pages"}],"about":[{"href":"https:\/\/env.media\/br\/wp-json\/wp\/v2\/types\/page"}],"author":[{"embeddable":true,"href":"https:\/\/env.media\/br\/wp-json\/wp\/v2\/users\/3"}],"replies":[{"embeddable":true,"href":"https:\/\/env.media\/br\/wp-json\/wp\/v2\/comments?post=4508"}],"version-history":[{"count":7,"href":"https:\/\/env.media\/br\/wp-json\/wp\/v2\/pages\/4508\/revisions"}],"predecessor-version":[{"id":5915,"href":"https:\/\/env.media\/br\/wp-json\/wp\/v2\/pages\/4508\/revisions\/5915"}],"up":[{"embeddable":true,"href":"https:\/\/env.media\/br\/wp-json\/wp\/v2\/pages\/4476"}],"wp:attachment":[{"href":"https:\/\/env.media\/br\/wp-json\/wp\/v2\/media?parent=4508"}],"wp:term":[{"taxonomy":"category","embeddable":true,"href":"https:\/\/env.media\/br\/wp-json\/wp\/v2\/categories?post=4508"},{"taxonomy":"post_tag","embeddable":true,"href":"https:\/\/env.media\/br\/wp-json\/wp\/v2\/tags?post=4508"}],"curies":[{"name":"wp","href":"https:\/\/api.w.org\/{rel}","templated":true}]}}