{"id":4505,"date":"2024-01-11T20:14:35","date_gmt":"2024-01-11T20:14:35","guid":{"rendered":"https:\/\/env.media\/?page_id=4505"},"modified":"2024-10-25T15:24:19","modified_gmt":"2024-10-25T15:24:19","slug":"maria","status":"publish","type":"page","link":"https:\/\/env.media\/br\/sobre-nos\/maria\/","title":{"rendered":"Sobre Maria"},"content":{"rendered":"<div class=\"gb-container gb-container-fca8bc78\">\n<div class=\"gb-container gb-container-2fc5b5ef\">\n<div class=\"gb-container gb-container-b6706725\">\n<div class=\"gb-grid-wrapper gb-grid-wrapper-3ce32d4f\">\n<div class=\"gb-grid-column gb-grid-column-01509a69\"><div class=\"gb-container gb-container-01509a69\">\n\n<h1 class=\"wp-block-heading\">Maria Paula Nascimento<\/h1>\n\n\n\n<h3 class=\"gb-headline gb-headline-57eb9562 gb-headline-text\">Pesquisadora Associada<\/h3>\n\n\n\n<p>Maria Paula Nascimento \u00e9 uma mente curiosa e multidisciplinar, apaixonada por rela\u00e7\u00f5es internacionais e tecnologia.<\/p>\n\n\n\n<p>Formada em Rela\u00e7\u00f5es Internacionais pela <a href=\"https:\/\/www.pucpcaldas.br\/\" target=\"_blank\" rel=\"noopener\">Pontif\u00edcia Universidade Cat\u00f3lica de Minas Gerais (PUC-MG)<\/a>, sempre teve um grande interesse pela pesquisa acad\u00eamica. Agora, contribui como Pesquisadora da ENV Media, compartilhando sua experi\u00eancia em comunica\u00e7\u00e3o, gest\u00e3o de projetos e an\u00e1lise de dados.<\/p>\n\n<\/div><\/div>\n\n<div class=\"gb-grid-column gb-grid-column-9471f60b\"><div class=\"gb-container gb-container-9471f60b\">\n\n<figure class=\"gb-block-image gb-block-image-6e351467\"><img loading=\"lazy\" decoding=\"async\" width=\"400\" height=\"400\" class=\"gb-image gb-image-6e351467\" src=\"https:\/\/env.media\/wp-content\/uploads\/maria-paula-nascimento-env-media.png\" alt=\"\" title=\"maria-paula-nascimento-env-media\" srcset=\"https:\/\/env.media\/wp-content\/uploads\/maria-paula-nascimento-env-media.png 400w, https:\/\/env.media\/wp-content\/uploads\/maria-paula-nascimento-env-media-300x300.png 300w, https:\/\/env.media\/wp-content\/uploads\/maria-paula-nascimento-env-media-150x150.png 150w\" sizes=\"(max-width: 400px) 100vw, 400px\" \/><\/figure>\n\n<\/div><\/div>\n<\/div>\n<\/div>\n<\/div>\n\n<div class=\"gb-container gb-container-0f18a0dc\">\n\n<h2 class=\"gb-headline gb-headline-82f9acdb\"><span class=\"gb-icon\"><svg xmlns=\"http:\/\/www.w3.org\/2000\/svg\" viewBox=\"0 0 60 4.688\"><path d=\"M57.656 0H2.344a2.343 2.343 0 100 4.688h55.312a2.344 2.344 0 000-4.688z\"><\/path><\/svg><\/span><span class=\"gb-headline-text\">Artigos de Maria<\/span><\/h2>\n\n\n<div class=\"gb-container gb-container-488c068a\">\n\n<div class=\"gb-grid-wrapper gb-grid-wrapper-d422ad07 gb-query-loop-wrapper\">\n<div class=\"gb-grid-column gb-grid-column-a66ca7b8 gb-query-loop-item post-6350 page type-page status-publish has-post-thumbnail category-testes-cassino-online category-pesquisa tag-brasil tag-mercado-de-jogos-de-azar tag-ux-2 tag-variedade-de-jogos\"><div class=\"gb-container gb-container-a66ca7b8\">\n<div class=\"gb-container gb-container-4c3cda3a\">\n<div class=\"gb-container gb-container-b52e278b\"><\/div>\n<\/div>\n\n<figure class=\"gb-block-image gb-block-image-b5d1d9d8\"><a href=\"https:\/\/env.media\/br\/testes-de-cassino-online\/variedade-de-jogos-julho-2024\/\"><img loading=\"lazy\" decoding=\"async\" width=\"1000\" height=\"640\" src=\"https:\/\/env.media\/wp-content\/uploads\/game-variety-online-casinos-Brazil.png\" class=\"gb-image-b5d1d9d8 rs-background\" alt=\"variety of games at Brazilian online casinos selection test\" srcset=\"https:\/\/env.media\/wp-content\/uploads\/game-variety-online-casinos-Brazil.png 1000w, https:\/\/env.media\/wp-content\/uploads\/game-variety-online-casinos-Brazil-300x192.png 300w, https:\/\/env.media\/wp-content\/uploads\/game-variety-online-casinos-Brazil-768x492.png 768w\" sizes=\"(max-width: 1000px) 100vw, 1000px\" \/><\/a><\/figure>\n\n<div class=\"gb-container gb-container-fc1bccb8\">\n<figure class=\"gb-block-image gb-block-image-4d891f5a\"><img data-del=\"avatar\" src='https:\/\/env.media\/wp-content\/uploads\/maria-paula-nascimento-env-media-150x150.png' class='avatar pp-user-avatar avatar-36 photo gb-image-4d891f5a' height='36' width='36'\/><\/figure>\n<\/div>\n\n<div class=\"gb-container gb-container-52fab1e7\">\n<h2 class=\"gb-headline gb-headline-6862e514 gb-headline-text\"><a href=\"https:\/\/env.media\/br\/testes-de-cassino-online\/variedade-de-jogos-julho-2024\/\">Variedade de Jogos nas 10 Maiores Marcas de Cassino Online no Brasil &#8211; Julho de 2024<\/a><\/h2>\n\n<div class=\"gb-headline gb-headline-fccf7ffc gb-headline-text\"><time class=\"entry-date published\" datetime=\"2024-08-09T12:15:07+00:00\">agosto 9, 2024<\/time><\/div>\n\n<p class=\"gb-headline gb-headline-028a8e76 gb-headline-text\">Avaliamos a variedade e a qualidade dos jogos oferecidos pelas principais marcas de cassino on-line no Brasil.<\/p>\n<\/div>\n<\/div><\/div>\n\n<div class=\"gb-grid-column gb-grid-column-a66ca7b8 gb-query-loop-item post-6305 page type-page status-publish has-post-thumbnail category-testes-cassino-online category-pesquisa tag-suporte-ao-cliente tag-testes-de-cassino-online\"><div class=\"gb-container gb-container-a66ca7b8\">\n<div class=\"gb-container gb-container-4c3cda3a\">\n<div class=\"gb-container gb-container-b52e278b\"><\/div>\n<\/div>\n\n<figure class=\"gb-block-image gb-block-image-b5d1d9d8\"><a href=\"https:\/\/env.media\/br\/testes-de-cassino-online\/suporte-ao-cliente-julho-2024\/\"><img loading=\"lazy\" decoding=\"async\" width=\"1000\" height=\"640\" src=\"https:\/\/env.media\/wp-content\/uploads\/2023\/12\/testing-customer-support-in-brazil.png\" class=\"gb-image-b5d1d9d8 rs-background\" alt=\"testando suporte ao cliente em cassinos online brasileiros\" srcset=\"https:\/\/env.media\/wp-content\/uploads\/2023\/12\/testing-customer-support-in-brazil.png 1000w, https:\/\/env.media\/wp-content\/uploads\/2023\/12\/testing-customer-support-in-brazil-300x192.png 300w, https:\/\/env.media\/wp-content\/uploads\/2023\/12\/testing-customer-support-in-brazil-768x492.png 768w\" sizes=\"(max-width: 1000px) 100vw, 1000px\" \/><\/a><\/figure>\n\n<div class=\"gb-container gb-container-fc1bccb8\">\n<figure class=\"gb-block-image gb-block-image-4d891f5a\"><img data-del=\"avatar\" src='https:\/\/env.media\/wp-content\/uploads\/maria-paula-nascimento-env-media-150x150.png' class='avatar pp-user-avatar avatar-36 photo gb-image-4d891f5a' height='36' width='36'\/><\/figure>\n<\/div>\n\n<div class=\"gb-container gb-container-52fab1e7\">\n<h2 class=\"gb-headline gb-headline-6862e514 gb-headline-text\"><a href=\"https:\/\/env.media\/br\/testes-de-cassino-online\/suporte-ao-cliente-julho-2024\/\">Teste de Suporte ao cliente em cassinos on-line: Insights sobre as 10 principais marcas brasileiras &#8211; julho de 2024<\/a><\/h2>\n\n<div class=\"gb-headline gb-headline-fccf7ffc gb-headline-text\"><time class=\"entry-date published\" datetime=\"2024-07-16T22:30:56+00:00\">julho 16, 2024<\/time><\/div>\n\n<p class=\"gb-headline gb-headline-028a8e76 gb-headline-text\">Avaliamos os canais de suporte ao cliente e o desempenho do Jogo Respons\u00e1vel dos principais cassinos online do Brasil.<\/p>\n<\/div>\n<\/div><\/div>\n\n<div class=\"gb-grid-column gb-grid-column-a66ca7b8 gb-query-loop-item post-5849 page type-page status-publish has-post-thumbnail category-noticias\"><div class=\"gb-container gb-container-a66ca7b8\">\n<div class=\"gb-container gb-container-4c3cda3a\">\n<div class=\"gb-container gb-container-b52e278b\"><\/div>\n<\/div>\n\n<figure class=\"gb-block-image gb-block-image-b5d1d9d8\"><a href=\"https:\/\/env.media\/br\/chamada-de-trabalhos-seminario-env-media\/\"><img loading=\"lazy\" decoding=\"async\" width=\"1000\" height=\"640\" src=\"https:\/\/env.media\/wp-content\/uploads\/2023\/12\/igaming-incentives-in-emerging-markets.png\" class=\"gb-image-b5d1d9d8 rs-background\" alt=\"\" srcset=\"https:\/\/env.media\/wp-content\/uploads\/2023\/12\/igaming-incentives-in-emerging-markets.png 1000w, https:\/\/env.media\/wp-content\/uploads\/2023\/12\/igaming-incentives-in-emerging-markets-300x192.png 300w, https:\/\/env.media\/wp-content\/uploads\/2023\/12\/igaming-incentives-in-emerging-markets-768x492.png 768w\" sizes=\"(max-width: 1000px) 100vw, 1000px\" \/><\/a><\/figure>\n\n<div class=\"gb-container gb-container-fc1bccb8\">\n<figure class=\"gb-block-image gb-block-image-4d891f5a\"><img data-del=\"avatar\" src='https:\/\/env.media\/wp-content\/uploads\/maria-paula-nascimento-env-media-150x150.png' class='avatar pp-user-avatar avatar-36 photo gb-image-4d891f5a' height='36' width='36'\/><\/figure>\n<\/div>\n\n<div class=\"gb-container gb-container-52fab1e7\">\n<h2 class=\"gb-headline gb-headline-6862e514 gb-headline-text\"><a href=\"https:\/\/env.media\/br\/chamada-de-trabalhos-seminario-env-media\/\">Chamada de Trabalhos para o Semin\u00e1rio Brasileiro ENV Media sobre iGaming<\/a><\/h2>\n\n<div class=\"gb-headline gb-headline-fccf7ffc gb-headline-text\"><time class=\"entry-date published\" datetime=\"2024-05-22T12:10:24+00:00\">maio 22, 2024<\/time><\/div>\n\n<p class=\"gb-headline gb-headline-028a8e76 gb-headline-text\">Chamada de trabalhos: Semin\u00e1rio Brasileiro ENV Media sobre iGaming. Envie sua pesquisa e participe de uma discuss\u00e3o sobre transpar\u00eancia, equidade e responsabilidade social em jogos de azar online.<\/p>\n<\/div>\n<\/div><\/div>\n\n<div class=\"gb-grid-column gb-grid-column-a66ca7b8 gb-query-loop-item post-5851 page type-page status-publish has-post-thumbnail category-pesquisa\"><div class=\"gb-container gb-container-a66ca7b8\">\n<div class=\"gb-container gb-container-4c3cda3a\">\n<div class=\"gb-container gb-container-b52e278b\"><\/div>\n<\/div>\n\n<figure class=\"gb-block-image gb-block-image-b5d1d9d8\"><a href=\"https:\/\/env.media\/br\/jogo-justo-percepcao-transparencia-jogos-azar\/\"><img loading=\"lazy\" decoding=\"async\" width=\"1001\" height=\"640\" src=\"https:\/\/env.media\/wp-content\/uploads\/Perception-of-Fairness-Home-1.png\" class=\"gb-image-b5d1d9d8 rs-background\" alt=\"\" srcset=\"https:\/\/env.media\/wp-content\/uploads\/Perception-of-Fairness-Home-1.png 1001w, https:\/\/env.media\/wp-content\/uploads\/Perception-of-Fairness-Home-1-300x192.png 300w, https:\/\/env.media\/wp-content\/uploads\/Perception-of-Fairness-Home-1-768x491.png 768w\" sizes=\"(max-width: 1001px) 100vw, 1001px\" \/><\/a><\/figure>\n\n<div class=\"gb-container gb-container-fc1bccb8\">\n<figure class=\"gb-block-image gb-block-image-4d891f5a\"><img data-del=\"avatar\" src='https:\/\/env.media\/wp-content\/uploads\/maria-paula-nascimento-env-media-150x150.png' class='avatar pp-user-avatar avatar-36 photo gb-image-4d891f5a' height='36' width='36'\/><\/figure>\n<\/div>\n\n<div class=\"gb-container gb-container-52fab1e7\">\n<h2 class=\"gb-headline gb-headline-6862e514 gb-headline-text\"><a href=\"https:\/\/env.media\/br\/jogo-justo-percepcao-transparencia-jogos-azar\/\">Jogo Justo &#8211; A Percep\u00e7\u00e3o dos Brasileiros sobre a Transpar\u00eancia dos Jogos de Azar Revela Desafios ao Setor<\/a><\/h2>\n\n<div class=\"gb-headline gb-headline-fccf7ffc gb-headline-text\"><time class=\"entry-date published\" datetime=\"2024-05-21T22:06:07+00:00\">maio 21, 2024<\/time><\/div>\n\n<p class=\"gb-headline gb-headline-028a8e76 gb-headline-text\">Explore as percep\u00e7\u00f5es brasileiras sobre a justi\u00e7a dos jogos de cassino, os desafios do setor e as solu\u00e7\u00f5es pr\u00e1ticas para aumentar a confian\u00e7a e a transpar\u00eancia no Brasil.<\/p>\n<\/div>\n<\/div><\/div>\n\n<div class=\"gb-grid-column gb-grid-column-a66ca7b8 gb-query-loop-item post-5848 page type-page status-publish has-post-thumbnail category-noticias\"><div class=\"gb-container gb-container-a66ca7b8\">\n<div class=\"gb-container gb-container-4c3cda3a\">\n<div class=\"gb-container gb-container-b52e278b\"><\/div>\n<\/div>\n\n<figure class=\"gb-block-image gb-block-image-b5d1d9d8\"><a href=\"https:\/\/env.media\/br\/seminario-brasileiro-env-media-igaming\/\"><img loading=\"lazy\" decoding=\"async\" width=\"1001\" height=\"640\" src=\"https:\/\/env.media\/wp-content\/uploads\/Brazilian-iGaming-conference-Brasil.png\" class=\"gb-image-b5d1d9d8 rs-background\" alt=\"Brazilian iGaming conference Brasil research online gambling\" srcset=\"https:\/\/env.media\/wp-content\/uploads\/Brazilian-iGaming-conference-Brasil.png 1001w, https:\/\/env.media\/wp-content\/uploads\/Brazilian-iGaming-conference-Brasil-300x192.png 300w, https:\/\/env.media\/wp-content\/uploads\/Brazilian-iGaming-conference-Brasil-768x491.png 768w\" sizes=\"(max-width: 1001px) 100vw, 1001px\" \/><\/a><\/figure>\n\n<div class=\"gb-container gb-container-fc1bccb8\">\n<figure class=\"gb-block-image gb-block-image-4d891f5a\"><img data-del=\"avatar\" src='https:\/\/env.media\/wp-content\/uploads\/maria-paula-nascimento-env-media-150x150.png' class='avatar pp-user-avatar avatar-36 photo gb-image-4d891f5a' height='36' width='36'\/><\/figure>\n<\/div>\n\n<div class=\"gb-container gb-container-52fab1e7\">\n<h2 class=\"gb-headline gb-headline-6862e514 gb-headline-text\"><a href=\"https:\/\/env.media\/br\/seminario-brasileiro-env-media-igaming\/\">Semin\u00e1rio Brasileiro ENV Media sobre iGaming<\/a><\/h2>\n\n<div class=\"gb-headline gb-headline-fccf7ffc gb-headline-text\"><time class=\"entry-date published\" datetime=\"2024-05-01T14:46:06+00:00\">maio 1, 2024<\/time><\/div>\n\n<p class=\"gb-headline gb-headline-028a8e76 gb-headline-text\">Participe do primeiro Semin\u00e1rio Brasileiro da ENV Media sobre iGaming, no dia 19 de setembro de 2024, para obter pesquisas do setor, opini\u00f5es de especialistas e insights importantes sobre o mercado brasileiro regulamentado de jogos com dinheiro real.<\/p>\n<\/div>\n<\/div><\/div>\n\n<div class=\"gb-grid-column gb-grid-column-a66ca7b8 gb-query-loop-item post-5841 page type-page status-publish has-post-thumbnail category-br-insights tag-brasil tag-canalizacao tag-cassino-online tag-jogo-regulamentado tag-mercado-de-apostas-brasil\"><div class=\"gb-container gb-container-a66ca7b8\">\n<div class=\"gb-container gb-container-4c3cda3a\">\n<div class=\"gb-container gb-container-b52e278b\"><\/div>\n<\/div>\n\n<figure class=\"gb-block-image gb-block-image-b5d1d9d8\"><a href=\"https:\/\/env.media\/br\/canalizacao-jogos-online-no-brasil-regulamentado\/\"><img loading=\"lazy\" decoding=\"async\" width=\"1001\" height=\"640\" src=\"https:\/\/env.media\/wp-content\/uploads\/channelization-in-regulated-brazil.png\" class=\"gb-image-b5d1d9d8 rs-background\" alt=\"\" srcset=\"https:\/\/env.media\/wp-content\/uploads\/channelization-in-regulated-brazil.png 1001w, https:\/\/env.media\/wp-content\/uploads\/channelization-in-regulated-brazil-300x192.png 300w, https:\/\/env.media\/wp-content\/uploads\/channelization-in-regulated-brazil-768x491.png 768w\" sizes=\"(max-width: 1001px) 100vw, 1001px\" \/><\/a><\/figure>\n\n<div class=\"gb-container gb-container-fc1bccb8\">\n<figure class=\"gb-block-image gb-block-image-4d891f5a\"><img data-del=\"avatar\" src='https:\/\/env.media\/wp-content\/uploads\/maria-paula-nascimento-env-media-150x150.png' class='avatar pp-user-avatar avatar-36 photo gb-image-4d891f5a' height='36' width='36'\/><\/figure>\n<\/div>\n\n<div class=\"gb-container gb-container-52fab1e7\">\n<h2 class=\"gb-headline gb-headline-6862e514 gb-headline-text\"><a href=\"https:\/\/env.media\/br\/canalizacao-jogos-online-no-brasil-regulamentado\/\">Canaliza\u00e7\u00e3o de Jogos de Cassino Online no Brasil Regulamentado<\/a><\/h2>\n\n<div class=\"gb-headline gb-headline-fccf7ffc gb-headline-text\"><time class=\"entry-date published\" datetime=\"2024-03-16T00:00:23+00:00\">mar\u00e7o 16, 2024<\/time><\/div>\n\n<p class=\"gb-headline gb-headline-028a8e76 gb-headline-text\">Descubra a din\u00e2mica complexa do iGaming regulamentado no Brasil, com foco nas taxas de canaliza\u00e7\u00e3o, tributa\u00e7\u00e3o ideal, encargos regulamentares e padr\u00f5es de jogo seguro.<\/p>\n<\/div>\n<\/div><\/div>\n\n<div class=\"gb-grid-column gb-grid-column-a66ca7b8 gb-query-loop-item post-5839 page type-page status-publish has-post-thumbnail category-pesquisa\"><div class=\"gb-container gb-container-a66ca7b8\">\n<div class=\"gb-container gb-container-4c3cda3a\">\n<div class=\"gb-container gb-container-b52e278b\"><\/div>\n<\/div>\n\n<figure class=\"gb-block-image gb-block-image-b5d1d9d8\"><a href=\"https:\/\/env.media\/br\/testes-de-cassino-online\/experiencia-de-suporte-ao-cliente-em-cassinos-online-brasileiros\/\"><img loading=\"lazy\" decoding=\"async\" width=\"1000\" height=\"640\" src=\"https:\/\/env.media\/wp-content\/uploads\/2023\/12\/testing-customer-support-in-brazil.png\" class=\"gb-image-b5d1d9d8 rs-background\" alt=\"testando suporte ao cliente em cassinos online brasileiros\" srcset=\"https:\/\/env.media\/wp-content\/uploads\/2023\/12\/testing-customer-support-in-brazil.png 1000w, https:\/\/env.media\/wp-content\/uploads\/2023\/12\/testing-customer-support-in-brazil-300x192.png 300w, https:\/\/env.media\/wp-content\/uploads\/2023\/12\/testing-customer-support-in-brazil-768x492.png 768w\" sizes=\"(max-width: 1000px) 100vw, 1000px\" \/><\/a><\/figure>\n\n<div class=\"gb-container gb-container-fc1bccb8\">\n<figure class=\"gb-block-image gb-block-image-4d891f5a\"><img data-del=\"avatar\" src='https:\/\/env.media\/wp-content\/uploads\/maria-paula-nascimento-env-media-150x150.png' class='avatar pp-user-avatar avatar-36 photo gb-image-4d891f5a' height='36' width='36'\/><\/figure>\n<\/div>\n\n<div class=\"gb-container gb-container-52fab1e7\">\n<h2 class=\"gb-headline gb-headline-6862e514 gb-headline-text\"><a href=\"https:\/\/env.media\/br\/testes-de-cassino-online\/experiencia-de-suporte-ao-cliente-em-cassinos-online-brasileiros\/\">Suporte ao Cliente em Cassinos Online Brasileiros &#8211; Teste Comparativo 2023<\/a><\/h2>\n\n<div class=\"gb-headline gb-headline-fccf7ffc gb-headline-text\"><time class=\"entry-date published\" datetime=\"2023-11-05T17:23:00+00:00\">novembro 5, 2023<\/time><\/div>\n\n<p class=\"gb-headline gb-headline-028a8e76 gb-headline-text\">O impacto do suporte ao cliente nas classifica\u00e7\u00f5es de desempenho do iGaming \u00e9 crucial. Este estudo de caso analisa nosso teste pr\u00e1tico de experi\u00eancia do usu\u00e1rio de v\u00e1rios dos principais cassinos online brasileiros.<\/p>\n<\/div>\n<\/div><\/div>\n<\/div>\n\n<\/div>\n<\/div>\n<\/div>","protected":false},"excerpt":{"rendered":"","protected":false},"author":3,"featured_media":0,"parent":4476,"menu_order":0,"comment_status":"closed","ping_status":"closed","template":"","meta":{"inline_featured_image":false,"footnotes":""},"categories":[],"tags":[],"_links":{"self":[{"href":"https:\/\/env.media\/br\/wp-json\/wp\/v2\/pages\/4505"}],"collection":[{"href":"https:\/\/env.media\/br\/wp-json\/wp\/v2\/pages"}],"about":[{"href":"https:\/\/env.media\/br\/wp-json\/wp\/v2\/types\/page"}],"author":[{"embeddable":true,"href":"https:\/\/env.media\/br\/wp-json\/wp\/v2\/users\/3"}],"replies":[{"embeddable":true,"href":"https:\/\/env.media\/br\/wp-json\/wp\/v2\/comments?post=4505"}],"version-history":[{"count":5,"href":"https:\/\/env.media\/br\/wp-json\/wp\/v2\/pages\/4505\/revisions"}],"predecessor-version":[{"id":5916,"href":"https:\/\/env.media\/br\/wp-json\/wp\/v2\/pages\/4505\/revisions\/5916"}],"up":[{"embeddable":true,"href":"https:\/\/env.media\/br\/wp-json\/wp\/v2\/pages\/4476"}],"wp:attachment":[{"href":"https:\/\/env.media\/br\/wp-json\/wp\/v2\/media?parent=4505"}],"wp:term":[{"taxonomy":"category","embeddable":true,"href":"https:\/\/env.media\/br\/wp-json\/wp\/v2\/categories?post=4505"},{"taxonomy":"post_tag","embeddable":true,"href":"https:\/\/env.media\/br\/wp-json\/wp\/v2\/tags?post=4505"}],"curies":[{"name":"wp","href":"https:\/\/api.w.org\/{rel}","templated":true}]}}