{"id":4503,"date":"2021-02-01T01:37:08","date_gmt":"2021-02-01T01:37:08","guid":{"rendered":"https:\/\/env.media\/?page_id=4503"},"modified":"2024-10-25T15:24:48","modified_gmt":"2024-10-25T15:24:48","slug":"robin","status":"publish","type":"page","link":"https:\/\/env.media\/br\/sobre-nos\/robin\/","title":{"rendered":"Sobre Robin"},"content":{"rendered":"<div class=\"gb-container gb-container-fca8bc78\">\n<div class=\"gb-container gb-container-2fc5b5ef\">\n<div class=\"gb-container gb-container-b6706725\">\n<div class=\"gb-grid-wrapper gb-grid-wrapper-3ce32d4f\">\n<div class=\"gb-grid-column gb-grid-column-01509a69\"><div class=\"gb-container gb-container-01509a69\">\n\n<h1 class=\"wp-block-heading\">Robin Hallengren<\/h1>\n\n\n\n<h3 class=\"gb-headline gb-headline-57eb9562 gb-headline-text\">Gerente S\u00eanior de SEO<\/h3>\n\n\n\n<p>Robin Hallengren \u00e9 gerente s\u00eanior de SEO da ENV Media. Ele \u00e9 um sueco estrat\u00e9gico e criativo, apaixonado pela internet e pelo marketing digital.<\/p>\n\n\n\n<p>Robin trabalhou nos \u00faltimos 8 anos na ind\u00fastria de iGaming, mais recentemente como gerente de SEO na LeoVegas, enquanto morava em Malta. Ele iniciou sua carreira no suporte ao cliente, atendendo \u00e0s d\u00favidas dos clientes, proporcionando-lhe uma compreens\u00e3o hol\u00edstica da ind\u00fastria do iGaming.<\/p>\n\n<\/div><\/div>\n\n<div class=\"gb-grid-column gb-grid-column-9471f60b\"><div class=\"gb-container gb-container-9471f60b\">\n\n<figure class=\"gb-block-image gb-block-image-6e351467\"><img loading=\"lazy\" decoding=\"async\" width=\"400\" height=\"400\" class=\"gb-image gb-image-6e351467\" src=\"https:\/\/env.media\/wp-content\/uploads\/2020\/10\/robin.hallengren.jpg\" alt=\"\" title=\"robin.hallengren\" srcset=\"https:\/\/env.media\/wp-content\/uploads\/2020\/10\/robin.hallengren.jpg 400w, https:\/\/env.media\/wp-content\/uploads\/2020\/10\/robin.hallengren-300x300.jpg 300w, https:\/\/env.media\/wp-content\/uploads\/2020\/10\/robin.hallengren-150x150.jpg 150w\" sizes=\"(max-width: 400px) 100vw, 400px\" \/><\/figure>\n\n\n<div class=\"gb-container gb-container-ec11ecc3\"><\/div>\n<\/div><\/div>\n<\/div>\n<\/div>\n<\/div>\n<\/div>","protected":false},"excerpt":{"rendered":"","protected":false},"author":3,"featured_media":0,"parent":4476,"menu_order":0,"comment_status":"closed","ping_status":"closed","template":"","meta":{"inline_featured_image":false,"footnotes":""},"categories":[],"tags":[],"_links":{"self":[{"href":"https:\/\/env.media\/br\/wp-json\/wp\/v2\/pages\/4503"}],"collection":[{"href":"https:\/\/env.media\/br\/wp-json\/wp\/v2\/pages"}],"about":[{"href":"https:\/\/env.media\/br\/wp-json\/wp\/v2\/types\/page"}],"author":[{"embeddable":true,"href":"https:\/\/env.media\/br\/wp-json\/wp\/v2\/users\/3"}],"replies":[{"embeddable":true,"href":"https:\/\/env.media\/br\/wp-json\/wp\/v2\/comments?post=4503"}],"version-history":[{"count":1,"href":"https:\/\/env.media\/br\/wp-json\/wp\/v2\/pages\/4503\/revisions"}],"predecessor-version":[{"id":4504,"href":"https:\/\/env.media\/br\/wp-json\/wp\/v2\/pages\/4503\/revisions\/4504"}],"up":[{"embeddable":true,"href":"https:\/\/env.media\/br\/wp-json\/wp\/v2\/pages\/4476"}],"wp:attachment":[{"href":"https:\/\/env.media\/br\/wp-json\/wp\/v2\/media?parent=4503"}],"wp:term":[{"taxonomy":"category","embeddable":true,"href":"https:\/\/env.media\/br\/wp-json\/wp\/v2\/categories?post=4503"},{"taxonomy":"post_tag","embeddable":true,"href":"https:\/\/env.media\/br\/wp-json\/wp\/v2\/tags?post=4503"}],"curies":[{"name":"wp","href":"https:\/\/api.w.org\/{rel}","templated":true}]}}