{"id":4499,"date":"2021-02-22T04:37:45","date_gmt":"2021-02-22T04:37:45","guid":{"rendered":"https:\/\/env.media\/?page_id=4499"},"modified":"2024-10-25T15:24:48","modified_gmt":"2024-10-25T15:24:48","slug":"shane","status":"publish","type":"page","link":"https:\/\/env.media\/br\/sobre-nos\/shane\/","title":{"rendered":"Sobre Shane"},"content":{"rendered":"<div class=\"gb-container gb-container-fca8bc78\">\n<div class=\"gb-container gb-container-2fc5b5ef\">\n<div class=\"gb-container gb-container-b6706725\">\n<div class=\"gb-grid-wrapper gb-grid-wrapper-3ce32d4f\">\n<div class=\"gb-grid-column gb-grid-column-01509a69\"><div class=\"gb-container gb-container-01509a69\">\n\n<h1 class=\"wp-block-heading\">Shane McL\u00e1imh<\/h1>\n\n\n\n<h3 class=\"gb-headline gb-headline-57eb9562 gb-headline-text\">COO<\/h3>\n\n\n\n<p>Shane \u00e9 um nerd digital orientado por dados e focado em conte\u00fado. Ele tamb\u00e9m \u00e9 COO da ENV Media.<\/p>\n\n\n\n<p>Shane tem um grande interesse em SEO h\u00e1 muito tempo e em como isso pode ser usado para ajudar as pessoas a acessar informa\u00e7\u00f5es precisas e \u00fateis.<\/p>\n\n\n\n<p>Ele trabalha com SEO h\u00e1 quase 8 anos, 6 dos quais na ind\u00fastria de iGaming.<\/p>\n\n<\/div><\/div>\n\n<div class=\"gb-grid-column gb-grid-column-9471f60b\"><div class=\"gb-container gb-container-9471f60b\">\n\n<figure class=\"gb-block-image gb-block-image-6e351467\"><img loading=\"lazy\" decoding=\"async\" width=\"300\" height=\"300\" class=\"gb-image gb-image-6e351467\" src=\"https:\/\/env.media\/wp-content\/uploads\/2023\/11\/shane-mclaimh-env-media-300x300.png\" alt=\"\" title=\"shane-mclaimh-env-media\" srcset=\"https:\/\/env.media\/wp-content\/uploads\/2023\/11\/shane-mclaimh-env-media-300x300.png 300w, https:\/\/env.media\/wp-content\/uploads\/2023\/11\/shane-mclaimh-env-media-150x150.png 150w, https:\/\/env.media\/wp-content\/uploads\/2023\/11\/shane-mclaimh-env-media.png 400w\" sizes=\"(max-width: 300px) 100vw, 300px\" \/><\/figure>\n\n\n<div class=\"gb-container gb-container-ec11ecc3\"><\/div>\n<\/div><\/div>\n<\/div>\n\n\n<h2 class=\"wp-block-heading has-text-align-center\">Experi\u00eancia de trabalho<\/h2>\n\n\n\n<p>Come\u00e7ando no ambiente agitado de uma ag\u00eancia de marketing digital, Shane mudou para o iGaming com a LeoVegas. Antes de ingressar na ENV Media, ele era gerente de conte\u00fado da empresa.<\/p>\n\n\n\n<p>Suas experi\u00eancias de trabalho anteriores deram a Shane a vis\u00e3o geral definitiva de como o conte\u00fado vincula a aquisi\u00e7\u00e3o e reten\u00e7\u00e3o de clientes por meio de estrat\u00e9gias org\u00e2nicas, sociais e off-page.<\/p>\n\n<\/div>\n<\/div>\n<\/div>","protected":false},"excerpt":{"rendered":"","protected":false},"author":3,"featured_media":0,"parent":4476,"menu_order":0,"comment_status":"closed","ping_status":"closed","template":"","meta":{"inline_featured_image":false,"footnotes":""},"categories":[],"tags":[],"_links":{"self":[{"href":"https:\/\/env.media\/br\/wp-json\/wp\/v2\/pages\/4499"}],"collection":[{"href":"https:\/\/env.media\/br\/wp-json\/wp\/v2\/pages"}],"about":[{"href":"https:\/\/env.media\/br\/wp-json\/wp\/v2\/types\/page"}],"author":[{"embeddable":true,"href":"https:\/\/env.media\/br\/wp-json\/wp\/v2\/users\/3"}],"replies":[{"embeddable":true,"href":"https:\/\/env.media\/br\/wp-json\/wp\/v2\/comments?post=4499"}],"version-history":[{"count":3,"href":"https:\/\/env.media\/br\/wp-json\/wp\/v2\/pages\/4499\/revisions"}],"predecessor-version":[{"id":4744,"href":"https:\/\/env.media\/br\/wp-json\/wp\/v2\/pages\/4499\/revisions\/4744"}],"up":[{"embeddable":true,"href":"https:\/\/env.media\/br\/wp-json\/wp\/v2\/pages\/4476"}],"wp:attachment":[{"href":"https:\/\/env.media\/br\/wp-json\/wp\/v2\/media?parent=4499"}],"wp:term":[{"taxonomy":"category","embeddable":true,"href":"https:\/\/env.media\/br\/wp-json\/wp\/v2\/categories?post=4499"},{"taxonomy":"post_tag","embeddable":true,"href":"https:\/\/env.media\/br\/wp-json\/wp\/v2\/tags?post=4499"}],"curies":[{"name":"wp","href":"https:\/\/api.w.org\/{rel}","templated":true}]}}