{"id":4495,"date":"2020-07-09T04:04:41","date_gmt":"2020-07-09T04:04:41","guid":{"rendered":"https:\/\/env.media\/?page_id=4495"},"modified":"2024-10-25T15:23:36","modified_gmt":"2024-10-25T15:23:36","slug":"politica-de-privacidade","status":"publish","type":"page","link":"https:\/\/env.media\/br\/politica-de-privacidade\/","title":{"rendered":"Pol\u00edtica de privacidade"},"content":{"rendered":"<div class=\"gb-container gb-container-86e04ec1\">\n<div class=\"gb-container gb-container-488c068a\">\n\n<h1 class=\"wp-block-heading\">Pol\u00edtica de privacidade da Esse N Videri Media<\/h1>\n\n\n\n<p>Na Esse N Videri, acess\u00edvel em https:\/\/env.media\/, uma das nossas principais prioridades \u00e9 a privacidade dos nossos visitantes. Este documento de Pol\u00edtica de Privacidade cont\u00e9m tipos de informa\u00e7\u00f5es que s\u00e3o coletadas e registradas pela Esse N Videri e como as utilizamos.<\/p>\n\n\n\n<p>Se voc\u00ea tiver d\u00favidas adicionais ou precisar de mais informa\u00e7\u00f5es sobre nossa Pol\u00edtica de Privacidade, n\u00e3o hesite em nos contatar.<\/p>\n\n\n\n<p>Esta Pol\u00edtica de Privacidade aplica-se apenas \u00e0s nossas atividades online e \u00e9 v\u00e1lida para os visitantes do nosso site no que diz respeito \u00e0s informa\u00e7\u00f5es que partilharam e\/ou recolheram no Esse N Videri. Esta pol\u00edtica n\u00e3o se aplica a quaisquer informa\u00e7\u00f5es coletadas off-line ou por meio de canais que n\u00e3o sejam este site.<\/p>\n\n\n\n<h2 class=\"wp-block-heading\">Consentimento<\/h2>\n\n\n\n<p>Ao utilizar nosso site, voc\u00ea concorda com nossa Pol\u00edtica de Privacidade e concorda com seus termos.<\/p>\n\n\n\n<h2 class=\"wp-block-heading\">Informa\u00e7\u00f5es que coletamos<\/h2>\n\n\n\n<p>As informa\u00e7\u00f5es pessoais que voc\u00ea dever\u00e1 fornecer e os motivos pelos quais voc\u00ea ser\u00e1 solicitado a fornec\u00ea-las ser\u00e3o esclarecidos no momento em que solicitarmos que voc\u00ea forne\u00e7a suas informa\u00e7\u00f5es pessoais.<\/p>\n\n\n\n<p>Se voc\u00ea entrar em contato conosco diretamente, poderemos receber informa\u00e7\u00f5es adicionais sobre voc\u00ea, como seu nome, endere\u00e7o de e-mail, n\u00famero de telefone, o conte\u00fado da mensagem e\/ou anexos que voc\u00ea pode nos enviar e qualquer outra informa\u00e7\u00e3o que voc\u00ea decida fornecer.<\/p>\n\n\n\n<p>Quando voc\u00ea se registra para uma conta, podemos solicitar suas informa\u00e7\u00f5es de contato, incluindo itens como nome, nome da empresa, endere\u00e7o, endere\u00e7o de e-mail e n\u00famero de telefone.<\/p>\n\n\n\n<h2 class=\"wp-block-heading\">Como usamos suas informa\u00e7\u00f5es<\/h2>\n\n\n\n<p>Usamos as informa\u00e7\u00f5es que coletamos de v\u00e1rias maneiras, inclusive para:<\/p>\n\n\n\n<ul>\n<li>Fornecer, operar e manter nosso site<\/li>\n\n\n\n<li>Melhorar, personalizar e expandir nosso site<\/li>\n\n\n\n<li>Compreender e analisar como voc\u00ea usa nosso site<\/li>\n\n\n\n<li>Desenvolver novos produtos, servi\u00e7os, recursos e funcionalidades<\/li>\n\n\n\n<li>Comunicar com voc\u00ea, diretamente ou por meio de um de nossos parceiros, inclusive para atendimento ao cliente, para fornecer atualiza\u00e7\u00f5es e outras informa\u00e7\u00f5es relacionadas ao site, e para fins de marketing e promocionais<\/li>\n\n\n\n<li>Enviar e-mails para voc\u00ea<\/li>\n\n\n\n<li>Encontrar e evitar fraudes<\/li>\n<\/ul>\n\n\n\n<h2 class=\"wp-block-heading\"><br>Arquivos de registro<\/h2>\n\n\n\n<p>Esse N Videri segue um procedimento padr\u00e3o de uso de arquivos de log. Esses arquivos registram visitantes quando visitam sites. Todas as empresas de hospedagem fazem isso e \u00e9 parte da an\u00e1lise dos servi\u00e7os de hospedagem. As informa\u00e7\u00f5es coletadas pelos arquivos de log incluem endere\u00e7os de protocolo de Internet (IP), tipo de navegador, provedor de servi\u00e7os de Internet (ISP), registro de data e hora, p\u00e1ginas de refer\u00eancia\/sa\u00edda e, possivelmente, o n\u00famero de cliques. Eles n\u00e3o est\u00e3o vinculados a nenhuma informa\u00e7\u00e3o que seja pessoalmente identific\u00e1vel. O objetivo das informa\u00e7\u00f5es \u00e9 analisar tend\u00eancias, administrar o site, rastrear o movimento dos usu\u00e1rios no site e coletar informa\u00e7\u00f5es demogr\u00e1ficas.<\/p>\n\n\n\n<h2 class=\"wp-block-heading\">Cookies e web beacons<\/h2>\n\n\n\n<p>Como qualquer outro site, Esse N Videri utiliza \u2018cookies\u2019. Estes cookies s\u00e3o utilizados para armazenar informa\u00e7\u00f5es, incluindo as prefer\u00eancias dos visitantes e as p\u00e1ginas do site que o visitante acedeu ou visitou. As informa\u00e7\u00f5es s\u00e3o usadas para otimizar a experi\u00eancia dos usu\u00e1rios, personalizando o conte\u00fado da nossa p\u00e1gina web com base no tipo de navegador dos visitantes e\/ou outras informa\u00e7\u00f5es.<\/p>\n\n\n\n<p>Para obter informa\u00e7\u00f5es mais gerais sobre cookies, leia \u201c<a href=\"https:\/\/www.cookieconsent.com\/what-are-cookies\/\" target=\"_blank\" rel=\"noopener\">O que s\u00e3o cookies<\/a>\u201d.<\/p>\n\n\n\n<h2 class=\"wp-block-heading\">Pol\u00edticas de Privacidade de Parceiros de Publicidade<\/h2>\n\n\n\n<p>Voc\u00ea pode consultar esta lista para encontrar a Pol\u00edtica de Privacidade de cada um dos parceiros publicit\u00e1rios da Esse N Videri.<\/p>\n\n\n\n<p>Servidores de an\u00fancios ou redes de an\u00fancios de terceiros usam tecnologias como cookies, JavaScript ou Web Beacons que s\u00e3o usados em seus respectivos an\u00fancios e links que aparecem no Esse N Videri, que s\u00e3o enviados diretamente ao navegador dos usu\u00e1rios. Eles recebem automaticamente seu endere\u00e7o IP quando isso ocorre. Estas tecnologias s\u00e3o utilizadas para medir a efic\u00e1cia das suas campanhas publicit\u00e1rias e\/ou para personalizar o conte\u00fado publicit\u00e1rio que v\u00ea nos websites que visita.<\/p>\n\n\n\n<p>Observe que a Esse N Videri n\u00e3o tem acesso ou controle sobre esses cookies usados por anunciantes terceiros.<\/p>\n\n\n\n<h2 class=\"wp-block-heading\">Pol\u00edticas de privacidade de terceiros<\/h2>\n\n\n\n<p>A Pol\u00edtica de Privacidade da Esse N Videri n\u00e3o se aplica a outros anunciantes ou sites. Assim, aconselhamos que consulte as respectivas Pol\u00edticas de Privacidade desses servidores de an\u00fancios de terceiros para obter informa\u00e7\u00f5es mais detalhadas. Pode incluir suas pr\u00e1ticas e instru\u00e7\u00f5es sobre como cancelar determinadas op\u00e7\u00f5es.<\/p>\n\n\n\n<p>Voc\u00ea pode optar por desativar os cookies atrav\u00e9s das op\u00e7\u00f5es individuais do seu navegador. Para saber informa\u00e7\u00f5es mais detalhadas sobre o gerenciamento de cookies com navegadores espec\u00edficos, voc\u00ea pode encontr\u00e1-las nos respectivos sites dos navegadores.<\/p>\n\n\n\n<h2 class=\"wp-block-heading\">Direitos de prote\u00e7\u00e3o de dados do GDPR<\/h2>\n\n\n\n<p>N\u00f3s gostar\u00edamos e para se certificar de que est\u00e1 plenamente consciente de todos os seus direitos de prote\u00e7\u00e3o de dados. Todo usu\u00e1rio tem direito ao seguinte:<\/p>\n\n\n\n<ul>\n<li>O direito de acesso \u2013 Voc\u00ea tem o direito de solicitar c\u00f3pias dos seus dados pessoais. Poderemos cobrar uma pequena taxa por este servi\u00e7o.<\/li>\n\n\n\n<li>O direito \u00e0 retifica\u00e7\u00e3o \u2013 Voc\u00ea tem o direito de solicitar que qualquer informa\u00e7\u00e3o que voc\u00ea acredite estar imprecisa seja corrigida. Voc\u00ea tamb\u00e9m tem o direito de solicitar que completemos as informa\u00e7\u00f5es que voc\u00ea acredita estarem incompletas.<\/li>\n\n\n\n<li>O direito ao apagamento \u2013 Tem o direito de solicitar que apaguemos os seus dados pessoais, sob determinadas condi\u00e7\u00f5es.<\/li>\n\n\n\n<li>O direito de restringir o processamento \u2013 Voc\u00ea tem o direito de solicitar que o processamento dos seus dados pessoais seja restringido, sob certas condi\u00e7\u00f5es.<\/li>\n\n\n\n<li>O direito de se opor ao processamento \u2013 Voc\u00ea tem o direito de se opor ao nosso processamento dos seus dados pessoais, sob certas condi\u00e7\u00f5es.<\/li>\n\n\n\n<li>O direito \u00e0 portabilidade dos dados \u2013 Voc\u00ea tem o direito de solicitar que os dados que coletamos sejam transferidos para outra organiza\u00e7\u00e3o, ou diretamente para voc\u00ea, sob certas condi\u00e7\u00f5es.<\/li>\n<\/ul>\n\n\n\n<p><br>Se voc\u00ea fizer uma solicita\u00e7\u00e3o, temos um m\u00eas para responder. Se desejar exercer algum destes direitos, entre em contacto conosco.<\/p>\n\n\n\n<h2 class=\"wp-block-heading\">Informa\u00e7\u00f5es infantis<\/h2>\n\n\n\n<p>Outra parte da nossa prioridade \u00e9 adicionar prote\u00e7\u00e3o \u00e0s crian\u00e7as durante o uso da Internet. Incentivamos os pais e respons\u00e1veis a observar, participar e\/ou monitorar e orientar suas atividades online.<\/p>\n\n\n\n<p>Esse N Videri n\u00e3o coleta intencionalmente nenhuma informa\u00e7\u00e3o pessoal identific\u00e1vel de crian\u00e7as menores de 13 anos. Se voc\u00ea acha que seu filho forneceu esse tipo de informa\u00e7\u00e3o em nosso site, recomendamos fortemente que voc\u00ea entre em contato conosco imediatamente e faremos nossos melhores esfor\u00e7os para remover imediatamente tais informa\u00e7\u00f5es de nossos registros.<\/p>\n\n<\/div>\n<\/div>","protected":false},"excerpt":{"rendered":"","protected":false},"author":3,"featured_media":0,"parent":0,"menu_order":0,"comment_status":"closed","ping_status":"closed","template":"","meta":{"inline_featured_image":false,"footnotes":""},"categories":[],"tags":[],"_links":{"self":[{"href":"https:\/\/env.media\/br\/wp-json\/wp\/v2\/pages\/4495"}],"collection":[{"href":"https:\/\/env.media\/br\/wp-json\/wp\/v2\/pages"}],"about":[{"href":"https:\/\/env.media\/br\/wp-json\/wp\/v2\/types\/page"}],"author":[{"embeddable":true,"href":"https:\/\/env.media\/br\/wp-json\/wp\/v2\/users\/3"}],"replies":[{"embeddable":true,"href":"https:\/\/env.media\/br\/wp-json\/wp\/v2\/comments?post=4495"}],"version-history":[{"count":2,"href":"https:\/\/env.media\/br\/wp-json\/wp\/v2\/pages\/4495\/revisions"}],"predecessor-version":[{"id":4498,"href":"https:\/\/env.media\/br\/wp-json\/wp\/v2\/pages\/4495\/revisions\/4498"}],"wp:attachment":[{"href":"https:\/\/env.media\/br\/wp-json\/wp\/v2\/media?parent=4495"}],"wp:term":[{"taxonomy":"category","embeddable":true,"href":"https:\/\/env.media\/br\/wp-json\/wp\/v2\/categories?post=4495"},{"taxonomy":"post_tag","embeddable":true,"href":"https:\/\/env.media\/br\/wp-json\/wp\/v2\/tags?post=4495"}],"curies":[{"name":"wp","href":"https:\/\/api.w.org\/{rel}","templated":true}]}}