{"id":4492,"date":"2023-10-30T12:27:06","date_gmt":"2023-10-30T12:27:06","guid":{"rendered":"https:\/\/env.media\/?page_id=4492"},"modified":"2024-10-25T15:21:16","modified_gmt":"2024-10-25T15:21:16","slug":"comunicados-de-imprensa","status":"publish","type":"page","link":"https:\/\/env.media\/br\/comunicados-de-imprensa\/","title":{"rendered":"Comunicados de imprensa"},"content":{"rendered":"<div class=\"gb-container gb-container-fca8bc78\">\n<div class=\"gb-container gb-container-488c068a\">\n\n<h1 class=\"gb-headline gb-headline-82f9acdb\"><span class=\"gb-icon\"><svg xmlns=\"http:\/\/www.w3.org\/2000\/svg\" viewBox=\"0 0 60 4.688\"><path d=\"M57.656 0H2.344a2.343 2.343 0 100 4.688h55.312a2.344 2.344 0 000-4.688z\"><\/path><\/svg><\/span><span class=\"gb-headline-text\">Comunicados de imprensa<\/span><\/h1>\n\n\n\n<p>Encontre as \u00faltimas not\u00edcias ou informa\u00e7\u00f5es relacionadas \u00e0 ENV Media.<\/p>\n\n\n\n<div class=\"gb-grid-wrapper gb-grid-wrapper-d422ad07 gb-query-loop-wrapper\"><\/div>\n\n<\/div>\n<\/div>","protected":false},"excerpt":{"rendered":"","protected":false},"author":3,"featured_media":0,"parent":0,"menu_order":0,"comment_status":"closed","ping_status":"closed","template":"","meta":{"inline_featured_image":false,"footnotes":""},"categories":[],"tags":[],"_links":{"self":[{"href":"https:\/\/env.media\/br\/wp-json\/wp\/v2\/pages\/4492"}],"collection":[{"href":"https:\/\/env.media\/br\/wp-json\/wp\/v2\/pages"}],"about":[{"href":"https:\/\/env.media\/br\/wp-json\/wp\/v2\/types\/page"}],"author":[{"embeddable":true,"href":"https:\/\/env.media\/br\/wp-json\/wp\/v2\/users\/3"}],"replies":[{"embeddable":true,"href":"https:\/\/env.media\/br\/wp-json\/wp\/v2\/comments?post=4492"}],"version-history":[{"count":1,"href":"https:\/\/env.media\/br\/wp-json\/wp\/v2\/pages\/4492\/revisions"}],"predecessor-version":[{"id":4493,"href":"https:\/\/env.media\/br\/wp-json\/wp\/v2\/pages\/4492\/revisions\/4493"}],"wp:attachment":[{"href":"https:\/\/env.media\/br\/wp-json\/wp\/v2\/media?parent=4492"}],"wp:term":[{"taxonomy":"category","embeddable":true,"href":"https:\/\/env.media\/br\/wp-json\/wp\/v2\/categories?post=4492"},{"taxonomy":"post_tag","embeddable":true,"href":"https:\/\/env.media\/br\/wp-json\/wp\/v2\/tags?post=4492"}],"curies":[{"name":"wp","href":"https:\/\/api.w.org\/{rel}","templated":true}]}}