{"id":4484,"date":"2024-03-05T18:04:56","date_gmt":"2024-03-05T18:04:56","guid":{"rendered":"https:\/\/env.media\/?page_id=4484"},"modified":"2024-10-25T15:22:20","modified_gmt":"2024-10-25T15:22:20","slug":"investimentos","status":"publish","type":"page","link":"https:\/\/env.media\/br\/investimentos\/","title":{"rendered":"Investimentos"},"content":{"rendered":"<div class=\"gb-container gb-container-62c650b2\">\n<div class=\"gb-container gb-container-9fa1b0b8\">\n<div class=\"gb-container gb-container-c5f71ae3\"><div class=\"gb-inside-container\">\n\n<h1 class=\"wp-block-heading\">Investimentos ENV<\/h1>\n\n\n\n<p>ENV Media investe em criptomoedas e tecnologias no ecossistema criptogr\u00e1fico. Ao longo dos anos, as criptomoedas s\u00e3o caracterizadas por n\u00edveis excepcionais de volatilidade e uma volatilidade anualizada do Bitcoin que excede 85%.<\/p>\n\n<\/div><\/div>\n\n<div class=\"gb-container gb-container-6b690ac2\"><div class=\"gb-inside-container\">\n\n<figure class=\"wp-block-image size-large is-resized is-style-default\"><img loading=\"lazy\" decoding=\"async\" width=\"1024\" height=\"1024\" src=\"https:\/\/env.media\/wp-content\/uploads\/2023\/11\/env-media-creating-market-leaders-1024x1024.png\" alt=\"\" class=\"wp-image-2971\" style=\"width:575px\" srcset=\"https:\/\/env.media\/wp-content\/uploads\/2023\/11\/env-media-creating-market-leaders-1024x1024.png 1024w, https:\/\/env.media\/wp-content\/uploads\/2023\/11\/env-media-creating-market-leaders-300x300.png 300w, https:\/\/env.media\/wp-content\/uploads\/2023\/11\/env-media-creating-market-leaders-150x150.png 150w, https:\/\/env.media\/wp-content\/uploads\/2023\/11\/env-media-creating-market-leaders-768x768.png 768w, https:\/\/env.media\/wp-content\/uploads\/2023\/11\/env-media-creating-market-leaders.png 1080w\" sizes=\"(max-width: 1024px) 100vw, 1024px\" \/><\/figure>\n\n<\/div><\/div>\n<\/div>\n<\/div>\n\n<div class=\"gb-container gb-container-903bd5c9\">\n<div class=\"gb-container gb-container-8638ead4\">\n\n<p>Na ENV Media, vemos a volatilidade como uma oportunidade para investir ativamente em estrat\u00e9gias sistem\u00e1ticas de compra e venda com potencial para gerar valor a longo prazo, capturando o desempenho do mercado em alta e em baixa.<\/p>\n\n\n\n<p>Para al\u00e9m do exposto, a estrat\u00e9gia da ENV \u00e9 investir em uma cesta de criptomoedas parcialmente correlacionadas que \u00e9 estimada e espera-se que alcance, em m\u00e9dia, um desempenho melhor do que a m\u00e9dia dos \u00cdndices Globais.<\/p>\n\n\n\n<p>Todos os investimentos s\u00e3o feitos atrav\u00e9s da nossa subsidi\u00e1ria b\u00falgara,<\/p>\n\n\n\n<figure class=\"wp-block-table\"><table><tbody><tr><td>Nome da Empresa:<\/td><td>Esse N Videri Media EOOD<\/td><\/tr><tr><td>N\u00ba da empresa:<\/td><td>205884430<\/td><\/tr><tr><td>N\u00famero de IVA:<\/td><td>BG205884430<\/td><\/tr><tr><td>Endere\u00e7o:<\/td><td>Bulgaria Boulevard 106, Sofia<\/td><\/tr><tr><td>Pa\u00eds:<\/td><td>Bulgaria<\/td><\/tr><\/tbody><\/table><\/figure>\n\n<\/div>\n<\/div>","protected":false},"excerpt":{"rendered":"","protected":false},"author":3,"featured_media":0,"parent":0,"menu_order":0,"comment_status":"closed","ping_status":"closed","template":"","meta":{"inline_featured_image":false,"footnotes":""},"categories":[],"tags":[],"_links":{"self":[{"href":"https:\/\/env.media\/br\/wp-json\/wp\/v2\/pages\/4484"}],"collection":[{"href":"https:\/\/env.media\/br\/wp-json\/wp\/v2\/pages"}],"about":[{"href":"https:\/\/env.media\/br\/wp-json\/wp\/v2\/types\/page"}],"author":[{"embeddable":true,"href":"https:\/\/env.media\/br\/wp-json\/wp\/v2\/users\/3"}],"replies":[{"embeddable":true,"href":"https:\/\/env.media\/br\/wp-json\/wp\/v2\/comments?post=4484"}],"version-history":[{"count":2,"href":"https:\/\/env.media\/br\/wp-json\/wp\/v2\/pages\/4484\/revisions"}],"predecessor-version":[{"id":4549,"href":"https:\/\/env.media\/br\/wp-json\/wp\/v2\/pages\/4484\/revisions\/4549"}],"wp:attachment":[{"href":"https:\/\/env.media\/br\/wp-json\/wp\/v2\/media?parent=4484"}],"wp:term":[{"taxonomy":"category","embeddable":true,"href":"https:\/\/env.media\/br\/wp-json\/wp\/v2\/categories?post=4484"},{"taxonomy":"post_tag","embeddable":true,"href":"https:\/\/env.media\/br\/wp-json\/wp\/v2\/tags?post=4484"}],"curies":[{"name":"wp","href":"https:\/\/api.w.org\/{rel}","templated":true}]}}