{"id":4482,"date":"2024-01-30T10:29:19","date_gmt":"2024-01-30T10:29:19","guid":{"rendered":"https:\/\/env.media\/?page_id=4482"},"modified":"2024-10-25T15:22:18","modified_gmt":"2024-10-25T15:22:18","slug":"insights","status":"publish","type":"page","link":"https:\/\/env.media\/br\/insights\/","title":{"rendered":"Insights"},"content":{"rendered":"<div class=\"gb-container gb-container-62c650b2\">\n<div class=\"gb-container gb-container-9fa1b0b8\">\n<div class=\"gb-container gb-container-c5f71ae3\"><div class=\"gb-inside-container\">\n\n<h1 class=\"wp-block-heading\">Insights<\/h1>\n\n\n\n<p>Os insights da ENV Media s\u00e3o a sua porta de entrada para a ind\u00fastria de iGaming. Aqui, voc\u00ea pode encontrar an\u00e1lises de especialistas e vis\u00f5es aprofundadas sobre quest\u00f5es cruciais como regulamenta\u00e7\u00e3o, tecnologia, tributa\u00e7\u00e3o, estrat\u00e9gias de mercado e tend\u00eancias de jogos.<\/p>\n\n<\/div><\/div>\n\n<div class=\"gb-container gb-container-6b690ac2\"><div class=\"gb-inside-container\">\n\n<figure class=\"wp-block-image size-large is-resized is-style-default\"><img loading=\"lazy\" decoding=\"async\" width=\"1024\" height=\"1024\" src=\"https:\/\/env.media\/wp-content\/uploads\/2023\/11\/env-media-creating-market-leaders-1024x1024.png\" alt=\"iGaming Industry Insights\" class=\"wp-image-2971\" style=\"width:575px\" srcset=\"https:\/\/env.media\/wp-content\/uploads\/2023\/11\/env-media-creating-market-leaders-1024x1024.png 1024w, https:\/\/env.media\/wp-content\/uploads\/2023\/11\/env-media-creating-market-leaders-300x300.png 300w, https:\/\/env.media\/wp-content\/uploads\/2023\/11\/env-media-creating-market-leaders-150x150.png 150w, https:\/\/env.media\/wp-content\/uploads\/2023\/11\/env-media-creating-market-leaders-768x768.png 768w, https:\/\/env.media\/wp-content\/uploads\/2023\/11\/env-media-creating-market-leaders.png 1080w\" sizes=\"(max-width: 1024px) 100vw, 1024px\" \/><\/figure>\n\n<\/div><\/div>\n<\/div>\n\n<div class=\"gb-container gb-container-fca8bc78\">\n\n<h2 class=\"gb-headline gb-headline-82f9acdb\"><span class=\"gb-icon\"><svg xmlns=\"http:\/\/www.w3.org\/2000\/svg\" viewBox=\"0 0 60 4.688\"><path d=\"M57.656 0H2.344a2.343 2.343 0 100 4.688h55.312a2.344 2.344 0 000-4.688z\"><\/path><\/svg><\/span><span class=\"gb-headline-text\">Insights mais recentes<\/span><\/h2>\n\n\n<div class=\"gb-container gb-container-488c068a\">\n\n<div class=\"gb-grid-wrapper gb-grid-wrapper-d422ad07 gb-query-loop-wrapper\">\n<div class=\"gb-grid-column gb-grid-column-a66ca7b8 gb-query-loop-item post-7851 page type-page status-publish has-post-thumbnail category-br-insights tag-brasil tag-cassino-online tag-cloaking-2 tag-sequestro-de-dominios\"><div class=\"gb-container gb-container-a66ca7b8\">\n<div class=\"gb-container gb-container-4c3cda3a\">\n<div class=\"gb-container gb-container-b52e278b\"><\/div>\n<\/div>\n\n<figure class=\"gb-block-image gb-block-image-b5d1d9d8\"><a href=\"https:\/\/env.media\/br\/cloaking-sequestro-de-dominios-operadores-ilegais\/\"><img loading=\"lazy\" decoding=\"async\" width=\"1000\" height=\"640\" src=\"https:\/\/env.media\/wp-content\/uploads\/cloaking-hijacking-hacked-websites-2.png\" class=\"gb-image-b5d1d9d8 rs-background\" alt=\"cloaking and domain hijacking by illegal operators in Brazil\" srcset=\"https:\/\/env.media\/wp-content\/uploads\/cloaking-hijacking-hacked-websites-2.png 1000w, https:\/\/env.media\/wp-content\/uploads\/cloaking-hijacking-hacked-websites-2-300x192.png 300w, https:\/\/env.media\/wp-content\/uploads\/cloaking-hijacking-hacked-websites-2-768x492.png 768w\" sizes=\"(max-width: 1000px) 100vw, 1000px\" \/><\/a><\/figure>\n\n<div class=\"gb-container gb-container-fc1bccb8\">\n<figure class=\"gb-block-image gb-block-image-4d891f5a\"><img data-del=\"avatar\" src='https:\/\/env.media\/wp-content\/uploads\/Simone-150x150.jpeg' class='avatar pp-user-avatar avatar-36 photo gb-image-4d891f5a' height='36' width='36'\/><\/figure>\n<\/div>\n\n<div class=\"gb-container gb-container-52fab1e7\">\n<h2 class=\"gb-headline gb-headline-6862e514 gb-headline-text\"><a href=\"https:\/\/env.media\/br\/cloaking-sequestro-de-dominios-operadores-ilegais\/\">Cloaking e Sequestro de Dom\u00ednios por Operadores Ilegais no Brasil<\/a><\/h2>\n\n<div class=\"gb-headline gb-headline-fccf7ffc gb-headline-text\"><time class=\"entry-date published\" datetime=\"2025-04-01T12:56:02+00:00\">abril 1, 2025<\/time><\/div>\n\n<p class=\"gb-headline gb-headline-028a8e76 gb-headline-text\">Descubra como as plataformas de jogo ilegal no Brasil sequestram dom\u00ednios governamentais e utilizam o cloaking para manipular os resultados de pesquisa, colocando em risco o mercado regulado e a confian\u00e7a do p\u00fablico em fontes governamentais.<\/p>\n<\/div>\n<\/div><\/div>\n\n<div class=\"gb-grid-column gb-grid-column-a66ca7b8 gb-query-loop-item post-7777 page type-page status-publish has-post-thumbnail category-br-insights tag-bloqueio-pix tag-brasil tag-cassino-online tag-fintech-insights-2 tag-operadoras-offshore\"><div class=\"gb-container gb-container-a66ca7b8\">\n<div class=\"gb-container gb-container-4c3cda3a\">\n<div class=\"gb-container gb-container-b52e278b\"><\/div>\n<\/div>\n\n<figure class=\"gb-block-image gb-block-image-b5d1d9d8\"><a href=\"https:\/\/env.media\/br\/bloqueio-operadoras-offshore-suspensao-pix-insights\/\"><img loading=\"lazy\" decoding=\"async\" width=\"800\" height=\"600\" src=\"https:\/\/env.media\/wp-content\/uploads\/Novo-Projeto-1.png\" class=\"gb-image-b5d1d9d8 rs-background\" alt=\"\" srcset=\"https:\/\/env.media\/wp-content\/uploads\/Novo-Projeto-1.png 800w, https:\/\/env.media\/wp-content\/uploads\/Novo-Projeto-1-300x225.png 300w, https:\/\/env.media\/wp-content\/uploads\/Novo-Projeto-1-768x576.png 768w\" sizes=\"(max-width: 800px) 100vw, 800px\" \/><\/a><\/figure>\n\n<div class=\"gb-container gb-container-fc1bccb8\">\n<figure class=\"gb-block-image gb-block-image-4d891f5a\"><img data-del=\"avatar\" src='https:\/\/env.media\/wp-content\/uploads\/Simone-150x150.jpeg' class='avatar pp-user-avatar avatar-36 photo gb-image-4d891f5a' height='36' width='36'\/><\/figure>\n<\/div>\n\n<div class=\"gb-container gb-container-52fab1e7\">\n<h2 class=\"gb-headline gb-headline-6862e514 gb-headline-text\"><a href=\"https:\/\/env.media\/br\/bloqueio-operadoras-offshore-suspensao-pix-insights\/\">Bloqueio de operadoras offshore no Brasil: Insights sobre a suspens\u00e3o de pagamentos via Pix\u00a0<\/a><\/h2>\n\n<div class=\"gb-headline gb-headline-fccf7ffc gb-headline-text\"><time class=\"entry-date published\" datetime=\"2025-03-19T17:37:38+00:00\">mar\u00e7o 19, 2025<\/time><\/div>\n\n<p class=\"gb-headline gb-headline-028a8e76 gb-headline-text\">Os sites de operadoras offshore continuam a aparecer nos resultados de pesquisa, prejudicando as receitas fiscais e o mercado regulamentado.  Descubra como o bloqueio de pagamentos PIX pode ajudar a melhorar esse cen\u00e1rio e a seguran\u00e7a dos jogadores no Brasil.<\/p>\n<\/div>\n<\/div><\/div>\n\n<div class=\"gb-grid-column gb-grid-column-a66ca7b8 gb-query-loop-item post-7428 page type-page status-publish has-post-thumbnail category-br-insights tag-2025-2 tag-brasil tag-cassino-online tag-migracao-para-bet-br tag-regulamentacao tag-regulamentacao-igaming\"><div class=\"gb-container gb-container-a66ca7b8\">\n<div class=\"gb-container gb-container-4c3cda3a\">\n<div class=\"gb-container gb-container-b52e278b\"><\/div>\n<\/div>\n\n<figure class=\"gb-block-image gb-block-image-b5d1d9d8\"><a href=\"https:\/\/env.media\/br\/regulamentacao-apostas-online-brasil-2025\/\"><img loading=\"lazy\" decoding=\"async\" width=\"1000\" height=\"640\" src=\"https:\/\/env.media\/wp-content\/uploads\/gambling-regulation-in-brazil-featured-image.png\" class=\"gb-image-b5d1d9d8 rs-background\" alt=\"\" srcset=\"https:\/\/env.media\/wp-content\/uploads\/gambling-regulation-in-brazil-featured-image.png 1000w, https:\/\/env.media\/wp-content\/uploads\/gambling-regulation-in-brazil-featured-image-300x192.png 300w, https:\/\/env.media\/wp-content\/uploads\/gambling-regulation-in-brazil-featured-image-768x492.png 768w\" sizes=\"(max-width: 1000px) 100vw, 1000px\" \/><\/a><\/figure>\n\n<div class=\"gb-container gb-container-fc1bccb8\">\n<figure class=\"gb-block-image gb-block-image-4d891f5a\"><img data-del=\"avatar\" src='https:\/\/env.media\/wp-content\/uploads\/Simone-150x150.jpeg' class='avatar pp-user-avatar avatar-36 photo gb-image-4d891f5a' height='36' width='36'\/><\/figure>\n<\/div>\n\n<div class=\"gb-container gb-container-52fab1e7\">\n<h2 class=\"gb-headline gb-headline-6862e514 gb-headline-text\"><a href=\"https:\/\/env.media\/br\/regulamentacao-apostas-online-brasil-2025\/\">Regulamenta\u00e7\u00e3o brasileira de cassinos on-line e apostas esportivas em 2025: Por que a migra\u00e7\u00e3o para o dom\u00ednio bet.br protege os jogadores<\/a><\/h2>\n\n<div class=\"gb-headline gb-headline-fccf7ffc gb-headline-text\"><time class=\"entry-date published\" datetime=\"2025-01-20T15:15:12+00:00\">janeiro 20, 2025<\/time><\/div>\n\n<p class=\"gb-headline gb-headline-028a8e76 gb-headline-text\">Saiba mais sobre o rec\u00e9m-regulamentado mercado de apostas on-line do Brasil e como as \u00faltimas mudan\u00e7as afetam tanto os jogadores como as plataformas de jogos de azar.<\/p>\n<\/div>\n<\/div><\/div>\n\n<div class=\"gb-grid-column gb-grid-column-a66ca7b8 gb-query-loop-item post-7404 page type-page status-publish has-post-thumbnail category-br-insights tag-brasil tag-cassino-online tag-jogos-de-azar-online tag-streaming-2 tag-transmissoes-de-jogos tag-twitch-2\"><div class=\"gb-container gb-container-a66ca7b8\">\n<div class=\"gb-container gb-container-4c3cda3a\">\n<div class=\"gb-container gb-container-b52e278b\"><\/div>\n<\/div>\n\n<figure class=\"gb-block-image gb-block-image-b5d1d9d8\"><a href=\"https:\/\/env.media\/br\/brasil-twitch-top-cassino-jogos-streams-2024\/\"><img loading=\"lazy\" decoding=\"async\" width=\"1000\" height=\"640\" src=\"https:\/\/env.media\/wp-content\/uploads\/twitch-brasil-gaming-streamers.png\" class=\"gb-image-b5d1d9d8 rs-background\" alt=\"twitch brazil gaming streamers online casino\" srcset=\"https:\/\/env.media\/wp-content\/uploads\/twitch-brasil-gaming-streamers.png 1000w, https:\/\/env.media\/wp-content\/uploads\/twitch-brasil-gaming-streamers-300x192.png 300w, https:\/\/env.media\/wp-content\/uploads\/twitch-brasil-gaming-streamers-768x492.png 768w\" sizes=\"(max-width: 1000px) 100vw, 1000px\" \/><\/a><\/figure>\n\n<div class=\"gb-container gb-container-fc1bccb8\">\n<figure class=\"gb-block-image gb-block-image-4d891f5a\"><img data-del=\"avatar\" src='https:\/\/env.media\/wp-content\/uploads\/Simone-150x150.jpeg' class='avatar pp-user-avatar avatar-36 photo gb-image-4d891f5a' height='36' width='36'\/><\/figure>\n<\/div>\n\n<div class=\"gb-container gb-container-52fab1e7\">\n<h2 class=\"gb-headline gb-headline-6862e514 gb-headline-text\"><a href=\"https:\/\/env.media\/br\/brasil-twitch-top-cassino-jogos-streams-2024\/\">A audi\u00eancia dos streamers brasileiros revela os jogos e provedores de cassino online mais populares no Twitch<\/a><\/h2>\n\n<div class=\"gb-headline gb-headline-fccf7ffc gb-headline-text\"><time class=\"entry-date published\" datetime=\"2025-01-07T14:53:04+00:00\">janeiro 7, 2025<\/time><\/div>\n\n<p class=\"gb-headline gb-headline-028a8e76 gb-headline-text\">Descubra como os streamers brasileiros do Twitch mostram os principais jogos e provedores de cassino online de 2024, da Pragmatic Play \u00e0 PG Soft.<\/p>\n<\/div>\n<\/div><\/div>\n\n<div class=\"gb-grid-column gb-grid-column-a66ca7b8 gb-query-loop-item post-7170 page type-page status-publish has-post-thumbnail category-br-insights tag-brasil tag-impostos-apostas-esportivas tag-impostos-de-casino-online tag-impostos-sobre-apostas tag-impostos-sobre-apostas-online tag-industria-de-igaming tag-insights-2\"><div class=\"gb-container gb-container-a66ca7b8\">\n<div class=\"gb-container gb-container-4c3cda3a\">\n<div class=\"gb-container gb-container-b52e278b\"><\/div>\n<\/div>\n\n<figure class=\"gb-block-image gb-block-image-b5d1d9d8\"><a href=\"https:\/\/env.media\/br\/guia-de-tributacao-para-jogos-de-azar-online-brasil-2024\/\"><img loading=\"lazy\" decoding=\"async\" width=\"1001\" height=\"640\" src=\"https:\/\/env.media\/wp-content\/uploads\/online-casino-taxation-sports-betting-Brazil-tax-rates-gambling.png\" class=\"gb-image-b5d1d9d8 rs-background\" alt=\"online casino taxation sports betting Brazil tax rates gambling\" srcset=\"https:\/\/env.media\/wp-content\/uploads\/online-casino-taxation-sports-betting-Brazil-tax-rates-gambling.png 1001w, https:\/\/env.media\/wp-content\/uploads\/online-casino-taxation-sports-betting-Brazil-tax-rates-gambling-300x192.png 300w, https:\/\/env.media\/wp-content\/uploads\/online-casino-taxation-sports-betting-Brazil-tax-rates-gambling-768x491.png 768w\" sizes=\"(max-width: 1001px) 100vw, 1001px\" \/><\/a><\/figure>\n\n<div class=\"gb-container gb-container-fc1bccb8\">\n<figure class=\"gb-block-image gb-block-image-4d891f5a\"><img data-del=\"avatar\" src='https:\/\/env.media\/wp-content\/uploads\/2020\/07\/Svilen-profile-pic-150x150.jpg' class='avatar pp-user-avatar avatar-36 photo gb-image-4d891f5a' height='36' width='36'\/><\/figure>\n<\/div>\n\n<div class=\"gb-container gb-container-52fab1e7\">\n<h2 class=\"gb-headline gb-headline-6862e514 gb-headline-text\"><a href=\"https:\/\/env.media\/br\/guia-de-tributacao-para-jogos-de-azar-online-brasil-2024\/\">Qual \u00e9 a taxa real de imposto no Brasil? Um guia simples para a tributa\u00e7\u00e3o de jogos de azar online &#8211; 2024<\/a><\/h2>\n\n<div class=\"gb-headline gb-headline-fccf7ffc gb-headline-text\"><time class=\"entry-date published\" datetime=\"2024-08-09T13:45:43+00:00\">agosto 9, 2024<\/time><\/div>\n\n<p class=\"gb-headline gb-headline-028a8e76 gb-headline-text\">Saiba mais sobre a tributa\u00e7\u00e3o do jogo online no Brasil, incluindo as obriga\u00e7\u00f5es dos jogadores e operadores, a taxa real de imposto para 2024 e os desafios de conformidade.<\/p>\n<\/div>\n<\/div><\/div>\n\n<div class=\"gb-grid-column gb-grid-column-a66ca7b8 gb-query-loop-item post-5850 page type-page status-publish has-post-thumbnail category-br-insights\"><div class=\"gb-container gb-container-a66ca7b8\">\n<div class=\"gb-container gb-container-4c3cda3a\">\n<div class=\"gb-container gb-container-b52e278b\"><\/div>\n<\/div>\n\n<figure class=\"gb-block-image gb-block-image-b5d1d9d8\"><a href=\"https:\/\/env.media\/br\/o-que-e-tigrinho-e-por-que-e-popular-no-brasil\/\"><img loading=\"lazy\" decoding=\"async\" width=\"1001\" height=\"640\" src=\"https:\/\/env.media\/wp-content\/uploads\/what-is-fortune-tiger-and-why-is-it-so-popular-in-Brazil.png\" class=\"gb-image-b5d1d9d8 rs-background\" alt=\"\" srcset=\"https:\/\/env.media\/wp-content\/uploads\/what-is-fortune-tiger-and-why-is-it-so-popular-in-Brazil.png 1001w, https:\/\/env.media\/wp-content\/uploads\/what-is-fortune-tiger-and-why-is-it-so-popular-in-Brazil-300x192.png 300w, https:\/\/env.media\/wp-content\/uploads\/what-is-fortune-tiger-and-why-is-it-so-popular-in-Brazil-768x491.png 768w\" sizes=\"(max-width: 1001px) 100vw, 1001px\" \/><\/a><\/figure>\n\n<div class=\"gb-container gb-container-fc1bccb8\">\n<figure class=\"gb-block-image gb-block-image-4d891f5a\"><img data-del=\"avatar\" src='https:\/\/env.media\/wp-content\/uploads\/2023\/12\/priscila-ferreira-env-150x150.png' class='avatar pp-user-avatar avatar-36 photo gb-image-4d891f5a' height='36' width='36'\/><\/figure>\n<\/div>\n\n<div class=\"gb-container gb-container-52fab1e7\">\n<h2 class=\"gb-headline gb-headline-6862e514 gb-headline-text\"><a href=\"https:\/\/env.media\/br\/o-que-e-tigrinho-e-por-que-e-popular-no-brasil\/\">O que \u00e9 o Jogo do Tigrinho e Por que \u00e9 T\u00e3o Popular no Brasil?<\/a><\/h2>\n\n<div class=\"gb-headline gb-headline-fccf7ffc gb-headline-text\"><time class=\"entry-date published\" datetime=\"2024-06-03T16:33:38+00:00\">junho 3, 2024<\/time><\/div>\n\n<p class=\"gb-headline gb-headline-028a8e76 gb-headline-text\">Fortune Tiger, uma das principais jca\u00e7a-n\u00edqueis da PG Soft, dominou o cen\u00e1rio de cassinos do Brasil. Descubra por que o &#8220;Jogo do Tigre&#8221; se tornou t\u00e3o popular, impulsionado pelas redes sociais e pelo marketing de influenciadores.<\/p>\n<\/div>\n<\/div><\/div>\n\n<div class=\"gb-grid-column gb-grid-column-a66ca7b8 gb-query-loop-item post-5843 page type-page status-publish has-post-thumbnail category-br-insights\"><div class=\"gb-container gb-container-a66ca7b8\">\n<div class=\"gb-container gb-container-4c3cda3a\">\n<div class=\"gb-container gb-container-b52e278b\"><\/div>\n<\/div>\n\n<figure class=\"gb-block-image gb-block-image-b5d1d9d8\"><a href=\"https:\/\/env.media\/br\/grupos-do-telegram-de-igaming-brasil-expostos\/\"><img loading=\"lazy\" decoding=\"async\" width=\"1001\" height=\"640\" src=\"https:\/\/env.media\/wp-content\/uploads\/scammy-strategies-and-telegram-groups-in-brazil.png\" class=\"gb-image-b5d1d9d8 rs-background\" alt=\"\" srcset=\"https:\/\/env.media\/wp-content\/uploads\/scammy-strategies-and-telegram-groups-in-brazil.png 1001w, https:\/\/env.media\/wp-content\/uploads\/scammy-strategies-and-telegram-groups-in-brazil-300x192.png 300w, https:\/\/env.media\/wp-content\/uploads\/scammy-strategies-and-telegram-groups-in-brazil-768x491.png 768w\" sizes=\"(max-width: 1001px) 100vw, 1001px\" \/><\/a><\/figure>\n\n<div class=\"gb-container gb-container-fc1bccb8\">\n<figure class=\"gb-block-image gb-block-image-4d891f5a\"><img data-del=\"avatar\" src='https:\/\/env.media\/wp-content\/uploads\/2023\/12\/priscila-ferreira-env-150x150.png' class='avatar pp-user-avatar avatar-36 photo gb-image-4d891f5a' height='36' width='36'\/><\/figure>\n<\/div>\n\n<div class=\"gb-container gb-container-52fab1e7\">\n<h2 class=\"gb-headline gb-headline-6862e514 gb-headline-text\"><a href=\"https:\/\/env.media\/br\/grupos-do-telegram-de-igaming-brasil-expostos\/\">Estrat\u00e9gias fraudulentas e promessas vazias \u2013 A verdade por tr\u00e1s dos grupos de iGaming no Telegram Brasil<\/a><\/h2>\n\n<div class=\"gb-headline gb-headline-fccf7ffc gb-headline-text\"><time class=\"entry-date published\" datetime=\"2024-04-04T15:09:40+00:00\">abril 4, 2024<\/time><\/div>\n\n<p class=\"gb-headline gb-headline-028a8e76 gb-headline-text\">Explorando o mundo sombrio dos grupos de iGaming no Telegram no Brasil, nossa investiga\u00e7\u00e3o revela a dura realidade por tr\u00e1s das promessas sedutoras de lucros f\u00e1ceis e da credibilidade duvidosa dos cassinos promovidos.<\/p>\n<\/div>\n<\/div><\/div>\n\n<div class=\"gb-grid-column gb-grid-column-a66ca7b8 gb-query-loop-item post-5841 page type-page status-publish has-post-thumbnail category-br-insights tag-brasil tag-canalizacao tag-cassino-online tag-jogo-regulamentado tag-mercado-de-apostas-brasil\"><div class=\"gb-container gb-container-a66ca7b8\">\n<div class=\"gb-container gb-container-4c3cda3a\">\n<div class=\"gb-container gb-container-b52e278b\"><\/div>\n<\/div>\n\n<figure class=\"gb-block-image gb-block-image-b5d1d9d8\"><a href=\"https:\/\/env.media\/br\/canalizacao-jogos-online-no-brasil-regulamentado\/\"><img loading=\"lazy\" decoding=\"async\" width=\"1001\" height=\"640\" src=\"https:\/\/env.media\/wp-content\/uploads\/channelization-in-regulated-brazil.png\" class=\"gb-image-b5d1d9d8 rs-background\" alt=\"\" srcset=\"https:\/\/env.media\/wp-content\/uploads\/channelization-in-regulated-brazil.png 1001w, https:\/\/env.media\/wp-content\/uploads\/channelization-in-regulated-brazil-300x192.png 300w, https:\/\/env.media\/wp-content\/uploads\/channelization-in-regulated-brazil-768x491.png 768w\" sizes=\"(max-width: 1001px) 100vw, 1001px\" \/><\/a><\/figure>\n\n<div class=\"gb-container gb-container-fc1bccb8\">\n<figure class=\"gb-block-image gb-block-image-4d891f5a\"><img data-del=\"avatar\" src='https:\/\/env.media\/wp-content\/uploads\/maria-paula-nascimento-env-media-150x150.png' class='avatar pp-user-avatar avatar-36 photo gb-image-4d891f5a' height='36' width='36'\/><\/figure>\n<\/div>\n\n<div class=\"gb-container gb-container-52fab1e7\">\n<h2 class=\"gb-headline gb-headline-6862e514 gb-headline-text\"><a href=\"https:\/\/env.media\/br\/canalizacao-jogos-online-no-brasil-regulamentado\/\">Canaliza\u00e7\u00e3o de Jogos de Cassino Online no Brasil Regulamentado<\/a><\/h2>\n\n<div class=\"gb-headline gb-headline-fccf7ffc gb-headline-text\"><time class=\"entry-date published\" datetime=\"2024-03-16T00:00:23+00:00\">mar\u00e7o 16, 2024<\/time><\/div>\n\n<p class=\"gb-headline gb-headline-028a8e76 gb-headline-text\">Descubra a din\u00e2mica complexa do iGaming regulamentado no Brasil, com foco nas taxas de canaliza\u00e7\u00e3o, tributa\u00e7\u00e3o ideal, encargos regulamentares e padr\u00f5es de jogo seguro.<\/p>\n<\/div>\n<\/div><\/div>\n\n<div class=\"gb-grid-column gb-grid-column-a66ca7b8 gb-query-loop-item post-5838 page type-page status-publish has-post-thumbnail category-br-insights\"><div class=\"gb-container gb-container-a66ca7b8\">\n<div class=\"gb-container gb-container-4c3cda3a\">\n<div class=\"gb-container gb-container-b52e278b\"><\/div>\n<\/div>\n\n<figure class=\"gb-block-image gb-block-image-b5d1d9d8\"><a href=\"https:\/\/env.media\/br\/por-que-os-crash-games-sao-legais-no-brasil\/\"><img loading=\"lazy\" decoding=\"async\" width=\"1001\" height=\"640\" src=\"https:\/\/env.media\/wp-content\/uploads\/understanding-regulated-gaming-in-brazil-why-crash-games-are-legal.png\" class=\"gb-image-b5d1d9d8 rs-background\" alt=\"\" srcset=\"https:\/\/env.media\/wp-content\/uploads\/understanding-regulated-gaming-in-brazil-why-crash-games-are-legal.png 1001w, https:\/\/env.media\/wp-content\/uploads\/understanding-regulated-gaming-in-brazil-why-crash-games-are-legal-300x192.png 300w, https:\/\/env.media\/wp-content\/uploads\/understanding-regulated-gaming-in-brazil-why-crash-games-are-legal-768x491.png 768w\" sizes=\"(max-width: 1001px) 100vw, 1001px\" \/><\/a><\/figure>\n\n<div class=\"gb-container gb-container-fc1bccb8\">\n<figure class=\"gb-block-image gb-block-image-4d891f5a\"><img data-del=\"avatar\" src='https:\/\/env.media\/wp-content\/uploads\/2020\/07\/Svilen-profile-pic-150x150.jpg' class='avatar pp-user-avatar avatar-36 photo gb-image-4d891f5a' height='36' width='36'\/><\/figure>\n<\/div>\n\n<div class=\"gb-container gb-container-52fab1e7\">\n<h2 class=\"gb-headline gb-headline-6862e514 gb-headline-text\"><a href=\"https:\/\/env.media\/br\/por-que-os-crash-games-sao-legais-no-brasil\/\">Compreendendo os Jogos Regulados no Brasil. Por Que os Crash Games S\u00e3o Legais.<\/a><\/h2>\n\n<div class=\"gb-headline gb-headline-fccf7ffc gb-headline-text\"><time class=\"entry-date published\" datetime=\"2024-03-06T11:05:08+00:00\">mar\u00e7o 6, 2024<\/time><\/div>\n\n<p class=\"gb-headline gb-headline-028a8e76 gb-headline-text\">Descubra como o Brasil regulamentou os jogos modernos com dinheiro real. Destaque por que os crash games como \u201cAviator\u201d prosperam sob as defini\u00e7\u00f5es legais recentes.<\/p>\n<\/div>\n<\/div><\/div>\n\n<div class=\"gb-grid-column gb-grid-column-a66ca7b8 gb-query-loop-item post-5840 page type-page status-publish has-post-thumbnail category-br-insights\"><div class=\"gb-container gb-container-a66ca7b8\">\n<div class=\"gb-container gb-container-4c3cda3a\">\n<div class=\"gb-container gb-container-b52e278b\"><\/div>\n<\/div>\n\n<figure class=\"gb-block-image gb-block-image-b5d1d9d8\"><a href=\"https:\/\/env.media\/br\/marketing-de-influencia-brasileiro-uma-perspectiva-regulatoria\/\"><img loading=\"lazy\" decoding=\"async\" width=\"1001\" height=\"640\" src=\"https:\/\/env.media\/wp-content\/uploads\/brazilian-influencer-marketing.png\" class=\"gb-image-b5d1d9d8 rs-background\" alt=\"\" srcset=\"https:\/\/env.media\/wp-content\/uploads\/brazilian-influencer-marketing.png 1001w, https:\/\/env.media\/wp-content\/uploads\/brazilian-influencer-marketing-300x192.png 300w, https:\/\/env.media\/wp-content\/uploads\/brazilian-influencer-marketing-768x491.png 768w\" sizes=\"(max-width: 1001px) 100vw, 1001px\" \/><\/a><\/figure>\n\n<div class=\"gb-container gb-container-fc1bccb8\">\n<figure class=\"gb-block-image gb-block-image-4d891f5a\"><img data-del=\"avatar\" src='https:\/\/env.media\/wp-content\/uploads\/2023\/12\/priscila-ferreira-env-150x150.png' class='avatar pp-user-avatar avatar-36 photo gb-image-4d891f5a' height='36' width='36'\/><\/figure>\n<\/div>\n\n<div class=\"gb-container gb-container-52fab1e7\">\n<h2 class=\"gb-headline gb-headline-6862e514 gb-headline-text\"><a href=\"https:\/\/env.media\/br\/marketing-de-influencia-brasileiro-uma-perspectiva-regulatoria\/\">Marketing de Influ\u00eancia de Cassinos Brasileiros \u2013 Uma Perspectiva Regulat\u00f3ria<\/a><\/h2>\n\n<div class=\"gb-headline gb-headline-fccf7ffc gb-headline-text\"><time class=\"entry-date published\" datetime=\"2024-01-30T10:20:03+00:00\">janeiro 30, 2024<\/time><\/div>\n\n<p class=\"gb-headline gb-headline-028a8e76 gb-headline-text\">Discutimos o impacto do marketing de influ\u00eancia brasileiro no cen\u00e1rio dos jogos de azar, com foco nos desafios regulat\u00f3rios, nas quest\u00f5es \u00e9ticas e na evolu\u00e7\u00e3o do cen\u00e1rio da publicidade digital.<\/p>\n<\/div>\n<\/div><\/div>\n<\/div>\n\n<\/div>\n<\/div>\n<\/div>","protected":false},"excerpt":{"rendered":"","protected":false},"author":3,"featured_media":0,"parent":0,"menu_order":0,"comment_status":"closed","ping_status":"closed","template":"","meta":{"inline_featured_image":false,"footnotes":""},"categories":[],"tags":[],"_links":{"self":[{"href":"https:\/\/env.media\/br\/wp-json\/wp\/v2\/pages\/4482"}],"collection":[{"href":"https:\/\/env.media\/br\/wp-json\/wp\/v2\/pages"}],"about":[{"href":"https:\/\/env.media\/br\/wp-json\/wp\/v2\/types\/page"}],"author":[{"embeddable":true,"href":"https:\/\/env.media\/br\/wp-json\/wp\/v2\/users\/3"}],"replies":[{"embeddable":true,"href":"https:\/\/env.media\/br\/wp-json\/wp\/v2\/comments?post=4482"}],"version-history":[{"count":4,"href":"https:\/\/env.media\/br\/wp-json\/wp\/v2\/pages\/4482\/revisions"}],"predecessor-version":[{"id":5912,"href":"https:\/\/env.media\/br\/wp-json\/wp\/v2\/pages\/4482\/revisions\/5912"}],"wp:attachment":[{"href":"https:\/\/env.media\/br\/wp-json\/wp\/v2\/media?parent=4482"}],"wp:term":[{"taxonomy":"category","embeddable":true,"href":"https:\/\/env.media\/br\/wp-json\/wp\/v2\/categories?post=4482"},{"taxonomy":"post_tag","embeddable":true,"href":"https:\/\/env.media\/br\/wp-json\/wp\/v2\/tags?post=4482"}],"curies":[{"name":"wp","href":"https:\/\/api.w.org\/{rel}","templated":true}]}}