{"id":4480,"date":"2020-07-14T07:50:08","date_gmt":"2020-07-14T07:50:08","guid":{"rendered":"https:\/\/env.media\/?page_id=4480"},"modified":"2024-10-25T15:21:14","modified_gmt":"2024-10-25T15:21:14","slug":"carreiras","status":"publish","type":"page","link":"https:\/\/env.media\/br\/carreiras\/","title":{"rendered":"Carreiras"},"content":{"rendered":"<div class=\"gb-container gb-container-62c650b2\">\n<div class=\"gb-container gb-container-9fa1b0b8\">\n<div class=\"gb-container gb-container-c5f71ae3\"><div class=\"gb-inside-container\">\n\n<h1 class=\"wp-block-heading\">Carreiras<\/h1>\n\n\n\n<p>Estamos sempre em busca de talentos. N\u00e3o consegue encontrar sua fun\u00e7\u00e3o abaixo? Envie-nos uma proposta sobre quem voc\u00ea \u00e9 e como voc\u00ea acha que pode contribuir para a organiza\u00e7\u00e3o ou para nossos parceiros.<\/p>\n\n<\/div><\/div>\n\n<div class=\"gb-container gb-container-6b690ac2\"><div class=\"gb-inside-container\">\n\n<figure class=\"wp-block-image size-large is-resized is-style-default\"><img loading=\"lazy\" decoding=\"async\" width=\"1024\" height=\"1024\" src=\"https:\/\/env.media\/wp-content\/uploads\/2023\/11\/env-media-work-with-us-1024x1024.png\" alt=\"\" class=\"wp-image-2973\" style=\"width:575px\" srcset=\"https:\/\/env.media\/wp-content\/uploads\/2023\/11\/env-media-work-with-us-1024x1024.png 1024w, https:\/\/env.media\/wp-content\/uploads\/2023\/11\/env-media-work-with-us-300x300.png 300w, https:\/\/env.media\/wp-content\/uploads\/2023\/11\/env-media-work-with-us-150x150.png 150w, https:\/\/env.media\/wp-content\/uploads\/2023\/11\/env-media-work-with-us-768x768.png 768w, https:\/\/env.media\/wp-content\/uploads\/2023\/11\/env-media-work-with-us.png 1080w\" sizes=\"(max-width: 1024px) 100vw, 1024px\" \/><\/figure>\n\n<\/div><\/div>\n<\/div>\n<\/div>\n\n<div class=\"gb-container gb-container-fca8bc78\">\n\n<h2 class=\"gb-headline gb-headline-82f9acdb\"><span class=\"gb-icon\"><svg xmlns=\"http:\/\/www.w3.org\/2000\/svg\" viewBox=\"0 0 60 4.688\"><path d=\"M57.656 0H2.344a2.343 2.343 0 100 4.688h55.312a2.344 2.344 0 000-4.688z\"><\/path><\/svg><\/span><span class=\"gb-headline-text\">Posi\u00e7\u00f5es abertas<\/span><\/h2>\n\n\n<div class=\"gb-container gb-container-488c068a\">\n\n<div class=\"gb-grid-wrapper gb-grid-wrapper-d422ad07 gb-query-loop-wrapper\"><\/div>\n\n<\/div>\n<\/div>","protected":false},"excerpt":{"rendered":"","protected":false},"author":3,"featured_media":0,"parent":0,"menu_order":0,"comment_status":"closed","ping_status":"closed","template":"","meta":{"inline_featured_image":false,"footnotes":""},"categories":[],"tags":[],"_links":{"self":[{"href":"https:\/\/env.media\/br\/wp-json\/wp\/v2\/pages\/4480"}],"collection":[{"href":"https:\/\/env.media\/br\/wp-json\/wp\/v2\/pages"}],"about":[{"href":"https:\/\/env.media\/br\/wp-json\/wp\/v2\/types\/page"}],"author":[{"embeddable":true,"href":"https:\/\/env.media\/br\/wp-json\/wp\/v2\/users\/3"}],"replies":[{"embeddable":true,"href":"https:\/\/env.media\/br\/wp-json\/wp\/v2\/comments?post=4480"}],"version-history":[{"count":1,"href":"https:\/\/env.media\/br\/wp-json\/wp\/v2\/pages\/4480\/revisions"}],"predecessor-version":[{"id":4481,"href":"https:\/\/env.media\/br\/wp-json\/wp\/v2\/pages\/4480\/revisions\/4481"}],"wp:attachment":[{"href":"https:\/\/env.media\/br\/wp-json\/wp\/v2\/media?parent=4480"}],"wp:term":[{"taxonomy":"category","embeddable":true,"href":"https:\/\/env.media\/br\/wp-json\/wp\/v2\/categories?post=4480"},{"taxonomy":"post_tag","embeddable":true,"href":"https:\/\/env.media\/br\/wp-json\/wp\/v2\/tags?post=4480"}],"curies":[{"name":"wp","href":"https:\/\/api.w.org\/{rel}","templated":true}]}}