{"id":4476,"date":"2020-05-13T10:20:45","date_gmt":"2020-05-13T10:20:45","guid":{"rendered":"https:\/\/env.media\/?page_id=4476"},"modified":"2024-10-25T15:24:46","modified_gmt":"2024-10-25T15:24:46","slug":"sobre-nos","status":"publish","type":"page","link":"https:\/\/env.media\/br\/sobre-nos\/","title":{"rendered":"Sobre Nos"},"content":{"rendered":"<div class=\"gb-container gb-container-62c650b2\">\n<div class=\"gb-container gb-container-9fa1b0b8\">\n<div class=\"gb-container gb-container-c5f71ae3\"><div class=\"gb-inside-container\">\n\n<h1 class=\"wp-block-heading\">Sobre n\u00f3s<\/h1>\n\n\n\n<p>ENV Media \u00e9 uma empresa irlandesa com membros da equipe trabalhando remotamente em todo o mundo em 6 fusos hor\u00e1rios diferentes.<\/p>\n\n<\/div><\/div>\n\n<div class=\"gb-container gb-container-6b690ac2\"><div class=\"gb-inside-container\">\n\n<figure class=\"wp-block-image size-large is-resized is-style-default\"><img loading=\"lazy\" decoding=\"async\" width=\"1024\" height=\"1024\" src=\"https:\/\/env.media\/wp-content\/uploads\/2023\/11\/env-media-about-us-1024x1024.png\" alt=\"\" class=\"wp-image-2969\" style=\"width:575px\" srcset=\"https:\/\/env.media\/wp-content\/uploads\/2023\/11\/env-media-about-us-1024x1024.png 1024w, https:\/\/env.media\/wp-content\/uploads\/2023\/11\/env-media-about-us-300x300.png 300w, https:\/\/env.media\/wp-content\/uploads\/2023\/11\/env-media-about-us-150x150.png 150w, https:\/\/env.media\/wp-content\/uploads\/2023\/11\/env-media-about-us-768x768.png 768w, https:\/\/env.media\/wp-content\/uploads\/2023\/11\/env-media-about-us.png 1080w\" sizes=\"(max-width: 1024px) 100vw, 1024px\" \/><\/figure>\n\n<\/div><\/div>\n<\/div>\n<\/div>\n\n<div class=\"gb-container gb-container-5aa99cef\">\n<div class=\"gb-container gb-container-e417a3f1\">\n<div class=\"gb-container gb-container-7ce04e08\">\n\n<h2 class=\"gb-headline gb-headline-82f9acdb\"><span class=\"gb-icon\"><svg xmlns=\"http:\/\/www.w3.org\/2000\/svg\" viewBox=\"0 0 60 4.688\"><path d=\"M57.656 0H2.344a2.343 2.343 0 100 4.688h55.312a2.344 2.344 0 000-4.688z\"><\/path><\/svg><\/span><span class=\"gb-headline-text\">Conhe\u00e7a o Time<\/span><\/h2>\n\n\n<div class=\"gb-grid-wrapper gb-grid-wrapper-d4679479\">\n<div class=\"gb-grid-column gb-grid-column-7f7f4c01\"><div class=\"gb-container gb-container-7f7f4c01\">\n\n<figure class=\"gb-block-image gb-block-image-bbb07cc4\"><a href=\"\/br\/sobre-nos\/mattias\/\"><img loading=\"lazy\" decoding=\"async\" width=\"300\" height=\"301\" class=\"gb-image gb-image-bbb07cc4 is-style-default\" src=\"https:\/\/env.media\/wp-content\/uploads\/2020\/07\/mattias-profile-pic.jpg\" alt=\"\" title=\"mattias-profile-pic\" srcset=\"https:\/\/env.media\/wp-content\/uploads\/2020\/07\/mattias-profile-pic.jpg 300w, https:\/\/env.media\/wp-content\/uploads\/2020\/07\/mattias-profile-pic-150x150.jpg 150w\" sizes=\"(max-width: 300px) 100vw, 300px\" \/><\/a><\/figure>\n\n\n\n<h3 class=\"gb-headline gb-headline-273dd84f gb-headline-text\">Mattias Bergehed<\/h3>\n\n\n\n<p class=\"gb-headline gb-headline-1d897388 gb-headline-text\"><em>Cofundador, CEO<\/em><\/p>\n\n<\/div><\/div>\n\n<div class=\"gb-grid-column gb-grid-column-d88e181a\"><div class=\"gb-container gb-container-d88e181a\">\n\n<figure class=\"gb-block-image gb-block-image-e32086a2\"><a href=\"\/br\/sobre-nos\/martin\/\"><img loading=\"lazy\" decoding=\"async\" width=\"401\" height=\"400\" class=\"gb-image gb-image-e32086a2 is-style-default\" src=\"https:\/\/env.media\/wp-content\/uploads\/2020\/10\/martin-profile-picture.jpg\" alt=\"\" title=\"martin-profile-picture\" srcset=\"https:\/\/env.media\/wp-content\/uploads\/2020\/10\/martin-profile-picture.jpg 401w, https:\/\/env.media\/wp-content\/uploads\/2020\/10\/martin-profile-picture-300x300.jpg 300w, https:\/\/env.media\/wp-content\/uploads\/2020\/10\/martin-profile-picture-150x150.jpg 150w\" sizes=\"(max-width: 401px) 100vw, 401px\" \/><\/a><\/figure>\n\n\n\n<h3 class=\"gb-headline gb-headline-77c3a089 gb-headline-text\">Martin Larsson<\/h3>\n\n\n\n<p class=\"gb-headline gb-headline-a88aa49a gb-headline-text\"><em>Cofundador<\/em><\/p>\n\n<\/div><\/div>\n\n<div class=\"gb-grid-column gb-grid-column-bc2f5862\"><div class=\"gb-container gb-container-bc2f5862\">\n\n<figure class=\"gb-block-image gb-block-image-2c23880e\"><a href=\"\/br\/sobre-nos\/shane\/\"><img loading=\"lazy\" decoding=\"async\" width=\"400\" height=\"400\" class=\"gb-image gb-image-2c23880e is-style-default\" src=\"https:\/\/env.media\/wp-content\/uploads\/2023\/11\/shane-mclaimh-env-media.png\" alt=\"\" title=\"shane-mclaimh-env-media\" srcset=\"https:\/\/env.media\/wp-content\/uploads\/2023\/11\/shane-mclaimh-env-media.png 400w, https:\/\/env.media\/wp-content\/uploads\/2023\/11\/shane-mclaimh-env-media-300x300.png 300w, https:\/\/env.media\/wp-content\/uploads\/2023\/11\/shane-mclaimh-env-media-150x150.png 150w\" sizes=\"(max-width: 400px) 100vw, 400px\" \/><\/a><\/figure>\n\n\n\n<h3 class=\"gb-headline gb-headline-45f0eafa gb-headline-text\">Shane McL\u00e1imh<\/h3>\n\n\n\n<p class=\"gb-headline gb-headline-c006d2b1 gb-headline-text\"><em>COO<\/em><\/p>\n\n<\/div><\/div>\n\n<div class=\"gb-grid-column gb-grid-column-eb20485e\"><div class=\"gb-container gb-container-eb20485e\">\n\n<figure class=\"gb-block-image gb-block-image-26c3f6f6\"><a href=\"\/br\/sobre-nos\/svilen\/\"><img loading=\"lazy\" decoding=\"async\" width=\"400\" height=\"400\" class=\"gb-image gb-image-26c3f6f6 is-style-default\" src=\"https:\/\/env.media\/wp-content\/uploads\/2022\/11\/svilen-env-media.jpg\" alt=\"\" title=\"svilen-env-media\" srcset=\"https:\/\/env.media\/wp-content\/uploads\/2022\/11\/svilen-env-media.jpg 400w, https:\/\/env.media\/wp-content\/uploads\/2022\/11\/svilen-env-media-300x300.jpg 300w, https:\/\/env.media\/wp-content\/uploads\/2022\/11\/svilen-env-media-150x150.jpg 150w\" sizes=\"(max-width: 400px) 100vw, 400px\" \/><\/a><\/figure>\n\n\n\n<h3 class=\"gb-headline gb-headline-d8889614 gb-headline-text\">Svilen Madjov<\/h3>\n\n\n\n<p class=\"gb-headline gb-headline-ff7ca92a gb-headline-text\"><em>Chefe de Pesquisa<\/em><\/p>\n\n<\/div><\/div>\n\n<div class=\"gb-grid-column gb-grid-column-174ff497\"><div class=\"gb-container gb-container-174ff497\">\n\n<figure class=\"gb-block-image gb-block-image-160051dc\"><a href=\"\/br\/sobre-nos\/robin\/\"><img loading=\"lazy\" decoding=\"async\" width=\"400\" height=\"400\" class=\"gb-image gb-image-160051dc is-style-default\" src=\"https:\/\/env.media\/wp-content\/uploads\/2020\/10\/robin.hallengren.jpg\" alt=\"\" title=\"robin.hallengren\" srcset=\"https:\/\/env.media\/wp-content\/uploads\/2020\/10\/robin.hallengren.jpg 400w, https:\/\/env.media\/wp-content\/uploads\/2020\/10\/robin.hallengren-300x300.jpg 300w, https:\/\/env.media\/wp-content\/uploads\/2020\/10\/robin.hallengren-150x150.jpg 150w\" sizes=\"(max-width: 400px) 100vw, 400px\" \/><\/a><\/figure>\n\n\n\n<h3 class=\"gb-headline gb-headline-7ab3122f gb-headline-text\">Robin Hallengren<\/h3>\n\n\n\n<p class=\"gb-headline gb-headline-dfe22cec gb-headline-text\"><em>Gerente S\u00eanior de SEO<\/em><\/p>\n\n<\/div><\/div>\n\n<div class=\"gb-grid-column gb-grid-column-9e2ec0cc\"><div class=\"gb-container gb-container-9e2ec0cc\">\n\n<figure class=\"gb-block-image gb-block-image-50e62b33\"><a href=\"\/br\/sobre-nos\/marcus\/\"><img loading=\"lazy\" decoding=\"async\" width=\"401\" height=\"401\" class=\"gb-image gb-image-50e62b33 is-style-default\" src=\"https:\/\/env.media\/wp-content\/uploads\/2020\/10\/marcus-klasman.jpg\" alt=\"\" title=\"marcus-klasman\" srcset=\"https:\/\/env.media\/wp-content\/uploads\/2020\/10\/marcus-klasman.jpg 401w, https:\/\/env.media\/wp-content\/uploads\/2020\/10\/marcus-klasman-300x300.jpg 300w, https:\/\/env.media\/wp-content\/uploads\/2020\/10\/marcus-klasman-150x150.jpg 150w\" sizes=\"(max-width: 401px) 100vw, 401px\" \/><\/a><\/figure>\n\n\n\n<h3 class=\"gb-headline gb-headline-a4ed74e1 gb-headline-text\">Marcus Klasman<\/h3>\n\n\n\n<p class=\"gb-headline gb-headline-84ccb671 gb-headline-text\"><em>Gerente de Projetos SEO<\/em><\/p>\n\n<\/div><\/div>\n\n<div class=\"gb-grid-column gb-grid-column-c9fb3548\"><div class=\"gb-container gb-container-c9fb3548\">\n\n<figure class=\"gb-block-image gb-block-image-9950ea69\"><img loading=\"lazy\" decoding=\"async\" width=\"400\" height=\"400\" class=\"gb-image gb-image-9950ea69 is-style-default\" src=\"https:\/\/env.media\/wp-content\/uploads\/2023\/11\/felix-grondahl-env.jpg\" alt=\"\" title=\"felix-grondahl-env\" srcset=\"https:\/\/env.media\/wp-content\/uploads\/2023\/11\/felix-grondahl-env.jpg 400w, https:\/\/env.media\/wp-content\/uploads\/2023\/11\/felix-grondahl-env-300x300.jpg 300w, https:\/\/env.media\/wp-content\/uploads\/2023\/11\/felix-grondahl-env-150x150.jpg 150w\" sizes=\"(max-width: 400px) 100vw, 400px\" \/><\/figure>\n\n\n\n<h3 class=\"gb-headline gb-headline-fe1a7e28 gb-headline-text\">Felix Gr\u00f6ndahl<\/h3>\n\n\n\n<p class=\"gb-headline gb-headline-3bf4dae8 gb-headline-text\"><em>Desenvolvedor<\/em><\/p>\n\n<\/div><\/div>\n\n<div class=\"gb-grid-column gb-grid-column-e1e1f6a1\"><div class=\"gb-container gb-container-e1e1f6a1\">\n\n<figure class=\"gb-block-image gb-block-image-81d26084\"><a href=\"\/br\/sobre-nos\/priscila\/\"><img loading=\"lazy\" decoding=\"async\" width=\"400\" height=\"400\" class=\"gb-image gb-image-81d26084 is-style-default\" src=\"https:\/\/env.media\/wp-content\/uploads\/2023\/12\/priscila-ferreira-env.png\" alt=\"\" title=\"priscila-ferreira-env\" srcset=\"https:\/\/env.media\/wp-content\/uploads\/2023\/12\/priscila-ferreira-env.png 400w, https:\/\/env.media\/wp-content\/uploads\/2023\/12\/priscila-ferreira-env-300x300.png 300w, https:\/\/env.media\/wp-content\/uploads\/2023\/12\/priscila-ferreira-env-150x150.png 150w\" sizes=\"(max-width: 400px) 100vw, 400px\" \/><\/a><\/figure>\n\n\n\n<h3 class=\"gb-headline gb-headline-07c6deea gb-headline-text\">Priscila Ferreira<\/h3>\n\n\n\n<p class=\"gb-headline gb-headline-6c6a45e5 gb-headline-text\"><em>Pesquisadora Associada<\/em><\/p>\n\n<\/div><\/div>\n\n<div class=\"gb-grid-column gb-grid-column-9ed73d23\"><div class=\"gb-container gb-container-9ed73d23\">\n\n<figure class=\"gb-block-image gb-block-image-570fc915\"><a href=\"\/br\/sobre-nos\/maria\/\"><img loading=\"lazy\" decoding=\"async\" width=\"400\" height=\"400\" class=\"gb-image gb-image-570fc915 is-style-default\" src=\"https:\/\/env.media\/wp-content\/uploads\/maria-paula-nascimento-env-media.png\" alt=\"\" title=\"maria-paula-nascimento-env-media\" srcset=\"https:\/\/env.media\/wp-content\/uploads\/maria-paula-nascimento-env-media.png 400w, https:\/\/env.media\/wp-content\/uploads\/maria-paula-nascimento-env-media-300x300.png 300w, https:\/\/env.media\/wp-content\/uploads\/maria-paula-nascimento-env-media-150x150.png 150w\" sizes=\"(max-width: 400px) 100vw, 400px\" \/><\/a><\/figure>\n\n\n\n<h3 class=\"gb-headline gb-headline-bbcf7ebf gb-headline-text\">Maria Paula Nascimento<\/h3>\n\n\n\n<p class=\"gb-headline gb-headline-d52c2ddd gb-headline-text\"><em>Pesquisadora Associada<\/em><\/p>\n\n<\/div><\/div>\n\n<div class=\"gb-grid-column gb-grid-column-ade844d7\"><div class=\"gb-container gb-container-ade844d7\">\n\n<figure class=\"gb-block-image gb-block-image-c54de56e\"><img loading=\"lazy\" decoding=\"async\" width=\"400\" height=\"400\" class=\"gb-image gb-image-c54de56e is-style-default\" src=\"https:\/\/env.media\/wp-content\/uploads\/2023\/11\/glauco-motta-env.png\" alt=\"\" title=\"glauco-motta-env\" srcset=\"https:\/\/env.media\/wp-content\/uploads\/2023\/11\/glauco-motta-env.png 400w, https:\/\/env.media\/wp-content\/uploads\/2023\/11\/glauco-motta-env-300x300.png 300w, https:\/\/env.media\/wp-content\/uploads\/2023\/11\/glauco-motta-env-150x150.png 150w\" sizes=\"(max-width: 400px) 100vw, 400px\" \/><\/figure>\n\n\n\n<h3 class=\"gb-headline gb-headline-3f92e0bc gb-headline-text\">Glauco Motta<\/h3>\n\n\n\n<p class=\"gb-headline gb-headline-e289e47e gb-headline-text\"><em>Coordenador SEO<\/em><\/p>\n\n<\/div><\/div>\n\n<div class=\"gb-grid-column gb-grid-column-e838d572\"><div class=\"gb-container gb-container-e838d572\">\n\n<figure class=\"gb-block-image gb-block-image-67563723\"><img loading=\"lazy\" decoding=\"async\" width=\"400\" height=\"400\" class=\"gb-image gb-image-67563723 is-style-default\" src=\"https:\/\/env.media\/wp-content\/uploads\/2023\/11\/nicolas-soares-env.png\" alt=\"\" title=\"nicolas-soares-env\" srcset=\"https:\/\/env.media\/wp-content\/uploads\/2023\/11\/nicolas-soares-env.png 400w, https:\/\/env.media\/wp-content\/uploads\/2023\/11\/nicolas-soares-env-300x300.png 300w, https:\/\/env.media\/wp-content\/uploads\/2023\/11\/nicolas-soares-env-150x150.png 150w\" sizes=\"(max-width: 400px) 100vw, 400px\" \/><\/figure>\n\n\n\n<h3 class=\"gb-headline gb-headline-0e6e1bf0 gb-headline-text\">Nicolas Soares<\/h3>\n\n\n\n<p class=\"gb-headline gb-headline-a65d0a7c gb-headline-text\"><em>Editor Chefe<\/em><\/p>\n\n<\/div><\/div>\n\n<div class=\"gb-grid-column gb-grid-column-14b3372a\"><div class=\"gb-container gb-container-14b3372a\">\n\n<figure class=\"gb-block-image gb-block-image-c6c774bf\"><img loading=\"lazy\" decoding=\"async\" width=\"400\" height=\"400\" class=\"gb-image gb-image-c6c774bf is-style-default\" src=\"https:\/\/env.media\/wp-content\/uploads\/2023\/11\/alexandre-farias-env-media.png\" alt=\"\" title=\"alexandre-farias-env-media\" srcset=\"https:\/\/env.media\/wp-content\/uploads\/2023\/11\/alexandre-farias-env-media.png 400w, https:\/\/env.media\/wp-content\/uploads\/2023\/11\/alexandre-farias-env-media-300x300.png 300w, https:\/\/env.media\/wp-content\/uploads\/2023\/11\/alexandre-farias-env-media-150x150.png 150w\" sizes=\"(max-width: 400px) 100vw, 400px\" \/><\/figure>\n\n\n\n<h3 class=\"gb-headline gb-headline-bf823676 gb-headline-text\">Alexandre Farias<\/h3>\n\n\n\n<p class=\"gb-headline gb-headline-32316ae7 gb-headline-text\"><em>Escritor de Conte\u00fado<\/em><\/p>\n\n<\/div><\/div>\n\n<div class=\"gb-grid-column gb-grid-column-f1c810a0\"><div class=\"gb-container gb-container-f1c810a0\">\n\n<figure class=\"gb-block-image gb-block-image-a651a0e4\"><img loading=\"lazy\" decoding=\"async\" width=\"400\" height=\"400\" class=\"gb-image gb-image-a651a0e4 is-style-default\" src=\"https:\/\/env.media\/wp-content\/uploads\/2023\/11\/image-empty.png\" alt=\"\" title=\"image-empty\" srcset=\"https:\/\/env.media\/wp-content\/uploads\/2023\/11\/image-empty.png 400w, https:\/\/env.media\/wp-content\/uploads\/2023\/11\/image-empty-300x300.png 300w, https:\/\/env.media\/wp-content\/uploads\/2023\/11\/image-empty-150x150.png 150w\" sizes=\"(max-width: 400px) 100vw, 400px\" \/><\/figure>\n\n\n\n<h3 class=\"gb-headline gb-headline-0971e20a gb-headline-text\">Mauro Ramos<\/h3>\n\n\n\n<p class=\"gb-headline gb-headline-a7d78aca gb-headline-text\"><em>Escritor de Conte\u00fado<\/em><\/p>\n\n<\/div><\/div>\n\n<div class=\"gb-grid-column gb-grid-column-2e11746b\"><div class=\"gb-container gb-container-2e11746b\">\n\n<figure class=\"gb-block-image gb-block-image-dfb56872\"><img loading=\"lazy\" decoding=\"async\" width=\"400\" height=\"400\" class=\"gb-image gb-image-dfb56872 is-style-default\" src=\"https:\/\/env.media\/wp-content\/uploads\/beatriz-doblas-env.png\" alt=\"\" title=\"beatriz-doblas-env\" srcset=\"https:\/\/env.media\/wp-content\/uploads\/beatriz-doblas-env.png 400w, https:\/\/env.media\/wp-content\/uploads\/beatriz-doblas-env-300x300.png 300w, https:\/\/env.media\/wp-content\/uploads\/beatriz-doblas-env-150x150.png 150w\" sizes=\"(max-width: 400px) 100vw, 400px\" \/><\/figure>\n\n\n\n<h3 class=\"gb-headline gb-headline-81afa3f3 gb-headline-text\">Beatriz Doblas<\/h3>\n\n\n\n<p class=\"gb-headline gb-headline-d2b0c929 gb-headline-text\"><em>Editor Chefe<\/em><\/p>\n\n<\/div><\/div>\n\n<div class=\"gb-grid-column gb-grid-column-bcb3910e\"><div class=\"gb-container gb-container-bcb3910e\">\n\n<figure class=\"gb-block-image gb-block-image-390297cd\"><img loading=\"lazy\" decoding=\"async\" width=\"400\" height=\"400\" class=\"gb-image gb-image-390297cd is-style-default\" src=\"https:\/\/env.media\/wp-content\/uploads\/ana-caetano-env.png\" alt=\"\" title=\"ana-caetano-env\" srcset=\"https:\/\/env.media\/wp-content\/uploads\/ana-caetano-env.png 400w, https:\/\/env.media\/wp-content\/uploads\/ana-caetano-env-300x300.png 300w, https:\/\/env.media\/wp-content\/uploads\/ana-caetano-env-150x150.png 150w\" sizes=\"(max-width: 400px) 100vw, 400px\" \/><\/figure>\n\n\n\n<h3 class=\"gb-headline gb-headline-c073046e gb-headline-text\">Ana Caetano<\/h3>\n\n\n\n<p class=\"gb-headline gb-headline-b9b814c5 gb-headline-text\"><em>Especialista em Jogos<\/em><\/p>\n\n<\/div><\/div>\n\n<div class=\"gb-grid-column gb-grid-column-3fb02481\"><div class=\"gb-container gb-container-3fb02481\">\n\n<figure class=\"gb-block-image gb-block-image-5de4ac16\"><img loading=\"lazy\" decoding=\"async\" width=\"400\" height=\"400\" class=\"gb-image gb-image-5de4ac16 is-style-default\" src=\"https:\/\/env.media\/wp-content\/uploads\/2023\/11\/image-empty.png\" alt=\"\" title=\"image-empty\" srcset=\"https:\/\/env.media\/wp-content\/uploads\/2023\/11\/image-empty.png 400w, https:\/\/env.media\/wp-content\/uploads\/2023\/11\/image-empty-300x300.png 300w, https:\/\/env.media\/wp-content\/uploads\/2023\/11\/image-empty-150x150.png 150w\" sizes=\"(max-width: 400px) 100vw, 400px\" \/><\/figure>\n\n\n\n<h3 class=\"gb-headline gb-headline-a517d349 gb-headline-text\">J\u00falia Proen\u00e7a<\/h3>\n\n\n\n<p class=\"gb-headline gb-headline-3787458d gb-headline-text\"><em>Escritor de Conte\u00fado<\/em><\/p>\n\n<\/div><\/div>\n\n<div class=\"gb-grid-column gb-grid-column-6123dc6d\"><div class=\"gb-container gb-container-6123dc6d\">\n\n<figure class=\"gb-block-image gb-block-image-6bb4f953\"><img loading=\"lazy\" decoding=\"async\" width=\"400\" height=\"400\" class=\"gb-image gb-image-6bb4f953 is-style-default\" src=\"https:\/\/env.media\/wp-content\/uploads\/yuri-andreotti-env.png\" alt=\"\" title=\"yuri-andreotti-env\" srcset=\"https:\/\/env.media\/wp-content\/uploads\/yuri-andreotti-env.png 400w, https:\/\/env.media\/wp-content\/uploads\/yuri-andreotti-env-300x300.png 300w, https:\/\/env.media\/wp-content\/uploads\/yuri-andreotti-env-150x150.png 150w\" sizes=\"(max-width: 400px) 100vw, 400px\" \/><\/figure>\n\n\n\n<h3 class=\"gb-headline gb-headline-cbb257da gb-headline-text\">Yuri Andreotti<\/h3>\n\n\n\n<p class=\"gb-headline gb-headline-087c2c9f gb-headline-text\"><em>Escritor de Conte\u00fado<\/em><\/p>\n\n<\/div><\/div>\n\n<div class=\"gb-grid-column gb-grid-column-2ea2ff5b\"><div class=\"gb-container gb-container-2ea2ff5b\">\n\n<figure class=\"gb-block-image gb-block-image-b6357318\"><img loading=\"lazy\" decoding=\"async\" width=\"400\" height=\"400\" class=\"gb-image gb-image-b6357318 is-style-default\" src=\"https:\/\/env.media\/wp-content\/uploads\/2023\/11\/image-empty.png\" alt=\"\" title=\"image-empty\" srcset=\"https:\/\/env.media\/wp-content\/uploads\/2023\/11\/image-empty.png 400w, https:\/\/env.media\/wp-content\/uploads\/2023\/11\/image-empty-300x300.png 300w, https:\/\/env.media\/wp-content\/uploads\/2023\/11\/image-empty-150x150.png 150w\" sizes=\"(max-width: 400px) 100vw, 400px\" \/><\/figure>\n\n\n\n<h3 class=\"gb-headline gb-headline-3778c6d5 gb-headline-text\">Simone de Vale<\/h3>\n\n\n\n<p class=\"gb-headline gb-headline-a0fc0b2d gb-headline-text\"><em>Pesquisador Educacional<\/em><\/p>\n\n<\/div><\/div>\n<\/div>\n<\/div>\n<\/div>\n<\/div>\n\n<div class=\"gb-container gb-container-903bd5c9\">\n<div class=\"gb-container gb-container-8638ead4\">\n\n<h2 class=\"wp-block-heading has-text-align-center\">Entre em contato com a ENV Media<\/h2>\n\n\n\n<p>Voc\u00ea pode entrar em contato conosco em mattias[at]env.media<\/p>\n\n\n\n<figure class=\"wp-block-table\"><table><tbody><tr><td>Nome da empresa:<\/td><td>Esse N Videri Limited<\/td><\/tr><tr><td>N\u00famero UIC:<\/td><td>710689<\/td><\/tr><tr><td>Endere\u00e7o:<\/td><td>First Floor Penrose 1, Penrose Dock, Cork City, T23 KW 81, Ireland<\/td><\/tr><tr><td>Telefone:<\/td><td>+353 083 091 3271<\/td><\/tr><\/tbody><\/table><\/figure>\n\n<\/div>\n<\/div>\n\n<div class=\"gb-container gb-container-0724a7ca\">\n<div class=\"gb-container gb-container-2c896420\">\n<div class=\"gb-container gb-container-91d9f585\">\n<div class=\"gb-grid-wrapper gb-grid-wrapper-80992ef1\">\n<div class=\"gb-grid-column gb-grid-column-b77b56cd\"><div class=\"gb-container gb-container-b77b56cd\">\n\n<h2 class=\"gb-headline gb-headline-bc9c9768\"><span class=\"gb-icon\"><svg xmlns=\"http:\/\/www.w3.org\/2000\/svg\" viewBox=\"0 0 60 4.688\"><path d=\"M57.656 0H2.344a2.343 2.343 0 100 4.688h55.312a2.344 2.344 0 000-4.688z\"><\/path><\/svg><\/span><span class=\"gb-headline-text\">Trabalhe Conosco<\/span><\/h2>\n\n\n\n<p>Ao olharmos para o que ser\u00edamos capazes de alcan\u00e7ar juntos, as possibilidades s\u00e3o infinitas. Acreditamos no poder da colabora\u00e7\u00e3o, onde podemos caminhar ao lado dos nossos parceiros em vez de deix\u00e1-los em segundo plano.<\/p>\n\n\n\n<p>A vis\u00e3o da ENV \u00e9 capacitar uns aos outros para alcan\u00e7ar nossos objetivos de forma natural e hol\u00edstica. Quer isso se manifeste atrav\u00e9s de parcerias, colabora\u00e7\u00f5es, projetos ou produtos, \u00e9 uma jornada que adoramos fazer.<\/p>\n\n\n<div class=\"gb-container gb-container-0d1cb3f4\">\n\n<a class=\"gb-button gb-button-ab47ce49 gb-button-text button-effect\" href=\"\/br\/carreiras\/\">Veja as vagas abertas<\/a>\n\n<\/div>\n<\/div><\/div>\n\n<div class=\"gb-grid-column gb-grid-column-3a60ddf8\"><div class=\"gb-container gb-container-3a60ddf8\">\n\n<figure class=\"gb-block-image gb-block-image-9b699ec4\"><img loading=\"lazy\" decoding=\"async\" width=\"1024\" height=\"1024\" class=\"gb-image gb-image-9b699ec4\" src=\"https:\/\/env.media\/wp-content\/uploads\/2023\/11\/env-media-work-with-us-1024x1024.png\" alt=\"\" title=\"env-media-work-with-us\" srcset=\"https:\/\/env.media\/wp-content\/uploads\/2023\/11\/env-media-work-with-us-1024x1024.png 1024w, https:\/\/env.media\/wp-content\/uploads\/2023\/11\/env-media-work-with-us-300x300.png 300w, https:\/\/env.media\/wp-content\/uploads\/2023\/11\/env-media-work-with-us-150x150.png 150w, https:\/\/env.media\/wp-content\/uploads\/2023\/11\/env-media-work-with-us-768x768.png 768w, https:\/\/env.media\/wp-content\/uploads\/2023\/11\/env-media-work-with-us.png 1080w\" sizes=\"(max-width: 1024px) 100vw, 1024px\" \/><\/figure>\n\n<\/div><\/div>\n<\/div>\n<\/div>\n<\/div>\n<\/div>","protected":false},"excerpt":{"rendered":"","protected":false},"author":3,"featured_media":0,"parent":0,"menu_order":0,"comment_status":"closed","ping_status":"closed","template":"","meta":{"inline_featured_image":false,"footnotes":""},"categories":[],"tags":[],"_links":{"self":[{"href":"https:\/\/env.media\/br\/wp-json\/wp\/v2\/pages\/4476"}],"collection":[{"href":"https:\/\/env.media\/br\/wp-json\/wp\/v2\/pages"}],"about":[{"href":"https:\/\/env.media\/br\/wp-json\/wp\/v2\/types\/page"}],"author":[{"embeddable":true,"href":"https:\/\/env.media\/br\/wp-json\/wp\/v2\/users\/3"}],"replies":[{"embeddable":true,"href":"https:\/\/env.media\/br\/wp-json\/wp\/v2\/comments?post=4476"}],"version-history":[{"count":9,"href":"https:\/\/env.media\/br\/wp-json\/wp\/v2\/pages\/4476\/revisions"}],"predecessor-version":[{"id":4627,"href":"https:\/\/env.media\/br\/wp-json\/wp\/v2\/pages\/4476\/revisions\/4627"}],"wp:attachment":[{"href":"https:\/\/env.media\/br\/wp-json\/wp\/v2\/media?parent=4476"}],"wp:term":[{"taxonomy":"category","embeddable":true,"href":"https:\/\/env.media\/br\/wp-json\/wp\/v2\/categories?post=4476"},{"taxonomy":"post_tag","embeddable":true,"href":"https:\/\/env.media\/br\/wp-json\/wp\/v2\/tags?post=4476"}],"curies":[{"name":"wp","href":"https:\/\/api.w.org\/{rel}","templated":true}]}}